{"id":780,"date":"2024-12-09T13:39:23","date_gmt":"2024-12-09T05:39:23","guid":{"rendered":"https:\/\/sldcncpipebender.com\/?page_id=780"},"modified":"2025-07-17T15:41:29","modified_gmt":"2025-07-17T07:41:29","slug":"otras-maquinas","status":"publish","type":"page","link":"https:\/\/sldcncpipebender.com\/es\/videos\/otras-maquinas\/","title":{"rendered":"Otras m\u00e1quinas"},"content":{"rendered":"<section class=\"section\" id=\"section_727234495\">\n\t\t<div class=\"bg section-bg fill bg-fill  bg-loaded\" >\n\n\t\t\t\n\t\t\t\n\t\t\t\n\n\t\t<\/div>\n\n\t\t\n\n\t\t<div class=\"section-content relative\">\n\t\t\t\n\n  <div class=\"banner has-hover\" id=\"banner-1957036381\">\n          <div class=\"banner-inner fill\">\n        <div class=\"banner-bg fill\" >\n            <div class=\"bg fill bg-fill\"><\/div>\n                        <div class=\"overlay\"><\/div>            \n                    <\/div>\n\t\t\n        <div class=\"banner-layers container\">\n            <div class=\"fill banner-link\"><\/div>            \n   <div id=\"text-box-1432601267\" class=\"text-box banner-layer x50 md-x50 lg-x50 y50 md-y50 lg-y50 res-text\">\n                                <div class=\"text-box-content text dark\">\n              \n              <div class=\"text-inner text-center\">\n                  \n\t<div id=\"text-1495623786\" class=\"text pb0 mb0\">\n\t\t\n\t\t\n<style>\n#text-1495623786 {\n  font-size: 0.75rem;\n  line-height: 1.4;\n}\n@media (min-width:550px) {\n  #text-1495623786 {\n    font-size: 1.65rem;\n  }\n}\n<\/style>\n\t<\/div>\n\t\n\t<div id=\"text-3094877181\" class=\"text\">\n\t\t\n<h5><strong>Otras m\u00e1quinas<\/strong><\/h5>\n\t\t\n<style>\n#text-3094877181 {\n  font-size: 1rem;\n  line-height: 0.75;\n}\n@media (min-width:550px) {\n  #text-3094877181 {\n    font-size: 2rem;\n  }\n}\n<\/style>\n\t<\/div>\n\t\n              <\/div>\n           <\/div>\n                            \n<style>\n#text-box-1432601267 {\n  width: 60%;\n}\n#text-box-1432601267 .text-box-content {\n  font-size: 100%;\n}\n<\/style>\n    <\/div>\n \n        <\/div>\n      <\/div>\n\n            \n<style>\n#banner-1957036381 {\n  padding-top: 189px;\n}\n#banner-1957036381 .bg.bg-loaded {\n  background-image: url(https:\/\/sldcncpipebender.com\/wp-content\/uploads\/2024\/12\/video-bg.jpg);\n}\n#banner-1957036381 .overlay {\n  background-color: rgba(0, 0, 0, 0.471);\n}\n@media (min-width:550px) {\n  #banner-1957036381 {\n    padding-top: 356px;\n  }\n}\n<\/style>\n  <\/div>\n\n\n\t\t<\/div>\n\n\t\t\n<style>\n#section_727234495 {\n  padding-top: 0px;\n  padding-bottom: 0px;\n}\n<\/style>\n\t<\/section>\n\t\n\t<section class=\"section products\" id=\"section_1385805812\">\n\t\t<div class=\"bg section-bg fill bg-fill  bg-loaded\" >\n\n\t\t\t\n\t\t\t\n\t\t\t\n\n\t\t<\/div>\n\n\t\t\n\n\t\t<div class=\"section-content relative\">\n\t\t\t\n<div class=\"row\"  id=\"row-109330058\">\n\n\t<div id=\"col-265399489\" class=\"col bra4 products-menu medium-3 small-12 large-3\"  data-animate=\"fadeInLeft\">\n\t\t\t\t<div class=\"col-inner box-shadow-2\" style=\"background-color:rgb(255, 255, 255);\" >\n\t\t\t\n\t\t\t\n\t<div class=\"ux-menu stack stack-col justify-start ux-menu--divider-solid\">\n\t\t\n\t<div class=\"ux-menu-title flex\">\n\t\tOtras m\u00e1quinas\t<\/div>\n\t\n\t<div class=\"ux-menu-link flex menu-item\">\n\t\t<a class=\"ux-menu-link__link flex\" href=\"https:\/\/sldcncpipebender.com\/es\/videos\/curvatubos\/\" >\n\t\t\t<i class=\"ux-menu-link__icon text-center icon-angle-right\" ><\/i>\t\t\t<span class=\"ux-menu-link__text\">\n\t\t\t\tM\u00e1quina curvadora de tubos\t\t\t<\/span>\n\t\t<\/a>\n\t<\/div>\n\t\n\t<div class=\"ux-menu-link flex menu-item\">\n\t\t<a class=\"ux-menu-link__link flex\" href=\"https:\/\/sldcncpipebender.com\/es\/videos\/cortatubos\/\" >\n\t\t\t<i class=\"ux-menu-link__icon text-center icon-angle-right\" ><\/i>\t\t\t<span class=\"ux-menu-link__text\">\n\t\t\t\tCortadora de tubos\t\t\t<\/span>\n\t\t<\/a>\n\t<\/div>\n\t\n\t<div class=\"ux-menu-link flex menu-item\">\n\t\t<a class=\"ux-menu-link__link flex\" href=\"https:\/\/sldcncpipebender.com\/es\/videos\/formadora-de-extremos-de-tubos-2\/\" >\n\t\t\t<i class=\"ux-menu-link__icon text-center icon-angle-right\" ><\/i>\t\t\t<span class=\"ux-menu-link__text\">\n\t\t\t\tM\u00e1quina conformadora de extremos de tubos\t\t\t<\/span>\n\t\t<\/a>\n\t<\/div>\n\t\n\t<div class=\"ux-menu-link flex menu-item\">\n\t\t<a class=\"ux-menu-link__link flex\" href=\"https:\/\/sldcncpipebender.com\/es\/videos\/molde-de-maquina-curvadora-de-tubos\/\" >\n\t\t\t<i class=\"ux-menu-link__icon text-center icon-angle-right\" ><\/i>\t\t\t<span class=\"ux-menu-link__text\">\n\t\t\t\tMatrices para m\u00e1quinas curvadoras de tubos\t\t\t<\/span>\n\t\t<\/a>\n\t<\/div>\n\t\n\t<\/div>\n\t\n\t<div class=\"ux-menu stack stack-col justify-start ux-menu--divider-solid\">\n\t\t\n\t<div class=\"ux-menu-link flex menu-item\">\n\t\t<a class=\"ux-menu-link__link flex\" href=\"https:\/\/sldcncpipebender.com\/es\/videos\/otras-maquinas\/\" >\n\t\t\t<i class=\"ux-menu-link__icon text-center icon-angle-right\" ><\/i>\t\t\t<span class=\"ux-menu-link__text\">\n\t\t\t\tOtras m\u00e1quinas\t\t\t<\/span>\n\t\t<\/a>\n\t<\/div>\n\t\n\t<\/div>\n\t\n\t<div class=\"ux-menu stack stack-col justify-start ux-menu--divider-solid\">\n\t\t\n\t<div class=\"ux-menu-link flex menu-item\">\n\t\t<a class=\"ux-menu-link__link flex\" href=\"https:\/\/sldcncpipebender.com\/es\/videos\/linea-de-produccion-automatica\/\" >\n\t\t\t<i class=\"ux-menu-link__icon text-center icon-angle-right\" ><\/i>\t\t\t<span class=\"ux-menu-link__text\">\n\t\t\t\tL\u00ednea de producci\u00f3n automatizada\t\t\t<\/span>\n\t\t<\/a>\n\t<\/div>\n\t\n\t<\/div>\n\t\n\t\t<\/div>\n\t\t\t\t\n<style>\n#col-265399489 > .col-inner {\n  padding: 30px 30px 30px 30px;\n  border-radius: 6px;\n}\n<\/style>\n\t<\/div>\n\n\t\n\n\t<div id=\"col-1938050042\" class=\"col medium-9 small-12 large-9\"  >\n\t\t\t\t<div class=\"col-inner\"  >\n\t\t\t\n\t\t\t\n\n  \n    <div class=\"row large-columns-3 medium-columns-1 small-columns-1 has-shadow row-box-shadow-2\" >\n  <div class=\"col post-item\" data-animate=\"fadeInLeft\">\n\t\t\t<div class=\"col-inner\">\n\t\t\t\t<div class=\"box box-normal box-text-bottom box-blog-post has-hover\">\n            \t\t\t\t\t<div class=\"box-image\" >\n  \t\t\t\t\t\t<div class=\"image-cover\" style=\"padding-top:56.25%;\">\n\t\t\t\t\t\t\t<a href=\"https:\/\/sldcncpipebender.com\/es\/lista-de-videos\/otras-maquinas\/bastidor-del-asiento-de-flexion-flexible\/\" class=\"plain\" aria-label=\"bastidor del asiento de flexi\u00f3n flexible\">\n\t\t\t\t\t\t\t\t<img loading=\"lazy\" decoding=\"async\" width=\"300\" height=\"169\" src=\"https:\/\/sldcncpipebender.com\/wp-content\/uploads\/2025\/09\/\u81ea\u7531\u5f2f-\u6c7d\u8f66\u9aa8\u67b6-\u5c01\u9762-300x169.jpg\" class=\"attachment-medium size-medium wp-post-image\" alt=\"\" srcset=\"https:\/\/sldcncpipebender.com\/wp-content\/uploads\/2025\/09\/\u81ea\u7531\u5f2f-\u6c7d\u8f66\u9aa8\u67b6-\u5c01\u9762-300x169.jpg 300w, https:\/\/sldcncpipebender.com\/wp-content\/uploads\/2025\/09\/\u81ea\u7531\u5f2f-\u6c7d\u8f66\u9aa8\u67b6-\u5c01\u9762-1024x576.jpg 1024w, https:\/\/sldcncpipebender.com\/wp-content\/uploads\/2025\/09\/\u81ea\u7531\u5f2f-\u6c7d\u8f66\u9aa8\u67b6-\u5c01\u9762-768x432.jpg 768w, https:\/\/sldcncpipebender.com\/wp-content\/uploads\/2025\/09\/\u81ea\u7531\u5f2f-\u6c7d\u8f66\u9aa8\u67b6-\u5c01\u9762-1536x864.jpg 1536w, https:\/\/sldcncpipebender.com\/wp-content\/uploads\/2025\/09\/\u81ea\u7531\u5f2f-\u6c7d\u8f66\u9aa8\u67b6-\u5c01\u9762-18x10.jpg 18w, https:\/\/sldcncpipebender.com\/wp-content\/uploads\/2025\/09\/\u81ea\u7531\u5f2f-\u6c7d\u8f66\u9aa8\u67b6-\u5c01\u9762-1000x563.jpg 1000w, https:\/\/sldcncpipebender.com\/wp-content\/uploads\/2025\/09\/\u81ea\u7531\u5f2f-\u6c7d\u8f66\u9aa8\u67b6-\u5c01\u9762.jpg 1920w\" sizes=\"auto, (max-width: 300px) 100vw, 300px\" \/>\t\t\t\t\t\t\t<\/a>\n  \t\t\t\t\t\t\t  \t\t\t\t\t\t\t  \t\t\t\t\t\t<\/div>\n  \t\t\t\t\t\t  \t\t\t\t\t<\/div>\n          \t\t\t\t\t<div class=\"box-text text-center\" style=\"background-color:rgb(255, 255, 255);padding:10px 0px 0px 0px;\">\n\t\t\t\t\t<div class=\"box-text-inner blog-post-inner\">\n\t\t\t\t\t  \n\t\t\t\t\t    \t\n                        \n\t\t\t\t\t\n\t\t\t\t\t\t\t\t\t\t\n\t\t\t\t\t\t\t\t\t\t\t\n        \t\t\t\t\t<h5 class=\"post-title is-large\">\n\t\t\t\t\t\t<a href=\"https:\/\/sldcncpipebender.com\/es\/lista-de-videos\/otras-maquinas\/bastidor-del-asiento-de-flexion-flexible\/\" class=\"plain\">bastidor del asiento de flexi\u00f3n flexible<\/a>\n\t\t\t\t\t<\/h5>\n\t\t\t\t\n\t\t\t\t\n\t\t\t\t\t                    \n\t\t\t\t\t\n\t\t\t\t\t\n\t\t\t\t\t<\/div>\n\t\t\t\t\t<\/div>\n\t\t\t\t\t\t\t\t\t<\/div>\n\t\t\t<\/div>\n\t\t<\/div><div class=\"col post-item\" data-animate=\"fadeInLeft\">\n\t\t\t<div class=\"col-inner\">\n\t\t\t\t<div class=\"box box-normal box-text-bottom box-blog-post has-hover\">\n            \t\t\t\t\t<div class=\"box-image\" >\n  \t\t\t\t\t\t<div class=\"image-cover\" style=\"padding-top:56.25%;\">\n\t\t\t\t\t\t\t<a href=\"https:\/\/sldcncpipebender.com\/es\/lista-de-videos\/otras-maquinas\/maquinaria-de-laminacion\/\" class=\"plain\" aria-label=\"Laminadora\">\n\t\t\t\t\t\t\t\t<img loading=\"lazy\" decoding=\"async\" width=\"300\" height=\"169\" src=\"https:\/\/sldcncpipebender.com\/wp-content\/uploads\/2025\/09\/\u6eda\u5706\u673a-\u5c01\u9762-300x169.jpg\" class=\"attachment-medium size-medium wp-post-image\" alt=\"\" srcset=\"https:\/\/sldcncpipebender.com\/wp-content\/uploads\/2025\/09\/\u6eda\u5706\u673a-\u5c01\u9762-300x169.jpg 300w, https:\/\/sldcncpipebender.com\/wp-content\/uploads\/2025\/09\/\u6eda\u5706\u673a-\u5c01\u9762-1024x576.jpg 1024w, https:\/\/sldcncpipebender.com\/wp-content\/uploads\/2025\/09\/\u6eda\u5706\u673a-\u5c01\u9762-768x432.jpg 768w, https:\/\/sldcncpipebender.com\/wp-content\/uploads\/2025\/09\/\u6eda\u5706\u673a-\u5c01\u9762-1536x864.jpg 1536w, https:\/\/sldcncpipebender.com\/wp-content\/uploads\/2025\/09\/\u6eda\u5706\u673a-\u5c01\u9762-18x10.jpg 18w, https:\/\/sldcncpipebender.com\/wp-content\/uploads\/2025\/09\/\u6eda\u5706\u673a-\u5c01\u9762-1000x563.jpg 1000w, https:\/\/sldcncpipebender.com\/wp-content\/uploads\/2025\/09\/\u6eda\u5706\u673a-\u5c01\u9762.jpg 1920w\" sizes=\"auto, (max-width: 300px) 100vw, 300px\" \/>\t\t\t\t\t\t\t<\/a>\n  \t\t\t\t\t\t\t  \t\t\t\t\t\t\t  \t\t\t\t\t\t<\/div>\n  \t\t\t\t\t\t  \t\t\t\t\t<\/div>\n          \t\t\t\t\t<div class=\"box-text text-center\" style=\"background-color:rgb(255, 255, 255);padding:10px 0px 0px 0px;\">\n\t\t\t\t\t<div class=\"box-text-inner blog-post-inner\">\n\t\t\t\t\t  \n\t\t\t\t\t    \t\n                        \n\t\t\t\t\t\n\t\t\t\t\t\t\t\t\t\t\n\t\t\t\t\t\t\t\t\t\t\t\n        \t\t\t\t\t<h5 class=\"post-title is-large\">\n\t\t\t\t\t\t<a href=\"https:\/\/sldcncpipebender.com\/es\/lista-de-videos\/otras-maquinas\/maquinaria-de-laminacion\/\" class=\"plain\">Laminadora<\/a>\n\t\t\t\t\t<\/h5>\n\t\t\t\t\n\t\t\t\t\n\t\t\t\t\t                    \n\t\t\t\t\t\n\t\t\t\t\t\n\t\t\t\t\t<\/div>\n\t\t\t\t\t<\/div>\n\t\t\t\t\t\t\t\t\t<\/div>\n\t\t\t<\/div>\n\t\t<\/div><div class=\"col post-item has-post-icon\" data-animate=\"fadeInLeft\">\n\t\t\t<div class=\"col-inner\">\n\t\t\t\t<div class=\"box box-normal box-text-bottom box-blog-post has-hover\">\n            \t\t\t\t\t<div class=\"box-image\" >\n  \t\t\t\t\t\t<div class=\"image-cover\" style=\"padding-top:56.25%;\">\n\t\t\t\t\t\t\t<a href=\"https:\/\/sldcncpipebender.com\/es\/lista-de-videos\/no-estandar-de-la-maquina-al-aire-libre-silla-plegable-tubo-de-flexion-y-punzonado\/\" class=\"plain\" aria-label=\"M\u00e1quina no est\u00e1ndar Plegado y punzonado de tubos de sillas plegables para exteriores\">\n\t\t\t\t\t\t\t\t<img loading=\"lazy\" decoding=\"async\" width=\"300\" height=\"169\" src=\"https:\/\/sldcncpipebender.com\/wp-content\/uploads\/2024\/12\/2022031642829225-300x169.png\" class=\"attachment-medium size-medium wp-post-image\" alt=\"\" srcset=\"https:\/\/sldcncpipebender.com\/wp-content\/uploads\/2024\/12\/2022031642829225-300x169.png 300w, https:\/\/sldcncpipebender.com\/wp-content\/uploads\/2024\/12\/2022031642829225-1024x577.png 1024w, https:\/\/sldcncpipebender.com\/wp-content\/uploads\/2024\/12\/2022031642829225-768x433.png 768w, https:\/\/sldcncpipebender.com\/wp-content\/uploads\/2024\/12\/2022031642829225-1000x563.png 1000w, https:\/\/sldcncpipebender.com\/wp-content\/uploads\/2024\/12\/2022031642829225.png 1198w\" sizes=\"auto, (max-width: 300px) 100vw, 300px\" \/>\t\t\t\t\t\t\t<\/a>\n  \t\t\t\t\t\t\t  \t\t\t\t\t\t\t  \t\t\t\t\t\t<\/div>\n  \t\t\t\t\t\t  \t\t\t\t\t\t\t<div class=\"absolute no-click x50 y50 md-x50 md-y50 lg-x50 lg-y50\">\n  \t\t\t\t            \t<div class=\"overlay-icon\">\n  \t\t\t\t                    <i class=\"icon-play\"><\/i>\n  \t\t\t\t                <\/div>\n  \t\t\t\t            <\/div>\n  \t\t\t\t\t\t  \t\t\t\t\t<\/div>\n          \t\t\t\t\t<div class=\"box-text text-center\" style=\"background-color:rgb(255, 255, 255);padding:10px 0px 0px 0px;\">\n\t\t\t\t\t<div class=\"box-text-inner blog-post-inner\">\n\t\t\t\t\t  \n\t\t\t\t\t    \t\n                        \n\t\t\t\t\t\n\t\t\t\t\t\t\t\t\t\t\n\t\t\t\t\t\t\t\t\t\t\t\n        \t\t\t\t\t<h5 class=\"post-title is-large\">\n\t\t\t\t\t\t<a href=\"https:\/\/sldcncpipebender.com\/es\/lista-de-videos\/no-estandar-de-la-maquina-al-aire-libre-silla-plegable-tubo-de-flexion-y-punzonado\/\" class=\"plain\">M\u00e1quina no est\u00e1ndar Plegado y punzonado de tubos de sillas plegables para exteriores<\/a>\n\t\t\t\t\t<\/h5>\n\t\t\t\t\n\t\t\t\t\n\t\t\t\t\t                    \n\t\t\t\t\t\n\t\t\t\t\t\n\t\t\t\t\t<\/div>\n\t\t\t\t\t<\/div>\n\t\t\t\t\t\t\t\t\t<\/div>\n\t\t\t<\/div>\n\t\t<\/div><div class=\"col post-item has-post-icon\" data-animate=\"fadeInLeft\">\n\t\t\t<div class=\"col-inner\">\n\t\t\t\t<div class=\"box box-normal box-text-bottom box-blog-post has-hover\">\n            \t\t\t\t\t<div class=\"box-image\" >\n  \t\t\t\t\t\t<div class=\"image-cover\" style=\"padding-top:56.25%;\">\n\t\t\t\t\t\t\t<a href=\"https:\/\/sldcncpipebender.com\/es\/lista-de-videos\/biseladora-de-doble-cabezal\/\" class=\"plain\" aria-label=\"Biseladora de doble cabezal\">\n\t\t\t\t\t\t\t\t<img loading=\"lazy\" decoding=\"async\" width=\"300\" height=\"170\" src=\"https:\/\/sldcncpipebender.com\/wp-content\/uploads\/2024\/12\/\u53cc\u5934\u5012\u89d2\u673a-300x170.png\" class=\"attachment-medium size-medium wp-post-image\" alt=\"\" srcset=\"https:\/\/sldcncpipebender.com\/wp-content\/uploads\/2024\/12\/\u53cc\u5934\u5012\u89d2\u673a-300x170.png 300w, https:\/\/sldcncpipebender.com\/wp-content\/uploads\/2024\/12\/\u53cc\u5934\u5012\u89d2\u673a-1024x580.png 1024w, https:\/\/sldcncpipebender.com\/wp-content\/uploads\/2024\/12\/\u53cc\u5934\u5012\u89d2\u673a-768x435.png 768w, https:\/\/sldcncpipebender.com\/wp-content\/uploads\/2024\/12\/\u53cc\u5934\u5012\u89d2\u673a-1000x566.png 1000w, https:\/\/sldcncpipebender.com\/wp-content\/uploads\/2024\/12\/\u53cc\u5934\u5012\u89d2\u673a.png 1205w\" sizes=\"auto, (max-width: 300px) 100vw, 300px\" \/>\t\t\t\t\t\t\t<\/a>\n  \t\t\t\t\t\t\t  \t\t\t\t\t\t\t  \t\t\t\t\t\t<\/div>\n  \t\t\t\t\t\t  \t\t\t\t\t\t\t<div class=\"absolute no-click x50 y50 md-x50 md-y50 lg-x50 lg-y50\">\n  \t\t\t\t            \t<div class=\"overlay-icon\">\n  \t\t\t\t                    <i class=\"icon-play\"><\/i>\n  \t\t\t\t                <\/div>\n  \t\t\t\t            <\/div>\n  \t\t\t\t\t\t  \t\t\t\t\t<\/div>\n          \t\t\t\t\t<div class=\"box-text text-center\" style=\"background-color:rgb(255, 255, 255);padding:10px 0px 0px 0px;\">\n\t\t\t\t\t<div class=\"box-text-inner blog-post-inner\">\n\t\t\t\t\t  \n\t\t\t\t\t    \t\n                        \n\t\t\t\t\t\n\t\t\t\t\t\t\t\t\t\t\n\t\t\t\t\t\t\t\t\t\t\t\n        \t\t\t\t\t<h5 class=\"post-title is-large\">\n\t\t\t\t\t\t<a href=\"https:\/\/sldcncpipebender.com\/es\/lista-de-videos\/biseladora-de-doble-cabezal\/\" class=\"plain\">Biseladora de doble cabezal<\/a>\n\t\t\t\t\t<\/h5>\n\t\t\t\t\n\t\t\t\t\n\t\t\t\t\t                    \n\t\t\t\t\t\n\t\t\t\t\t\n\t\t\t\t\t<\/div>\n\t\t\t\t\t<\/div>\n\t\t\t\t\t\t\t\t\t<\/div>\n\t\t\t<\/div>\n\t\t<\/div><\/div>\n\t\t<\/div>\n\t\t\t\t\t<\/div>\n\n\t\n<\/div>\n\t\t<\/div>\n\n\t\t\n<style>\n#section_1385805812 {\n  padding-top: 60px;\n  padding-bottom: 60px;\n  background-color: rgb(248, 248, 248);\n}\n<\/style>\n\t<\/section>","protected":false},"excerpt":{"rendered":"","protected":false},"author":1,"featured_media":0,"parent":425,"menu_order":0,"comment_status":"closed","ping_status":"closed","template":"page-blank.php","meta":{"_acf_changed":false,"footnotes":""},"class_list":["post-780","page","type-page","status-publish","hentry"],"acf":[],"yoast_head":"<!-- This site is optimized with the Yoast SEO Premium plugin v25.5 (Yoast SEO v27.4) - https:\/\/yoast.com\/product\/yoast-seo-premium-wordpress\/ -->\n<title>Other machines - Shenglida Technology (Zhangjiagang) Co., Ltd.<\/title>\n<meta name=\"robots\" content=\"index, follow, max-snippet:-1, max-image-preview:large, max-video-preview:-1\" \/>\n<link rel=\"canonical\" href=\"https:\/\/sldcncpipebender.com\/es\/videos\/otras-maquinas\/\" \/>\n<meta property=\"og:locale\" content=\"es_ES\" \/>\n<meta property=\"og:type\" content=\"article\" \/>\n<meta property=\"og:title\" content=\"Other machines\" \/>\n<meta property=\"og:url\" content=\"https:\/\/sldcncpipebender.com\/es\/videos\/otras-maquinas\/\" \/>\n<meta property=\"og:site_name\" content=\"Shenglida Technology (Zhangjiagang) Co., Ltd.\" \/>\n<meta property=\"article:modified_time\" content=\"2025-07-17T07:41:29+00:00\" \/>\n<meta name=\"twitter:card\" content=\"summary_large_image\" \/>\n<meta name=\"twitter:label1\" content=\"Tiempo de lectura\" \/>\n\t<meta name=\"twitter:data1\" content=\"1 minuto\" \/>\n<script type=\"application\/ld+json\" class=\"yoast-schema-graph\">{\"@context\":\"https:\\\/\\\/schema.org\",\"@graph\":[{\"@type\":\"WebPage\",\"@id\":\"https:\\\/\\\/sldcncpipebender.com\\\/videos\\\/other-machines\\\/\",\"url\":\"https:\\\/\\\/sldcncpipebender.com\\\/videos\\\/other-machines\\\/\",\"name\":\"Other machines - Shenglida Technology (Zhangjiagang) Co., Ltd.\",\"isPartOf\":{\"@id\":\"https:\\\/\\\/sldcncpipebender.com\\\/#website\"},\"datePublished\":\"2024-12-09T05:39:23+00:00\",\"dateModified\":\"2025-07-17T07:41:29+00:00\",\"breadcrumb\":{\"@id\":\"https:\\\/\\\/sldcncpipebender.com\\\/videos\\\/other-machines\\\/#breadcrumb\"},\"inLanguage\":\"es\",\"potentialAction\":[{\"@type\":\"ReadAction\",\"target\":[\"https:\\\/\\\/sldcncpipebender.com\\\/videos\\\/other-machines\\\/\"]}]},{\"@type\":\"BreadcrumbList\",\"@id\":\"https:\\\/\\\/sldcncpipebender.com\\\/videos\\\/other-machines\\\/#breadcrumb\",\"itemListElement\":[{\"@type\":\"ListItem\",\"position\":1,\"name\":\"Home\",\"item\":\"https:\\\/\\\/sldcncpipebender.com\\\/\"},{\"@type\":\"ListItem\",\"position\":2,\"name\":\"videos\",\"item\":\"https:\\\/\\\/sldcncpipebender.com\\\/videos\\\/\"},{\"@type\":\"ListItem\",\"position\":3,\"name\":\"Other machines\"}]},{\"@type\":\"WebSite\",\"@id\":\"https:\\\/\\\/sldcncpipebender.com\\\/#website\",\"url\":\"https:\\\/\\\/sldcncpipebender.com\\\/\",\"name\":\"Shenglida Technology (Zhangjiagang) Co., Ltd.\",\"description\":\"pipe bending machine -  pipe cutting machine - pipe end forming machine\",\"potentialAction\":[{\"@type\":\"SearchAction\",\"target\":{\"@type\":\"EntryPoint\",\"urlTemplate\":\"https:\\\/\\\/sldcncpipebender.com\\\/?s={search_term_string}\"},\"query-input\":{\"@type\":\"PropertyValueSpecification\",\"valueRequired\":true,\"valueName\":\"search_term_string\"}}],\"inLanguage\":\"es\"}]}<\/script>\n<!-- \/ Yoast SEO Premium plugin. -->","yoast_head_json":{"title":"Otras m\u00e1quinas - Shenglida Technology (Zhangjiagang) Co., Ltd.","robots":{"index":"index","follow":"follow","max-snippet":"max-snippet:-1","max-image-preview":"max-image-preview:large","max-video-preview":"max-video-preview:-1"},"canonical":"https:\/\/sldcncpipebender.com\/es\/videos\/otras-maquinas\/","og_locale":"es_ES","og_type":"article","og_title":"Other machines","og_url":"https:\/\/sldcncpipebender.com\/es\/videos\/otras-maquinas\/","og_site_name":"Shenglida Technology (Zhangjiagang) Co., Ltd.","article_modified_time":"2025-07-17T07:41:29+00:00","twitter_card":"summary_large_image","twitter_misc":{"Tiempo de lectura":"1 minuto"},"schema":{"@context":"https:\/\/schema.org","@graph":[{"@type":"WebPage","@id":"https:\/\/sldcncpipebender.com\/videos\/other-machines\/","url":"https:\/\/sldcncpipebender.com\/videos\/other-machines\/","name":"Otras m\u00e1quinas - Shenglida Technology (Zhangjiagang) Co., Ltd.","isPartOf":{"@id":"https:\/\/sldcncpipebender.com\/#website"},"datePublished":"2024-12-09T05:39:23+00:00","dateModified":"2025-07-17T07:41:29+00:00","breadcrumb":{"@id":"https:\/\/sldcncpipebender.com\/videos\/other-machines\/#breadcrumb"},"inLanguage":"es","potentialAction":[{"@type":"ReadAction","target":["https:\/\/sldcncpipebender.com\/videos\/other-machines\/"]}]},{"@type":"BreadcrumbList","@id":"https:\/\/sldcncpipebender.com\/videos\/other-machines\/#breadcrumb","itemListElement":[{"@type":"ListItem","position":1,"name":"Home","item":"https:\/\/sldcncpipebender.com\/"},{"@type":"ListItem","position":2,"name":"videos","item":"https:\/\/sldcncpipebender.com\/videos\/"},{"@type":"ListItem","position":3,"name":"Other machines"}]},{"@type":"WebSite","@id":"https:\/\/sldcncpipebender.com\/#website","url":"https:\/\/sldcncpipebender.com\/","name":"Shenglida Technology (Zhangjiagang) Co., Ltd.","description":"M\u00e1quina curvadora de tubos - M\u00e1quina cortadora de tubos - M\u00e1quina conformadora de extremos de tubos","potentialAction":[{"@type":"SearchAction","target":{"@type":"EntryPoint","urlTemplate":"https:\/\/sldcncpipebender.com\/?s={search_term_string}"},"query-input":{"@type":"PropertyValueSpecification","valueRequired":true,"valueName":"search_term_string"}}],"inLanguage":"es"}]}},"_hostinger_reach_plugin_has_subscription_block":false,"_hostinger_reach_plugin_is_elementor":false,"_links":{"self":[{"href":"https:\/\/sldcncpipebender.com\/es\/wp-json\/wp\/v2\/pages\/780","targetHints":{"allow":["GET"]}}],"collection":[{"href":"https:\/\/sldcncpipebender.com\/es\/wp-json\/wp\/v2\/pages"}],"about":[{"href":"https:\/\/sldcncpipebender.com\/es\/wp-json\/wp\/v2\/types\/page"}],"author":[{"embeddable":true,"href":"https:\/\/sldcncpipebender.com\/es\/wp-json\/wp\/v2\/users\/1"}],"replies":[{"embeddable":true,"href":"https:\/\/sldcncpipebender.com\/es\/wp-json\/wp\/v2\/comments?post=780"}],"version-history":[{"count":9,"href":"https:\/\/sldcncpipebender.com\/es\/wp-json\/wp\/v2\/pages\/780\/revisions"}],"predecessor-version":[{"id":1961,"href":"https:\/\/sldcncpipebender.com\/es\/wp-json\/wp\/v2\/pages\/780\/revisions\/1961"}],"up":[{"embeddable":true,"href":"https:\/\/sldcncpipebender.com\/es\/wp-json\/wp\/v2\/pages\/425"}],"wp:attachment":[{"href":"https:\/\/sldcncpipebender.com\/es\/wp-json\/wp\/v2\/media?parent=780"}],"curies":[{"name":"wp","href":"https:\/\/api.w.org\/{rel}","templated":true}]}}