{"id":795,"date":"2024-12-09T13:39:23","date_gmt":"2024-12-09T05:39:23","guid":{"rendered":"https:\/\/sldcncpipebender.com\/?page_id=795"},"modified":"2025-07-17T15:42:26","modified_gmt":"2025-07-17T07:42:26","slug":"linea-de-produccion-automatica","status":"publish","type":"page","link":"https:\/\/sldcncpipebender.com\/es\/videos\/linea-de-produccion-automatica\/","title":{"rendered":"L\u00ednea de producci\u00f3n automatizada"},"content":{"rendered":"<section class=\"section\" id=\"section_541367205\">\n\t\t<div class=\"bg section-bg fill bg-fill  bg-loaded\" >\n\n\t\t\t\n\t\t\t\n\t\t\t\n\n\t\t<\/div>\n\n\t\t\n\n\t\t<div class=\"section-content relative\">\n\t\t\t\n\n  <div class=\"banner has-hover\" id=\"banner-1668800014\">\n          <div class=\"banner-inner fill\">\n        <div class=\"banner-bg fill\" >\n            <div class=\"bg fill bg-fill\"><\/div>\n                        <div class=\"overlay\"><\/div>            \n                    <\/div>\n\t\t\n        <div class=\"banner-layers container\">\n            <div class=\"fill banner-link\"><\/div>            \n   <div id=\"text-box-1933482683\" class=\"text-box banner-layer x50 md-x50 lg-x50 y50 md-y50 lg-y50 res-text\">\n                                <div class=\"text-box-content text dark\">\n              \n              <div class=\"text-inner text-center\">\n                  \n\t<div id=\"text-1873474719\" class=\"text pb0 mb0\">\n\t\t\n\t\t\n<style>\n#text-1873474719 {\n  font-size: 0.75rem;\n  line-height: 1.4;\n}\n@media (min-width:550px) {\n  #text-1873474719 {\n    font-size: 1.65rem;\n  }\n}\n<\/style>\n\t<\/div>\n\t\n\t<div id=\"text-3009959192\" class=\"text\">\n\t\t\n<h5><strong>L\u00ednea de producci\u00f3n autom\u00e1tica<\/strong><\/h5>\n\t\t\n<style>\n#text-3009959192 {\n  font-size: 1rem;\n  line-height: 0.75;\n}\n@media (min-width:550px) {\n  #text-3009959192 {\n    font-size: 2rem;\n  }\n}\n<\/style>\n\t<\/div>\n\t\n              <\/div>\n           <\/div>\n                            \n<style>\n#text-box-1933482683 {\n  width: 60%;\n}\n#text-box-1933482683 .text-box-content {\n  font-size: 100%;\n}\n<\/style>\n    <\/div>\n \n        <\/div>\n      <\/div>\n\n            \n<style>\n#banner-1668800014 {\n  padding-top: 189px;\n}\n#banner-1668800014 .bg.bg-loaded {\n  background-image: url(https:\/\/sldcncpipebender.com\/wp-content\/uploads\/2024\/12\/video-bg.jpg);\n}\n#banner-1668800014 .overlay {\n  background-color: rgba(0, 0, 0, 0.471);\n}\n@media (min-width:550px) {\n  #banner-1668800014 {\n    padding-top: 356px;\n  }\n}\n<\/style>\n  <\/div>\n\n\n\t\t<\/div>\n\n\t\t\n<style>\n#section_541367205 {\n  padding-top: 0px;\n  padding-bottom: 0px;\n}\n<\/style>\n\t<\/section>\n\t\n\t<section class=\"section products\" id=\"section_604315994\">\n\t\t<div class=\"bg section-bg fill bg-fill  bg-loaded\" >\n\n\t\t\t\n\t\t\t\n\t\t\t\n\n\t\t<\/div>\n\n\t\t\n\n\t\t<div class=\"section-content relative\">\n\t\t\t\n<div class=\"row\"  id=\"row-1406859531\">\n\n\t<div id=\"col-1370572010\" class=\"col bra4 products-menu medium-3 small-12 large-3\"  data-animate=\"fadeInLeft\">\n\t\t\t\t<div class=\"col-inner box-shadow-2\" style=\"background-color:rgb(255, 255, 255);\" >\n\t\t\t\n\t\t\t\n\t<div class=\"ux-menu stack stack-col justify-start ux-menu--divider-solid\">\n\t\t\n\t<div class=\"ux-menu-title flex\">\n\t\tL\u00ednea de producci\u00f3n autom\u00e1tica\t<\/div>\n\t\n\t<div class=\"ux-menu-link flex menu-item\">\n\t\t<a class=\"ux-menu-link__link flex\" href=\"https:\/\/sldcncpipebender.com\/es\/videos\/curvatubos\/\" >\n\t\t\t<i class=\"ux-menu-link__icon text-center icon-angle-right\" ><\/i>\t\t\t<span class=\"ux-menu-link__text\">\n\t\t\t\tM\u00e1quina curvadora de tubos\t\t\t<\/span>\n\t\t<\/a>\n\t<\/div>\n\t\n\t<div class=\"ux-menu-link flex menu-item\">\n\t\t<a class=\"ux-menu-link__link flex\" href=\"https:\/\/sldcncpipebender.com\/es\/videos\/cortatubos\/\" >\n\t\t\t<i class=\"ux-menu-link__icon text-center icon-angle-right\" ><\/i>\t\t\t<span class=\"ux-menu-link__text\">\n\t\t\t\tCortadora de tubos\t\t\t<\/span>\n\t\t<\/a>\n\t<\/div>\n\t\n\t<div class=\"ux-menu-link flex menu-item\">\n\t\t<a class=\"ux-menu-link__link flex\" href=\"https:\/\/sldcncpipebender.com\/es\/videos\/formadora-de-extremos-de-tubos-2\/\" >\n\t\t\t<i class=\"ux-menu-link__icon text-center icon-angle-right\" ><\/i>\t\t\t<span class=\"ux-menu-link__text\">\n\t\t\t\tM\u00e1quina conformadora de extremos de tubos\t\t\t<\/span>\n\t\t<\/a>\n\t<\/div>\n\t\n\t<div class=\"ux-menu-link flex menu-item\">\n\t\t<a class=\"ux-menu-link__link flex\" href=\"https:\/\/sldcncpipebender.com\/es\/videos\/molde-de-maquina-curvadora-de-tubos\/\" >\n\t\t\t<i class=\"ux-menu-link__icon text-center icon-angle-right\" ><\/i>\t\t\t<span class=\"ux-menu-link__text\">\n\t\t\t\tMatrices para m\u00e1quinas curvadoras de tubos\t\t\t<\/span>\n\t\t<\/a>\n\t<\/div>\n\t\n\t<\/div>\n\t\n\t<div class=\"ux-menu stack stack-col justify-start ux-menu--divider-solid\">\n\t\t\n\t<div class=\"ux-menu-link flex menu-item\">\n\t\t<a class=\"ux-menu-link__link flex\" href=\"https:\/\/sldcncpipebender.com\/es\/videos\/otras-maquinas\/\" >\n\t\t\t<i class=\"ux-menu-link__icon text-center icon-angle-right\" ><\/i>\t\t\t<span class=\"ux-menu-link__text\">\n\t\t\t\tOtras m\u00e1quinas\t\t\t<\/span>\n\t\t<\/a>\n\t<\/div>\n\t\n\t<\/div>\n\t\n\t<div class=\"ux-menu stack stack-col justify-start ux-menu--divider-solid\">\n\t\t\n\t<div class=\"ux-menu-link flex menu-item\">\n\t\t<a class=\"ux-menu-link__link flex\" href=\"https:\/\/sldcncpipebender.com\/es\/videos\/linea-de-produccion-automatica\/\" >\n\t\t\t<i class=\"ux-menu-link__icon text-center icon-angle-right\" ><\/i>\t\t\t<span class=\"ux-menu-link__text\">\n\t\t\t\tL\u00ednea de producci\u00f3n automatizada\t\t\t<\/span>\n\t\t<\/a>\n\t<\/div>\n\t\n\t<\/div>\n\t\n\t\t<\/div>\n\t\t\t\t\n<style>\n#col-1370572010 > .col-inner {\n  padding: 30px 30px 30px 30px;\n  border-radius: 6px;\n}\n<\/style>\n\t<\/div>\n\n\t\n\n\t<div id=\"col-613281720\" class=\"col medium-9 small-12 large-9\"  >\n\t\t\t\t<div class=\"col-inner\"  >\n\t\t\t\n\t\t\t\n\n  \n    <div class=\"row large-columns-3 medium-columns-1 small-columns-1 has-shadow row-box-shadow-2\" >\n  <div class=\"col post-item has-post-icon\" data-animate=\"fadeInLeft\">\n\t\t\t<div class=\"col-inner\">\n\t\t\t\t<div class=\"box box-normal box-text-bottom box-blog-post has-hover\">\n            \t\t\t\t\t<div class=\"box-image\" >\n  \t\t\t\t\t\t<div class=\"image-cover\" style=\"padding-top:56.25%;\">\n\t\t\t\t\t\t\t<a href=\"https:\/\/sldcncpipebender.com\/es\/lista-de-videos\/curvadora-de-tubos-con-silo-superior-sustituye-a-la-alimentacion-manual\/\" class=\"plain\" aria-label=\"La curvadora de tubos con silo superior sustituye a la alimentaci\u00f3n manual\">\n\t\t\t\t\t\t\t\t<img loading=\"lazy\" decoding=\"async\" width=\"300\" height=\"168\" src=\"https:\/\/sldcncpipebender.com\/wp-content\/uploads\/2024\/12\/2022033150363105-300x168.png\" class=\"attachment-medium size-medium wp-post-image\" alt=\"\" srcset=\"https:\/\/sldcncpipebender.com\/wp-content\/uploads\/2024\/12\/2022033150363105-300x168.png 300w, https:\/\/sldcncpipebender.com\/wp-content\/uploads\/2024\/12\/2022033150363105-1024x573.png 1024w, https:\/\/sldcncpipebender.com\/wp-content\/uploads\/2024\/12\/2022033150363105-768x430.png 768w, https:\/\/sldcncpipebender.com\/wp-content\/uploads\/2024\/12\/2022033150363105-1000x560.png 1000w, https:\/\/sldcncpipebender.com\/wp-content\/uploads\/2024\/12\/2022033150363105.png 1210w\" sizes=\"auto, (max-width: 300px) 100vw, 300px\" \/>\t\t\t\t\t\t\t<\/a>\n  \t\t\t\t\t\t\t  \t\t\t\t\t\t\t  \t\t\t\t\t\t<\/div>\n  \t\t\t\t\t\t  \t\t\t\t\t\t\t<div class=\"absolute no-click x50 y50 md-x50 md-y50 lg-x50 lg-y50\">\n  \t\t\t\t            \t<div class=\"overlay-icon\">\n  \t\t\t\t                    <i class=\"icon-play\"><\/i>\n  \t\t\t\t                <\/div>\n  \t\t\t\t            <\/div>\n  \t\t\t\t\t\t  \t\t\t\t\t<\/div>\n          \t\t\t\t\t<div class=\"box-text text-center\" style=\"background-color:rgb(255, 255, 255);padding:10px 0px 0px 0px;\">\n\t\t\t\t\t<div class=\"box-text-inner blog-post-inner\">\n\t\t\t\t\t  \n\t\t\t\t\t    \t\n                        \n\t\t\t\t\t\n\t\t\t\t\t\t\t\t\t\t\n\t\t\t\t\t\t\t\t\t\t\t\n        \t\t\t\t\t<h5 class=\"post-title is-large\">\n\t\t\t\t\t\t<a href=\"https:\/\/sldcncpipebender.com\/es\/lista-de-videos\/curvadora-de-tubos-con-silo-superior-sustituye-a-la-alimentacion-manual\/\" class=\"plain\">La curvadora de tubos con silo superior sustituye a la alimentaci\u00f3n manual<\/a>\n\t\t\t\t\t<\/h5>\n\t\t\t\t\n\t\t\t\t\n\t\t\t\t\t                    \n\t\t\t\t\t\n\t\t\t\t\t\n\t\t\t\t\t<\/div>\n\t\t\t\t\t<\/div>\n\t\t\t\t\t\t\t\t\t<\/div>\n\t\t\t<\/div>\n\t\t<\/div><div class=\"col post-item has-post-icon\" data-animate=\"fadeInLeft\">\n\t\t\t<div class=\"col-inner\">\n\t\t\t\t<div class=\"box box-normal box-text-bottom box-blog-post has-hover\">\n            \t\t\t\t\t<div class=\"box-image\" >\n  \t\t\t\t\t\t<div class=\"image-cover\" style=\"padding-top:56.25%;\">\n\t\t\t\t\t\t\t<a href=\"https:\/\/sldcncpipebender.com\/es\/lista-de-videos\/12-servo-maquina-curvadora-de-tubos-de-cobre-con-alimentacion-automatica\/\" class=\"plain\" aria-label=\"12 Servo m\u00e1quina curvadora de tubos de cobre con alimentaci\u00f3n autom\u00e1tica\">\n\t\t\t\t\t\t\t\t<img loading=\"lazy\" decoding=\"async\" width=\"300\" height=\"170\" src=\"https:\/\/sldcncpipebender.com\/wp-content\/uploads\/2024\/12\/2022031642556457-300x170.png\" class=\"attachment-medium size-medium wp-post-image\" alt=\"\" srcset=\"https:\/\/sldcncpipebender.com\/wp-content\/uploads\/2024\/12\/2022031642556457-300x170.png 300w, https:\/\/sldcncpipebender.com\/wp-content\/uploads\/2024\/12\/2022031642556457-1024x581.png 1024w, https:\/\/sldcncpipebender.com\/wp-content\/uploads\/2024\/12\/2022031642556457-768x436.png 768w, https:\/\/sldcncpipebender.com\/wp-content\/uploads\/2024\/12\/2022031642556457-1000x567.png 1000w, https:\/\/sldcncpipebender.com\/wp-content\/uploads\/2024\/12\/2022031642556457.png 1199w\" sizes=\"auto, (max-width: 300px) 100vw, 300px\" \/>\t\t\t\t\t\t\t<\/a>\n  \t\t\t\t\t\t\t  \t\t\t\t\t\t\t  \t\t\t\t\t\t<\/div>\n  \t\t\t\t\t\t  \t\t\t\t\t\t\t<div class=\"absolute no-click x50 y50 md-x50 md-y50 lg-x50 lg-y50\">\n  \t\t\t\t            \t<div class=\"overlay-icon\">\n  \t\t\t\t                    <i class=\"icon-play\"><\/i>\n  \t\t\t\t                <\/div>\n  \t\t\t\t            <\/div>\n  \t\t\t\t\t\t  \t\t\t\t\t<\/div>\n          \t\t\t\t\t<div class=\"box-text text-center\" style=\"background-color:rgb(255, 255, 255);padding:10px 0px 0px 0px;\">\n\t\t\t\t\t<div class=\"box-text-inner blog-post-inner\">\n\t\t\t\t\t  \n\t\t\t\t\t    \t\n                        \n\t\t\t\t\t\n\t\t\t\t\t\t\t\t\t\t\n\t\t\t\t\t\t\t\t\t\t\t\n        \t\t\t\t\t<h5 class=\"post-title is-large\">\n\t\t\t\t\t\t<a href=\"https:\/\/sldcncpipebender.com\/es\/lista-de-videos\/12-servo-maquina-curvadora-de-tubos-de-cobre-con-alimentacion-automatica\/\" class=\"plain\">12 Servo m\u00e1quina curvadora de tubos de cobre con alimentaci\u00f3n autom\u00e1tica<\/a>\n\t\t\t\t\t<\/h5>\n\t\t\t\t\n\t\t\t\t\n\t\t\t\t\t                    \n\t\t\t\t\t\n\t\t\t\t\t\n\t\t\t\t\t<\/div>\n\t\t\t\t\t<\/div>\n\t\t\t\t\t\t\t\t\t<\/div>\n\t\t\t<\/div>\n\t\t<\/div><div class=\"col post-item has-post-icon\" data-animate=\"fadeInLeft\">\n\t\t\t<div class=\"col-inner\">\n\t\t\t\t<div class=\"box box-normal box-text-bottom box-blog-post has-hover\">\n            \t\t\t\t\t<div class=\"box-image\" >\n  \t\t\t\t\t\t<div class=\"image-cover\" style=\"padding-top:56.25%;\">\n\t\t\t\t\t\t\t<a href=\"https:\/\/sldcncpipebender.com\/es\/lista-de-videos\/linea-de-produccion-totalmente-automatica-b-alimentacion-de-tubos-corte-desbarbado\/\" class=\"plain\" aria-label=\"L\u00ednea de producci\u00f3n totalmente autom\u00e1tica Alimentaci\u00f3n B + corte de tubos + desbarbado\">\n\t\t\t\t\t\t\t\t<img loading=\"lazy\" decoding=\"async\" width=\"300\" height=\"169\" src=\"https:\/\/sldcncpipebender.com\/wp-content\/uploads\/2024\/12\/\u5207\u7ba1\u673a\u751f\u4ea7\u7ebf-300x169.png\" class=\"attachment-medium size-medium wp-post-image\" alt=\"\" srcset=\"https:\/\/sldcncpipebender.com\/wp-content\/uploads\/2024\/12\/\u5207\u7ba1\u673a\u751f\u4ea7\u7ebf-300x169.png 300w, https:\/\/sldcncpipebender.com\/wp-content\/uploads\/2024\/12\/\u5207\u7ba1\u673a\u751f\u4ea7\u7ebf-1024x576.png 1024w, https:\/\/sldcncpipebender.com\/wp-content\/uploads\/2024\/12\/\u5207\u7ba1\u673a\u751f\u4ea7\u7ebf-768x432.png 768w, https:\/\/sldcncpipebender.com\/wp-content\/uploads\/2024\/12\/\u5207\u7ba1\u673a\u751f\u4ea7\u7ebf-1000x563.png 1000w, https:\/\/sldcncpipebender.com\/wp-content\/uploads\/2024\/12\/\u5207\u7ba1\u673a\u751f\u4ea7\u7ebf.png 1199w\" sizes=\"auto, (max-width: 300px) 100vw, 300px\" \/>\t\t\t\t\t\t\t<\/a>\n  \t\t\t\t\t\t\t  \t\t\t\t\t\t\t  \t\t\t\t\t\t<\/div>\n  \t\t\t\t\t\t  \t\t\t\t\t\t\t<div class=\"absolute no-click x50 y50 md-x50 md-y50 lg-x50 lg-y50\">\n  \t\t\t\t            \t<div class=\"overlay-icon\">\n  \t\t\t\t                    <i class=\"icon-play\"><\/i>\n  \t\t\t\t                <\/div>\n  \t\t\t\t            <\/div>\n  \t\t\t\t\t\t  \t\t\t\t\t<\/div>\n          \t\t\t\t\t<div class=\"box-text text-center\" style=\"background-color:rgb(255, 255, 255);padding:10px 0px 0px 0px;\">\n\t\t\t\t\t<div class=\"box-text-inner blog-post-inner\">\n\t\t\t\t\t  \n\t\t\t\t\t    \t\n                        \n\t\t\t\t\t\n\t\t\t\t\t\t\t\t\t\t\n\t\t\t\t\t\t\t\t\t\t\t\n        \t\t\t\t\t<h5 class=\"post-title is-large\">\n\t\t\t\t\t\t<a href=\"https:\/\/sldcncpipebender.com\/es\/lista-de-videos\/linea-de-produccion-totalmente-automatica-b-alimentacion-de-tubos-corte-desbarbado\/\" class=\"plain\">L\u00ednea de producci\u00f3n totalmente autom\u00e1tica Alimentaci\u00f3n B + corte de tubos + desbarbado<\/a>\n\t\t\t\t\t<\/h5>\n\t\t\t\t\n\t\t\t\t\n\t\t\t\t\t                    \n\t\t\t\t\t\n\t\t\t\t\t\n\t\t\t\t\t<\/div>\n\t\t\t\t\t<\/div>\n\t\t\t\t\t\t\t\t\t<\/div>\n\t\t\t<\/div>\n\t\t<\/div><\/div>\n\t\t<\/div>\n\t\t\t\t\t<\/div>\n\n\t\n<\/div>\n\t\t<\/div>\n\n\t\t\n<style>\n#section_604315994 {\n  padding-top: 60px;\n  padding-bottom: 60px;\n  background-color: rgb(248, 248, 248);\n}\n<\/style>\n\t<\/section>","protected":false},"excerpt":{"rendered":"","protected":false},"author":1,"featured_media":0,"parent":425,"menu_order":0,"comment_status":"closed","ping_status":"closed","template":"page-blank.php","meta":{"_acf_changed":false,"footnotes":""},"class_list":["post-795","page","type-page","status-publish","hentry"],"acf":[],"yoast_head":"<!-- This site is optimized with the Yoast SEO Premium plugin v25.5 (Yoast SEO v27.4) - https:\/\/yoast.com\/product\/yoast-seo-premium-wordpress\/ -->\n<title>Automated production line - Shenglida Technology (Zhangjiagang) Co., Ltd.<\/title>\n<meta name=\"robots\" content=\"index, follow, max-snippet:-1, max-image-preview:large, max-video-preview:-1\" \/>\n<link rel=\"canonical\" href=\"https:\/\/sldcncpipebender.com\/es\/videos\/linea-de-produccion-automatica\/\" \/>\n<meta property=\"og:locale\" content=\"es_ES\" \/>\n<meta property=\"og:type\" content=\"article\" \/>\n<meta property=\"og:title\" content=\"Automated production line\" \/>\n<meta property=\"og:url\" content=\"https:\/\/sldcncpipebender.com\/es\/videos\/linea-de-produccion-automatica\/\" \/>\n<meta property=\"og:site_name\" content=\"Shenglida Technology (Zhangjiagang) Co., Ltd.\" \/>\n<meta property=\"article:modified_time\" content=\"2025-07-17T07:42:26+00:00\" \/>\n<meta name=\"twitter:card\" content=\"summary_large_image\" \/>\n<meta name=\"twitter:label1\" content=\"Tiempo de lectura\" \/>\n\t<meta name=\"twitter:data1\" content=\"1 minuto\" \/>\n<script type=\"application\/ld+json\" class=\"yoast-schema-graph\">{\"@context\":\"https:\\\/\\\/schema.org\",\"@graph\":[{\"@type\":\"WebPage\",\"@id\":\"https:\\\/\\\/sldcncpipebender.com\\\/videos\\\/automatic-production-line\\\/\",\"url\":\"https:\\\/\\\/sldcncpipebender.com\\\/videos\\\/automatic-production-line\\\/\",\"name\":\"Automated production line - Shenglida Technology (Zhangjiagang) Co., Ltd.\",\"isPartOf\":{\"@id\":\"https:\\\/\\\/sldcncpipebender.com\\\/#website\"},\"datePublished\":\"2024-12-09T05:39:23+00:00\",\"dateModified\":\"2025-07-17T07:42:26+00:00\",\"breadcrumb\":{\"@id\":\"https:\\\/\\\/sldcncpipebender.com\\\/videos\\\/automatic-production-line\\\/#breadcrumb\"},\"inLanguage\":\"es\",\"potentialAction\":[{\"@type\":\"ReadAction\",\"target\":[\"https:\\\/\\\/sldcncpipebender.com\\\/videos\\\/automatic-production-line\\\/\"]}]},{\"@type\":\"BreadcrumbList\",\"@id\":\"https:\\\/\\\/sldcncpipebender.com\\\/videos\\\/automatic-production-line\\\/#breadcrumb\",\"itemListElement\":[{\"@type\":\"ListItem\",\"position\":1,\"name\":\"Home\",\"item\":\"https:\\\/\\\/sldcncpipebender.com\\\/\"},{\"@type\":\"ListItem\",\"position\":2,\"name\":\"videos\",\"item\":\"https:\\\/\\\/sldcncpipebender.com\\\/videos\\\/\"},{\"@type\":\"ListItem\",\"position\":3,\"name\":\"Automated production line\"}]},{\"@type\":\"WebSite\",\"@id\":\"https:\\\/\\\/sldcncpipebender.com\\\/#website\",\"url\":\"https:\\\/\\\/sldcncpipebender.com\\\/\",\"name\":\"Shenglida Technology (Zhangjiagang) Co., Ltd.\",\"description\":\"pipe bending machine -  pipe cutting machine - pipe end forming machine\",\"potentialAction\":[{\"@type\":\"SearchAction\",\"target\":{\"@type\":\"EntryPoint\",\"urlTemplate\":\"https:\\\/\\\/sldcncpipebender.com\\\/?s={search_term_string}\"},\"query-input\":{\"@type\":\"PropertyValueSpecification\",\"valueRequired\":true,\"valueName\":\"search_term_string\"}}],\"inLanguage\":\"es\"}]}<\/script>\n<!-- \/ Yoast SEO Premium plugin. -->","yoast_head_json":{"title":"L\u00ednea de producci\u00f3n automatizada - Shenglida Technology (Zhangjiagang) Co., Ltd.","robots":{"index":"index","follow":"follow","max-snippet":"max-snippet:-1","max-image-preview":"max-image-preview:large","max-video-preview":"max-video-preview:-1"},"canonical":"https:\/\/sldcncpipebender.com\/es\/videos\/linea-de-produccion-automatica\/","og_locale":"es_ES","og_type":"article","og_title":"Automated production line","og_url":"https:\/\/sldcncpipebender.com\/es\/videos\/linea-de-produccion-automatica\/","og_site_name":"Shenglida Technology (Zhangjiagang) Co., Ltd.","article_modified_time":"2025-07-17T07:42:26+00:00","twitter_card":"summary_large_image","twitter_misc":{"Tiempo de lectura":"1 minuto"},"schema":{"@context":"https:\/\/schema.org","@graph":[{"@type":"WebPage","@id":"https:\/\/sldcncpipebender.com\/videos\/automatic-production-line\/","url":"https:\/\/sldcncpipebender.com\/videos\/automatic-production-line\/","name":"L\u00ednea de producci\u00f3n automatizada - Shenglida Technology (Zhangjiagang) Co., Ltd.","isPartOf":{"@id":"https:\/\/sldcncpipebender.com\/#website"},"datePublished":"2024-12-09T05:39:23+00:00","dateModified":"2025-07-17T07:42:26+00:00","breadcrumb":{"@id":"https:\/\/sldcncpipebender.com\/videos\/automatic-production-line\/#breadcrumb"},"inLanguage":"es","potentialAction":[{"@type":"ReadAction","target":["https:\/\/sldcncpipebender.com\/videos\/automatic-production-line\/"]}]},{"@type":"BreadcrumbList","@id":"https:\/\/sldcncpipebender.com\/videos\/automatic-production-line\/#breadcrumb","itemListElement":[{"@type":"ListItem","position":1,"name":"Home","item":"https:\/\/sldcncpipebender.com\/"},{"@type":"ListItem","position":2,"name":"videos","item":"https:\/\/sldcncpipebender.com\/videos\/"},{"@type":"ListItem","position":3,"name":"Automated production line"}]},{"@type":"WebSite","@id":"https:\/\/sldcncpipebender.com\/#website","url":"https:\/\/sldcncpipebender.com\/","name":"Shenglida Technology (Zhangjiagang) Co., Ltd.","description":"M\u00e1quina curvadora de tubos - M\u00e1quina cortadora de tubos - M\u00e1quina conformadora de extremos de tubos","potentialAction":[{"@type":"SearchAction","target":{"@type":"EntryPoint","urlTemplate":"https:\/\/sldcncpipebender.com\/?s={search_term_string}"},"query-input":{"@type":"PropertyValueSpecification","valueRequired":true,"valueName":"search_term_string"}}],"inLanguage":"es"}]}},"_hostinger_reach_plugin_has_subscription_block":false,"_hostinger_reach_plugin_is_elementor":false,"_links":{"self":[{"href":"https:\/\/sldcncpipebender.com\/es\/wp-json\/wp\/v2\/pages\/795","targetHints":{"allow":["GET"]}}],"collection":[{"href":"https:\/\/sldcncpipebender.com\/es\/wp-json\/wp\/v2\/pages"}],"about":[{"href":"https:\/\/sldcncpipebender.com\/es\/wp-json\/wp\/v2\/types\/page"}],"author":[{"embeddable":true,"href":"https:\/\/sldcncpipebender.com\/es\/wp-json\/wp\/v2\/users\/1"}],"replies":[{"embeddable":true,"href":"https:\/\/sldcncpipebender.com\/es\/wp-json\/wp\/v2\/comments?post=795"}],"version-history":[{"count":8,"href":"https:\/\/sldcncpipebender.com\/es\/wp-json\/wp\/v2\/pages\/795\/revisions"}],"predecessor-version":[{"id":1963,"href":"https:\/\/sldcncpipebender.com\/es\/wp-json\/wp\/v2\/pages\/795\/revisions\/1963"}],"up":[{"embeddable":true,"href":"https:\/\/sldcncpipebender.com\/es\/wp-json\/wp\/v2\/pages\/425"}],"wp:attachment":[{"href":"https:\/\/sldcncpipebender.com\/es\/wp-json\/wp\/v2\/media?parent=795"}],"curies":[{"name":"wp","href":"https:\/\/api.w.org\/{rel}","templated":true}]}}