{"id":1413,"date":"2025-06-06T17:03:52","date_gmt":"2025-06-06T09:03:52","guid":{"rendered":"https:\/\/sldcncpipebender.com\/?post_type=product&#038;p=1413"},"modified":"2025-06-06T17:03:52","modified_gmt":"2025-06-06T09:03:52","slug":"63cnc-3a-2s","status":"publish","type":"product","link":"https:\/\/sldcncpipebender.com\/es\/producto\/63cnc-3a-2s\/","title":{"rendered":"63CNC-3A-2S"},"content":{"rendered":"<p>Los componentes el\u00e9ctricos e hidr\u00e1ulicos proceden de Jap\u00f3n, Francia y Alemania.<\/p>\n<p>Con funci\u00f3n de flexi\u00f3n por empuje<\/p>\n<p>Control por pantalla t\u00e1ctil<\/p>\n<p>Ingl\u00e9s o varios idiomas<\/p>\n<p>Controlador PLC (sistema industrial Windows XP opcional)<\/p>\n<p>Refrigeraci\u00f3n por aire\/agua\/aceite disponible<\/p>\n<p>Sistema de alarma de emergencia<\/p>\n<p>Con luz de advertencia de funcionamiento<br \/>\n<img loading=\"lazy\" decoding=\"async\" class=\"alignnone size-full wp-image-1414\" src=\"https:\/\/sldcncpipebender.com\/wp-content\/uploads\/2025\/06\/01-6.jpg\" alt=\"\" width=\"1038\" height=\"817\" srcset=\"https:\/\/sldcncpipebender.com\/wp-content\/uploads\/2025\/06\/01-6.jpg 1038w, https:\/\/sldcncpipebender.com\/wp-content\/uploads\/2025\/06\/01-6-300x236.jpg 300w, https:\/\/sldcncpipebender.com\/wp-content\/uploads\/2025\/06\/01-6-1024x806.jpg 1024w, https:\/\/sldcncpipebender.com\/wp-content\/uploads\/2025\/06\/01-6-768x604.jpg 768w, https:\/\/sldcncpipebender.com\/wp-content\/uploads\/2025\/06\/01-6-15x12.jpg 15w, https:\/\/sldcncpipebender.com\/wp-content\/uploads\/2025\/06\/01-6-1000x787.jpg 1000w\" sizes=\"auto, (max-width: 1038px) 100vw, 1038px\" \/><\/p>","protected":false},"excerpt":{"rendered":"<p>Control preciso mediante servomotores de 4-13 ejes;<\/p>\n<p>Puede realizar funciones de doblado a izquierda y derecha de moldes de 1-4 capas;<\/p>\n<p>Puede realizar el curvado de productos de gran radio o en espiral, con funci\u00f3n de curvado por empuje;<\/p>\n<p>El sistema inform\u00e1tico industrial tiene funci\u00f3n de inspecci\u00f3n de interferencias en 3D;<\/p>\n<p>Puede conectar robots e instrumentos de medici\u00f3n 3D, etc.<\/p>","protected":false},"featured_media":1414,"comment_status":"open","ping_status":"closed","template":"","meta":{"_acf_changed":false},"product_brand":[],"product_cat":[32],"product_tag":[],"class_list":{"0":"post-1413","1":"product","2":"type-product","3":"status-publish","4":"has-post-thumbnail","6":"product_cat-cnc-pipe-bending-machine","8":"first","9":"instock","10":"shipping-taxable","11":"product-type-simple"},"acf":[],"yoast_head":"<!-- This site is optimized with the Yoast SEO Premium plugin v25.5 (Yoast SEO v27.4) - https:\/\/yoast.com\/product\/yoast-seo-premium-wordpress\/ -->\n<title>63CNC-3A-2S - Shenglida Technology (Zhangjiagang) Co., Ltd.<\/title>\n<meta name=\"robots\" content=\"index, follow, max-snippet:-1, max-image-preview:large, max-video-preview:-1\" \/>\n<link rel=\"canonical\" href=\"https:\/\/sldcncpipebender.com\/es\/producto\/63cnc-3a-2s\/\" \/>\n<meta property=\"og:locale\" content=\"es_ES\" \/>\n<meta property=\"og:type\" content=\"article\" \/>\n<meta property=\"og:title\" content=\"63CNC-3A-2S\" \/>\n<meta property=\"og:description\" content=\"Precise control through 4-13 axis servo motors;  Can realize left and right bending functions of 1-4 layer molds;  Can realize large radius or spiral product bending, with push bending function;  Industrial computer system has 3D interference inspection function;  Can connect robots and 3D measuring instruments, etc.\" \/>\n<meta property=\"og:url\" content=\"https:\/\/sldcncpipebender.com\/es\/producto\/63cnc-3a-2s\/\" \/>\n<meta property=\"og:site_name\" content=\"Shenglida Technology (Zhangjiagang) Co., Ltd.\" \/>\n<meta property=\"og:image\" content=\"https:\/\/sldcncpipebender.com\/wp-content\/uploads\/2025\/06\/01-6.jpg\" \/>\n\t<meta property=\"og:image:width\" content=\"1038\" \/>\n\t<meta property=\"og:image:height\" content=\"817\" \/>\n\t<meta property=\"og:image:type\" content=\"image\/jpeg\" \/>\n<meta name=\"twitter:card\" content=\"summary_large_image\" \/>\n<meta name=\"twitter:label1\" content=\"Tiempo de lectura\" \/>\n\t<meta name=\"twitter:data1\" content=\"1 minuto\" \/>\n<script type=\"application\/ld+json\" class=\"yoast-schema-graph\">{\"@context\":\"https:\\\/\\\/schema.org\",\"@graph\":[{\"@type\":\"WebPage\",\"@id\":\"https:\\\/\\\/sldcncpipebender.com\\\/product\\\/63cnc-3a-2s\\\/\",\"url\":\"https:\\\/\\\/sldcncpipebender.com\\\/product\\\/63cnc-3a-2s\\\/\",\"name\":\"63CNC-3A-2S - Shenglida Technology (Zhangjiagang) Co., Ltd.\",\"isPartOf\":{\"@id\":\"https:\\\/\\\/sldcncpipebender.com\\\/#website\"},\"primaryImageOfPage\":{\"@id\":\"https:\\\/\\\/sldcncpipebender.com\\\/product\\\/63cnc-3a-2s\\\/#primaryimage\"},\"image\":{\"@id\":\"https:\\\/\\\/sldcncpipebender.com\\\/product\\\/63cnc-3a-2s\\\/#primaryimage\"},\"thumbnailUrl\":\"https:\\\/\\\/sldcncpipebender.com\\\/wp-content\\\/uploads\\\/2025\\\/06\\\/01-6.jpg\",\"datePublished\":\"2025-06-06T09:03:52+00:00\",\"breadcrumb\":{\"@id\":\"https:\\\/\\\/sldcncpipebender.com\\\/product\\\/63cnc-3a-2s\\\/#breadcrumb\"},\"inLanguage\":\"es\",\"potentialAction\":[{\"@type\":\"ReadAction\",\"target\":[\"https:\\\/\\\/sldcncpipebender.com\\\/product\\\/63cnc-3a-2s\\\/\"]}]},{\"@type\":\"ImageObject\",\"inLanguage\":\"es\",\"@id\":\"https:\\\/\\\/sldcncpipebender.com\\\/product\\\/63cnc-3a-2s\\\/#primaryimage\",\"url\":\"https:\\\/\\\/sldcncpipebender.com\\\/wp-content\\\/uploads\\\/2025\\\/06\\\/01-6.jpg\",\"contentUrl\":\"https:\\\/\\\/sldcncpipebender.com\\\/wp-content\\\/uploads\\\/2025\\\/06\\\/01-6.jpg\",\"width\":1038,\"height\":817},{\"@type\":\"BreadcrumbList\",\"@id\":\"https:\\\/\\\/sldcncpipebender.com\\\/product\\\/63cnc-3a-2s\\\/#breadcrumb\",\"itemListElement\":[{\"@type\":\"ListItem\",\"position\":1,\"name\":\"Home\",\"item\":\"https:\\\/\\\/sldcncpipebender.com\\\/\"},{\"@type\":\"ListItem\",\"position\":2,\"name\":\"shop\",\"item\":\"https:\\\/\\\/sldcncpipebender.com\\\/shop\\\/\"},{\"@type\":\"ListItem\",\"position\":3,\"name\":\"63CNC-3A-2S\"}]},{\"@type\":\"WebSite\",\"@id\":\"https:\\\/\\\/sldcncpipebender.com\\\/#website\",\"url\":\"https:\\\/\\\/sldcncpipebender.com\\\/\",\"name\":\"Shenglida Technology (Zhangjiagang) Co., Ltd.\",\"description\":\"pipe bending machine -  pipe cutting machine - pipe end forming machine\",\"potentialAction\":[{\"@type\":\"SearchAction\",\"target\":{\"@type\":\"EntryPoint\",\"urlTemplate\":\"https:\\\/\\\/sldcncpipebender.com\\\/?s={search_term_string}\"},\"query-input\":{\"@type\":\"PropertyValueSpecification\",\"valueRequired\":true,\"valueName\":\"search_term_string\"}}],\"inLanguage\":\"es\"}]}<\/script>\n<!-- \/ Yoast SEO Premium plugin. -->","yoast_head_json":{"title":"63CNC-3A-2S - Shenglida Tecnolog\u00eda (Zhangjiagang) Co., Ltd.","robots":{"index":"index","follow":"follow","max-snippet":"max-snippet:-1","max-image-preview":"max-image-preview:large","max-video-preview":"max-video-preview:-1"},"canonical":"https:\/\/sldcncpipebender.com\/es\/producto\/63cnc-3a-2s\/","og_locale":"es_ES","og_type":"article","og_title":"63CNC-3A-2S","og_description":"Precise control through 4-13 axis servo motors;  Can realize left and right bending functions of 1-4 layer molds;  Can realize large radius or spiral product bending, with push bending function;  Industrial computer system has 3D interference inspection function;  Can connect robots and 3D measuring instruments, etc.","og_url":"https:\/\/sldcncpipebender.com\/es\/producto\/63cnc-3a-2s\/","og_site_name":"Shenglida Technology (Zhangjiagang) Co., Ltd.","og_image":[{"width":1038,"height":817,"url":"https:\/\/sldcncpipebender.com\/wp-content\/uploads\/2025\/06\/01-6.jpg","type":"image\/jpeg"}],"twitter_card":"summary_large_image","twitter_misc":{"Tiempo de lectura":"1 minuto"},"schema":{"@context":"https:\/\/schema.org","@graph":[{"@type":"WebPage","@id":"https:\/\/sldcncpipebender.com\/product\/63cnc-3a-2s\/","url":"https:\/\/sldcncpipebender.com\/product\/63cnc-3a-2s\/","name":"63CNC-3A-2S - Shenglida Tecnolog\u00eda (Zhangjiagang) Co., Ltd.","isPartOf":{"@id":"https:\/\/sldcncpipebender.com\/#website"},"primaryImageOfPage":{"@id":"https:\/\/sldcncpipebender.com\/product\/63cnc-3a-2s\/#primaryimage"},"image":{"@id":"https:\/\/sldcncpipebender.com\/product\/63cnc-3a-2s\/#primaryimage"},"thumbnailUrl":"https:\/\/sldcncpipebender.com\/wp-content\/uploads\/2025\/06\/01-6.jpg","datePublished":"2025-06-06T09:03:52+00:00","breadcrumb":{"@id":"https:\/\/sldcncpipebender.com\/product\/63cnc-3a-2s\/#breadcrumb"},"inLanguage":"es","potentialAction":[{"@type":"ReadAction","target":["https:\/\/sldcncpipebender.com\/product\/63cnc-3a-2s\/"]}]},{"@type":"ImageObject","inLanguage":"es","@id":"https:\/\/sldcncpipebender.com\/product\/63cnc-3a-2s\/#primaryimage","url":"https:\/\/sldcncpipebender.com\/wp-content\/uploads\/2025\/06\/01-6.jpg","contentUrl":"https:\/\/sldcncpipebender.com\/wp-content\/uploads\/2025\/06\/01-6.jpg","width":1038,"height":817},{"@type":"BreadcrumbList","@id":"https:\/\/sldcncpipebender.com\/product\/63cnc-3a-2s\/#breadcrumb","itemListElement":[{"@type":"ListItem","position":1,"name":"Home","item":"https:\/\/sldcncpipebender.com\/"},{"@type":"ListItem","position":2,"name":"shop","item":"https:\/\/sldcncpipebender.com\/shop\/"},{"@type":"ListItem","position":3,"name":"63CNC-3A-2S"}]},{"@type":"WebSite","@id":"https:\/\/sldcncpipebender.com\/#website","url":"https:\/\/sldcncpipebender.com\/","name":"Shenglida Technology (Zhangjiagang) Co., Ltd.","description":"M\u00e1quina curvadora de tubos - M\u00e1quina cortadora de tubos - M\u00e1quina conformadora de extremos de tubos","potentialAction":[{"@type":"SearchAction","target":{"@type":"EntryPoint","urlTemplate":"https:\/\/sldcncpipebender.com\/?s={search_term_string}"},"query-input":{"@type":"PropertyValueSpecification","valueRequired":true,"valueName":"search_term_string"}}],"inLanguage":"es"}]}},"_links":{"self":[{"href":"https:\/\/sldcncpipebender.com\/es\/wp-json\/wp\/v2\/product\/1413","targetHints":{"allow":["GET"]}}],"collection":[{"href":"https:\/\/sldcncpipebender.com\/es\/wp-json\/wp\/v2\/product"}],"about":[{"href":"https:\/\/sldcncpipebender.com\/es\/wp-json\/wp\/v2\/types\/product"}],"replies":[{"embeddable":true,"href":"https:\/\/sldcncpipebender.com\/es\/wp-json\/wp\/v2\/comments?post=1413"}],"wp:featuredmedia":[{"embeddable":true,"href":"https:\/\/sldcncpipebender.com\/es\/wp-json\/wp\/v2\/media\/1414"}],"wp:attachment":[{"href":"https:\/\/sldcncpipebender.com\/es\/wp-json\/wp\/v2\/media?parent=1413"}],"wp:term":[{"taxonomy":"product_brand","embeddable":true,"href":"https:\/\/sldcncpipebender.com\/es\/wp-json\/wp\/v2\/product_brand?post=1413"},{"taxonomy":"product_cat","embeddable":true,"href":"https:\/\/sldcncpipebender.com\/es\/wp-json\/wp\/v2\/product_cat?post=1413"},{"taxonomy":"product_tag","embeddable":true,"href":"https:\/\/sldcncpipebender.com\/es\/wp-json\/wp\/v2\/product_tag?post=1413"}],"curies":[{"name":"wp","href":"https:\/\/api.w.org\/{rel}","templated":true}]}}