{"id":1426,"date":"2025-06-06T17:40:15","date_gmt":"2025-06-06T09:40:15","guid":{"rendered":"https:\/\/sldcncpipebender.com\/?post_type=product&#038;p=1426"},"modified":"2025-06-06T17:40:15","modified_gmt":"2025-06-06T09:40:15","slug":"25cnc-3a-1s","status":"publish","type":"product","link":"https:\/\/sldcncpipebender.com\/es\/producto\/25cnc-3a-1s\/","title":{"rendered":"25CNC-3A-1S"},"content":{"rendered":"<p>&nbsp;<\/p>\n<p>La m\u00e1quina curvadora de tubos DW25CNC-3A-1S es de accionamiento servo e hidr\u00e1ulico. Los aparatos el\u00e9ctricos controlan centralmente el \u00e1ngulo de curvado, la precisi\u00f3n de alimentaci\u00f3n y la precisi\u00f3n de rotaci\u00f3n del tubo. La sujeci\u00f3n, la gu\u00eda, el mandril y el mecanismo controlados hidr\u00e1ulicamente tienen sus propios cilindros independientes. Cuando el brazo doblador dobla el tubo, bajo el control del sistema hidr\u00e1ulico, la sujeci\u00f3n, la gu\u00eda, el mandril y las piezas de doblado se coordinan y cooperan para completar un doblado de alta calidad. Es un equipo general econ\u00f3mico y pr\u00e1ctico.<\/p>\n<p>El equipo puede curvar tubos met\u00e1licos con o sin alma. La m\u00e1quina tiene una funci\u00f3n de desplazamiento y un solo movimiento, que es f\u00e1cil de usar y mantener. Se utiliza ampliamente en barcos, calderas, productos qu\u00edmicos, autom\u00f3viles, veh\u00edculos el\u00e9ctricos, fabricaci\u00f3n de muebles y otras industrias.<\/p>\n<p>a) Adopta servo motor de Jap\u00f3n Mitsubishi, sistema de control PLC Delta y pantalla t\u00e1ctil a color Weilun de 15 pulgadas, que tiene una fuerte capacidad anti-interferencia y es adecuado para su uso en diversos entornos de trabajo dif\u00edciles.<\/p>\n<p>b) Adopta un programa de di\u00e1logo persona-ordenador, profesional y f\u00e1cil de usar, que permite a los usuarios familiarizarse con el funcionamiento del sistema en muy poco tiempo.<\/p>\n<p>c) Pantalla est\u00e1ndar en chino, pueden instalarse idiomas duales chino e ingl\u00e9s seg\u00fan las necesidades del cliente.<\/p>\n<p>d) Tiene varios conjuntos de programas de procesamiento y varios conjuntos de programas de plegado.<\/p>\n<p>e) El tiempo de almacenamiento del programa de procesamiento y de la memoria del programa de doblado es ilimitado, y el programa no se perder\u00e1 debido a cortes de energ\u00eda o falta de uso a largo plazo.<\/p>\n<p>f) El programa de tratamiento est\u00e1 dotado de funciones de protecci\u00f3n y bloqueo para evitar que otros lo modifiquen a su antojo.<\/p>\n<p>g) Dispone de una funci\u00f3n de conversi\u00f3n de coordenadas (XYZ-&gt;YBC), muy pr\u00e1ctica para los operadores.<\/p>\n<p>G1) El programa puede elegir la funci\u00f3n de espejo.<\/p>\n<p>h) El programa de plegado puede establecer la velocidad de procesamiento independiente de cada eje en cada paso de procesamiento 0-9 segmentos. Se puede utilizar de forma flexible para diferentes piezas de trabajo para mejorar la eficiencia del trabajo. La velocidad de procesamiento se puede reducir o aumentar en cualquier momento seg\u00fan sea necesario a trav\u00e9s de la perilla de velocidad externa.<\/p>\n<p>i) Durante el procesamiento autom\u00e1tico, dispone de la funci\u00f3n de alimentaci\u00f3n conmutable \"alimentaci\u00f3n directa\" y \"sujeci\u00f3n y colocaci\u00f3n\" para satisfacer las necesidades de procesamiento de diferentes piezas de trabajo.<\/p>\n<p>j) Durante el procesamiento autom\u00e1tico, dispone de funciones de recuento y temporizaci\u00f3n del procesamiento.<\/p>\n<p>k) Si se produce un error o fallo durante el procesamiento autom\u00e1tico, se puede suspender la acci\u00f3n mec\u00e1nica. Una vez eliminado el error o fallo, la m\u00e1quina a\u00fan puede seleccionarse para continuar completando el trabajo inacabado del accesorio de tuber\u00eda, a fin de evitar adecuadamente el desperdicio de accesorios de tuber\u00eda.<\/p>\n<p>l) El programa de control tiene la funci\u00f3n de detectar autom\u00e1ticamente los errores y mostrar las contramedidas en texto. La informaci\u00f3n sobre fallos de la m\u00e1quina u operaciones il\u00f3gicas se mostrar\u00e1 directamente en la pantalla, con instrucciones para evitar que los errores de operaci\u00f3n humanos da\u00f1en la m\u00e1quina. La informaci\u00f3n anormal detectada autom\u00e1ticamente se registrar\u00e1 y almacenar\u00e1 autom\u00e1ticamente para futuras referencias de mantenimiento.<\/p>\n<p>m) Tiene una funci\u00f3n de ajuste de modo tanto en modo autom\u00e1tico como manual, y puede establecer una variedad de diferentes modos de trabajo, como la penetraci\u00f3n del n\u00facleo, el empuje auxiliar, la ejecuci\u00f3n de un solo paso y otros estados diferentes para mejorar la eficiencia de la producci\u00f3n.<\/p>\n<p>n) Dispone de m\u00faltiples valores de ajuste del par\u00e1metro de retardo, y puede seleccionar la diferencia de tiempo m\u00e1s adecuada para cada acci\u00f3n del eje para satisfacer diversos cambios de curvatura.<\/p>\n<p>o) Dispone de una funci\u00f3n de detecci\u00f3n autom\u00e1tica de entrada y salida de circuito de botones, que puede encontrar f\u00e1cilmente la posible ubicaci\u00f3n del fallo.<\/p>\n<p>p) Durante el procesamiento, la pantalla t\u00e1ctil m\u00f3vil muestra los valores de procesamiento actuales de la alimentaci\u00f3n Y (eje), la esquina B (eje), y la tuber\u00eda de flexi\u00f3n C (eje). Tambi\u00e9n puede configurar la ejecuci\u00f3n de un solo paso, la operaci\u00f3n de medio ciclo y la operaci\u00f3n de ciclo completo. Al mismo tiempo, puede seleccionar libremente las funciones de curvado manual, semiautom\u00e1tico, totalmente autom\u00e1tico y lento. Adopta interruptores de bot\u00f3n el\u00e1sticos y tiene tres funciones: arranque autom\u00e1tico, parada de emergencia y parada de emergencia para continuar trabajando. Es conveniente para la intervenci\u00f3n manual cuando se doblan piezas de trabajo especiales y tiene un alto rendimiento de seguridad.<\/p>\n<p>q) El eje de alimentaci\u00f3n Y y el eje de esquina B son accionados por servomotores el\u00e9ctricos. Los dos ejes pueden elegir la funci\u00f3n de retorno al origen. Al mismo tiempo, cada curva puede establecer el valor de compensaci\u00f3n de rebote y la brecha de desmoldeo de acuerdo con el cambio de material.<\/p>\n<p>Q1) El eje del dispositivo de alimentaci\u00f3n (Y) puede realizar la posici\u00f3n de plegado de cada pliegue y la distancia entre los pliegues.<\/p>\n<p>Q2) El dispositivo de esquina (B) eje puede realizar la esquina y el posicionamiento de cada curva en diferentes direcciones.<\/p>\n<p>r) El dise\u00f1o del cabezal de la m\u00e1quina, el brazo doblador y el mecanismo de sujeci\u00f3n es exquisito y razonable. Al mismo tiempo, el molde de doblado es simple y conveniente para reemplazar, lo que es conveniente para la producci\u00f3n flexible y proporciona el mayor espacio de flexi\u00f3n tridimensional para el doblado de tubos.<\/p>\n<p>s) El mecanismo hidr\u00e1ulico de sujeci\u00f3n principal y sujeci\u00f3n auxiliar utiliza un cilindro y un mecanismo de biela para empujar el molde a sujetar, y la sujeci\u00f3n tambi\u00e9n tiene una funci\u00f3n de autobloqueo.<\/p>\n<p>t) El eje de curvado (C) tiene funciones de curvado r\u00e1pido y curvado lento. La funci\u00f3n de curvado lento se utiliza para curvar tubos con un espesor de pared fino o un radio de curvatura peque\u00f1o, lo que puede reducir eficazmente la rotura causada por el proceso de curvado r\u00e1pido del tubo.<\/p>\n<p>w) La funci\u00f3n de empuje auxiliar del molde gu\u00eda puede garantizar con mayor eficacia la velocidad de adelgazamiento del tubo.<\/p>\n<p>x) La funci\u00f3n de extracci\u00f3n autom\u00e1tica hidr\u00e1ulica del n\u00facleo puede retirar el n\u00facleo por adelantado y avanzar el n\u00facleo en un solo paso, lo que puede garantizar con mayor eficacia la ovalidad de flexi\u00f3n de la tuber\u00eda.<\/p>\n<p>y) Mecanismo de soporte hidr\u00e1ulico: El mecanismo de soporte puede reducir la presi\u00f3n sobre la estructura de la m\u00e1quina herramienta cuando el material es sujetado por un solo cabezal, y puede garantizar eficazmente el curvado recto de tubos largos, y los tubos no son f\u00e1ciles de torcer.<br \/>\n<img loading=\"lazy\" decoding=\"async\" class=\"alignnone size-full wp-image-1427\" src=\"https:\/\/sldcncpipebender.com\/wp-content\/uploads\/2025\/06\/01-12.jpg\" alt=\"\" width=\"1068\" height=\"862\" srcset=\"https:\/\/sldcncpipebender.com\/wp-content\/uploads\/2025\/06\/01-12.jpg 1068w, https:\/\/sldcncpipebender.com\/wp-content\/uploads\/2025\/06\/01-12-300x242.jpg 300w, https:\/\/sldcncpipebender.com\/wp-content\/uploads\/2025\/06\/01-12-1024x826.jpg 1024w, https:\/\/sldcncpipebender.com\/wp-content\/uploads\/2025\/06\/01-12-768x620.jpg 768w, https:\/\/sldcncpipebender.com\/wp-content\/uploads\/2025\/06\/01-12-15x12.jpg 15w, https:\/\/sldcncpipebender.com\/wp-content\/uploads\/2025\/06\/01-12-1000x807.jpg 1000w\" sizes=\"auto, (max-width: 1068px) 100vw, 1068px\" \/><\/p>","protected":false},"excerpt":{"rendered":"<p>Control preciso mediante servomotores de 3-13 ejes;<\/p>\n<p>Puede realizar funciones de doblado a izquierda y derecha de moldes de 1-4 capas;<\/p>\n<p>Puede realizar el curvado de productos de gran radio o en espiral, con funci\u00f3n de curvado por empuje;<\/p>\n<p>El sistema inform\u00e1tico industrial tiene funci\u00f3n de inspecci\u00f3n de interferencias en 3D;<\/p>\n<p>Puede conectar robots e instrumentos de medici\u00f3n 3D, etc.<\/p>","protected":false},"featured_media":1427,"comment_status":"open","ping_status":"closed","template":"","meta":{"_acf_changed":false},"product_brand":[],"product_cat":[32],"product_tag":[],"class_list":{"0":"post-1426","1":"product","2":"type-product","3":"status-publish","4":"has-post-thumbnail","6":"product_cat-cnc-pipe-bending-machine","8":"first","9":"instock","10":"shipping-taxable","11":"product-type-simple"},"acf":[],"yoast_head":"<!-- This site is optimized with the Yoast SEO Premium plugin v25.5 (Yoast SEO v27.4) - https:\/\/yoast.com\/product\/yoast-seo-premium-wordpress\/ -->\n<title>25CNC-3A-1S - Shenglida Technology (Zhangjiagang) Co., Ltd.<\/title>\n<meta name=\"robots\" content=\"index, follow, max-snippet:-1, max-image-preview:large, max-video-preview:-1\" \/>\n<link rel=\"canonical\" href=\"https:\/\/sldcncpipebender.com\/es\/producto\/25cnc-3a-1s\/\" \/>\n<meta property=\"og:locale\" content=\"es_ES\" \/>\n<meta property=\"og:type\" content=\"article\" \/>\n<meta property=\"og:title\" content=\"25CNC-3A-1S\" \/>\n<meta property=\"og:description\" content=\"Precise control through 3-13 axis servo motors;  Can realize left and right bending functions of 1-4 layer molds;  Can realize large radius or spiral product bending, with push bending function;  Industrial computer system has 3D interference inspection function;  Can connect robots and 3D measuring instruments, etc.\" \/>\n<meta property=\"og:url\" content=\"https:\/\/sldcncpipebender.com\/es\/producto\/25cnc-3a-1s\/\" \/>\n<meta property=\"og:site_name\" content=\"Shenglida Technology (Zhangjiagang) Co., Ltd.\" \/>\n<meta property=\"og:image\" content=\"https:\/\/sldcncpipebender.com\/wp-content\/uploads\/2025\/06\/01-12.jpg\" \/>\n\t<meta property=\"og:image:width\" content=\"1068\" \/>\n\t<meta property=\"og:image:height\" content=\"862\" \/>\n\t<meta property=\"og:image:type\" content=\"image\/jpeg\" \/>\n<meta name=\"twitter:card\" content=\"summary_large_image\" \/>\n<meta name=\"twitter:label1\" content=\"Tiempo de lectura\" \/>\n\t<meta name=\"twitter:data1\" content=\"5 minutos\" \/>\n<script type=\"application\/ld+json\" class=\"yoast-schema-graph\">{\"@context\":\"https:\\\/\\\/schema.org\",\"@graph\":[{\"@type\":\"WebPage\",\"@id\":\"https:\\\/\\\/sldcncpipebender.com\\\/product\\\/25cnc-3a-1s\\\/\",\"url\":\"https:\\\/\\\/sldcncpipebender.com\\\/product\\\/25cnc-3a-1s\\\/\",\"name\":\"25CNC-3A-1S - Shenglida Technology (Zhangjiagang) Co., Ltd.\",\"isPartOf\":{\"@id\":\"https:\\\/\\\/sldcncpipebender.com\\\/#website\"},\"primaryImageOfPage\":{\"@id\":\"https:\\\/\\\/sldcncpipebender.com\\\/product\\\/25cnc-3a-1s\\\/#primaryimage\"},\"image\":{\"@id\":\"https:\\\/\\\/sldcncpipebender.com\\\/product\\\/25cnc-3a-1s\\\/#primaryimage\"},\"thumbnailUrl\":\"https:\\\/\\\/sldcncpipebender.com\\\/wp-content\\\/uploads\\\/2025\\\/06\\\/01-12.jpg\",\"datePublished\":\"2025-06-06T09:40:15+00:00\",\"breadcrumb\":{\"@id\":\"https:\\\/\\\/sldcncpipebender.com\\\/product\\\/25cnc-3a-1s\\\/#breadcrumb\"},\"inLanguage\":\"es\",\"potentialAction\":[{\"@type\":\"ReadAction\",\"target\":[\"https:\\\/\\\/sldcncpipebender.com\\\/product\\\/25cnc-3a-1s\\\/\"]}]},{\"@type\":\"ImageObject\",\"inLanguage\":\"es\",\"@id\":\"https:\\\/\\\/sldcncpipebender.com\\\/product\\\/25cnc-3a-1s\\\/#primaryimage\",\"url\":\"https:\\\/\\\/sldcncpipebender.com\\\/wp-content\\\/uploads\\\/2025\\\/06\\\/01-12.jpg\",\"contentUrl\":\"https:\\\/\\\/sldcncpipebender.com\\\/wp-content\\\/uploads\\\/2025\\\/06\\\/01-12.jpg\",\"width\":1068,\"height\":862},{\"@type\":\"BreadcrumbList\",\"@id\":\"https:\\\/\\\/sldcncpipebender.com\\\/product\\\/25cnc-3a-1s\\\/#breadcrumb\",\"itemListElement\":[{\"@type\":\"ListItem\",\"position\":1,\"name\":\"Home\",\"item\":\"https:\\\/\\\/sldcncpipebender.com\\\/\"},{\"@type\":\"ListItem\",\"position\":2,\"name\":\"shop\",\"item\":\"https:\\\/\\\/sldcncpipebender.com\\\/shop\\\/\"},{\"@type\":\"ListItem\",\"position\":3,\"name\":\"25CNC-3A-1S\"}]},{\"@type\":\"WebSite\",\"@id\":\"https:\\\/\\\/sldcncpipebender.com\\\/#website\",\"url\":\"https:\\\/\\\/sldcncpipebender.com\\\/\",\"name\":\"Shenglida Technology (Zhangjiagang) Co., Ltd.\",\"description\":\"pipe bending machine -  pipe cutting machine - pipe end forming machine\",\"potentialAction\":[{\"@type\":\"SearchAction\",\"target\":{\"@type\":\"EntryPoint\",\"urlTemplate\":\"https:\\\/\\\/sldcncpipebender.com\\\/?s={search_term_string}\"},\"query-input\":{\"@type\":\"PropertyValueSpecification\",\"valueRequired\":true,\"valueName\":\"search_term_string\"}}],\"inLanguage\":\"es\"}]}<\/script>\n<!-- \/ Yoast SEO Premium plugin. -->","yoast_head_json":{"title":"25CNC-3A-1S - Shenglida Tecnolog\u00eda (Zhangjiagang) Co., Ltd.","robots":{"index":"index","follow":"follow","max-snippet":"max-snippet:-1","max-image-preview":"max-image-preview:large","max-video-preview":"max-video-preview:-1"},"canonical":"https:\/\/sldcncpipebender.com\/es\/producto\/25cnc-3a-1s\/","og_locale":"es_ES","og_type":"article","og_title":"25CNC-3A-1S","og_description":"Precise control through 3-13 axis servo motors;  Can realize left and right bending functions of 1-4 layer molds;  Can realize large radius or spiral product bending, with push bending function;  Industrial computer system has 3D interference inspection function;  Can connect robots and 3D measuring instruments, etc.","og_url":"https:\/\/sldcncpipebender.com\/es\/producto\/25cnc-3a-1s\/","og_site_name":"Shenglida Technology (Zhangjiagang) Co., Ltd.","og_image":[{"width":1068,"height":862,"url":"https:\/\/sldcncpipebender.com\/wp-content\/uploads\/2025\/06\/01-12.jpg","type":"image\/jpeg"}],"twitter_card":"summary_large_image","twitter_misc":{"Tiempo de lectura":"5 minutos"},"schema":{"@context":"https:\/\/schema.org","@graph":[{"@type":"WebPage","@id":"https:\/\/sldcncpipebender.com\/product\/25cnc-3a-1s\/","url":"https:\/\/sldcncpipebender.com\/product\/25cnc-3a-1s\/","name":"25CNC-3A-1S - Shenglida Tecnolog\u00eda (Zhangjiagang) Co., Ltd.","isPartOf":{"@id":"https:\/\/sldcncpipebender.com\/#website"},"primaryImageOfPage":{"@id":"https:\/\/sldcncpipebender.com\/product\/25cnc-3a-1s\/#primaryimage"},"image":{"@id":"https:\/\/sldcncpipebender.com\/product\/25cnc-3a-1s\/#primaryimage"},"thumbnailUrl":"https:\/\/sldcncpipebender.com\/wp-content\/uploads\/2025\/06\/01-12.jpg","datePublished":"2025-06-06T09:40:15+00:00","breadcrumb":{"@id":"https:\/\/sldcncpipebender.com\/product\/25cnc-3a-1s\/#breadcrumb"},"inLanguage":"es","potentialAction":[{"@type":"ReadAction","target":["https:\/\/sldcncpipebender.com\/product\/25cnc-3a-1s\/"]}]},{"@type":"ImageObject","inLanguage":"es","@id":"https:\/\/sldcncpipebender.com\/product\/25cnc-3a-1s\/#primaryimage","url":"https:\/\/sldcncpipebender.com\/wp-content\/uploads\/2025\/06\/01-12.jpg","contentUrl":"https:\/\/sldcncpipebender.com\/wp-content\/uploads\/2025\/06\/01-12.jpg","width":1068,"height":862},{"@type":"BreadcrumbList","@id":"https:\/\/sldcncpipebender.com\/product\/25cnc-3a-1s\/#breadcrumb","itemListElement":[{"@type":"ListItem","position":1,"name":"Home","item":"https:\/\/sldcncpipebender.com\/"},{"@type":"ListItem","position":2,"name":"shop","item":"https:\/\/sldcncpipebender.com\/shop\/"},{"@type":"ListItem","position":3,"name":"25CNC-3A-1S"}]},{"@type":"WebSite","@id":"https:\/\/sldcncpipebender.com\/#website","url":"https:\/\/sldcncpipebender.com\/","name":"Shenglida Technology (Zhangjiagang) Co., Ltd.","description":"M\u00e1quina curvadora de tubos - M\u00e1quina cortadora de tubos - M\u00e1quina conformadora de extremos de tubos","potentialAction":[{"@type":"SearchAction","target":{"@type":"EntryPoint","urlTemplate":"https:\/\/sldcncpipebender.com\/?s={search_term_string}"},"query-input":{"@type":"PropertyValueSpecification","valueRequired":true,"valueName":"search_term_string"}}],"inLanguage":"es"}]}},"_links":{"self":[{"href":"https:\/\/sldcncpipebender.com\/es\/wp-json\/wp\/v2\/product\/1426","targetHints":{"allow":["GET"]}}],"collection":[{"href":"https:\/\/sldcncpipebender.com\/es\/wp-json\/wp\/v2\/product"}],"about":[{"href":"https:\/\/sldcncpipebender.com\/es\/wp-json\/wp\/v2\/types\/product"}],"replies":[{"embeddable":true,"href":"https:\/\/sldcncpipebender.com\/es\/wp-json\/wp\/v2\/comments?post=1426"}],"wp:featuredmedia":[{"embeddable":true,"href":"https:\/\/sldcncpipebender.com\/es\/wp-json\/wp\/v2\/media\/1427"}],"wp:attachment":[{"href":"https:\/\/sldcncpipebender.com\/es\/wp-json\/wp\/v2\/media?parent=1426"}],"wp:term":[{"taxonomy":"product_brand","embeddable":true,"href":"https:\/\/sldcncpipebender.com\/es\/wp-json\/wp\/v2\/product_brand?post=1426"},{"taxonomy":"product_cat","embeddable":true,"href":"https:\/\/sldcncpipebender.com\/es\/wp-json\/wp\/v2\/product_cat?post=1426"},{"taxonomy":"product_tag","embeddable":true,"href":"https:\/\/sldcncpipebender.com\/es\/wp-json\/wp\/v2\/product_tag?post=1426"}],"curies":[{"name":"wp","href":"https:\/\/api.w.org\/{rel}","templated":true}]}}