{"id":1428,"date":"2025-06-06T17:46:10","date_gmt":"2025-06-06T09:46:10","guid":{"rendered":"https:\/\/sldcncpipebender.com\/?post_type=product&#038;p=1428"},"modified":"2025-06-06T17:46:10","modified_gmt":"2025-06-06T09:46:10","slug":"25cnc-3a-2s","status":"publish","type":"product","link":"https:\/\/sldcncpipebender.com\/es\/producto\/25cnc-3a-2s\/","title":{"rendered":"25CNC-3A-2S"},"content":{"rendered":"<p>&nbsp;<\/p>\n<p>La m\u00e1quina curvadora de tubos autom\u00e1tica DW28CNC-3A-2S es de accionamiento servo e hidr\u00e1ulico. Los aparatos el\u00e9ctricos controlan centralmente el \u00e1ngulo de curvado, la precisi\u00f3n de alimentaci\u00f3n y la precisi\u00f3n de rotaci\u00f3n del tubo. El control hidr\u00e1ulico de la matriz de flexi\u00f3n hacia arriba y hacia abajo, el material de agarre, etc tienen sus propios cilindros de aceite independientes. Cuando se dobla el tubo, bajo el control del sistema, el material de agarre de sujeci\u00f3n, el movimiento hacia arriba y hacia abajo de la cabeza de la matriz y las piezas de flexi\u00f3n est\u00e1n coordinados para completar la alta calidad de flexi\u00f3n. Es un equipo general econ\u00f3mico y pr\u00e1ctico.<\/p>\n<p>El equipo puede curvar tubos met\u00e1licos con pocos puntos de interferencia y a gran velocidad. La m\u00e1quina tiene una funci\u00f3n de desplazamiento y un solo movimiento, que es f\u00e1cil de usar y mantener. Se utiliza ampliamente en carros de la compra, piezas de autom\u00f3viles, veh\u00edculos el\u00e9ctricos, fabricaci\u00f3n de muebles y otras industrias.<\/p>\n<p><img loading=\"lazy\" decoding=\"async\" class=\"alignnone size-full wp-image-1429\" src=\"https:\/\/sldcncpipebender.com\/wp-content\/uploads\/2025\/06\/01-13.jpg\" alt=\"\" width=\"1068\" height=\"862\" srcset=\"https:\/\/sldcncpipebender.com\/wp-content\/uploads\/2025\/06\/01-13.jpg 1068w, https:\/\/sldcncpipebender.com\/wp-content\/uploads\/2025\/06\/01-13-300x242.jpg 300w, https:\/\/sldcncpipebender.com\/wp-content\/uploads\/2025\/06\/01-13-1024x826.jpg 1024w, https:\/\/sldcncpipebender.com\/wp-content\/uploads\/2025\/06\/01-13-768x620.jpg 768w, https:\/\/sldcncpipebender.com\/wp-content\/uploads\/2025\/06\/01-13-15x12.jpg 15w, https:\/\/sldcncpipebender.com\/wp-content\/uploads\/2025\/06\/01-13-1000x807.jpg 1000w\" sizes=\"auto, (max-width: 1068px) 100vw, 1068px\" \/><\/p>","protected":false},"excerpt":{"rendered":"<p>Control preciso mediante servomotores de 3-13 ejes;<\/p>\n<p>Puede realizar funciones de plegado a izquierda y derecha para moldes de 1-4 capas;<\/p>\n<p>El sistema inform\u00e1tico industrial tiene funci\u00f3n de inspecci\u00f3n de interferencias en 3D;<\/p>\n<p>Puede conectar robots e instrumentos de medici\u00f3n 3D, etc.<\/p>\n<p>Dejar un mensaje en l\u00ednea<\/p>","protected":false},"featured_media":1429,"comment_status":"open","ping_status":"closed","template":"","meta":{"_acf_changed":false},"product_brand":[],"product_cat":[32],"product_tag":[],"class_list":{"0":"post-1428","1":"product","2":"type-product","3":"status-publish","4":"has-post-thumbnail","6":"product_cat-cnc-pipe-bending-machine","8":"first","9":"instock","10":"shipping-taxable","11":"product-type-simple"},"acf":[],"yoast_head":"<!-- This site is optimized with the Yoast SEO Premium plugin v25.5 (Yoast SEO v27.4) - https:\/\/yoast.com\/product\/yoast-seo-premium-wordpress\/ -->\n<title>25CNC-3A-2S - Shenglida Technology (Zhangjiagang) Co., Ltd.<\/title>\n<meta name=\"robots\" content=\"index, follow, max-snippet:-1, max-image-preview:large, max-video-preview:-1\" \/>\n<link rel=\"canonical\" href=\"https:\/\/sldcncpipebender.com\/es\/producto\/25cnc-3a-2s\/\" \/>\n<meta property=\"og:locale\" content=\"es_ES\" \/>\n<meta property=\"og:type\" content=\"article\" \/>\n<meta property=\"og:title\" content=\"25CNC-3A-2S\" \/>\n<meta property=\"og:description\" content=\"Precise control through 3-13 axis servo motors;  Can achieve left and right bending functions for 1-4 layer molds;  Industrial computer system has 3D interference inspection function;  Can connect robots and 3D measuring instruments, etc.  Leave a message online\" \/>\n<meta property=\"og:url\" content=\"https:\/\/sldcncpipebender.com\/es\/producto\/25cnc-3a-2s\/\" \/>\n<meta property=\"og:site_name\" content=\"Shenglida Technology (Zhangjiagang) Co., Ltd.\" \/>\n<meta property=\"og:image\" content=\"https:\/\/sldcncpipebender.com\/wp-content\/uploads\/2025\/06\/01-13.jpg\" \/>\n\t<meta property=\"og:image:width\" content=\"1068\" \/>\n\t<meta property=\"og:image:height\" content=\"862\" \/>\n\t<meta property=\"og:image:type\" content=\"image\/jpeg\" \/>\n<meta name=\"twitter:card\" content=\"summary_large_image\" \/>\n<meta name=\"twitter:label1\" content=\"Tiempo de lectura\" \/>\n\t<meta name=\"twitter:data1\" content=\"1 minuto\" \/>\n<script type=\"application\/ld+json\" class=\"yoast-schema-graph\">{\"@context\":\"https:\\\/\\\/schema.org\",\"@graph\":[{\"@type\":\"WebPage\",\"@id\":\"https:\\\/\\\/sldcncpipebender.com\\\/product\\\/25cnc-3a-2s\\\/\",\"url\":\"https:\\\/\\\/sldcncpipebender.com\\\/product\\\/25cnc-3a-2s\\\/\",\"name\":\"25CNC-3A-2S - Shenglida Technology (Zhangjiagang) Co., Ltd.\",\"isPartOf\":{\"@id\":\"https:\\\/\\\/sldcncpipebender.com\\\/#website\"},\"primaryImageOfPage\":{\"@id\":\"https:\\\/\\\/sldcncpipebender.com\\\/product\\\/25cnc-3a-2s\\\/#primaryimage\"},\"image\":{\"@id\":\"https:\\\/\\\/sldcncpipebender.com\\\/product\\\/25cnc-3a-2s\\\/#primaryimage\"},\"thumbnailUrl\":\"https:\\\/\\\/sldcncpipebender.com\\\/wp-content\\\/uploads\\\/2025\\\/06\\\/01-13.jpg\",\"datePublished\":\"2025-06-06T09:46:10+00:00\",\"breadcrumb\":{\"@id\":\"https:\\\/\\\/sldcncpipebender.com\\\/product\\\/25cnc-3a-2s\\\/#breadcrumb\"},\"inLanguage\":\"es\",\"potentialAction\":[{\"@type\":\"ReadAction\",\"target\":[\"https:\\\/\\\/sldcncpipebender.com\\\/product\\\/25cnc-3a-2s\\\/\"]}]},{\"@type\":\"ImageObject\",\"inLanguage\":\"es\",\"@id\":\"https:\\\/\\\/sldcncpipebender.com\\\/product\\\/25cnc-3a-2s\\\/#primaryimage\",\"url\":\"https:\\\/\\\/sldcncpipebender.com\\\/wp-content\\\/uploads\\\/2025\\\/06\\\/01-13.jpg\",\"contentUrl\":\"https:\\\/\\\/sldcncpipebender.com\\\/wp-content\\\/uploads\\\/2025\\\/06\\\/01-13.jpg\",\"width\":1068,\"height\":862},{\"@type\":\"BreadcrumbList\",\"@id\":\"https:\\\/\\\/sldcncpipebender.com\\\/product\\\/25cnc-3a-2s\\\/#breadcrumb\",\"itemListElement\":[{\"@type\":\"ListItem\",\"position\":1,\"name\":\"Home\",\"item\":\"https:\\\/\\\/sldcncpipebender.com\\\/\"},{\"@type\":\"ListItem\",\"position\":2,\"name\":\"shop\",\"item\":\"https:\\\/\\\/sldcncpipebender.com\\\/shop\\\/\"},{\"@type\":\"ListItem\",\"position\":3,\"name\":\"25CNC-3A-2S\"}]},{\"@type\":\"WebSite\",\"@id\":\"https:\\\/\\\/sldcncpipebender.com\\\/#website\",\"url\":\"https:\\\/\\\/sldcncpipebender.com\\\/\",\"name\":\"Shenglida Technology (Zhangjiagang) Co., Ltd.\",\"description\":\"pipe bending machine -  pipe cutting machine - pipe end forming machine\",\"potentialAction\":[{\"@type\":\"SearchAction\",\"target\":{\"@type\":\"EntryPoint\",\"urlTemplate\":\"https:\\\/\\\/sldcncpipebender.com\\\/?s={search_term_string}\"},\"query-input\":{\"@type\":\"PropertyValueSpecification\",\"valueRequired\":true,\"valueName\":\"search_term_string\"}}],\"inLanguage\":\"es\"}]}<\/script>\n<!-- \/ Yoast SEO Premium plugin. -->","yoast_head_json":{"title":"25CNC-3A-2S - Shenglida Tecnolog\u00eda (Zhangjiagang) Co., Ltd.","robots":{"index":"index","follow":"follow","max-snippet":"max-snippet:-1","max-image-preview":"max-image-preview:large","max-video-preview":"max-video-preview:-1"},"canonical":"https:\/\/sldcncpipebender.com\/es\/producto\/25cnc-3a-2s\/","og_locale":"es_ES","og_type":"article","og_title":"25CNC-3A-2S","og_description":"Precise control through 3-13 axis servo motors;  Can achieve left and right bending functions for 1-4 layer molds;  Industrial computer system has 3D interference inspection function;  Can connect robots and 3D measuring instruments, etc.  Leave a message online","og_url":"https:\/\/sldcncpipebender.com\/es\/producto\/25cnc-3a-2s\/","og_site_name":"Shenglida Technology (Zhangjiagang) Co., Ltd.","og_image":[{"width":1068,"height":862,"url":"https:\/\/sldcncpipebender.com\/wp-content\/uploads\/2025\/06\/01-13.jpg","type":"image\/jpeg"}],"twitter_card":"summary_large_image","twitter_misc":{"Tiempo de lectura":"1 minuto"},"schema":{"@context":"https:\/\/schema.org","@graph":[{"@type":"WebPage","@id":"https:\/\/sldcncpipebender.com\/product\/25cnc-3a-2s\/","url":"https:\/\/sldcncpipebender.com\/product\/25cnc-3a-2s\/","name":"25CNC-3A-2S - Shenglida Tecnolog\u00eda (Zhangjiagang) Co., Ltd.","isPartOf":{"@id":"https:\/\/sldcncpipebender.com\/#website"},"primaryImageOfPage":{"@id":"https:\/\/sldcncpipebender.com\/product\/25cnc-3a-2s\/#primaryimage"},"image":{"@id":"https:\/\/sldcncpipebender.com\/product\/25cnc-3a-2s\/#primaryimage"},"thumbnailUrl":"https:\/\/sldcncpipebender.com\/wp-content\/uploads\/2025\/06\/01-13.jpg","datePublished":"2025-06-06T09:46:10+00:00","breadcrumb":{"@id":"https:\/\/sldcncpipebender.com\/product\/25cnc-3a-2s\/#breadcrumb"},"inLanguage":"es","potentialAction":[{"@type":"ReadAction","target":["https:\/\/sldcncpipebender.com\/product\/25cnc-3a-2s\/"]}]},{"@type":"ImageObject","inLanguage":"es","@id":"https:\/\/sldcncpipebender.com\/product\/25cnc-3a-2s\/#primaryimage","url":"https:\/\/sldcncpipebender.com\/wp-content\/uploads\/2025\/06\/01-13.jpg","contentUrl":"https:\/\/sldcncpipebender.com\/wp-content\/uploads\/2025\/06\/01-13.jpg","width":1068,"height":862},{"@type":"BreadcrumbList","@id":"https:\/\/sldcncpipebender.com\/product\/25cnc-3a-2s\/#breadcrumb","itemListElement":[{"@type":"ListItem","position":1,"name":"Home","item":"https:\/\/sldcncpipebender.com\/"},{"@type":"ListItem","position":2,"name":"shop","item":"https:\/\/sldcncpipebender.com\/shop\/"},{"@type":"ListItem","position":3,"name":"25CNC-3A-2S"}]},{"@type":"WebSite","@id":"https:\/\/sldcncpipebender.com\/#website","url":"https:\/\/sldcncpipebender.com\/","name":"Shenglida Technology (Zhangjiagang) Co., Ltd.","description":"M\u00e1quina curvadora de tubos - M\u00e1quina cortadora de tubos - M\u00e1quina conformadora de extremos de tubos","potentialAction":[{"@type":"SearchAction","target":{"@type":"EntryPoint","urlTemplate":"https:\/\/sldcncpipebender.com\/?s={search_term_string}"},"query-input":{"@type":"PropertyValueSpecification","valueRequired":true,"valueName":"search_term_string"}}],"inLanguage":"es"}]}},"_links":{"self":[{"href":"https:\/\/sldcncpipebender.com\/es\/wp-json\/wp\/v2\/product\/1428","targetHints":{"allow":["GET"]}}],"collection":[{"href":"https:\/\/sldcncpipebender.com\/es\/wp-json\/wp\/v2\/product"}],"about":[{"href":"https:\/\/sldcncpipebender.com\/es\/wp-json\/wp\/v2\/types\/product"}],"replies":[{"embeddable":true,"href":"https:\/\/sldcncpipebender.com\/es\/wp-json\/wp\/v2\/comments?post=1428"}],"wp:featuredmedia":[{"embeddable":true,"href":"https:\/\/sldcncpipebender.com\/es\/wp-json\/wp\/v2\/media\/1429"}],"wp:attachment":[{"href":"https:\/\/sldcncpipebender.com\/es\/wp-json\/wp\/v2\/media?parent=1428"}],"wp:term":[{"taxonomy":"product_brand","embeddable":true,"href":"https:\/\/sldcncpipebender.com\/es\/wp-json\/wp\/v2\/product_brand?post=1428"},{"taxonomy":"product_cat","embeddable":true,"href":"https:\/\/sldcncpipebender.com\/es\/wp-json\/wp\/v2\/product_cat?post=1428"},{"taxonomy":"product_tag","embeddable":true,"href":"https:\/\/sldcncpipebender.com\/es\/wp-json\/wp\/v2\/product_tag?post=1428"}],"curies":[{"name":"wp","href":"https:\/\/api.w.org\/{rel}","templated":true}]}}