{"id":1472,"date":"2025-06-07T13:24:31","date_gmt":"2025-06-07T05:24:31","guid":{"rendered":"https:\/\/sldcncpipebender.com\/?post_type=product&#038;p=1472"},"modified":"2025-06-07T13:24:32","modified_gmt":"2025-06-07T05:24:32","slug":"dobladora-doble","status":"publish","type":"product","link":"https:\/\/sldcncpipebender.com\/es\/producto\/dobladora-doble\/","title":{"rendered":"Curvadora doble"},"content":{"rendered":"<p>Los componentes el\u00e9ctricos e hidr\u00e1ulicos proceden de Jap\u00f3n, Francia y Alemania. Pantalla t\u00e1ctil, Ingl\u00e9s o cualquier otro idioma Refrigeraci\u00f3n por aire \/ refrigeraci\u00f3n por agua \/ refrigeraci\u00f3n por aceite est\u00e1n disponibles.<\/p>\n<p>Con luz de advertencia de funcionamiento<\/p>\n<p>Molde est\u00e1ndar: Acero 45#<\/p>\n<p>Molde opcional: Material Cr12\/ 42 CrMo<\/p>\n<p>Tubo de acero inoxidable: mandril-aleaci\u00f3n de cobre, molde antiarrugas-aleaci\u00f3n de cobre<\/p>\n<p>Tubo de aluminio: molde de rueda, molde de abrazadera, molde de gu\u00eda-material de nailon<br \/>\n<img loading=\"lazy\" decoding=\"async\" class=\"alignnone size-full wp-image-1474\" src=\"https:\/\/sldcncpipebender.com\/wp-content\/uploads\/2025\/06\/02-3.jpg\" alt=\"\" width=\"1000\" height=\"1000\" srcset=\"https:\/\/sldcncpipebender.com\/wp-content\/uploads\/2025\/06\/02-3.jpg 1000w, https:\/\/sldcncpipebender.com\/wp-content\/uploads\/2025\/06\/02-3-300x300.jpg 300w, https:\/\/sldcncpipebender.com\/wp-content\/uploads\/2025\/06\/02-3-150x150.jpg 150w, https:\/\/sldcncpipebender.com\/wp-content\/uploads\/2025\/06\/02-3-768x768.jpg 768w, https:\/\/sldcncpipebender.com\/wp-content\/uploads\/2025\/06\/02-3-12x12.jpg 12w, https:\/\/sldcncpipebender.com\/wp-content\/uploads\/2025\/06\/02-3-100x100.jpg 100w\" sizes=\"auto, (max-width: 1000px) 100vw, 1000px\" \/><br \/>\n<img loading=\"lazy\" decoding=\"async\" class=\"alignnone size-full wp-image-1473\" src=\"https:\/\/sldcncpipebender.com\/wp-content\/uploads\/2025\/06\/01-33.jpg\" alt=\"\" width=\"1068\" height=\"862\" srcset=\"https:\/\/sldcncpipebender.com\/wp-content\/uploads\/2025\/06\/01-33.jpg 1068w, https:\/\/sldcncpipebender.com\/wp-content\/uploads\/2025\/06\/01-33-300x242.jpg 300w, https:\/\/sldcncpipebender.com\/wp-content\/uploads\/2025\/06\/01-33-1024x826.jpg 1024w, https:\/\/sldcncpipebender.com\/wp-content\/uploads\/2025\/06\/01-33-768x620.jpg 768w, https:\/\/sldcncpipebender.com\/wp-content\/uploads\/2025\/06\/01-33-15x12.jpg 15w, https:\/\/sldcncpipebender.com\/wp-content\/uploads\/2025\/06\/01-33-1000x807.jpg 1000w\" sizes=\"auto, (max-width: 1068px) 100vw, 1068px\" \/><\/p>","protected":false},"excerpt":{"rendered":"<p>Seg\u00fan las diferentes estructuras de base, se divide en tipo est\u00e1ndar y tipo giratorio<\/p>\n<p>A: Tipo est\u00e1ndar: el cabezal de la m\u00e1quina no se puede girar, y los cabezales dobles se pueden ajustar arbitrariamente de 0 a 90\u00b0.<\/p>\n<p>B: Tipo rotativo: el cabezal de la m\u00e1quina puede girar, y los cabezales dobles pueden ajustar el \u00e1ngulo de plegado de 0-185\u00b0, pero debe tenerse en cuenta el problema de recogida del material<\/p>\n<p>Adopta control PLC, f\u00e1cil de operar y mantener<\/p>\n<p>Puede dividirse en ciclo completo, medio ciclo y funcionamiento selectivo<\/p>\n<p>Puede elegir 1 o m\u00e1s operaciones seg\u00fan el di\u00e1metro exterior de los diferentes materiales y su tama\u00f1o<\/p>\n<p>Accesorios est\u00e1ndar: un juego de moldes, un juego de deflectores<\/p>","protected":false},"featured_media":1473,"comment_status":"open","ping_status":"closed","template":"","meta":{"_acf_changed":false},"product_brand":[],"product_cat":[33],"product_tag":[],"class_list":{"0":"post-1472","1":"product","2":"type-product","3":"status-publish","4":"has-post-thumbnail","6":"product_cat-nc-pipe-bending-machine","8":"first","9":"instock","10":"shipping-taxable","11":"product-type-simple"},"acf":[],"yoast_head":"<!-- This site is optimized with the Yoast SEO Premium plugin v25.5 (Yoast SEO v27.4) - https:\/\/yoast.com\/product\/yoast-seo-premium-wordpress\/ -->\n<title>Double bending machine - Shenglida Technology (Zhangjiagang) Co., Ltd.<\/title>\n<meta name=\"robots\" content=\"index, follow, max-snippet:-1, max-image-preview:large, max-video-preview:-1\" \/>\n<link rel=\"canonical\" href=\"https:\/\/sldcncpipebender.com\/es\/producto\/dobladora-doble\/\" \/>\n<meta property=\"og:locale\" content=\"es_ES\" \/>\n<meta property=\"og:type\" content=\"article\" \/>\n<meta property=\"og:title\" content=\"Double bending machine\" \/>\n<meta property=\"og:description\" content=\"According to the different base structures, it is divided into standard type and rotary type  A: Standard type: the machine head cannot be rotated, and the double heads can be adjusted arbitrarily from 0-90\u00b0  B: Rotary type: the machine head can be rotated, and the double heads can adjust the bending angle from 0-185\u00b0, but the material collection problem must be considered  Adopting PLC control, easy to operate and maintain  Can be divided into full cycle, half cycle, and selective operation  Can choose 1 or more operations according to the outer diameter of different materials and their size  Standard accessories: one set of molds, one set of baffles\" \/>\n<meta property=\"og:url\" content=\"https:\/\/sldcncpipebender.com\/es\/producto\/dobladora-doble\/\" \/>\n<meta property=\"og:site_name\" content=\"Shenglida Technology (Zhangjiagang) Co., Ltd.\" \/>\n<meta property=\"article:modified_time\" content=\"2025-06-07T05:24:32+00:00\" \/>\n<meta property=\"og:image\" content=\"https:\/\/sldcncpipebender.com\/wp-content\/uploads\/2025\/06\/01-33.jpg\" \/>\n\t<meta property=\"og:image:width\" content=\"1068\" \/>\n\t<meta property=\"og:image:height\" content=\"862\" \/>\n\t<meta property=\"og:image:type\" content=\"image\/jpeg\" \/>\n<meta name=\"twitter:card\" content=\"summary_large_image\" \/>\n<meta name=\"twitter:label1\" content=\"Tiempo de lectura\" \/>\n\t<meta name=\"twitter:data1\" content=\"1 minuto\" \/>\n<script type=\"application\/ld+json\" class=\"yoast-schema-graph\">{\"@context\":\"https:\\\/\\\/schema.org\",\"@graph\":[{\"@type\":\"WebPage\",\"@id\":\"https:\\\/\\\/sldcncpipebender.com\\\/product\\\/double-bending-machine\\\/\",\"url\":\"https:\\\/\\\/sldcncpipebender.com\\\/product\\\/double-bending-machine\\\/\",\"name\":\"Double bending machine - Shenglida Technology (Zhangjiagang) Co., Ltd.\",\"isPartOf\":{\"@id\":\"https:\\\/\\\/sldcncpipebender.com\\\/#website\"},\"primaryImageOfPage\":{\"@id\":\"https:\\\/\\\/sldcncpipebender.com\\\/product\\\/double-bending-machine\\\/#primaryimage\"},\"image\":{\"@id\":\"https:\\\/\\\/sldcncpipebender.com\\\/product\\\/double-bending-machine\\\/#primaryimage\"},\"thumbnailUrl\":\"https:\\\/\\\/sldcncpipebender.com\\\/wp-content\\\/uploads\\\/2025\\\/06\\\/01-33.jpg\",\"datePublished\":\"2025-06-07T05:24:31+00:00\",\"dateModified\":\"2025-06-07T05:24:32+00:00\",\"breadcrumb\":{\"@id\":\"https:\\\/\\\/sldcncpipebender.com\\\/product\\\/double-bending-machine\\\/#breadcrumb\"},\"inLanguage\":\"es\",\"potentialAction\":[{\"@type\":\"ReadAction\",\"target\":[\"https:\\\/\\\/sldcncpipebender.com\\\/product\\\/double-bending-machine\\\/\"]}]},{\"@type\":\"ImageObject\",\"inLanguage\":\"es\",\"@id\":\"https:\\\/\\\/sldcncpipebender.com\\\/product\\\/double-bending-machine\\\/#primaryimage\",\"url\":\"https:\\\/\\\/sldcncpipebender.com\\\/wp-content\\\/uploads\\\/2025\\\/06\\\/01-33.jpg\",\"contentUrl\":\"https:\\\/\\\/sldcncpipebender.com\\\/wp-content\\\/uploads\\\/2025\\\/06\\\/01-33.jpg\",\"width\":1068,\"height\":862},{\"@type\":\"BreadcrumbList\",\"@id\":\"https:\\\/\\\/sldcncpipebender.com\\\/product\\\/double-bending-machine\\\/#breadcrumb\",\"itemListElement\":[{\"@type\":\"ListItem\",\"position\":1,\"name\":\"Home\",\"item\":\"https:\\\/\\\/sldcncpipebender.com\\\/\"},{\"@type\":\"ListItem\",\"position\":2,\"name\":\"shop\",\"item\":\"https:\\\/\\\/sldcncpipebender.com\\\/shop\\\/\"},{\"@type\":\"ListItem\",\"position\":3,\"name\":\"Double bending machine\"}]},{\"@type\":\"WebSite\",\"@id\":\"https:\\\/\\\/sldcncpipebender.com\\\/#website\",\"url\":\"https:\\\/\\\/sldcncpipebender.com\\\/\",\"name\":\"Shenglida Technology (Zhangjiagang) Co., Ltd.\",\"description\":\"pipe bending machine -  pipe cutting machine - pipe end forming machine\",\"potentialAction\":[{\"@type\":\"SearchAction\",\"target\":{\"@type\":\"EntryPoint\",\"urlTemplate\":\"https:\\\/\\\/sldcncpipebender.com\\\/?s={search_term_string}\"},\"query-input\":{\"@type\":\"PropertyValueSpecification\",\"valueRequired\":true,\"valueName\":\"search_term_string\"}}],\"inLanguage\":\"es\"}]}<\/script>\n<!-- \/ Yoast SEO Premium plugin. -->","yoast_head_json":{"title":"M\u00e1quina curvadora doble - Shenglida Technology (Zhangjiagang) Co., Ltd.","robots":{"index":"index","follow":"follow","max-snippet":"max-snippet:-1","max-image-preview":"max-image-preview:large","max-video-preview":"max-video-preview:-1"},"canonical":"https:\/\/sldcncpipebender.com\/es\/producto\/dobladora-doble\/","og_locale":"es_ES","og_type":"article","og_title":"Double bending machine","og_description":"According to the different base structures, it is divided into standard type and rotary type  A: Standard type: the machine head cannot be rotated, and the double heads can be adjusted arbitrarily from 0-90\u00b0  B: Rotary type: the machine head can be rotated, and the double heads can adjust the bending angle from 0-185\u00b0, but the material collection problem must be considered  Adopting PLC control, easy to operate and maintain  Can be divided into full cycle, half cycle, and selective operation  Can choose 1 or more operations according to the outer diameter of different materials and their size  Standard accessories: one set of molds, one set of baffles","og_url":"https:\/\/sldcncpipebender.com\/es\/producto\/dobladora-doble\/","og_site_name":"Shenglida Technology (Zhangjiagang) Co., Ltd.","article_modified_time":"2025-06-07T05:24:32+00:00","og_image":[{"width":1068,"height":862,"url":"https:\/\/sldcncpipebender.com\/wp-content\/uploads\/2025\/06\/01-33.jpg","type":"image\/jpeg"}],"twitter_card":"summary_large_image","twitter_misc":{"Tiempo de lectura":"1 minuto"},"schema":{"@context":"https:\/\/schema.org","@graph":[{"@type":"WebPage","@id":"https:\/\/sldcncpipebender.com\/product\/double-bending-machine\/","url":"https:\/\/sldcncpipebender.com\/product\/double-bending-machine\/","name":"M\u00e1quina curvadora doble - Shenglida Technology (Zhangjiagang) Co., Ltd.","isPartOf":{"@id":"https:\/\/sldcncpipebender.com\/#website"},"primaryImageOfPage":{"@id":"https:\/\/sldcncpipebender.com\/product\/double-bending-machine\/#primaryimage"},"image":{"@id":"https:\/\/sldcncpipebender.com\/product\/double-bending-machine\/#primaryimage"},"thumbnailUrl":"https:\/\/sldcncpipebender.com\/wp-content\/uploads\/2025\/06\/01-33.jpg","datePublished":"2025-06-07T05:24:31+00:00","dateModified":"2025-06-07T05:24:32+00:00","breadcrumb":{"@id":"https:\/\/sldcncpipebender.com\/product\/double-bending-machine\/#breadcrumb"},"inLanguage":"es","potentialAction":[{"@type":"ReadAction","target":["https:\/\/sldcncpipebender.com\/product\/double-bending-machine\/"]}]},{"@type":"ImageObject","inLanguage":"es","@id":"https:\/\/sldcncpipebender.com\/product\/double-bending-machine\/#primaryimage","url":"https:\/\/sldcncpipebender.com\/wp-content\/uploads\/2025\/06\/01-33.jpg","contentUrl":"https:\/\/sldcncpipebender.com\/wp-content\/uploads\/2025\/06\/01-33.jpg","width":1068,"height":862},{"@type":"BreadcrumbList","@id":"https:\/\/sldcncpipebender.com\/product\/double-bending-machine\/#breadcrumb","itemListElement":[{"@type":"ListItem","position":1,"name":"Home","item":"https:\/\/sldcncpipebender.com\/"},{"@type":"ListItem","position":2,"name":"shop","item":"https:\/\/sldcncpipebender.com\/shop\/"},{"@type":"ListItem","position":3,"name":"Double bending machine"}]},{"@type":"WebSite","@id":"https:\/\/sldcncpipebender.com\/#website","url":"https:\/\/sldcncpipebender.com\/","name":"Shenglida Technology (Zhangjiagang) Co., Ltd.","description":"M\u00e1quina curvadora de tubos - M\u00e1quina cortadora de tubos - M\u00e1quina conformadora de extremos de tubos","potentialAction":[{"@type":"SearchAction","target":{"@type":"EntryPoint","urlTemplate":"https:\/\/sldcncpipebender.com\/?s={search_term_string}"},"query-input":{"@type":"PropertyValueSpecification","valueRequired":true,"valueName":"search_term_string"}}],"inLanguage":"es"}]}},"_links":{"self":[{"href":"https:\/\/sldcncpipebender.com\/es\/wp-json\/wp\/v2\/product\/1472","targetHints":{"allow":["GET"]}}],"collection":[{"href":"https:\/\/sldcncpipebender.com\/es\/wp-json\/wp\/v2\/product"}],"about":[{"href":"https:\/\/sldcncpipebender.com\/es\/wp-json\/wp\/v2\/types\/product"}],"replies":[{"embeddable":true,"href":"https:\/\/sldcncpipebender.com\/es\/wp-json\/wp\/v2\/comments?post=1472"}],"wp:featuredmedia":[{"embeddable":true,"href":"https:\/\/sldcncpipebender.com\/es\/wp-json\/wp\/v2\/media\/1473"}],"wp:attachment":[{"href":"https:\/\/sldcncpipebender.com\/es\/wp-json\/wp\/v2\/media?parent=1472"}],"wp:term":[{"taxonomy":"product_brand","embeddable":true,"href":"https:\/\/sldcncpipebender.com\/es\/wp-json\/wp\/v2\/product_brand?post=1472"},{"taxonomy":"product_cat","embeddable":true,"href":"https:\/\/sldcncpipebender.com\/es\/wp-json\/wp\/v2\/product_cat?post=1472"},{"taxonomy":"product_tag","embeddable":true,"href":"https:\/\/sldcncpipebender.com\/es\/wp-json\/wp\/v2\/product_tag?post=1472"}],"curies":[{"name":"wp","href":"https:\/\/api.w.org\/{rel}","templated":true}]}}