{"id":1493,"date":"2025-06-07T13:51:35","date_gmt":"2025-06-07T05:51:35","guid":{"rendered":"https:\/\/sldcncpipebender.com\/?post_type=product&#038;p=1493"},"modified":"2025-06-07T13:51:35","modified_gmt":"2025-06-07T05:51:35","slug":"425cnc-corte-de-esquinas","status":"publish","type":"product","link":"https:\/\/sldcncpipebender.com\/es\/producto\/425cnc-corte-de-esquinas\/","title":{"rendered":"Corte de esquinas 425CNC"},"content":{"rendered":"<p>Shenglida Technology (Zhangjiagang) Co., Ltd. es un fabricante profesional de m\u00e1quinas curvadoras de tubos, m\u00e1quinas cortadoras de tubos, m\u00e1quinas de contracci\u00f3n de tubos, m\u00e1quinas de biselado y otros equipos de accesorios de tuber\u00eda. Entre ellos, las m\u00e1quinas de corte de tubos se dividen en:<\/p>\n<p>Corte por l\u00e1ser, m\u00e1quinas de corte de tubos totalmente autom\u00e1ticas, m\u00e1quinas de corte de tubos semiautom\u00e1ticas, aserrado con alimentador, m\u00e1quinas de corte de aluminio.<\/p>\n<p>La m\u00e1quina de sierra circular de alimentaci\u00f3n de carril duro totalmente autom\u00e1tica es una m\u00e1quina herramienta de corte de metal de alimentaci\u00f3n totalmente autom\u00e1tica con una velocidad de aserrado de 28\/42\/76\/118 revoluciones por minuto, y las abrazaderas son especialmente<\/p>\n<p>dise\u00f1ado por nuestra empresa. Al serrar materiales de diferentes especificaciones, no hay necesidad de cambiar las abrazaderas. Es muy adecuada para serrar diversos materiales met\u00e1licos gruesos y finos como acero ordinario, acero inoxidable, cobre, aluminio, etc. con diferentes formas de secci\u00f3n transversal.<\/p>\n<p>Este modelo tiene un controlador programable, que alimentar\u00e1, sujetar\u00e1, serruchar\u00e1, etc. los materiales repetidamente con el programa establecido y los componentes el\u00e9ctricos autom\u00e1ticos, y realizar\u00e1 un estricto trabajo de ciclo autom\u00e1tico. Adem\u00e1s, las abrazaderas especiales se pueden dise\u00f1ar en combinaci\u00f3n con las piezas de trabajo reales para sostener m\u00faltiples tubos planos y serrarlos al mismo tiempo, lo que mejora en gran medida la funci\u00f3n de las m\u00e1quinas de corte de tubos completamente autom\u00e1ticas ordinarias, que tienen una secci\u00f3n de material sobrante al final y no se pueden cortar de una sola vez, ahorrando materiales, tiempo y mano de obra; despu\u00e9s de serrar, no hay material sobrante en la parte delantera y trasera, lo que aumenta la tasa de producto terminado de tubos y aumenta la producci\u00f3n por m\u00faltiplos.<br \/>\n<img loading=\"lazy\" decoding=\"async\" class=\"alignnone size-full wp-image-1494\" src=\"https:\/\/sldcncpipebender.com\/wp-content\/uploads\/2025\/06\/01-41.jpg\" alt=\"\" width=\"1068\" height=\"862\" srcset=\"https:\/\/sldcncpipebender.com\/wp-content\/uploads\/2025\/06\/01-41.jpg 1068w, https:\/\/sldcncpipebender.com\/wp-content\/uploads\/2025\/06\/01-41-300x242.jpg 300w, https:\/\/sldcncpipebender.com\/wp-content\/uploads\/2025\/06\/01-41-1024x826.jpg 1024w, https:\/\/sldcncpipebender.com\/wp-content\/uploads\/2025\/06\/01-41-768x620.jpg 768w, https:\/\/sldcncpipebender.com\/wp-content\/uploads\/2025\/06\/01-41-15x12.jpg 15w, https:\/\/sldcncpipebender.com\/wp-content\/uploads\/2025\/06\/01-41-1000x807.jpg 1000w\" sizes=\"auto, (max-width: 1068px) 100vw, 1068px\" \/><\/p>","protected":false},"excerpt":{"rendered":"<p>La sierra circular de carril duro de alimentaci\u00f3n totalmente autom\u00e1tica es una m\u00e1quina de corte de metal de alimentaci\u00f3n totalmente autom\u00e1tica con una velocidad de aserrado de 28\/42\/76\/118 revoluciones por minuto. La pinza est\u00e1 especialmente dise\u00f1ada por nuestra empresa. No hay necesidad de cambiar la abrazadera cuando se sierran materiales de diferentes especificaciones. Es muy adecuada para serrar diversos materiales met\u00e1licos gruesos y finos como acero ordinario, acero inoxidable, cobre, aluminio, etc. con diferentes formas de secci\u00f3n transversal.<\/p>\n<p>Este modelo dispone de un controlador programable. El programa establecido se combina con componentes el\u00e9ctricos autom\u00e1ticos para alimentar, sujetar, serrar, etc. el material repetidamente para realizar un estricto trabajo de ciclo autom\u00e1tico. Adem\u00e1s, las abrazaderas especiales se pueden dise\u00f1ar en combinaci\u00f3n con las piezas de trabajo reales para sostener m\u00faltiples tubos y serrarlos al mismo tiempo, lo que mejora en gran medida la funci\u00f3n de las m\u00e1quinas de corte de tubos completamente autom\u00e1ticas ordinarias que tienen una secci\u00f3n de material de cola que queda al final y no se puede cortar de una sola vez, ahorrando materiales, tiempo y mano de obra; despu\u00e9s de serrar, no hay material de cola antes y despu\u00e9s, lo que aumenta la tasa de rendimiento de los tubos y aumenta la producci\u00f3n por m\u00faltiplos.<\/p>","protected":false},"featured_media":1494,"comment_status":"open","ping_status":"closed","template":"","meta":{"_acf_changed":false},"product_brand":[],"product_cat":[37],"product_tag":[],"class_list":{"0":"post-1493","1":"product","2":"type-product","3":"status-publish","4":"has-post-thumbnail","6":"product_cat-fully-automatic-pipe-cutting-machine","8":"first","9":"instock","10":"shipping-taxable","11":"product-type-simple"},"acf":[],"yoast_head":"<!-- This site is optimized with the Yoast SEO Premium plugin v25.5 (Yoast SEO v27.4) - https:\/\/yoast.com\/product\/yoast-seo-premium-wordpress\/ -->\n<title>425CNC corner cutting - Shenglida Technology (Zhangjiagang) Co., Ltd.<\/title>\n<meta name=\"robots\" content=\"index, follow, max-snippet:-1, max-image-preview:large, max-video-preview:-1\" \/>\n<link rel=\"canonical\" href=\"https:\/\/sldcncpipebender.com\/es\/producto\/425cnc-corte-de-esquinas\/\" \/>\n<meta property=\"og:locale\" content=\"es_ES\" \/>\n<meta property=\"og:type\" content=\"article\" \/>\n<meta property=\"og:title\" content=\"425CNC corner cutting\" \/>\n<meta property=\"og:description\" content=\"The fully automatic hard rail slide feed circular saw machine is a fully automatic feed metal cutting machine with a sawing speed of 28\/42\/76\/118 revolutions per minute. The clamp is specially designed by our company. There is no need to change the clamp when sawing materials of different specifications. It is very suitable for sawing various thick and thin metal materials such as ordinary steel, stainless steel, copper, aluminum, etc. with different cross-sectional shapes.  This model has a programmable controller. The set program is combined with automatic electrical components to feed, hold, saw, etc. the material repeatedly to perform strict automatic cycle work. In addition, special clamps can be designed in combination with actual workpieces to hold multiple pipes and saw them at the same time, which greatly improves the function of ordinary fully automatic pipe cutting machines that have a section of tail material left at the end and cannot be cut at one time, saving materials, time and labor; after sawing, there is no tail material before and after, which increases the yield rate of pipes and increases the output by multiples.\" \/>\n<meta property=\"og:url\" content=\"https:\/\/sldcncpipebender.com\/es\/producto\/425cnc-corte-de-esquinas\/\" \/>\n<meta property=\"og:site_name\" content=\"Shenglida Technology (Zhangjiagang) Co., Ltd.\" \/>\n<meta property=\"og:image\" content=\"https:\/\/sldcncpipebender.com\/wp-content\/uploads\/2025\/06\/01-41.jpg\" \/>\n\t<meta property=\"og:image:width\" content=\"1068\" \/>\n\t<meta property=\"og:image:height\" content=\"862\" \/>\n\t<meta property=\"og:image:type\" content=\"image\/jpeg\" \/>\n<meta name=\"twitter:card\" content=\"summary_large_image\" \/>\n<meta name=\"twitter:label1\" content=\"Tiempo de lectura\" \/>\n\t<meta name=\"twitter:data1\" content=\"2 minutos\" \/>\n<script type=\"application\/ld+json\" class=\"yoast-schema-graph\">{\"@context\":\"https:\\\/\\\/schema.org\",\"@graph\":[{\"@type\":\"WebPage\",\"@id\":\"https:\\\/\\\/sldcncpipebender.com\\\/product\\\/425cnc-corner-cutting\\\/\",\"url\":\"https:\\\/\\\/sldcncpipebender.com\\\/product\\\/425cnc-corner-cutting\\\/\",\"name\":\"425CNC corner cutting - Shenglida Technology (Zhangjiagang) Co., Ltd.\",\"isPartOf\":{\"@id\":\"https:\\\/\\\/sldcncpipebender.com\\\/#website\"},\"primaryImageOfPage\":{\"@id\":\"https:\\\/\\\/sldcncpipebender.com\\\/product\\\/425cnc-corner-cutting\\\/#primaryimage\"},\"image\":{\"@id\":\"https:\\\/\\\/sldcncpipebender.com\\\/product\\\/425cnc-corner-cutting\\\/#primaryimage\"},\"thumbnailUrl\":\"https:\\\/\\\/sldcncpipebender.com\\\/wp-content\\\/uploads\\\/2025\\\/06\\\/01-41.jpg\",\"datePublished\":\"2025-06-07T05:51:35+00:00\",\"breadcrumb\":{\"@id\":\"https:\\\/\\\/sldcncpipebender.com\\\/product\\\/425cnc-corner-cutting\\\/#breadcrumb\"},\"inLanguage\":\"es\",\"potentialAction\":[{\"@type\":\"ReadAction\",\"target\":[\"https:\\\/\\\/sldcncpipebender.com\\\/product\\\/425cnc-corner-cutting\\\/\"]}]},{\"@type\":\"ImageObject\",\"inLanguage\":\"es\",\"@id\":\"https:\\\/\\\/sldcncpipebender.com\\\/product\\\/425cnc-corner-cutting\\\/#primaryimage\",\"url\":\"https:\\\/\\\/sldcncpipebender.com\\\/wp-content\\\/uploads\\\/2025\\\/06\\\/01-41.jpg\",\"contentUrl\":\"https:\\\/\\\/sldcncpipebender.com\\\/wp-content\\\/uploads\\\/2025\\\/06\\\/01-41.jpg\",\"width\":1068,\"height\":862},{\"@type\":\"BreadcrumbList\",\"@id\":\"https:\\\/\\\/sldcncpipebender.com\\\/product\\\/425cnc-corner-cutting\\\/#breadcrumb\",\"itemListElement\":[{\"@type\":\"ListItem\",\"position\":1,\"name\":\"Home\",\"item\":\"https:\\\/\\\/sldcncpipebender.com\\\/\"},{\"@type\":\"ListItem\",\"position\":2,\"name\":\"shop\",\"item\":\"https:\\\/\\\/sldcncpipebender.com\\\/shop\\\/\"},{\"@type\":\"ListItem\",\"position\":3,\"name\":\"425CNC corner cutting\"}]},{\"@type\":\"WebSite\",\"@id\":\"https:\\\/\\\/sldcncpipebender.com\\\/#website\",\"url\":\"https:\\\/\\\/sldcncpipebender.com\\\/\",\"name\":\"Shenglida Technology (Zhangjiagang) Co., Ltd.\",\"description\":\"pipe bending machine -  pipe cutting machine - pipe end forming machine\",\"potentialAction\":[{\"@type\":\"SearchAction\",\"target\":{\"@type\":\"EntryPoint\",\"urlTemplate\":\"https:\\\/\\\/sldcncpipebender.com\\\/?s={search_term_string}\"},\"query-input\":{\"@type\":\"PropertyValueSpecification\",\"valueRequired\":true,\"valueName\":\"search_term_string\"}}],\"inLanguage\":\"es\"}]}<\/script>\n<!-- \/ Yoast SEO Premium plugin. -->","yoast_head_json":{"title":"425CNC corte de esquinas - Shenglida Technology (Zhangjiagang) Co., Ltd.","robots":{"index":"index","follow":"follow","max-snippet":"max-snippet:-1","max-image-preview":"max-image-preview:large","max-video-preview":"max-video-preview:-1"},"canonical":"https:\/\/sldcncpipebender.com\/es\/producto\/425cnc-corte-de-esquinas\/","og_locale":"es_ES","og_type":"article","og_title":"425CNC corner cutting","og_description":"The fully automatic hard rail slide feed circular saw machine is a fully automatic feed metal cutting machine with a sawing speed of 28\/42\/76\/118 revolutions per minute. The clamp is specially designed by our company. There is no need to change the clamp when sawing materials of different specifications. It is very suitable for sawing various thick and thin metal materials such as ordinary steel, stainless steel, copper, aluminum, etc. with different cross-sectional shapes.  This model has a programmable controller. The set program is combined with automatic electrical components to feed, hold, saw, etc. the material repeatedly to perform strict automatic cycle work. In addition, special clamps can be designed in combination with actual workpieces to hold multiple pipes and saw them at the same time, which greatly improves the function of ordinary fully automatic pipe cutting machines that have a section of tail material left at the end and cannot be cut at one time, saving materials, time and labor; after sawing, there is no tail material before and after, which increases the yield rate of pipes and increases the output by multiples.","og_url":"https:\/\/sldcncpipebender.com\/es\/producto\/425cnc-corte-de-esquinas\/","og_site_name":"Shenglida Technology (Zhangjiagang) Co., Ltd.","og_image":[{"width":1068,"height":862,"url":"https:\/\/sldcncpipebender.com\/wp-content\/uploads\/2025\/06\/01-41.jpg","type":"image\/jpeg"}],"twitter_card":"summary_large_image","twitter_misc":{"Tiempo de lectura":"2 minutos"},"schema":{"@context":"https:\/\/schema.org","@graph":[{"@type":"WebPage","@id":"https:\/\/sldcncpipebender.com\/product\/425cnc-corner-cutting\/","url":"https:\/\/sldcncpipebender.com\/product\/425cnc-corner-cutting\/","name":"425CNC corte de esquinas - Shenglida Technology (Zhangjiagang) Co., Ltd.","isPartOf":{"@id":"https:\/\/sldcncpipebender.com\/#website"},"primaryImageOfPage":{"@id":"https:\/\/sldcncpipebender.com\/product\/425cnc-corner-cutting\/#primaryimage"},"image":{"@id":"https:\/\/sldcncpipebender.com\/product\/425cnc-corner-cutting\/#primaryimage"},"thumbnailUrl":"https:\/\/sldcncpipebender.com\/wp-content\/uploads\/2025\/06\/01-41.jpg","datePublished":"2025-06-07T05:51:35+00:00","breadcrumb":{"@id":"https:\/\/sldcncpipebender.com\/product\/425cnc-corner-cutting\/#breadcrumb"},"inLanguage":"es","potentialAction":[{"@type":"ReadAction","target":["https:\/\/sldcncpipebender.com\/product\/425cnc-corner-cutting\/"]}]},{"@type":"ImageObject","inLanguage":"es","@id":"https:\/\/sldcncpipebender.com\/product\/425cnc-corner-cutting\/#primaryimage","url":"https:\/\/sldcncpipebender.com\/wp-content\/uploads\/2025\/06\/01-41.jpg","contentUrl":"https:\/\/sldcncpipebender.com\/wp-content\/uploads\/2025\/06\/01-41.jpg","width":1068,"height":862},{"@type":"BreadcrumbList","@id":"https:\/\/sldcncpipebender.com\/product\/425cnc-corner-cutting\/#breadcrumb","itemListElement":[{"@type":"ListItem","position":1,"name":"Home","item":"https:\/\/sldcncpipebender.com\/"},{"@type":"ListItem","position":2,"name":"shop","item":"https:\/\/sldcncpipebender.com\/shop\/"},{"@type":"ListItem","position":3,"name":"425CNC corner cutting"}]},{"@type":"WebSite","@id":"https:\/\/sldcncpipebender.com\/#website","url":"https:\/\/sldcncpipebender.com\/","name":"Shenglida Technology (Zhangjiagang) Co., Ltd.","description":"M\u00e1quina curvadora de tubos - M\u00e1quina cortadora de tubos - M\u00e1quina conformadora de extremos de tubos","potentialAction":[{"@type":"SearchAction","target":{"@type":"EntryPoint","urlTemplate":"https:\/\/sldcncpipebender.com\/?s={search_term_string}"},"query-input":{"@type":"PropertyValueSpecification","valueRequired":true,"valueName":"search_term_string"}}],"inLanguage":"es"}]}},"_links":{"self":[{"href":"https:\/\/sldcncpipebender.com\/es\/wp-json\/wp\/v2\/product\/1493","targetHints":{"allow":["GET"]}}],"collection":[{"href":"https:\/\/sldcncpipebender.com\/es\/wp-json\/wp\/v2\/product"}],"about":[{"href":"https:\/\/sldcncpipebender.com\/es\/wp-json\/wp\/v2\/types\/product"}],"replies":[{"embeddable":true,"href":"https:\/\/sldcncpipebender.com\/es\/wp-json\/wp\/v2\/comments?post=1493"}],"wp:featuredmedia":[{"embeddable":true,"href":"https:\/\/sldcncpipebender.com\/es\/wp-json\/wp\/v2\/media\/1494"}],"wp:attachment":[{"href":"https:\/\/sldcncpipebender.com\/es\/wp-json\/wp\/v2\/media?parent=1493"}],"wp:term":[{"taxonomy":"product_brand","embeddable":true,"href":"https:\/\/sldcncpipebender.com\/es\/wp-json\/wp\/v2\/product_brand?post=1493"},{"taxonomy":"product_cat","embeddable":true,"href":"https:\/\/sldcncpipebender.com\/es\/wp-json\/wp\/v2\/product_cat?post=1493"},{"taxonomy":"product_tag","embeddable":true,"href":"https:\/\/sldcncpipebender.com\/es\/wp-json\/wp\/v2\/product_tag?post=1493"}],"curies":[{"name":"wp","href":"https:\/\/api.w.org\/{rel}","templated":true}]}}