{"id":1512,"date":"2025-06-07T14:38:15","date_gmt":"2025-06-07T06:38:15","guid":{"rendered":"https:\/\/sldcncpipebender.com\/?post_type=product&#038;p=1512"},"modified":"2025-06-07T14:38:15","modified_gmt":"2025-06-07T06:38:15","slug":"cortatubos-hidraulico-350","status":"publish","type":"product","link":"https:\/\/sldcncpipebender.com\/es\/producto\/cortatubos-hidraulico-350\/","title":{"rendered":"M\u00e1quina cortatubos hidr\u00e1ulica 350"},"content":{"rendered":"<p>Shenglida Technology (Zhangjiagang) Co., Ltd. es un fabricante profesional de m\u00e1quinas curvadoras de tubos, m\u00e1quinas cortadoras de tubos, m\u00e1quinas de contracci\u00f3n de tubos, m\u00e1quinas de biselado y otros equipos de accesorios de tuber\u00eda. Entre ellos, las m\u00e1quinas de corte de tubos se dividen en: corte por l\u00e1ser, m\u00e1quinas de corte de tubos totalmente autom\u00e1ticas, m\u00e1quinas de corte de tubos semiautom\u00e1ticas, aserrado de bastidor de alimentaci\u00f3n, y m\u00e1quinas de corte de aluminio. Caracter\u00edsticas mec\u00e1nicas de la m\u00e1quina cortadora de tubo hidr\u00e1ulica 350:<\/p>\n<p>1. Se utiliza principalmente para serrar perfiles industriales, puertas y ventanas de aleaci\u00f3n de aluminio, disipadores de calor, materiales de cobre, etc., y tambi\u00e9n se puede utilizar para cortar perfiles de pl\u00e1stico;<\/p>\n<p>2. Utilice hojas de sierra de carburo con un di\u00e1metro exterior de hasta 18\u2033, alta velocidad lineal y alta precisi\u00f3n de procesamiento;<\/p>\n<p>3. Esta m\u00e1quina herramienta est\u00e1 equipada con un sistema de alimentaci\u00f3n CNC, y se puede instalar un soporte seg\u00fan los requisitos del cliente;<\/p>\n<p>4. Adopta servomotores japoneses Mitsubishi, husillos de bolas y rieles gu\u00eda importados, por lo que la precisi\u00f3n de corte repetido es alta, y la potencia del motor es de 4KW, que es m\u00e1s adecuado para el corte de perfiles industriales, barras de cobre y aluminio. Los circuitos principales de las dos m\u00e1quinas son operados por controladores inform\u00e1ticos PLC Mitsubishi japoneses.<\/p>\n<p>Sistemas autom\u00e1ticos de alimentaci\u00f3n, sujeci\u00f3n y corte, alimentaci\u00f3n precisa y r\u00e1pida, puede cortar de 10 a 20 veces por minuto.<\/p>\n<p>El contador puede ajustar el n\u00famero de veces de corte, y se detiene autom\u00e1ticamente despu\u00e9s del corte.<\/p>\n<p>El contador total puede contar los registros de carga de trabajo de un d\u00eda. La presi\u00f3n total, delantera, trasera y la presi\u00f3n se pueden ajustar sin escalonamientos para garantizar que la pieza de trabajo no se deforme por sujeci\u00f3n.<\/p>\n<p>La precisi\u00f3n de la longitud de corte del tubo es de m\u00e1s o menos 0,02 mm, el corte es brillante y sin rebabas, y la pinza puede sujetar y cortar de 1 a 28 tubos a la vez.<\/p>\n<p>La pinza delantera, la pinza trasera, la velocidad de la cuchilla y la velocidad de alimentaci\u00f3n se pueden ajustar paso a paso.<\/p>\n<p>El tipo cb31 puede cortar tubos inclinados de 0-40 grados.<\/p>\n<p>El tipo ca31 es profesional en el corte de materiales a 90 grados.<\/p>\n<p>Las dos m\u00e1quinas pueden modificarse para cortar tubos triangulares, tubos hexagonales, tubos cuadrados y otras funciones.<\/p>\n<p>Uso: Especialmente indicado para cortar tubos de cobre, tubos de aluminio, tubos de metal tipo pluma, tubos de acero inoxidable, tubos de pl\u00e1stico, etc.<\/p>\n<p>Modo de trabajo autom\u00e1tico: Restablecer todas las operaciones manuales, (mover a la derecha) seleccionar el subtotal, cu\u00e1ntas veces cortar y cu\u00e1ntas veces alimentar, y luego arrancar el motor.<\/p>\n<p>(Motor ON) Pulse (arranque) El motor no arranca o la mesa de la sierra no puede funcionar, lo que indica que los interruptores no se han restablecido y no pueden ser autom\u00e1ticos.<br \/>\n<img loading=\"lazy\" decoding=\"async\" class=\"alignnone size-full wp-image-1513\" src=\"https:\/\/sldcncpipebender.com\/wp-content\/uploads\/2025\/06\/01-49.jpg\" alt=\"\" width=\"1068\" height=\"862\" srcset=\"https:\/\/sldcncpipebender.com\/wp-content\/uploads\/2025\/06\/01-49.jpg 1068w, https:\/\/sldcncpipebender.com\/wp-content\/uploads\/2025\/06\/01-49-300x242.jpg 300w, https:\/\/sldcncpipebender.com\/wp-content\/uploads\/2025\/06\/01-49-1024x826.jpg 1024w, https:\/\/sldcncpipebender.com\/wp-content\/uploads\/2025\/06\/01-49-768x620.jpg 768w, https:\/\/sldcncpipebender.com\/wp-content\/uploads\/2025\/06\/01-49-15x12.jpg 15w, https:\/\/sldcncpipebender.com\/wp-content\/uploads\/2025\/06\/01-49-1000x807.jpg 1000w\" sizes=\"auto, (max-width: 1068px) 100vw, 1068px\" \/><\/p>","protected":false},"excerpt":{"rendered":"<p>Avance vertical deslizante, avance estable y larga vida \u00fatil de la herramienta, dise\u00f1o especial, m\u00faltiples juegos de transmisi\u00f3n por engranajes adecuados para corte pesado, precisi\u00f3n estable, estructura s\u00f3lida de la m\u00e1quina, vibraci\u00f3n peque\u00f1a, larga vida \u00fatil de la m\u00e1quina, circulaci\u00f3n autom\u00e1tica del refrigerante para garantizar una secci\u00f3n transversal lisa, corte centralizado, mantenimiento simple y f\u00e1cil.<\/p>","protected":false},"featured_media":1513,"comment_status":"open","ping_status":"closed","template":"","meta":{"_acf_changed":false},"product_brand":[],"product_cat":[36],"product_tag":[],"class_list":{"0":"post-1512","1":"product","2":"type-product","3":"status-publish","4":"has-post-thumbnail","6":"product_cat-semi-automatic-pipe-cutting-machine","8":"first","9":"instock","10":"shipping-taxable","11":"product-type-simple"},"acf":[],"yoast_head":"<!-- This site is optimized with the Yoast SEO Premium plugin v25.5 (Yoast SEO v27.4) - https:\/\/yoast.com\/product\/yoast-seo-premium-wordpress\/ -->\n<title>350 Hydraulic Pipe Cutting Machine - Shenglida Technology (Zhangjiagang) Co., Ltd.<\/title>\n<meta name=\"robots\" content=\"index, follow, max-snippet:-1, max-image-preview:large, max-video-preview:-1\" \/>\n<link rel=\"canonical\" href=\"https:\/\/sldcncpipebender.com\/es\/producto\/cortatubos-hidraulico-350\/\" \/>\n<meta property=\"og:locale\" content=\"es_ES\" \/>\n<meta property=\"og:type\" content=\"article\" \/>\n<meta property=\"og:title\" content=\"350 Hydraulic Pipe Cutting Machine\" \/>\n<meta property=\"og:description\" content=\"Vertical slide feed, stable feed and long tool life, special design, multiple sets of gear transmission suitable for heavy cutting, stable precision, solid machine structure, small vibration, long machine life, automatic circulation of coolant to ensure smooth cross section, centralized cutting, simple and easy maintenance\" \/>\n<meta property=\"og:url\" content=\"https:\/\/sldcncpipebender.com\/es\/producto\/cortatubos-hidraulico-350\/\" \/>\n<meta property=\"og:site_name\" content=\"Shenglida Technology (Zhangjiagang) Co., Ltd.\" \/>\n<meta property=\"og:image\" content=\"https:\/\/sldcncpipebender.com\/wp-content\/uploads\/2025\/06\/01-49.jpg\" \/>\n\t<meta property=\"og:image:width\" content=\"1068\" \/>\n\t<meta property=\"og:image:height\" content=\"862\" \/>\n\t<meta property=\"og:image:type\" content=\"image\/jpeg\" \/>\n<meta name=\"twitter:card\" content=\"summary_large_image\" \/>\n<meta name=\"twitter:label1\" content=\"Tiempo de lectura\" \/>\n\t<meta name=\"twitter:data1\" content=\"3 minutos\" \/>\n<script type=\"application\/ld+json\" class=\"yoast-schema-graph\">{\"@context\":\"https:\\\/\\\/schema.org\",\"@graph\":[{\"@type\":\"WebPage\",\"@id\":\"https:\\\/\\\/sldcncpipebender.com\\\/product\\\/350-hydraulic-pipe-cutting-machine\\\/\",\"url\":\"https:\\\/\\\/sldcncpipebender.com\\\/product\\\/350-hydraulic-pipe-cutting-machine\\\/\",\"name\":\"350 Hydraulic Pipe Cutting Machine - Shenglida Technology (Zhangjiagang) Co., Ltd.\",\"isPartOf\":{\"@id\":\"https:\\\/\\\/sldcncpipebender.com\\\/#website\"},\"primaryImageOfPage\":{\"@id\":\"https:\\\/\\\/sldcncpipebender.com\\\/product\\\/350-hydraulic-pipe-cutting-machine\\\/#primaryimage\"},\"image\":{\"@id\":\"https:\\\/\\\/sldcncpipebender.com\\\/product\\\/350-hydraulic-pipe-cutting-machine\\\/#primaryimage\"},\"thumbnailUrl\":\"https:\\\/\\\/sldcncpipebender.com\\\/wp-content\\\/uploads\\\/2025\\\/06\\\/01-49.jpg\",\"datePublished\":\"2025-06-07T06:38:15+00:00\",\"breadcrumb\":{\"@id\":\"https:\\\/\\\/sldcncpipebender.com\\\/product\\\/350-hydraulic-pipe-cutting-machine\\\/#breadcrumb\"},\"inLanguage\":\"es\",\"potentialAction\":[{\"@type\":\"ReadAction\",\"target\":[\"https:\\\/\\\/sldcncpipebender.com\\\/product\\\/350-hydraulic-pipe-cutting-machine\\\/\"]}]},{\"@type\":\"ImageObject\",\"inLanguage\":\"es\",\"@id\":\"https:\\\/\\\/sldcncpipebender.com\\\/product\\\/350-hydraulic-pipe-cutting-machine\\\/#primaryimage\",\"url\":\"https:\\\/\\\/sldcncpipebender.com\\\/wp-content\\\/uploads\\\/2025\\\/06\\\/01-49.jpg\",\"contentUrl\":\"https:\\\/\\\/sldcncpipebender.com\\\/wp-content\\\/uploads\\\/2025\\\/06\\\/01-49.jpg\",\"width\":1068,\"height\":862},{\"@type\":\"BreadcrumbList\",\"@id\":\"https:\\\/\\\/sldcncpipebender.com\\\/product\\\/350-hydraulic-pipe-cutting-machine\\\/#breadcrumb\",\"itemListElement\":[{\"@type\":\"ListItem\",\"position\":1,\"name\":\"Home\",\"item\":\"https:\\\/\\\/sldcncpipebender.com\\\/\"},{\"@type\":\"ListItem\",\"position\":2,\"name\":\"shop\",\"item\":\"https:\\\/\\\/sldcncpipebender.com\\\/shop\\\/\"},{\"@type\":\"ListItem\",\"position\":3,\"name\":\"350 Hydraulic Pipe Cutting Machine\"}]},{\"@type\":\"WebSite\",\"@id\":\"https:\\\/\\\/sldcncpipebender.com\\\/#website\",\"url\":\"https:\\\/\\\/sldcncpipebender.com\\\/\",\"name\":\"Shenglida Technology (Zhangjiagang) Co., Ltd.\",\"description\":\"pipe bending machine -  pipe cutting machine - pipe end forming machine\",\"potentialAction\":[{\"@type\":\"SearchAction\",\"target\":{\"@type\":\"EntryPoint\",\"urlTemplate\":\"https:\\\/\\\/sldcncpipebender.com\\\/?s={search_term_string}\"},\"query-input\":{\"@type\":\"PropertyValueSpecification\",\"valueRequired\":true,\"valueName\":\"search_term_string\"}}],\"inLanguage\":\"es\"}]}<\/script>\n<!-- \/ Yoast SEO Premium plugin. -->","yoast_head_json":{"title":"M\u00e1quina cortadora de tubos hidr\u00e1ulica 350 - Shenglida Technology (Zhangjiagang) Co., Ltd.","robots":{"index":"index","follow":"follow","max-snippet":"max-snippet:-1","max-image-preview":"max-image-preview:large","max-video-preview":"max-video-preview:-1"},"canonical":"https:\/\/sldcncpipebender.com\/es\/producto\/cortatubos-hidraulico-350\/","og_locale":"es_ES","og_type":"article","og_title":"350 Hydraulic Pipe Cutting Machine","og_description":"Vertical slide feed, stable feed and long tool life, special design, multiple sets of gear transmission suitable for heavy cutting, stable precision, solid machine structure, small vibration, long machine life, automatic circulation of coolant to ensure smooth cross section, centralized cutting, simple and easy maintenance","og_url":"https:\/\/sldcncpipebender.com\/es\/producto\/cortatubos-hidraulico-350\/","og_site_name":"Shenglida Technology (Zhangjiagang) Co., Ltd.","og_image":[{"width":1068,"height":862,"url":"https:\/\/sldcncpipebender.com\/wp-content\/uploads\/2025\/06\/01-49.jpg","type":"image\/jpeg"}],"twitter_card":"summary_large_image","twitter_misc":{"Tiempo de lectura":"3 minutos"},"schema":{"@context":"https:\/\/schema.org","@graph":[{"@type":"WebPage","@id":"https:\/\/sldcncpipebender.com\/product\/350-hydraulic-pipe-cutting-machine\/","url":"https:\/\/sldcncpipebender.com\/product\/350-hydraulic-pipe-cutting-machine\/","name":"M\u00e1quina cortadora de tubos hidr\u00e1ulica 350 - Shenglida Technology (Zhangjiagang) Co., Ltd.","isPartOf":{"@id":"https:\/\/sldcncpipebender.com\/#website"},"primaryImageOfPage":{"@id":"https:\/\/sldcncpipebender.com\/product\/350-hydraulic-pipe-cutting-machine\/#primaryimage"},"image":{"@id":"https:\/\/sldcncpipebender.com\/product\/350-hydraulic-pipe-cutting-machine\/#primaryimage"},"thumbnailUrl":"https:\/\/sldcncpipebender.com\/wp-content\/uploads\/2025\/06\/01-49.jpg","datePublished":"2025-06-07T06:38:15+00:00","breadcrumb":{"@id":"https:\/\/sldcncpipebender.com\/product\/350-hydraulic-pipe-cutting-machine\/#breadcrumb"},"inLanguage":"es","potentialAction":[{"@type":"ReadAction","target":["https:\/\/sldcncpipebender.com\/product\/350-hydraulic-pipe-cutting-machine\/"]}]},{"@type":"ImageObject","inLanguage":"es","@id":"https:\/\/sldcncpipebender.com\/product\/350-hydraulic-pipe-cutting-machine\/#primaryimage","url":"https:\/\/sldcncpipebender.com\/wp-content\/uploads\/2025\/06\/01-49.jpg","contentUrl":"https:\/\/sldcncpipebender.com\/wp-content\/uploads\/2025\/06\/01-49.jpg","width":1068,"height":862},{"@type":"BreadcrumbList","@id":"https:\/\/sldcncpipebender.com\/product\/350-hydraulic-pipe-cutting-machine\/#breadcrumb","itemListElement":[{"@type":"ListItem","position":1,"name":"Home","item":"https:\/\/sldcncpipebender.com\/"},{"@type":"ListItem","position":2,"name":"shop","item":"https:\/\/sldcncpipebender.com\/shop\/"},{"@type":"ListItem","position":3,"name":"350 Hydraulic Pipe Cutting Machine"}]},{"@type":"WebSite","@id":"https:\/\/sldcncpipebender.com\/#website","url":"https:\/\/sldcncpipebender.com\/","name":"Shenglida Technology (Zhangjiagang) Co., Ltd.","description":"M\u00e1quina curvadora de tubos - M\u00e1quina cortadora de tubos - M\u00e1quina conformadora de extremos de tubos","potentialAction":[{"@type":"SearchAction","target":{"@type":"EntryPoint","urlTemplate":"https:\/\/sldcncpipebender.com\/?s={search_term_string}"},"query-input":{"@type":"PropertyValueSpecification","valueRequired":true,"valueName":"search_term_string"}}],"inLanguage":"es"}]}},"_links":{"self":[{"href":"https:\/\/sldcncpipebender.com\/es\/wp-json\/wp\/v2\/product\/1512","targetHints":{"allow":["GET"]}}],"collection":[{"href":"https:\/\/sldcncpipebender.com\/es\/wp-json\/wp\/v2\/product"}],"about":[{"href":"https:\/\/sldcncpipebender.com\/es\/wp-json\/wp\/v2\/types\/product"}],"replies":[{"embeddable":true,"href":"https:\/\/sldcncpipebender.com\/es\/wp-json\/wp\/v2\/comments?post=1512"}],"wp:featuredmedia":[{"embeddable":true,"href":"https:\/\/sldcncpipebender.com\/es\/wp-json\/wp\/v2\/media\/1513"}],"wp:attachment":[{"href":"https:\/\/sldcncpipebender.com\/es\/wp-json\/wp\/v2\/media?parent=1512"}],"wp:term":[{"taxonomy":"product_brand","embeddable":true,"href":"https:\/\/sldcncpipebender.com\/es\/wp-json\/wp\/v2\/product_brand?post=1512"},{"taxonomy":"product_cat","embeddable":true,"href":"https:\/\/sldcncpipebender.com\/es\/wp-json\/wp\/v2\/product_cat?post=1512"},{"taxonomy":"product_tag","embeddable":true,"href":"https:\/\/sldcncpipebender.com\/es\/wp-json\/wp\/v2\/product_tag?post=1512"}],"curies":[{"name":"wp","href":"https:\/\/api.w.org\/{rel}","templated":true}]}}