{"id":1514,"date":"2025-06-07T14:45:10","date_gmt":"2025-06-07T06:45:10","guid":{"rendered":"https:\/\/sldcncpipebender.com\/?post_type=product&#038;p=1514"},"modified":"2025-06-07T14:45:37","modified_gmt":"2025-06-07T06:45:37","slug":"425%e6%b2%b9%e5%8e%8b%e5%88%87%e7%ae%a1%e6%9c%ba","status":"publish","type":"product","link":"https:\/\/sldcncpipebender.com\/es\/producto\/425%e6%b2%b9%e5%8e%8b%e5%88%87%e7%ae%a1%e6%9c%ba\/","title":{"rendered":"M\u00e1quina cortatubos hidr\u00e1ulica 425"},"content":{"rendered":"<p>Shenglida Technology (Zhangjiagang) Co., Ltd. es un fabricante profesional de m\u00e1quinas curvadoras de tubos, m\u00e1quinas cortadoras de tubos, m\u00e1quinas de contracci\u00f3n de tubos, m\u00e1quinas de biselado y otros equipos de tuber\u00edas.<\/p>\n<p>Las m\u00e1quinas de corte de tubos se dividen en: corte por l\u00e1ser, m\u00e1quinas de corte de tubos totalmente autom\u00e1ticas, m\u00e1quinas de corte de tubos semiautom\u00e1ticas, sierras de alimentaci\u00f3n y m\u00e1quinas de corte de aluminio.<\/p>\n<p>Caracter\u00edsticas mec\u00e1nicas de la m\u00e1quina cortadora de tubos hidr\u00e1ulica 425:<\/p>\n<p>Tipo de alimentaci\u00f3n por deslizamiento vertical, alimentaci\u00f3n estable y larga vida \u00fatil de la herramienta<\/p>\n<p>Dise\u00f1o especial, m\u00faltiples juegos de transmisi\u00f3n de engranajes adecuados para corte pesado, precisi\u00f3n estable<\/p>\n<p>La estructura de la m\u00e1quina es robusta, la vibraci\u00f3n es peque\u00f1a y la vida \u00fatil de la m\u00e1quina es larga.<\/p>\n<p>La circulaci\u00f3n autom\u00e1tica del refrigerante garantiza una superficie de corte lisa del arco y la flecha<\/p>\n<p>Procesamiento de corte centralizado, mantenimiento sencillo y f\u00e1cil<br \/>\n<img loading=\"lazy\" decoding=\"async\" class=\"alignnone size-full wp-image-1515\" src=\"https:\/\/sldcncpipebender.com\/wp-content\/uploads\/2025\/06\/01-50.jpg\" alt=\"\" width=\"1068\" height=\"862\" srcset=\"https:\/\/sldcncpipebender.com\/wp-content\/uploads\/2025\/06\/01-50.jpg 1068w, https:\/\/sldcncpipebender.com\/wp-content\/uploads\/2025\/06\/01-50-300x242.jpg 300w, https:\/\/sldcncpipebender.com\/wp-content\/uploads\/2025\/06\/01-50-1024x826.jpg 1024w, https:\/\/sldcncpipebender.com\/wp-content\/uploads\/2025\/06\/01-50-768x620.jpg 768w, https:\/\/sldcncpipebender.com\/wp-content\/uploads\/2025\/06\/01-50-15x12.jpg 15w, https:\/\/sldcncpipebender.com\/wp-content\/uploads\/2025\/06\/01-50-1000x807.jpg 1000w\" sizes=\"auto, (max-width: 1068px) 100vw, 1068px\" \/><\/p>","protected":false},"excerpt":{"rendered":"<p>Avance deslizante vertical, avance estable y larga vida \u00fatil de la herramienta<\/p>\n<p>Dise\u00f1o especial, m\u00faltiples juegos de transmisi\u00f3n de engranajes adecuados para corte pesado, precisi\u00f3n estable<\/p>\n<p>S\u00f3lida estructura de la m\u00e1quina, baja vibraci\u00f3n, larga vida \u00fatil de la m\u00e1quina<\/p>\n<p>La circulaci\u00f3n autom\u00e1tica del refrigerante garantiza una superficie de corte lisa del arco y la flecha<\/p>\n<p>Corte centralizado, mantenimiento sencillo y f\u00e1cil<\/p>","protected":false},"featured_media":1515,"comment_status":"open","ping_status":"closed","template":"","meta":{"_acf_changed":false},"product_brand":[],"product_cat":[36],"product_tag":[],"class_list":{"0":"post-1514","1":"product","2":"type-product","3":"status-publish","4":"has-post-thumbnail","6":"product_cat-semi-automatic-pipe-cutting-machine","8":"first","9":"instock","10":"shipping-taxable","11":"product-type-simple"},"acf":[],"yoast_head":"<!-- This site is optimized with the Yoast SEO Premium plugin v25.5 (Yoast SEO v27.4) - https:\/\/yoast.com\/product\/yoast-seo-premium-wordpress\/ -->\n<title>425 Hydraulic Pipe Cutting Machine - Shenglida Technology (Zhangjiagang) Co., Ltd.<\/title>\n<meta name=\"robots\" content=\"index, follow, max-snippet:-1, max-image-preview:large, max-video-preview:-1\" \/>\n<link rel=\"canonical\" href=\"https:\/\/sldcncpipebender.com\/es\/producto\/425\u6cb9\u538b\u5207\u7ba1\u673a\/\" \/>\n<meta property=\"og:locale\" content=\"es_ES\" \/>\n<meta property=\"og:type\" content=\"article\" \/>\n<meta property=\"og:title\" content=\"425 Hydraulic Pipe Cutting Machine\" \/>\n<meta property=\"og:description\" content=\"Vertical slide feed, stable feed and long tool life  Special design, multiple sets of gear transmission suitable for heavy cutting, stable precision  Solid machine structure, low vibration, long machine life  Automatic circulation of coolant ensures smooth cut surface of bow and arrow  Centralized cutting, simple and easy maintenance\" \/>\n<meta property=\"og:url\" content=\"https:\/\/sldcncpipebender.com\/es\/producto\/425\u6cb9\u538b\u5207\u7ba1\u673a\/\" \/>\n<meta property=\"og:site_name\" content=\"Shenglida Technology (Zhangjiagang) Co., Ltd.\" \/>\n<meta property=\"article:modified_time\" content=\"2025-06-07T06:45:37+00:00\" \/>\n<meta property=\"og:image\" content=\"https:\/\/sldcncpipebender.com\/wp-content\/uploads\/2025\/06\/01-50.jpg\" \/>\n\t<meta property=\"og:image:width\" content=\"1068\" \/>\n\t<meta property=\"og:image:height\" content=\"862\" \/>\n\t<meta property=\"og:image:type\" content=\"image\/jpeg\" \/>\n<meta name=\"twitter:card\" content=\"summary_large_image\" \/>\n<meta name=\"twitter:label1\" content=\"Tiempo de lectura\" \/>\n\t<meta name=\"twitter:data1\" content=\"1 minuto\" \/>\n<script type=\"application\/ld+json\" class=\"yoast-schema-graph\">{\"@context\":\"https:\\\/\\\/schema.org\",\"@graph\":[{\"@type\":\"WebPage\",\"@id\":\"https:\\\/\\\/sldcncpipebender.com\\\/product\\\/425%e6%b2%b9%e5%8e%8b%e5%88%87%e7%ae%a1%e6%9c%ba\\\/\",\"url\":\"https:\\\/\\\/sldcncpipebender.com\\\/product\\\/425%e6%b2%b9%e5%8e%8b%e5%88%87%e7%ae%a1%e6%9c%ba\\\/\",\"name\":\"425 Hydraulic Pipe Cutting Machine - Shenglida Technology (Zhangjiagang) Co., Ltd.\",\"isPartOf\":{\"@id\":\"https:\\\/\\\/sldcncpipebender.com\\\/#website\"},\"primaryImageOfPage\":{\"@id\":\"https:\\\/\\\/sldcncpipebender.com\\\/product\\\/425%e6%b2%b9%e5%8e%8b%e5%88%87%e7%ae%a1%e6%9c%ba\\\/#primaryimage\"},\"image\":{\"@id\":\"https:\\\/\\\/sldcncpipebender.com\\\/product\\\/425%e6%b2%b9%e5%8e%8b%e5%88%87%e7%ae%a1%e6%9c%ba\\\/#primaryimage\"},\"thumbnailUrl\":\"https:\\\/\\\/sldcncpipebender.com\\\/wp-content\\\/uploads\\\/2025\\\/06\\\/01-50.jpg\",\"datePublished\":\"2025-06-07T06:45:10+00:00\",\"dateModified\":\"2025-06-07T06:45:37+00:00\",\"breadcrumb\":{\"@id\":\"https:\\\/\\\/sldcncpipebender.com\\\/product\\\/425%e6%b2%b9%e5%8e%8b%e5%88%87%e7%ae%a1%e6%9c%ba\\\/#breadcrumb\"},\"inLanguage\":\"es\",\"potentialAction\":[{\"@type\":\"ReadAction\",\"target\":[\"https:\\\/\\\/sldcncpipebender.com\\\/product\\\/425%e6%b2%b9%e5%8e%8b%e5%88%87%e7%ae%a1%e6%9c%ba\\\/\"]}]},{\"@type\":\"ImageObject\",\"inLanguage\":\"es\",\"@id\":\"https:\\\/\\\/sldcncpipebender.com\\\/product\\\/425%e6%b2%b9%e5%8e%8b%e5%88%87%e7%ae%a1%e6%9c%ba\\\/#primaryimage\",\"url\":\"https:\\\/\\\/sldcncpipebender.com\\\/wp-content\\\/uploads\\\/2025\\\/06\\\/01-50.jpg\",\"contentUrl\":\"https:\\\/\\\/sldcncpipebender.com\\\/wp-content\\\/uploads\\\/2025\\\/06\\\/01-50.jpg\",\"width\":1068,\"height\":862},{\"@type\":\"BreadcrumbList\",\"@id\":\"https:\\\/\\\/sldcncpipebender.com\\\/product\\\/425%e6%b2%b9%e5%8e%8b%e5%88%87%e7%ae%a1%e6%9c%ba\\\/#breadcrumb\",\"itemListElement\":[{\"@type\":\"ListItem\",\"position\":1,\"name\":\"Home\",\"item\":\"https:\\\/\\\/sldcncpipebender.com\\\/\"},{\"@type\":\"ListItem\",\"position\":2,\"name\":\"shop\",\"item\":\"https:\\\/\\\/sldcncpipebender.com\\\/shop\\\/\"},{\"@type\":\"ListItem\",\"position\":3,\"name\":\"425 Hydraulic Pipe Cutting Machine\"}]},{\"@type\":\"WebSite\",\"@id\":\"https:\\\/\\\/sldcncpipebender.com\\\/#website\",\"url\":\"https:\\\/\\\/sldcncpipebender.com\\\/\",\"name\":\"Shenglida Technology (Zhangjiagang) Co., Ltd.\",\"description\":\"pipe bending machine -  pipe cutting machine - pipe end forming machine\",\"potentialAction\":[{\"@type\":\"SearchAction\",\"target\":{\"@type\":\"EntryPoint\",\"urlTemplate\":\"https:\\\/\\\/sldcncpipebender.com\\\/?s={search_term_string}\"},\"query-input\":{\"@type\":\"PropertyValueSpecification\",\"valueRequired\":true,\"valueName\":\"search_term_string\"}}],\"inLanguage\":\"es\"}]}<\/script>\n<!-- \/ Yoast SEO Premium plugin. -->","yoast_head_json":{"title":"425 M\u00e1quina cortadora de tubos hidr\u00e1ulica - Shenglida Technology (Zhangjiagang) Co., Ltd.","robots":{"index":"index","follow":"follow","max-snippet":"max-snippet:-1","max-image-preview":"max-image-preview:large","max-video-preview":"max-video-preview:-1"},"canonical":"https:\/\/sldcncpipebender.com\/es\/producto\/425\u6cb9\u538b\u5207\u7ba1\u673a\/","og_locale":"es_ES","og_type":"article","og_title":"425 Hydraulic Pipe Cutting Machine","og_description":"Vertical slide feed, stable feed and long tool life  Special design, multiple sets of gear transmission suitable for heavy cutting, stable precision  Solid machine structure, low vibration, long machine life  Automatic circulation of coolant ensures smooth cut surface of bow and arrow  Centralized cutting, simple and easy maintenance","og_url":"https:\/\/sldcncpipebender.com\/es\/producto\/425\u6cb9\u538b\u5207\u7ba1\u673a\/","og_site_name":"Shenglida Technology (Zhangjiagang) Co., Ltd.","article_modified_time":"2025-06-07T06:45:37+00:00","og_image":[{"width":1068,"height":862,"url":"https:\/\/sldcncpipebender.com\/wp-content\/uploads\/2025\/06\/01-50.jpg","type":"image\/jpeg"}],"twitter_card":"summary_large_image","twitter_misc":{"Tiempo de lectura":"1 minuto"},"schema":{"@context":"https:\/\/schema.org","@graph":[{"@type":"WebPage","@id":"https:\/\/sldcncpipebender.com\/product\/425%e6%b2%b9%e5%8e%8b%e5%88%87%e7%ae%a1%e6%9c%ba\/","url":"https:\/\/sldcncpipebender.com\/product\/425%e6%b2%b9%e5%8e%8b%e5%88%87%e7%ae%a1%e6%9c%ba\/","name":"425 M\u00e1quina cortadora de tubos hidr\u00e1ulica - Shenglida Technology (Zhangjiagang) Co., Ltd.","isPartOf":{"@id":"https:\/\/sldcncpipebender.com\/#website"},"primaryImageOfPage":{"@id":"https:\/\/sldcncpipebender.com\/product\/425%e6%b2%b9%e5%8e%8b%e5%88%87%e7%ae%a1%e6%9c%ba\/#primaryimage"},"image":{"@id":"https:\/\/sldcncpipebender.com\/product\/425%e6%b2%b9%e5%8e%8b%e5%88%87%e7%ae%a1%e6%9c%ba\/#primaryimage"},"thumbnailUrl":"https:\/\/sldcncpipebender.com\/wp-content\/uploads\/2025\/06\/01-50.jpg","datePublished":"2025-06-07T06:45:10+00:00","dateModified":"2025-06-07T06:45:37+00:00","breadcrumb":{"@id":"https:\/\/sldcncpipebender.com\/product\/425%e6%b2%b9%e5%8e%8b%e5%88%87%e7%ae%a1%e6%9c%ba\/#breadcrumb"},"inLanguage":"es","potentialAction":[{"@type":"ReadAction","target":["https:\/\/sldcncpipebender.com\/product\/425%e6%b2%b9%e5%8e%8b%e5%88%87%e7%ae%a1%e6%9c%ba\/"]}]},{"@type":"ImageObject","inLanguage":"es","@id":"https:\/\/sldcncpipebender.com\/product\/425%e6%b2%b9%e5%8e%8b%e5%88%87%e7%ae%a1%e6%9c%ba\/#primaryimage","url":"https:\/\/sldcncpipebender.com\/wp-content\/uploads\/2025\/06\/01-50.jpg","contentUrl":"https:\/\/sldcncpipebender.com\/wp-content\/uploads\/2025\/06\/01-50.jpg","width":1068,"height":862},{"@type":"BreadcrumbList","@id":"https:\/\/sldcncpipebender.com\/product\/425%e6%b2%b9%e5%8e%8b%e5%88%87%e7%ae%a1%e6%9c%ba\/#breadcrumb","itemListElement":[{"@type":"ListItem","position":1,"name":"Home","item":"https:\/\/sldcncpipebender.com\/"},{"@type":"ListItem","position":2,"name":"shop","item":"https:\/\/sldcncpipebender.com\/shop\/"},{"@type":"ListItem","position":3,"name":"425 Hydraulic Pipe Cutting Machine"}]},{"@type":"WebSite","@id":"https:\/\/sldcncpipebender.com\/#website","url":"https:\/\/sldcncpipebender.com\/","name":"Shenglida Technology (Zhangjiagang) Co., Ltd.","description":"M\u00e1quina curvadora de tubos - M\u00e1quina cortadora de tubos - M\u00e1quina conformadora de extremos de tubos","potentialAction":[{"@type":"SearchAction","target":{"@type":"EntryPoint","urlTemplate":"https:\/\/sldcncpipebender.com\/?s={search_term_string}"},"query-input":{"@type":"PropertyValueSpecification","valueRequired":true,"valueName":"search_term_string"}}],"inLanguage":"es"}]}},"_links":{"self":[{"href":"https:\/\/sldcncpipebender.com\/es\/wp-json\/wp\/v2\/product\/1514","targetHints":{"allow":["GET"]}}],"collection":[{"href":"https:\/\/sldcncpipebender.com\/es\/wp-json\/wp\/v2\/product"}],"about":[{"href":"https:\/\/sldcncpipebender.com\/es\/wp-json\/wp\/v2\/types\/product"}],"replies":[{"embeddable":true,"href":"https:\/\/sldcncpipebender.com\/es\/wp-json\/wp\/v2\/comments?post=1514"}],"wp:featuredmedia":[{"embeddable":true,"href":"https:\/\/sldcncpipebender.com\/es\/wp-json\/wp\/v2\/media\/1515"}],"wp:attachment":[{"href":"https:\/\/sldcncpipebender.com\/es\/wp-json\/wp\/v2\/media?parent=1514"}],"wp:term":[{"taxonomy":"product_brand","embeddable":true,"href":"https:\/\/sldcncpipebender.com\/es\/wp-json\/wp\/v2\/product_brand?post=1514"},{"taxonomy":"product_cat","embeddable":true,"href":"https:\/\/sldcncpipebender.com\/es\/wp-json\/wp\/v2\/product_cat?post=1514"},{"taxonomy":"product_tag","embeddable":true,"href":"https:\/\/sldcncpipebender.com\/es\/wp-json\/wp\/v2\/product_tag?post=1514"}],"curies":[{"name":"wp","href":"https:\/\/api.w.org\/{rel}","templated":true}]}}