{"id":1516,"date":"2025-06-07T14:51:45","date_gmt":"2025-06-07T06:51:45","guid":{"rendered":"https:\/\/sldcncpipebender.com\/?post_type=product&#038;p=1516"},"modified":"2025-06-07T14:51:45","modified_gmt":"2025-06-07T06:51:45","slug":"315-cortatubos-neumatico","status":"publish","type":"product","link":"https:\/\/sldcncpipebender.com\/es\/producto\/315-cortatubos-neumatico\/","title":{"rendered":"M\u00e1quina cortatubos neum\u00e1tica 315"},"content":{"rendered":"<p>Shenglida Technology (Zhangjiagang) Co., Ltd. es un fabricante profesional de m\u00e1quinas curvadoras de tubos, m\u00e1quinas cortadoras de tubos, m\u00e1quinas de contracci\u00f3n de tubos, m\u00e1quinas de biselado y otros equipos de accesorios de tuber\u00eda.<\/p>\n<p>Entre ellas, las m\u00e1quinas de corte de tubos se dividen en: corte por l\u00e1ser, m\u00e1quinas de corte de tubos totalmente autom\u00e1ticas, m\u00e1quinas de corte de tubos semiautom\u00e1ticas, sierras de alimentaci\u00f3n y m\u00e1quinas de corte de aluminio.<\/p>\n<p>La sierra circular para metal MC-315AC es una m\u00e1quina herramienta de serrado semiautom\u00e1tica. Es un nuevo producto que nuestra empresa ha innovado y desarrollado bas\u00e1ndose en la introducci\u00f3n de tecnolog\u00eda extranjera.<\/p>\n<p>El rendimiento del producto ha alcanzado el nivel avanzado de la misma industria. Puede serrar acero ordinario, acero inoxidable, cobre, aluminio y otros perfiles met\u00e1licos con diversas formas de secci\u00f3n transversal, especialmente es ideal para serrar diversos tubos. Al serrar, s\u00f3lo necesita trabajar en la alimentaci\u00f3n y descarga. La sujeci\u00f3n, el aflojamiento, la alimentaci\u00f3n y la retracci\u00f3n de la pieza de trabajo despu\u00e9s del aserrado se completan autom\u00e1ticamente por control el\u00e9ctrico y neum\u00e1tico, con alta eficiencia, especialmente adecuado para el funcionamiento continuo de 24 horas.<\/p>\n<p>Las caracter\u00edsticas de la m\u00e1quina:<\/p>\n<p>1. Precio razonable y f\u00e1cil manejo.<\/p>\n<p>2. El dispositivo \u00fanico de conversi\u00f3n de gasolina es conveniente para la operaci\u00f3n de carga continua.<\/p>\n<p>3. Bajo nivel de ruido, sin contaminaci\u00f3n por polvo, corte suave, sin rebabas.<br \/>\n4. Puede cortar y biselar en varios \u00e1ngulos, conexi\u00f3n de interfaz perfecta.<br \/>\n5. La m\u00e1quina es de tama\u00f1o reducido, la posici\u00f3n de la materia prima de la pieza permanece inalterada durante el corte en bisel y ocupa poco espacio.<br \/>\n<img loading=\"lazy\" decoding=\"async\" class=\"alignnone size-full wp-image-1517\" src=\"https:\/\/sldcncpipebender.com\/wp-content\/uploads\/2025\/06\/01-51.jpg\" alt=\"\" width=\"1068\" height=\"862\" srcset=\"https:\/\/sldcncpipebender.com\/wp-content\/uploads\/2025\/06\/01-51.jpg 1068w, https:\/\/sldcncpipebender.com\/wp-content\/uploads\/2025\/06\/01-51-300x242.jpg 300w, https:\/\/sldcncpipebender.com\/wp-content\/uploads\/2025\/06\/01-51-1024x826.jpg 1024w, https:\/\/sldcncpipebender.com\/wp-content\/uploads\/2025\/06\/01-51-768x620.jpg 768w, https:\/\/sldcncpipebender.com\/wp-content\/uploads\/2025\/06\/01-51-15x12.jpg 15w, https:\/\/sldcncpipebender.com\/wp-content\/uploads\/2025\/06\/01-51-1000x807.jpg 1000w\" sizes=\"auto, (max-width: 1068px) 100vw, 1068px\" \/><\/p>","protected":false},"excerpt":{"rendered":"<p>Sierra circular neum\u00e1tica para metal MC-315B, equipada con engranaje helicoidal de alta eficiencia, accionamiento helicoidal, alta velocidad de aserrado, sin ruido, sin rebabas ni destellos. La alimentaci\u00f3n adopta el modo neum\u00e1tico, y el cabezal de la m\u00e1quina gira 45\u00b0 a izquierda y derecha. Los avances y retrocesos de la mordaza son autom\u00e1ticos neum\u00e1ticos. El refrigerante circula autom\u00e1ticamente para garantizar la suavidad de la pieza. El corte est\u00e1 centralizado y el mantenimiento es sencillo.<\/p>","protected":false},"featured_media":1517,"comment_status":"open","ping_status":"closed","template":"","meta":{"_acf_changed":false},"product_brand":[],"product_cat":[36],"product_tag":[],"class_list":{"0":"post-1516","1":"product","2":"type-product","3":"status-publish","4":"has-post-thumbnail","6":"product_cat-semi-automatic-pipe-cutting-machine","8":"first","9":"instock","10":"shipping-taxable","11":"product-type-simple"},"acf":[],"yoast_head":"<!-- This site is optimized with the Yoast SEO Premium plugin v25.5 (Yoast SEO v27.4) - https:\/\/yoast.com\/product\/yoast-seo-premium-wordpress\/ -->\n<title>315 Pneumatic Pipe Cutting Machine - Shenglida Technology (Zhangjiagang) Co., Ltd.<\/title>\n<meta name=\"robots\" content=\"index, follow, max-snippet:-1, max-image-preview:large, max-video-preview:-1\" \/>\n<link rel=\"canonical\" href=\"https:\/\/sldcncpipebender.com\/es\/producto\/315-cortatubos-neumatico\/\" \/>\n<meta property=\"og:locale\" content=\"es_ES\" \/>\n<meta property=\"og:type\" content=\"article\" \/>\n<meta property=\"og:title\" content=\"315 Pneumatic Pipe Cutting Machine\" \/>\n<meta property=\"og:description\" content=\"MC-315B pneumatic metal circular saw, equipped with high-efficiency worm gear, worm drive, high sawing rate, no noise, no burr and flash. The feed adopts pneumatic mode, and the machine head rotates 45\u00b0 left and right. The clamp advances and retreats are all pneumatic automatic. The coolant automatically circulates to ensure the smoothness of the workpiece. The cutting is centralized and the maintenance is simple.\" \/>\n<meta property=\"og:url\" content=\"https:\/\/sldcncpipebender.com\/es\/producto\/315-cortatubos-neumatico\/\" \/>\n<meta property=\"og:site_name\" content=\"Shenglida Technology (Zhangjiagang) Co., Ltd.\" \/>\n<meta property=\"og:image\" content=\"https:\/\/sldcncpipebender.com\/wp-content\/uploads\/2025\/06\/01-51.jpg\" \/>\n\t<meta property=\"og:image:width\" content=\"1068\" \/>\n\t<meta property=\"og:image:height\" content=\"862\" \/>\n\t<meta property=\"og:image:type\" content=\"image\/jpeg\" \/>\n<meta name=\"twitter:card\" content=\"summary_large_image\" \/>\n<meta name=\"twitter:label1\" content=\"Tiempo de lectura\" \/>\n\t<meta name=\"twitter:data1\" content=\"2 minutos\" \/>\n<script type=\"application\/ld+json\" class=\"yoast-schema-graph\">{\"@context\":\"https:\\\/\\\/schema.org\",\"@graph\":[{\"@type\":\"WebPage\",\"@id\":\"https:\\\/\\\/sldcncpipebender.com\\\/product\\\/315-pneumatic-pipe-cutting-machine\\\/\",\"url\":\"https:\\\/\\\/sldcncpipebender.com\\\/product\\\/315-pneumatic-pipe-cutting-machine\\\/\",\"name\":\"315 Pneumatic Pipe Cutting Machine - Shenglida Technology (Zhangjiagang) Co., Ltd.\",\"isPartOf\":{\"@id\":\"https:\\\/\\\/sldcncpipebender.com\\\/#website\"},\"primaryImageOfPage\":{\"@id\":\"https:\\\/\\\/sldcncpipebender.com\\\/product\\\/315-pneumatic-pipe-cutting-machine\\\/#primaryimage\"},\"image\":{\"@id\":\"https:\\\/\\\/sldcncpipebender.com\\\/product\\\/315-pneumatic-pipe-cutting-machine\\\/#primaryimage\"},\"thumbnailUrl\":\"https:\\\/\\\/sldcncpipebender.com\\\/wp-content\\\/uploads\\\/2025\\\/06\\\/01-51.jpg\",\"datePublished\":\"2025-06-07T06:51:45+00:00\",\"breadcrumb\":{\"@id\":\"https:\\\/\\\/sldcncpipebender.com\\\/product\\\/315-pneumatic-pipe-cutting-machine\\\/#breadcrumb\"},\"inLanguage\":\"es\",\"potentialAction\":[{\"@type\":\"ReadAction\",\"target\":[\"https:\\\/\\\/sldcncpipebender.com\\\/product\\\/315-pneumatic-pipe-cutting-machine\\\/\"]}]},{\"@type\":\"ImageObject\",\"inLanguage\":\"es\",\"@id\":\"https:\\\/\\\/sldcncpipebender.com\\\/product\\\/315-pneumatic-pipe-cutting-machine\\\/#primaryimage\",\"url\":\"https:\\\/\\\/sldcncpipebender.com\\\/wp-content\\\/uploads\\\/2025\\\/06\\\/01-51.jpg\",\"contentUrl\":\"https:\\\/\\\/sldcncpipebender.com\\\/wp-content\\\/uploads\\\/2025\\\/06\\\/01-51.jpg\",\"width\":1068,\"height\":862},{\"@type\":\"BreadcrumbList\",\"@id\":\"https:\\\/\\\/sldcncpipebender.com\\\/product\\\/315-pneumatic-pipe-cutting-machine\\\/#breadcrumb\",\"itemListElement\":[{\"@type\":\"ListItem\",\"position\":1,\"name\":\"Home\",\"item\":\"https:\\\/\\\/sldcncpipebender.com\\\/\"},{\"@type\":\"ListItem\",\"position\":2,\"name\":\"shop\",\"item\":\"https:\\\/\\\/sldcncpipebender.com\\\/shop\\\/\"},{\"@type\":\"ListItem\",\"position\":3,\"name\":\"315 Pneumatic Pipe Cutting Machine\"}]},{\"@type\":\"WebSite\",\"@id\":\"https:\\\/\\\/sldcncpipebender.com\\\/#website\",\"url\":\"https:\\\/\\\/sldcncpipebender.com\\\/\",\"name\":\"Shenglida Technology (Zhangjiagang) Co., Ltd.\",\"description\":\"pipe bending machine -  pipe cutting machine - pipe end forming machine\",\"potentialAction\":[{\"@type\":\"SearchAction\",\"target\":{\"@type\":\"EntryPoint\",\"urlTemplate\":\"https:\\\/\\\/sldcncpipebender.com\\\/?s={search_term_string}\"},\"query-input\":{\"@type\":\"PropertyValueSpecification\",\"valueRequired\":true,\"valueName\":\"search_term_string\"}}],\"inLanguage\":\"es\"}]}<\/script>\n<!-- \/ Yoast SEO Premium plugin. -->","yoast_head_json":{"title":"M\u00e1quina neum\u00e1tica de corte de tubos 315 - Shenglida Technology (Zhangjiagang) Co., Ltd.","robots":{"index":"index","follow":"follow","max-snippet":"max-snippet:-1","max-image-preview":"max-image-preview:large","max-video-preview":"max-video-preview:-1"},"canonical":"https:\/\/sldcncpipebender.com\/es\/producto\/315-cortatubos-neumatico\/","og_locale":"es_ES","og_type":"article","og_title":"315 Pneumatic Pipe Cutting Machine","og_description":"MC-315B pneumatic metal circular saw, equipped with high-efficiency worm gear, worm drive, high sawing rate, no noise, no burr and flash. The feed adopts pneumatic mode, and the machine head rotates 45\u00b0 left and right. The clamp advances and retreats are all pneumatic automatic. The coolant automatically circulates to ensure the smoothness of the workpiece. The cutting is centralized and the maintenance is simple.","og_url":"https:\/\/sldcncpipebender.com\/es\/producto\/315-cortatubos-neumatico\/","og_site_name":"Shenglida Technology (Zhangjiagang) Co., Ltd.","og_image":[{"width":1068,"height":862,"url":"https:\/\/sldcncpipebender.com\/wp-content\/uploads\/2025\/06\/01-51.jpg","type":"image\/jpeg"}],"twitter_card":"summary_large_image","twitter_misc":{"Tiempo de lectura":"2 minutos"},"schema":{"@context":"https:\/\/schema.org","@graph":[{"@type":"WebPage","@id":"https:\/\/sldcncpipebender.com\/product\/315-pneumatic-pipe-cutting-machine\/","url":"https:\/\/sldcncpipebender.com\/product\/315-pneumatic-pipe-cutting-machine\/","name":"M\u00e1quina neum\u00e1tica de corte de tubos 315 - Shenglida Technology (Zhangjiagang) Co., Ltd.","isPartOf":{"@id":"https:\/\/sldcncpipebender.com\/#website"},"primaryImageOfPage":{"@id":"https:\/\/sldcncpipebender.com\/product\/315-pneumatic-pipe-cutting-machine\/#primaryimage"},"image":{"@id":"https:\/\/sldcncpipebender.com\/product\/315-pneumatic-pipe-cutting-machine\/#primaryimage"},"thumbnailUrl":"https:\/\/sldcncpipebender.com\/wp-content\/uploads\/2025\/06\/01-51.jpg","datePublished":"2025-06-07T06:51:45+00:00","breadcrumb":{"@id":"https:\/\/sldcncpipebender.com\/product\/315-pneumatic-pipe-cutting-machine\/#breadcrumb"},"inLanguage":"es","potentialAction":[{"@type":"ReadAction","target":["https:\/\/sldcncpipebender.com\/product\/315-pneumatic-pipe-cutting-machine\/"]}]},{"@type":"ImageObject","inLanguage":"es","@id":"https:\/\/sldcncpipebender.com\/product\/315-pneumatic-pipe-cutting-machine\/#primaryimage","url":"https:\/\/sldcncpipebender.com\/wp-content\/uploads\/2025\/06\/01-51.jpg","contentUrl":"https:\/\/sldcncpipebender.com\/wp-content\/uploads\/2025\/06\/01-51.jpg","width":1068,"height":862},{"@type":"BreadcrumbList","@id":"https:\/\/sldcncpipebender.com\/product\/315-pneumatic-pipe-cutting-machine\/#breadcrumb","itemListElement":[{"@type":"ListItem","position":1,"name":"Home","item":"https:\/\/sldcncpipebender.com\/"},{"@type":"ListItem","position":2,"name":"shop","item":"https:\/\/sldcncpipebender.com\/shop\/"},{"@type":"ListItem","position":3,"name":"315 Pneumatic Pipe Cutting Machine"}]},{"@type":"WebSite","@id":"https:\/\/sldcncpipebender.com\/#website","url":"https:\/\/sldcncpipebender.com\/","name":"Shenglida Technology (Zhangjiagang) Co., Ltd.","description":"M\u00e1quina curvadora de tubos - M\u00e1quina cortadora de tubos - M\u00e1quina conformadora de extremos de tubos","potentialAction":[{"@type":"SearchAction","target":{"@type":"EntryPoint","urlTemplate":"https:\/\/sldcncpipebender.com\/?s={search_term_string}"},"query-input":{"@type":"PropertyValueSpecification","valueRequired":true,"valueName":"search_term_string"}}],"inLanguage":"es"}]}},"_links":{"self":[{"href":"https:\/\/sldcncpipebender.com\/es\/wp-json\/wp\/v2\/product\/1516","targetHints":{"allow":["GET"]}}],"collection":[{"href":"https:\/\/sldcncpipebender.com\/es\/wp-json\/wp\/v2\/product"}],"about":[{"href":"https:\/\/sldcncpipebender.com\/es\/wp-json\/wp\/v2\/types\/product"}],"replies":[{"embeddable":true,"href":"https:\/\/sldcncpipebender.com\/es\/wp-json\/wp\/v2\/comments?post=1516"}],"wp:featuredmedia":[{"embeddable":true,"href":"https:\/\/sldcncpipebender.com\/es\/wp-json\/wp\/v2\/media\/1517"}],"wp:attachment":[{"href":"https:\/\/sldcncpipebender.com\/es\/wp-json\/wp\/v2\/media?parent=1516"}],"wp:term":[{"taxonomy":"product_brand","embeddable":true,"href":"https:\/\/sldcncpipebender.com\/es\/wp-json\/wp\/v2\/product_brand?post=1516"},{"taxonomy":"product_cat","embeddable":true,"href":"https:\/\/sldcncpipebender.com\/es\/wp-json\/wp\/v2\/product_cat?post=1516"},{"taxonomy":"product_tag","embeddable":true,"href":"https:\/\/sldcncpipebender.com\/es\/wp-json\/wp\/v2\/product_tag?post=1516"}],"curies":[{"name":"wp","href":"https:\/\/api.w.org\/{rel}","templated":true}]}}