{"id":1522,"date":"2025-06-07T15:11:08","date_gmt":"2025-06-07T07:11:08","guid":{"rendered":"https:\/\/sldcncpipebender.com\/?post_type=product&#038;p=1522"},"modified":"2025-06-07T15:11:08","modified_gmt":"2025-06-07T07:11:08","slug":"275-cortatubos-manual","status":"publish","type":"product","link":"https:\/\/sldcncpipebender.com\/es\/producto\/275-cortatubos-manual\/","title":{"rendered":"M\u00e1quina cortatubos manual 275"},"content":{"rendered":"<p>Shenglida Technology (Zhangjiagang) Co., Ltd. es un fabricante profesional de m\u00e1quinas curvadoras de tubos, m\u00e1quinas cortadoras de tubos, m\u00e1quinas de contracci\u00f3n de tubos, m\u00e1quinas de biselado y otros equipos de accesorios de tuber\u00eda.<\/p>\n<p>Entre ellas, las m\u00e1quinas de corte de tubos se dividen en: corte por l\u00e1ser, m\u00e1quinas de corte de tubos totalmente autom\u00e1ticas, m\u00e1quinas de corte de tubos semiautom\u00e1ticas, sierras de alimentaci\u00f3n y m\u00e1quinas de corte de aluminio.<\/p>\n<p>La sierra circular para metal MC-275AC es una m\u00e1quina herramienta de serrado semiautom\u00e1tica. Es un nuevo producto que nuestra empresa ha innovado y desarrollado bas\u00e1ndose en la introducci\u00f3n de tecnolog\u00eda extranjera.<\/p>\n<p>El rendimiento del producto ha alcanzado el nivel avanzado de la misma industria. Puede serrar acero ordinario, acero inoxidable, cobre, aluminio y otros perfiles met\u00e1licos con diversas formas de secci\u00f3n transversal, especialmente el m\u00e1s ideal para serrar diversos tubos. Al serrar, s\u00f3lo es necesario trabajar en la alimentaci\u00f3n y descarga de materiales. La sujeci\u00f3n, el aflojamiento, la alimentaci\u00f3n y la retracci\u00f3n de la pieza de trabajo despu\u00e9s del aserrado se completan autom\u00e1ticamente por control el\u00e9ctrico y neum\u00e1tico, con alta eficiencia, especialmente adecuado para el funcionamiento continuo de 24 horas.<\/p>\n<p>Las caracter\u00edsticas de esta m\u00e1quina son:<\/p>\n<p>1. Precio razonable y f\u00e1cil manejo.<\/p>\n<p>2. El dispositivo \u00fanico de conversi\u00f3n de gasolina es conveniente para la operaci\u00f3n de carga continua.<\/p>\n<p>3. Bajo nivel de ruido, sin contaminaci\u00f3n por polvo, corte suave, sin rebabas.<br \/>\n4. Puede cortar y biselar en varios \u00e1ngulos, conexi\u00f3n de interfaz perfecta.<br \/>\n5. La m\u00e1quina es de tama\u00f1o reducido, la posici\u00f3n de la materia prima de la pieza permanece inalterada durante el corte en bisel y ocupa poco espacio.<br \/>\n<img loading=\"lazy\" decoding=\"async\" class=\"alignnone size-full wp-image-1523\" src=\"https:\/\/sldcncpipebender.com\/wp-content\/uploads\/2025\/06\/01-54.jpg\" alt=\"\" width=\"1068\" height=\"862\" srcset=\"https:\/\/sldcncpipebender.com\/wp-content\/uploads\/2025\/06\/01-54.jpg 1068w, https:\/\/sldcncpipebender.com\/wp-content\/uploads\/2025\/06\/01-54-300x242.jpg 300w, https:\/\/sldcncpipebender.com\/wp-content\/uploads\/2025\/06\/01-54-1024x826.jpg 1024w, https:\/\/sldcncpipebender.com\/wp-content\/uploads\/2025\/06\/01-54-768x620.jpg 768w, https:\/\/sldcncpipebender.com\/wp-content\/uploads\/2025\/06\/01-54-15x12.jpg 15w, https:\/\/sldcncpipebender.com\/wp-content\/uploads\/2025\/06\/01-54-1000x807.jpg 1000w\" sizes=\"auto, (max-width: 1068px) 100vw, 1068px\" \/><\/p>","protected":false},"excerpt":{"rendered":"<p>La sierra circular para metal MC-275AC es una sierra semiautom\u00e1tica. Es un nuevo producto que nuestra empresa ha innovado y desarrollado bas\u00e1ndose en la introducci\u00f3n de tecnolog\u00eda extranjera. El rendimiento del producto ha alcanzado el nivel avanzado en la misma industria. Puede serrar acero ordinario, acero inoxidable, cobre, aluminio y otros perfiles met\u00e1licos con varias formas de secci\u00f3n transversal, especialmente es ideal para serrar varios tubos.<\/p>","protected":false},"featured_media":1523,"comment_status":"open","ping_status":"closed","template":"","meta":{"_acf_changed":false},"product_brand":[],"product_cat":[36],"product_tag":[],"class_list":{"0":"post-1522","1":"product","2":"type-product","3":"status-publish","4":"has-post-thumbnail","6":"product_cat-semi-automatic-pipe-cutting-machine","8":"first","9":"instock","10":"shipping-taxable","11":"product-type-simple"},"acf":[],"yoast_head":"<!-- This site is optimized with the Yoast SEO Premium plugin v25.5 (Yoast SEO v27.4) - https:\/\/yoast.com\/product\/yoast-seo-premium-wordpress\/ -->\n<title>275 Manual Pipe Cutting Machine - Shenglida Technology (Zhangjiagang) Co., Ltd.<\/title>\n<meta name=\"robots\" content=\"index, follow, max-snippet:-1, max-image-preview:large, max-video-preview:-1\" \/>\n<link rel=\"canonical\" href=\"https:\/\/sldcncpipebender.com\/es\/producto\/275-cortatubos-manual\/\" \/>\n<meta property=\"og:locale\" content=\"es_ES\" \/>\n<meta property=\"og:type\" content=\"article\" \/>\n<meta property=\"og:title\" content=\"275 Manual Pipe Cutting Machine\" \/>\n<meta property=\"og:description\" content=\"MC-275AC metal circular saw is a semi-automatic sawing machine. It is a new product that our company has innovated and developed based on the introduction of foreign technology. The product performance has reached the advanced level in the same industry. It can saw ordinary steel, stainless steel, copper, aluminum and other metal profiles with various cross-sectional shapes, especially it is ideal for sawing various pipes.\" \/>\n<meta property=\"og:url\" content=\"https:\/\/sldcncpipebender.com\/es\/producto\/275-cortatubos-manual\/\" \/>\n<meta property=\"og:site_name\" content=\"Shenglida Technology (Zhangjiagang) Co., Ltd.\" \/>\n<meta property=\"og:image\" content=\"https:\/\/sldcncpipebender.com\/wp-content\/uploads\/2025\/06\/01-54.jpg\" \/>\n\t<meta property=\"og:image:width\" content=\"1068\" \/>\n\t<meta property=\"og:image:height\" content=\"862\" \/>\n\t<meta property=\"og:image:type\" content=\"image\/jpeg\" \/>\n<meta name=\"twitter:card\" content=\"summary_large_image\" \/>\n<meta name=\"twitter:label1\" content=\"Tiempo de lectura\" \/>\n\t<meta name=\"twitter:data1\" content=\"2 minutos\" \/>\n<script type=\"application\/ld+json\" class=\"yoast-schema-graph\">{\"@context\":\"https:\\\/\\\/schema.org\",\"@graph\":[{\"@type\":\"WebPage\",\"@id\":\"https:\\\/\\\/sldcncpipebender.com\\\/product\\\/275-manual-pipe-cutting-machine\\\/\",\"url\":\"https:\\\/\\\/sldcncpipebender.com\\\/product\\\/275-manual-pipe-cutting-machine\\\/\",\"name\":\"275 Manual Pipe Cutting Machine - Shenglida Technology (Zhangjiagang) Co., Ltd.\",\"isPartOf\":{\"@id\":\"https:\\\/\\\/sldcncpipebender.com\\\/#website\"},\"primaryImageOfPage\":{\"@id\":\"https:\\\/\\\/sldcncpipebender.com\\\/product\\\/275-manual-pipe-cutting-machine\\\/#primaryimage\"},\"image\":{\"@id\":\"https:\\\/\\\/sldcncpipebender.com\\\/product\\\/275-manual-pipe-cutting-machine\\\/#primaryimage\"},\"thumbnailUrl\":\"https:\\\/\\\/sldcncpipebender.com\\\/wp-content\\\/uploads\\\/2025\\\/06\\\/01-54.jpg\",\"datePublished\":\"2025-06-07T07:11:08+00:00\",\"breadcrumb\":{\"@id\":\"https:\\\/\\\/sldcncpipebender.com\\\/product\\\/275-manual-pipe-cutting-machine\\\/#breadcrumb\"},\"inLanguage\":\"es\",\"potentialAction\":[{\"@type\":\"ReadAction\",\"target\":[\"https:\\\/\\\/sldcncpipebender.com\\\/product\\\/275-manual-pipe-cutting-machine\\\/\"]}]},{\"@type\":\"ImageObject\",\"inLanguage\":\"es\",\"@id\":\"https:\\\/\\\/sldcncpipebender.com\\\/product\\\/275-manual-pipe-cutting-machine\\\/#primaryimage\",\"url\":\"https:\\\/\\\/sldcncpipebender.com\\\/wp-content\\\/uploads\\\/2025\\\/06\\\/01-54.jpg\",\"contentUrl\":\"https:\\\/\\\/sldcncpipebender.com\\\/wp-content\\\/uploads\\\/2025\\\/06\\\/01-54.jpg\",\"width\":1068,\"height\":862},{\"@type\":\"BreadcrumbList\",\"@id\":\"https:\\\/\\\/sldcncpipebender.com\\\/product\\\/275-manual-pipe-cutting-machine\\\/#breadcrumb\",\"itemListElement\":[{\"@type\":\"ListItem\",\"position\":1,\"name\":\"Home\",\"item\":\"https:\\\/\\\/sldcncpipebender.com\\\/\"},{\"@type\":\"ListItem\",\"position\":2,\"name\":\"shop\",\"item\":\"https:\\\/\\\/sldcncpipebender.com\\\/shop\\\/\"},{\"@type\":\"ListItem\",\"position\":3,\"name\":\"275 Manual Pipe Cutting Machine\"}]},{\"@type\":\"WebSite\",\"@id\":\"https:\\\/\\\/sldcncpipebender.com\\\/#website\",\"url\":\"https:\\\/\\\/sldcncpipebender.com\\\/\",\"name\":\"Shenglida Technology (Zhangjiagang) Co., Ltd.\",\"description\":\"pipe bending machine -  pipe cutting machine - pipe end forming machine\",\"potentialAction\":[{\"@type\":\"SearchAction\",\"target\":{\"@type\":\"EntryPoint\",\"urlTemplate\":\"https:\\\/\\\/sldcncpipebender.com\\\/?s={search_term_string}\"},\"query-input\":{\"@type\":\"PropertyValueSpecification\",\"valueRequired\":true,\"valueName\":\"search_term_string\"}}],\"inLanguage\":\"es\"}]}<\/script>\n<!-- \/ Yoast SEO Premium plugin. -->","yoast_head_json":{"title":"275 M\u00e1quina cortadora de tubos manual - Shenglida Technology (Zhangjiagang) Co., Ltd.","robots":{"index":"index","follow":"follow","max-snippet":"max-snippet:-1","max-image-preview":"max-image-preview:large","max-video-preview":"max-video-preview:-1"},"canonical":"https:\/\/sldcncpipebender.com\/es\/producto\/275-cortatubos-manual\/","og_locale":"es_ES","og_type":"article","og_title":"275 Manual Pipe Cutting Machine","og_description":"MC-275AC metal circular saw is a semi-automatic sawing machine. It is a new product that our company has innovated and developed based on the introduction of foreign technology. The product performance has reached the advanced level in the same industry. It can saw ordinary steel, stainless steel, copper, aluminum and other metal profiles with various cross-sectional shapes, especially it is ideal for sawing various pipes.","og_url":"https:\/\/sldcncpipebender.com\/es\/producto\/275-cortatubos-manual\/","og_site_name":"Shenglida Technology (Zhangjiagang) Co., Ltd.","og_image":[{"width":1068,"height":862,"url":"https:\/\/sldcncpipebender.com\/wp-content\/uploads\/2025\/06\/01-54.jpg","type":"image\/jpeg"}],"twitter_card":"summary_large_image","twitter_misc":{"Tiempo de lectura":"2 minutos"},"schema":{"@context":"https:\/\/schema.org","@graph":[{"@type":"WebPage","@id":"https:\/\/sldcncpipebender.com\/product\/275-manual-pipe-cutting-machine\/","url":"https:\/\/sldcncpipebender.com\/product\/275-manual-pipe-cutting-machine\/","name":"275 M\u00e1quina cortadora de tubos manual - Shenglida Technology (Zhangjiagang) Co., Ltd.","isPartOf":{"@id":"https:\/\/sldcncpipebender.com\/#website"},"primaryImageOfPage":{"@id":"https:\/\/sldcncpipebender.com\/product\/275-manual-pipe-cutting-machine\/#primaryimage"},"image":{"@id":"https:\/\/sldcncpipebender.com\/product\/275-manual-pipe-cutting-machine\/#primaryimage"},"thumbnailUrl":"https:\/\/sldcncpipebender.com\/wp-content\/uploads\/2025\/06\/01-54.jpg","datePublished":"2025-06-07T07:11:08+00:00","breadcrumb":{"@id":"https:\/\/sldcncpipebender.com\/product\/275-manual-pipe-cutting-machine\/#breadcrumb"},"inLanguage":"es","potentialAction":[{"@type":"ReadAction","target":["https:\/\/sldcncpipebender.com\/product\/275-manual-pipe-cutting-machine\/"]}]},{"@type":"ImageObject","inLanguage":"es","@id":"https:\/\/sldcncpipebender.com\/product\/275-manual-pipe-cutting-machine\/#primaryimage","url":"https:\/\/sldcncpipebender.com\/wp-content\/uploads\/2025\/06\/01-54.jpg","contentUrl":"https:\/\/sldcncpipebender.com\/wp-content\/uploads\/2025\/06\/01-54.jpg","width":1068,"height":862},{"@type":"BreadcrumbList","@id":"https:\/\/sldcncpipebender.com\/product\/275-manual-pipe-cutting-machine\/#breadcrumb","itemListElement":[{"@type":"ListItem","position":1,"name":"Home","item":"https:\/\/sldcncpipebender.com\/"},{"@type":"ListItem","position":2,"name":"shop","item":"https:\/\/sldcncpipebender.com\/shop\/"},{"@type":"ListItem","position":3,"name":"275 Manual Pipe Cutting Machine"}]},{"@type":"WebSite","@id":"https:\/\/sldcncpipebender.com\/#website","url":"https:\/\/sldcncpipebender.com\/","name":"Shenglida Technology (Zhangjiagang) Co., Ltd.","description":"M\u00e1quina curvadora de tubos - M\u00e1quina cortadora de tubos - M\u00e1quina conformadora de extremos de tubos","potentialAction":[{"@type":"SearchAction","target":{"@type":"EntryPoint","urlTemplate":"https:\/\/sldcncpipebender.com\/?s={search_term_string}"},"query-input":{"@type":"PropertyValueSpecification","valueRequired":true,"valueName":"search_term_string"}}],"inLanguage":"es"}]}},"_links":{"self":[{"href":"https:\/\/sldcncpipebender.com\/es\/wp-json\/wp\/v2\/product\/1522","targetHints":{"allow":["GET"]}}],"collection":[{"href":"https:\/\/sldcncpipebender.com\/es\/wp-json\/wp\/v2\/product"}],"about":[{"href":"https:\/\/sldcncpipebender.com\/es\/wp-json\/wp\/v2\/types\/product"}],"replies":[{"embeddable":true,"href":"https:\/\/sldcncpipebender.com\/es\/wp-json\/wp\/v2\/comments?post=1522"}],"wp:featuredmedia":[{"embeddable":true,"href":"https:\/\/sldcncpipebender.com\/es\/wp-json\/wp\/v2\/media\/1523"}],"wp:attachment":[{"href":"https:\/\/sldcncpipebender.com\/es\/wp-json\/wp\/v2\/media?parent=1522"}],"wp:term":[{"taxonomy":"product_brand","embeddable":true,"href":"https:\/\/sldcncpipebender.com\/es\/wp-json\/wp\/v2\/product_brand?post=1522"},{"taxonomy":"product_cat","embeddable":true,"href":"https:\/\/sldcncpipebender.com\/es\/wp-json\/wp\/v2\/product_cat?post=1522"},{"taxonomy":"product_tag","embeddable":true,"href":"https:\/\/sldcncpipebender.com\/es\/wp-json\/wp\/v2\/product_tag?post=1522"}],"curies":[{"name":"wp","href":"https:\/\/api.w.org\/{rel}","templated":true}]}}