{"id":1524,"date":"2025-06-07T15:19:57","date_gmt":"2025-06-07T07:19:57","guid":{"rendered":"https:\/\/sldcncpipebender.com\/?post_type=product&#038;p=1524"},"modified":"2025-07-16T16:50:48","modified_gmt":"2025-07-16T08:50:48","slug":"bastidor-de-carga-aserrado","status":"publish","type":"product","link":"https:\/\/sldcncpipebender.com\/es\/producto\/bastidor-de-carga-aserrado\/","title":{"rendered":"Serrado de estanter\u00edas de carga"},"content":{"rendered":"<p>Shenglida Technology (Zhangjiagang) Co., Ltd. es un fabricante profesional de m\u00e1quinas curvadoras de tubos, m\u00e1quinas de corte de tubos, m\u00e1quinas de contracci\u00f3n de tubos, m\u00e1quinas de biselado y otros equipos de accesorios de tuber\u00eda. Entre ellos, las m\u00e1quinas de corte de tubos se dividen en: corte por l\u00e1ser, m\u00e1quinas de corte de tubos totalmente autom\u00e1ticas, m\u00e1quinas de corte de tubos semiautom\u00e1ticas, sierras de alimentaci\u00f3n, y m\u00e1quinas de corte de aluminio.<\/p>\n<p>Caracter\u00edsticas mec\u00e1nicas de la sierra alimentadora<\/p>\n<p>\u25a0 Esta m\u00e1quina puede alimentar hasta 1500mm a la vez, servo alimentaci\u00f3n (la longitud de alimentaci\u00f3n puede ser personalizada de acuerdo a los requerimientos del cliente).<\/p>\n<p>\u25a0 Esta m\u00e1quina puede cortar m\u00faltiples tubos, y cortar al menos 4 tubos de \u042425mm a la vez.<\/p>\n<p>\u25a0 La alimentaci\u00f3n puede repetirse muchas veces.<\/p>\n<p>\u25a0 Esta m\u00e1quina puede cortar tubos de acero de diferentes di\u00e1metros (\u042425-125mm) cambiando las mordazas.<\/p>\n<p>\u25a0 Los accesorios de tuber\u00eda se colocan en la mesa de la m\u00e1quina, se sujetan autom\u00e1ticamente, se alimentan autom\u00e1ticamente, se cortan autom\u00e1ticamente y se ciclan.<\/p>\n<p>\u25a0 Corte autom\u00e1tico de tubos, descarga autom\u00e1tica, conectada a la desbarbadora autom\u00e1tica, utilizando un sistema de control inteligente, ahorrando mano de obra y mejorando la eficiencia de la producci\u00f3n.<\/p>\n<p>\u25a0Adecuado para tubos redondos, tubos ovalados, tubos cuadrados, tubos de forma especial, corte autom\u00e1tico simple o m\u00faltiple, desbarbado.<\/p>\n<p>De acuerdo con los diferentes requisitos del producto, personalizaci\u00f3n profesional para las necesidades del usuario, estante de carga autom\u00e1tica opcional.<br \/>\n<img loading=\"lazy\" decoding=\"async\" class=\"alignnone size-full wp-image-1525\" src=\"https:\/\/sldcncpipebender.com\/wp-content\/uploads\/2025\/06\/01-55.jpg\" alt=\"\" width=\"1000\" height=\"1000\" srcset=\"https:\/\/sldcncpipebender.com\/wp-content\/uploads\/2025\/06\/01-55.jpg 1000w, https:\/\/sldcncpipebender.com\/wp-content\/uploads\/2025\/06\/01-55-300x300.jpg 300w, https:\/\/sldcncpipebender.com\/wp-content\/uploads\/2025\/06\/01-55-150x150.jpg 150w, https:\/\/sldcncpipebender.com\/wp-content\/uploads\/2025\/06\/01-55-768x768.jpg 768w, https:\/\/sldcncpipebender.com\/wp-content\/uploads\/2025\/06\/01-55-12x12.jpg 12w, https:\/\/sldcncpipebender.com\/wp-content\/uploads\/2025\/06\/01-55-100x100.jpg 100w\" sizes=\"auto, (max-width: 1000px) 100vw, 1000px\" \/><\/p>","protected":false},"excerpt":{"rendered":"<p>\u25a0La m\u00e1quina puede alimentar hasta 1500mm a la vez, servo alimentaci\u00f3n (la longitud de alimentaci\u00f3n puede ser personalizada de acuerdo a los requerimientos del cliente).<\/p>\n<p>\u25a0La m\u00e1quina puede cortar m\u00faltiples tubos, y puede cortar al menos 4 tubos de \u042425mm a la vez.<\/p>\n<p>La alimentaci\u00f3n puede repetirse varias veces.<\/p>\n<p>\u25a0La m\u00e1quina puede cortar tubos de acero de diferentes di\u00e1metros (\u042425-125mm) cambiando las mordazas.<\/p>","protected":false},"featured_media":1525,"comment_status":"open","ping_status":"closed","template":"","meta":{"_acf_changed":false},"product_brand":[],"product_cat":[51],"product_tag":[],"class_list":{"0":"post-1524","1":"product","2":"type-product","3":"status-publish","4":"has-post-thumbnail","6":"product_cat-loading-rack-sawing-machine","8":"first","9":"instock","10":"shipping-taxable","11":"product-type-simple"},"acf":[],"yoast_head":"<!-- This site is optimized with the Yoast SEO Premium plugin v25.5 (Yoast SEO v27.4) - https:\/\/yoast.com\/product\/yoast-seo-premium-wordpress\/ -->\n<title>Loading rack sawing - Shenglida Technology (Zhangjiagang) Co., Ltd.<\/title>\n<meta name=\"robots\" content=\"index, follow, max-snippet:-1, max-image-preview:large, max-video-preview:-1\" \/>\n<link rel=\"canonical\" href=\"https:\/\/sldcncpipebender.com\/es\/producto\/bastidor-de-carga-aserrado\/\" \/>\n<meta property=\"og:locale\" content=\"es_ES\" \/>\n<meta property=\"og:type\" content=\"article\" \/>\n<meta property=\"og:title\" content=\"Loading rack sawing\" \/>\n<meta property=\"og:description\" content=\"\u25a0The machine can feed up to 1500mm at a time, servo feeding (feeding length can be customized according to customer requirements)  \u25a0The machine can cut multiple pipes, and can cut at least 4 \u042425mm pipes at a time.  \u25a0Feeding can be repeated multiple times.  \u25a0The machine can cut steel pipes of different diameters (\u042425-125mm) by changing the jaws.\" \/>\n<meta property=\"og:url\" content=\"https:\/\/sldcncpipebender.com\/es\/producto\/bastidor-de-carga-aserrado\/\" \/>\n<meta property=\"og:site_name\" content=\"Shenglida Technology (Zhangjiagang) Co., Ltd.\" \/>\n<meta property=\"article:modified_time\" content=\"2025-07-16T08:50:48+00:00\" \/>\n<meta property=\"og:image\" content=\"https:\/\/sldcncpipebender.com\/wp-content\/uploads\/2025\/06\/01-55.jpg\" \/>\n\t<meta property=\"og:image:width\" content=\"1000\" \/>\n\t<meta property=\"og:image:height\" content=\"1000\" \/>\n\t<meta property=\"og:image:type\" content=\"image\/jpeg\" \/>\n<meta name=\"twitter:card\" content=\"summary_large_image\" \/>\n<meta name=\"twitter:label1\" content=\"Tiempo de lectura\" \/>\n\t<meta name=\"twitter:data1\" content=\"2 minutos\" \/>\n<script type=\"application\/ld+json\" class=\"yoast-schema-graph\">{\"@context\":\"https:\\\/\\\/schema.org\",\"@graph\":[{\"@type\":\"WebPage\",\"@id\":\"https:\\\/\\\/sldcncpipebender.com\\\/product\\\/loading-rack-sawing\\\/\",\"url\":\"https:\\\/\\\/sldcncpipebender.com\\\/product\\\/loading-rack-sawing\\\/\",\"name\":\"Loading rack sawing - Shenglida Technology (Zhangjiagang) Co., Ltd.\",\"isPartOf\":{\"@id\":\"https:\\\/\\\/sldcncpipebender.com\\\/#website\"},\"primaryImageOfPage\":{\"@id\":\"https:\\\/\\\/sldcncpipebender.com\\\/product\\\/loading-rack-sawing\\\/#primaryimage\"},\"image\":{\"@id\":\"https:\\\/\\\/sldcncpipebender.com\\\/product\\\/loading-rack-sawing\\\/#primaryimage\"},\"thumbnailUrl\":\"https:\\\/\\\/sldcncpipebender.com\\\/wp-content\\\/uploads\\\/2025\\\/06\\\/01-55.jpg\",\"datePublished\":\"2025-06-07T07:19:57+00:00\",\"dateModified\":\"2025-07-16T08:50:48+00:00\",\"breadcrumb\":{\"@id\":\"https:\\\/\\\/sldcncpipebender.com\\\/product\\\/loading-rack-sawing\\\/#breadcrumb\"},\"inLanguage\":\"es\",\"potentialAction\":[{\"@type\":\"ReadAction\",\"target\":[\"https:\\\/\\\/sldcncpipebender.com\\\/product\\\/loading-rack-sawing\\\/\"]}]},{\"@type\":\"ImageObject\",\"inLanguage\":\"es\",\"@id\":\"https:\\\/\\\/sldcncpipebender.com\\\/product\\\/loading-rack-sawing\\\/#primaryimage\",\"url\":\"https:\\\/\\\/sldcncpipebender.com\\\/wp-content\\\/uploads\\\/2025\\\/06\\\/01-55.jpg\",\"contentUrl\":\"https:\\\/\\\/sldcncpipebender.com\\\/wp-content\\\/uploads\\\/2025\\\/06\\\/01-55.jpg\",\"width\":1000,\"height\":1000},{\"@type\":\"BreadcrumbList\",\"@id\":\"https:\\\/\\\/sldcncpipebender.com\\\/product\\\/loading-rack-sawing\\\/#breadcrumb\",\"itemListElement\":[{\"@type\":\"ListItem\",\"position\":1,\"name\":\"Home\",\"item\":\"https:\\\/\\\/sldcncpipebender.com\\\/\"},{\"@type\":\"ListItem\",\"position\":2,\"name\":\"shop\",\"item\":\"https:\\\/\\\/sldcncpipebender.com\\\/shop\\\/\"},{\"@type\":\"ListItem\",\"position\":3,\"name\":\"Loading rack sawing\"}]},{\"@type\":\"WebSite\",\"@id\":\"https:\\\/\\\/sldcncpipebender.com\\\/#website\",\"url\":\"https:\\\/\\\/sldcncpipebender.com\\\/\",\"name\":\"Shenglida Technology (Zhangjiagang) Co., Ltd.\",\"description\":\"pipe bending machine -  pipe cutting machine - pipe end forming machine\",\"potentialAction\":[{\"@type\":\"SearchAction\",\"target\":{\"@type\":\"EntryPoint\",\"urlTemplate\":\"https:\\\/\\\/sldcncpipebender.com\\\/?s={search_term_string}\"},\"query-input\":{\"@type\":\"PropertyValueSpecification\",\"valueRequired\":true,\"valueName\":\"search_term_string\"}}],\"inLanguage\":\"es\"}]}<\/script>\n<!-- \/ Yoast SEO Premium plugin. -->","yoast_head_json":{"title":"Serrado de bastidor de carga - Shenglida Technology (Zhangjiagang) Co., Ltd.","robots":{"index":"index","follow":"follow","max-snippet":"max-snippet:-1","max-image-preview":"max-image-preview:large","max-video-preview":"max-video-preview:-1"},"canonical":"https:\/\/sldcncpipebender.com\/es\/producto\/bastidor-de-carga-aserrado\/","og_locale":"es_ES","og_type":"article","og_title":"Loading rack sawing","og_description":"\u25a0The machine can feed up to 1500mm at a time, servo feeding (feeding length can be customized according to customer requirements)  \u25a0The machine can cut multiple pipes, and can cut at least 4 \u042425mm pipes at a time.  \u25a0Feeding can be repeated multiple times.  \u25a0The machine can cut steel pipes of different diameters (\u042425-125mm) by changing the jaws.","og_url":"https:\/\/sldcncpipebender.com\/es\/producto\/bastidor-de-carga-aserrado\/","og_site_name":"Shenglida Technology (Zhangjiagang) Co., Ltd.","article_modified_time":"2025-07-16T08:50:48+00:00","og_image":[{"width":1000,"height":1000,"url":"https:\/\/sldcncpipebender.com\/wp-content\/uploads\/2025\/06\/01-55.jpg","type":"image\/jpeg"}],"twitter_card":"summary_large_image","twitter_misc":{"Tiempo de lectura":"2 minutos"},"schema":{"@context":"https:\/\/schema.org","@graph":[{"@type":"WebPage","@id":"https:\/\/sldcncpipebender.com\/product\/loading-rack-sawing\/","url":"https:\/\/sldcncpipebender.com\/product\/loading-rack-sawing\/","name":"Serrado de bastidor de carga - Shenglida Technology (Zhangjiagang) Co., Ltd.","isPartOf":{"@id":"https:\/\/sldcncpipebender.com\/#website"},"primaryImageOfPage":{"@id":"https:\/\/sldcncpipebender.com\/product\/loading-rack-sawing\/#primaryimage"},"image":{"@id":"https:\/\/sldcncpipebender.com\/product\/loading-rack-sawing\/#primaryimage"},"thumbnailUrl":"https:\/\/sldcncpipebender.com\/wp-content\/uploads\/2025\/06\/01-55.jpg","datePublished":"2025-06-07T07:19:57+00:00","dateModified":"2025-07-16T08:50:48+00:00","breadcrumb":{"@id":"https:\/\/sldcncpipebender.com\/product\/loading-rack-sawing\/#breadcrumb"},"inLanguage":"es","potentialAction":[{"@type":"ReadAction","target":["https:\/\/sldcncpipebender.com\/product\/loading-rack-sawing\/"]}]},{"@type":"ImageObject","inLanguage":"es","@id":"https:\/\/sldcncpipebender.com\/product\/loading-rack-sawing\/#primaryimage","url":"https:\/\/sldcncpipebender.com\/wp-content\/uploads\/2025\/06\/01-55.jpg","contentUrl":"https:\/\/sldcncpipebender.com\/wp-content\/uploads\/2025\/06\/01-55.jpg","width":1000,"height":1000},{"@type":"BreadcrumbList","@id":"https:\/\/sldcncpipebender.com\/product\/loading-rack-sawing\/#breadcrumb","itemListElement":[{"@type":"ListItem","position":1,"name":"Home","item":"https:\/\/sldcncpipebender.com\/"},{"@type":"ListItem","position":2,"name":"shop","item":"https:\/\/sldcncpipebender.com\/shop\/"},{"@type":"ListItem","position":3,"name":"Loading rack sawing"}]},{"@type":"WebSite","@id":"https:\/\/sldcncpipebender.com\/#website","url":"https:\/\/sldcncpipebender.com\/","name":"Shenglida Technology (Zhangjiagang) Co., Ltd.","description":"M\u00e1quina curvadora de tubos - M\u00e1quina cortadora de tubos - M\u00e1quina conformadora de extremos de tubos","potentialAction":[{"@type":"SearchAction","target":{"@type":"EntryPoint","urlTemplate":"https:\/\/sldcncpipebender.com\/?s={search_term_string}"},"query-input":{"@type":"PropertyValueSpecification","valueRequired":true,"valueName":"search_term_string"}}],"inLanguage":"es"}]}},"_links":{"self":[{"href":"https:\/\/sldcncpipebender.com\/es\/wp-json\/wp\/v2\/product\/1524","targetHints":{"allow":["GET"]}}],"collection":[{"href":"https:\/\/sldcncpipebender.com\/es\/wp-json\/wp\/v2\/product"}],"about":[{"href":"https:\/\/sldcncpipebender.com\/es\/wp-json\/wp\/v2\/types\/product"}],"replies":[{"embeddable":true,"href":"https:\/\/sldcncpipebender.com\/es\/wp-json\/wp\/v2\/comments?post=1524"}],"wp:featuredmedia":[{"embeddable":true,"href":"https:\/\/sldcncpipebender.com\/es\/wp-json\/wp\/v2\/media\/1525"}],"wp:attachment":[{"href":"https:\/\/sldcncpipebender.com\/es\/wp-json\/wp\/v2\/media?parent=1524"}],"wp:term":[{"taxonomy":"product_brand","embeddable":true,"href":"https:\/\/sldcncpipebender.com\/es\/wp-json\/wp\/v2\/product_brand?post=1524"},{"taxonomy":"product_cat","embeddable":true,"href":"https:\/\/sldcncpipebender.com\/es\/wp-json\/wp\/v2\/product_cat?post=1524"},{"taxonomy":"product_tag","embeddable":true,"href":"https:\/\/sldcncpipebender.com\/es\/wp-json\/wp\/v2\/product_tag?post=1524"}],"curies":[{"name":"wp","href":"https:\/\/api.w.org\/{rel}","templated":true}]}}