{"id":1540,"date":"2025-06-07T15:47:36","date_gmt":"2025-06-07T07:47:36","guid":{"rendered":"https:\/\/sldcncpipebender.com\/?post_type=product&#038;p=1540"},"modified":"2025-07-16T16:51:55","modified_gmt":"2025-07-16T08:51:55","slug":"maquina-de-corte-de-aluminio","status":"publish","type":"product","link":"https:\/\/sldcncpipebender.com\/es\/producto\/maquina-de-corte-de-aluminio\/","title":{"rendered":"M\u00e1quina de corte de aluminio"},"content":{"rendered":"<p>Shenglida Technology (Zhangjiagang) Co., Ltd. es un fabricante profesional especializado en la producci\u00f3n de m\u00e1quinas curvadoras de tubos, m\u00e1quinas cortadoras de tubos, m\u00e1quinas de contracci\u00f3n de tubos, m\u00e1quinas de biselado y otros equipos de accesorios de tuber\u00eda.<\/p>\n<p>Entre ellas, las m\u00e1quinas de corte de tubos se dividen en: corte por l\u00e1ser, m\u00e1quinas de corte de tubos totalmente autom\u00e1ticas, m\u00e1quinas de corte de tubos semiautom\u00e1ticas, sierras de alimentaci\u00f3n y m\u00e1quinas de corte de aluminio.<\/p>\n<p>Caracter\u00edsticas mec\u00e1nicas de las m\u00e1quinas de corte de perfiles de aluminio:<\/p>\n<p>\u25a0 Se utiliza principalmente para serrar perfiles industriales, puertas y ventanas de aleaci\u00f3n de aluminio, disipadores de calor, materiales de cobre, etc., y tambi\u00e9n se puede utilizar para cortar y recortar perfiles de pl\u00e1stico.<\/p>\n<p>\u25a0 Utilizando hojas de sierra de carburo, el di\u00e1metro exterior puede alcanzar 18\u2033, alta velocidad lineal y alta precisi\u00f3n de procesamiento.<\/p>\n<p>\u25a0 Esta m\u00e1quina herramienta est\u00e1 equipada con un sistema de alimentaci\u00f3n CNC, y se puede instalar un bastidor de soporte seg\u00fan los requisitos del cliente.<\/p>\n<p>\u25a0 Adopta servomotores japoneses Mitsubishi, husillos de bolas y rieles gu\u00eda importados, tiene una alta precisi\u00f3n de corte repetido y es m\u00e1s adecuada para cortar perfiles industriales, barras de cobre y aluminio.<br \/>\n<img loading=\"lazy\" decoding=\"async\" class=\"alignnone size-full wp-image-1541\" src=\"https:\/\/sldcncpipebender.com\/wp-content\/uploads\/2025\/06\/01-62.jpg\" alt=\"\" width=\"1068\" height=\"862\" srcset=\"https:\/\/sldcncpipebender.com\/wp-content\/uploads\/2025\/06\/01-62.jpg 1068w, https:\/\/sldcncpipebender.com\/wp-content\/uploads\/2025\/06\/01-62-300x242.jpg 300w, https:\/\/sldcncpipebender.com\/wp-content\/uploads\/2025\/06\/01-62-1024x826.jpg 1024w, https:\/\/sldcncpipebender.com\/wp-content\/uploads\/2025\/06\/01-62-768x620.jpg 768w, https:\/\/sldcncpipebender.com\/wp-content\/uploads\/2025\/06\/01-62-15x12.jpg 15w, https:\/\/sldcncpipebender.com\/wp-content\/uploads\/2025\/06\/01-62-1000x807.jpg 1000w\" sizes=\"auto, (max-width: 1068px) 100vw, 1068px\" \/><\/p>","protected":false},"excerpt":{"rendered":"<p>Shenglida Technology (Zhangjiagang) Co., Ltd. es un fabricante profesional especializado en la producci\u00f3n de m\u00e1quinas curvadoras de tubos, m\u00e1quinas cortadoras de tubos, m\u00e1quinas de contracci\u00f3n de tubos, m\u00e1quinas de biselado y otros equipos de accesorios de tuber\u00eda. Entre ellos, las m\u00e1quinas de corte de tubos se dividen en: corte por l\u00e1ser, m\u00e1quinas de corte de tubos totalmente autom\u00e1ticas, m\u00e1quinas de corte de tubos semiautom\u00e1ticas, aserrado de alimentaci\u00f3n, y corte de aluminio.<\/p>","protected":false},"featured_media":1541,"comment_status":"open","ping_status":"closed","template":"","meta":{"_acf_changed":false},"product_brand":[],"product_cat":[52],"product_tag":[],"class_list":{"0":"post-1540","1":"product","2":"type-product","3":"status-publish","4":"has-post-thumbnail","6":"product_cat-aluminum-cutting-machine","8":"first","9":"instock","10":"shipping-taxable","11":"product-type-simple"},"acf":[],"yoast_head":"<!-- This site is optimized with the Yoast SEO Premium plugin v25.5 (Yoast SEO v27.4) - https:\/\/yoast.com\/product\/yoast-seo-premium-wordpress\/ -->\n<title>Aluminum cutting machine - Shenglida Technology (Zhangjiagang) Co., Ltd.<\/title>\n<meta name=\"robots\" content=\"index, follow, max-snippet:-1, max-image-preview:large, max-video-preview:-1\" \/>\n<link rel=\"canonical\" href=\"https:\/\/sldcncpipebender.com\/es\/producto\/maquina-de-corte-de-aluminio\/\" \/>\n<meta property=\"og:locale\" content=\"es_ES\" \/>\n<meta property=\"og:type\" content=\"article\" \/>\n<meta property=\"og:title\" content=\"Aluminum cutting machine\" \/>\n<meta property=\"og:description\" content=\"Shenglida Technology (Zhangjiagang) Co., Ltd. is a professional manufacturer specializing in the production of pipe bending machines, pipe cutting machines, pipe shrinking machines, chamfering machines and other pipe fittings equipment. Among them, the pipe cutting machines are divided into: laser cutting, fully automatic pipe cutting machines, semi-automatic pipe cutting machines, feeder sawing, and aluminum cutting\" \/>\n<meta property=\"og:url\" content=\"https:\/\/sldcncpipebender.com\/es\/producto\/maquina-de-corte-de-aluminio\/\" \/>\n<meta property=\"og:site_name\" content=\"Shenglida Technology (Zhangjiagang) Co., Ltd.\" \/>\n<meta property=\"article:modified_time\" content=\"2025-07-16T08:51:55+00:00\" \/>\n<meta property=\"og:image\" content=\"https:\/\/sldcncpipebender.com\/wp-content\/uploads\/2025\/06\/01-62.jpg\" \/>\n\t<meta property=\"og:image:width\" content=\"1068\" \/>\n\t<meta property=\"og:image:height\" content=\"862\" \/>\n\t<meta property=\"og:image:type\" content=\"image\/jpeg\" \/>\n<meta name=\"twitter:card\" content=\"summary_large_image\" \/>\n<meta name=\"twitter:label1\" content=\"Tiempo de lectura\" \/>\n\t<meta name=\"twitter:data1\" content=\"2 minutos\" \/>\n<script type=\"application\/ld+json\" class=\"yoast-schema-graph\">{\"@context\":\"https:\\\/\\\/schema.org\",\"@graph\":[{\"@type\":\"WebPage\",\"@id\":\"https:\\\/\\\/sldcncpipebender.com\\\/product\\\/aluminum-cutting-machine\\\/\",\"url\":\"https:\\\/\\\/sldcncpipebender.com\\\/product\\\/aluminum-cutting-machine\\\/\",\"name\":\"Aluminum cutting machine - Shenglida Technology (Zhangjiagang) Co., Ltd.\",\"isPartOf\":{\"@id\":\"https:\\\/\\\/sldcncpipebender.com\\\/#website\"},\"primaryImageOfPage\":{\"@id\":\"https:\\\/\\\/sldcncpipebender.com\\\/product\\\/aluminum-cutting-machine\\\/#primaryimage\"},\"image\":{\"@id\":\"https:\\\/\\\/sldcncpipebender.com\\\/product\\\/aluminum-cutting-machine\\\/#primaryimage\"},\"thumbnailUrl\":\"https:\\\/\\\/sldcncpipebender.com\\\/wp-content\\\/uploads\\\/2025\\\/06\\\/01-62.jpg\",\"datePublished\":\"2025-06-07T07:47:36+00:00\",\"dateModified\":\"2025-07-16T08:51:55+00:00\",\"breadcrumb\":{\"@id\":\"https:\\\/\\\/sldcncpipebender.com\\\/product\\\/aluminum-cutting-machine\\\/#breadcrumb\"},\"inLanguage\":\"es\",\"potentialAction\":[{\"@type\":\"ReadAction\",\"target\":[\"https:\\\/\\\/sldcncpipebender.com\\\/product\\\/aluminum-cutting-machine\\\/\"]}]},{\"@type\":\"ImageObject\",\"inLanguage\":\"es\",\"@id\":\"https:\\\/\\\/sldcncpipebender.com\\\/product\\\/aluminum-cutting-machine\\\/#primaryimage\",\"url\":\"https:\\\/\\\/sldcncpipebender.com\\\/wp-content\\\/uploads\\\/2025\\\/06\\\/01-62.jpg\",\"contentUrl\":\"https:\\\/\\\/sldcncpipebender.com\\\/wp-content\\\/uploads\\\/2025\\\/06\\\/01-62.jpg\",\"width\":1068,\"height\":862},{\"@type\":\"BreadcrumbList\",\"@id\":\"https:\\\/\\\/sldcncpipebender.com\\\/product\\\/aluminum-cutting-machine\\\/#breadcrumb\",\"itemListElement\":[{\"@type\":\"ListItem\",\"position\":1,\"name\":\"Home\",\"item\":\"https:\\\/\\\/sldcncpipebender.com\\\/\"},{\"@type\":\"ListItem\",\"position\":2,\"name\":\"shop\",\"item\":\"https:\\\/\\\/sldcncpipebender.com\\\/shop\\\/\"},{\"@type\":\"ListItem\",\"position\":3,\"name\":\"Aluminum cutting machine\"}]},{\"@type\":\"WebSite\",\"@id\":\"https:\\\/\\\/sldcncpipebender.com\\\/#website\",\"url\":\"https:\\\/\\\/sldcncpipebender.com\\\/\",\"name\":\"Shenglida Technology (Zhangjiagang) Co., Ltd.\",\"description\":\"pipe bending machine -  pipe cutting machine - pipe end forming machine\",\"potentialAction\":[{\"@type\":\"SearchAction\",\"target\":{\"@type\":\"EntryPoint\",\"urlTemplate\":\"https:\\\/\\\/sldcncpipebender.com\\\/?s={search_term_string}\"},\"query-input\":{\"@type\":\"PropertyValueSpecification\",\"valueRequired\":true,\"valueName\":\"search_term_string\"}}],\"inLanguage\":\"es\"}]}<\/script>\n<!-- \/ Yoast SEO Premium plugin. -->","yoast_head_json":{"title":"M\u00e1quina de corte de aluminio - Shenglida Technology (Zhangjiagang) Co., Ltd.","robots":{"index":"index","follow":"follow","max-snippet":"max-snippet:-1","max-image-preview":"max-image-preview:large","max-video-preview":"max-video-preview:-1"},"canonical":"https:\/\/sldcncpipebender.com\/es\/producto\/maquina-de-corte-de-aluminio\/","og_locale":"es_ES","og_type":"article","og_title":"Aluminum cutting machine","og_description":"Shenglida Technology (Zhangjiagang) Co., Ltd. is a professional manufacturer specializing in the production of pipe bending machines, pipe cutting machines, pipe shrinking machines, chamfering machines and other pipe fittings equipment. Among them, the pipe cutting machines are divided into: laser cutting, fully automatic pipe cutting machines, semi-automatic pipe cutting machines, feeder sawing, and aluminum cutting","og_url":"https:\/\/sldcncpipebender.com\/es\/producto\/maquina-de-corte-de-aluminio\/","og_site_name":"Shenglida Technology (Zhangjiagang) Co., Ltd.","article_modified_time":"2025-07-16T08:51:55+00:00","og_image":[{"width":1068,"height":862,"url":"https:\/\/sldcncpipebender.com\/wp-content\/uploads\/2025\/06\/01-62.jpg","type":"image\/jpeg"}],"twitter_card":"summary_large_image","twitter_misc":{"Tiempo de lectura":"2 minutos"},"schema":{"@context":"https:\/\/schema.org","@graph":[{"@type":"WebPage","@id":"https:\/\/sldcncpipebender.com\/product\/aluminum-cutting-machine\/","url":"https:\/\/sldcncpipebender.com\/product\/aluminum-cutting-machine\/","name":"M\u00e1quina de corte de aluminio - Shenglida Technology (Zhangjiagang) Co., Ltd.","isPartOf":{"@id":"https:\/\/sldcncpipebender.com\/#website"},"primaryImageOfPage":{"@id":"https:\/\/sldcncpipebender.com\/product\/aluminum-cutting-machine\/#primaryimage"},"image":{"@id":"https:\/\/sldcncpipebender.com\/product\/aluminum-cutting-machine\/#primaryimage"},"thumbnailUrl":"https:\/\/sldcncpipebender.com\/wp-content\/uploads\/2025\/06\/01-62.jpg","datePublished":"2025-06-07T07:47:36+00:00","dateModified":"2025-07-16T08:51:55+00:00","breadcrumb":{"@id":"https:\/\/sldcncpipebender.com\/product\/aluminum-cutting-machine\/#breadcrumb"},"inLanguage":"es","potentialAction":[{"@type":"ReadAction","target":["https:\/\/sldcncpipebender.com\/product\/aluminum-cutting-machine\/"]}]},{"@type":"ImageObject","inLanguage":"es","@id":"https:\/\/sldcncpipebender.com\/product\/aluminum-cutting-machine\/#primaryimage","url":"https:\/\/sldcncpipebender.com\/wp-content\/uploads\/2025\/06\/01-62.jpg","contentUrl":"https:\/\/sldcncpipebender.com\/wp-content\/uploads\/2025\/06\/01-62.jpg","width":1068,"height":862},{"@type":"BreadcrumbList","@id":"https:\/\/sldcncpipebender.com\/product\/aluminum-cutting-machine\/#breadcrumb","itemListElement":[{"@type":"ListItem","position":1,"name":"Home","item":"https:\/\/sldcncpipebender.com\/"},{"@type":"ListItem","position":2,"name":"shop","item":"https:\/\/sldcncpipebender.com\/shop\/"},{"@type":"ListItem","position":3,"name":"Aluminum cutting machine"}]},{"@type":"WebSite","@id":"https:\/\/sldcncpipebender.com\/#website","url":"https:\/\/sldcncpipebender.com\/","name":"Shenglida Technology (Zhangjiagang) Co., Ltd.","description":"M\u00e1quina curvadora de tubos - M\u00e1quina cortadora de tubos - M\u00e1quina conformadora de extremos de tubos","potentialAction":[{"@type":"SearchAction","target":{"@type":"EntryPoint","urlTemplate":"https:\/\/sldcncpipebender.com\/?s={search_term_string}"},"query-input":{"@type":"PropertyValueSpecification","valueRequired":true,"valueName":"search_term_string"}}],"inLanguage":"es"}]}},"_links":{"self":[{"href":"https:\/\/sldcncpipebender.com\/es\/wp-json\/wp\/v2\/product\/1540","targetHints":{"allow":["GET"]}}],"collection":[{"href":"https:\/\/sldcncpipebender.com\/es\/wp-json\/wp\/v2\/product"}],"about":[{"href":"https:\/\/sldcncpipebender.com\/es\/wp-json\/wp\/v2\/types\/product"}],"replies":[{"embeddable":true,"href":"https:\/\/sldcncpipebender.com\/es\/wp-json\/wp\/v2\/comments?post=1540"}],"wp:featuredmedia":[{"embeddable":true,"href":"https:\/\/sldcncpipebender.com\/es\/wp-json\/wp\/v2\/media\/1541"}],"wp:attachment":[{"href":"https:\/\/sldcncpipebender.com\/es\/wp-json\/wp\/v2\/media?parent=1540"}],"wp:term":[{"taxonomy":"product_brand","embeddable":true,"href":"https:\/\/sldcncpipebender.com\/es\/wp-json\/wp\/v2\/product_brand?post=1540"},{"taxonomy":"product_cat","embeddable":true,"href":"https:\/\/sldcncpipebender.com\/es\/wp-json\/wp\/v2\/product_cat?post=1540"},{"taxonomy":"product_tag","embeddable":true,"href":"https:\/\/sldcncpipebender.com\/es\/wp-json\/wp\/v2\/product_tag?post=1540"}],"curies":[{"name":"wp","href":"https:\/\/api.w.org\/{rel}","templated":true}]}}