{"id":1553,"date":"2025-06-07T16:39:29","date_gmt":"2025-06-07T08:39:29","guid":{"rendered":"https:\/\/sldcncpipebender.com\/?post_type=product&#038;p=1553"},"modified":"2025-06-07T16:39:29","modified_gmt":"2025-06-07T08:39:29","slug":"maquina-de-contraccion-conica-para-materiales-largos","status":"publish","type":"product","link":"https:\/\/sldcncpipebender.com\/es\/producto\/maquina-de-contraccion-conica-para-materiales-largos\/","title":{"rendered":"M\u00e1quina de contracci\u00f3n de conos para materiales largos"},"content":{"rendered":"<p>Shenglida Technology (Zhangjiagang) Co., Ltd. es un fabricante profesional especializado en la producci\u00f3n de m\u00e1quinas curvadoras de tubos, m\u00e1quinas cortadoras de tubos, m\u00e1quinas de contracci\u00f3n de tubos, m\u00e1quinas de biselado y otros equipos de accesorios de tuber\u00eda.<\/p>\n<p>Entre ellas, las m\u00e1quinas formadoras de extremos de tubos se dividen en: m\u00e1quinas selladoras y m\u00e1quinas encogedoras de tubos.<\/p>\n<p>Ventajas y caracter\u00edsticas de la m\u00e1quina de contracci\u00f3n c\u00f3nica:<\/p>\n<p>Este equipo se utiliza para transformar tubos met\u00e1licos en tubos c\u00f3nicos.<\/p>\n<p>Existen opciones manuales y autom\u00e1ticas. La alimentaci\u00f3n manual y la retracci\u00f3n de tubos tienen las caracter\u00edsticas de bajo nivel de ruido, f\u00e1cil manejo, alto rendimiento y funcionamiento estable.<br \/>\nEl tiempo de conformado de la pieza es corto, la eficiencia es alta, la superficie de procesamiento es lisa y la pieza no tiene cicatrices.<br \/>\nEl molde de la m\u00e1quina es f\u00e1cil de reemplazar, y se pueden procesar diferentes formas de tubos de metal con el molde correspondiente para satisfacer diferentes necesidades.<br \/>\nEs adecuado para autom\u00f3viles, muebles, iluminaci\u00f3n, bicicletas, y el rejuntado de peque\u00f1os conductos de formaci\u00f3n c\u00f3nica.<br \/>\n<img loading=\"lazy\" decoding=\"async\" class=\"alignnone size-full wp-image-1554\" src=\"https:\/\/sldcncpipebender.com\/wp-content\/uploads\/2025\/06\/01-69.jpg\" alt=\"\" width=\"1068\" height=\"862\" srcset=\"https:\/\/sldcncpipebender.com\/wp-content\/uploads\/2025\/06\/01-69.jpg 1068w, https:\/\/sldcncpipebender.com\/wp-content\/uploads\/2025\/06\/01-69-300x242.jpg 300w, https:\/\/sldcncpipebender.com\/wp-content\/uploads\/2025\/06\/01-69-1024x826.jpg 1024w, https:\/\/sldcncpipebender.com\/wp-content\/uploads\/2025\/06\/01-69-768x620.jpg 768w, https:\/\/sldcncpipebender.com\/wp-content\/uploads\/2025\/06\/01-69-15x12.jpg 15w, https:\/\/sldcncpipebender.com\/wp-content\/uploads\/2025\/06\/01-69-1000x807.jpg 1000w\" sizes=\"auto, (max-width: 1068px) 100vw, 1068px\" \/><\/p>","protected":false},"excerpt":{"rendered":"<p>Las m\u00e1quinas de conformado de extremos de tubos producidas por Shenglida Technology son fiables, eficientes y f\u00e1ciles de integrar con soluciones autom\u00e1ticas de carga y descarga o l\u00edneas de producci\u00f3n complejas. Pueden realizar una gran variedad de procesos de transformaci\u00f3n, como desbarbado, abocardado, recorte de extremos, contracci\u00f3n, roscado, laminado, sellado, corte de material y corte, etc.<\/p>","protected":false},"featured_media":1554,"comment_status":"open","ping_status":"closed","template":"","meta":{"_acf_changed":false},"product_brand":[],"product_cat":[41],"product_tag":[],"class_list":{"0":"post-1553","1":"product","2":"type-product","3":"status-publish","4":"has-post-thumbnail","6":"product_cat-tube-shrinking-machine","8":"first","9":"instock","10":"shipping-taxable","11":"product-type-simple"},"acf":[],"yoast_head":"<!-- This site is optimized with the Yoast SEO Premium plugin v25.5 (Yoast SEO v27.4) - https:\/\/yoast.com\/product\/yoast-seo-premium-wordpress\/ -->\n<title>Cone shrinking machine for long materials - Shenglida Technology (Zhangjiagang) Co., Ltd.<\/title>\n<meta name=\"robots\" content=\"index, follow, max-snippet:-1, max-image-preview:large, max-video-preview:-1\" \/>\n<link rel=\"canonical\" href=\"https:\/\/sldcncpipebender.com\/es\/producto\/maquina-de-contraccion-conica-para-materiales-largos\/\" \/>\n<meta property=\"og:locale\" content=\"es_ES\" \/>\n<meta property=\"og:type\" content=\"article\" \/>\n<meta property=\"og:title\" content=\"Cone shrinking machine for long materials\" \/>\n<meta property=\"og:description\" content=\"The tube end forming machines produced by Shenglida Technology are reliable, efficient and easy to integrate with automatic loading and unloading solutions or complex production lines. They can perform a variety of processing processes, including deburring, flaring, end trimming, shrinking, threading, rolling, sealing, material cutting and cutting, etc.\" \/>\n<meta property=\"og:url\" content=\"https:\/\/sldcncpipebender.com\/es\/producto\/maquina-de-contraccion-conica-para-materiales-largos\/\" \/>\n<meta property=\"og:site_name\" content=\"Shenglida Technology (Zhangjiagang) Co., Ltd.\" \/>\n<meta property=\"og:image\" content=\"https:\/\/sldcncpipebender.com\/wp-content\/uploads\/2025\/06\/01-69.jpg\" \/>\n\t<meta property=\"og:image:width\" content=\"1068\" \/>\n\t<meta property=\"og:image:height\" content=\"862\" \/>\n\t<meta property=\"og:image:type\" content=\"image\/jpeg\" \/>\n<meta name=\"twitter:card\" content=\"summary_large_image\" \/>\n<meta name=\"twitter:label1\" content=\"Tiempo de lectura\" \/>\n\t<meta name=\"twitter:data1\" content=\"2 minutos\" \/>\n<script type=\"application\/ld+json\" class=\"yoast-schema-graph\">{\"@context\":\"https:\\\/\\\/schema.org\",\"@graph\":[{\"@type\":\"WebPage\",\"@id\":\"https:\\\/\\\/sldcncpipebender.com\\\/product\\\/cone-shrinking-machine-for-long-materials\\\/\",\"url\":\"https:\\\/\\\/sldcncpipebender.com\\\/product\\\/cone-shrinking-machine-for-long-materials\\\/\",\"name\":\"Cone shrinking machine for long materials - Shenglida Technology (Zhangjiagang) Co., Ltd.\",\"isPartOf\":{\"@id\":\"https:\\\/\\\/sldcncpipebender.com\\\/#website\"},\"primaryImageOfPage\":{\"@id\":\"https:\\\/\\\/sldcncpipebender.com\\\/product\\\/cone-shrinking-machine-for-long-materials\\\/#primaryimage\"},\"image\":{\"@id\":\"https:\\\/\\\/sldcncpipebender.com\\\/product\\\/cone-shrinking-machine-for-long-materials\\\/#primaryimage\"},\"thumbnailUrl\":\"https:\\\/\\\/sldcncpipebender.com\\\/wp-content\\\/uploads\\\/2025\\\/06\\\/01-69.jpg\",\"datePublished\":\"2025-06-07T08:39:29+00:00\",\"breadcrumb\":{\"@id\":\"https:\\\/\\\/sldcncpipebender.com\\\/product\\\/cone-shrinking-machine-for-long-materials\\\/#breadcrumb\"},\"inLanguage\":\"es\",\"potentialAction\":[{\"@type\":\"ReadAction\",\"target\":[\"https:\\\/\\\/sldcncpipebender.com\\\/product\\\/cone-shrinking-machine-for-long-materials\\\/\"]}]},{\"@type\":\"ImageObject\",\"inLanguage\":\"es\",\"@id\":\"https:\\\/\\\/sldcncpipebender.com\\\/product\\\/cone-shrinking-machine-for-long-materials\\\/#primaryimage\",\"url\":\"https:\\\/\\\/sldcncpipebender.com\\\/wp-content\\\/uploads\\\/2025\\\/06\\\/01-69.jpg\",\"contentUrl\":\"https:\\\/\\\/sldcncpipebender.com\\\/wp-content\\\/uploads\\\/2025\\\/06\\\/01-69.jpg\",\"width\":1068,\"height\":862},{\"@type\":\"BreadcrumbList\",\"@id\":\"https:\\\/\\\/sldcncpipebender.com\\\/product\\\/cone-shrinking-machine-for-long-materials\\\/#breadcrumb\",\"itemListElement\":[{\"@type\":\"ListItem\",\"position\":1,\"name\":\"Home\",\"item\":\"https:\\\/\\\/sldcncpipebender.com\\\/\"},{\"@type\":\"ListItem\",\"position\":2,\"name\":\"shop\",\"item\":\"https:\\\/\\\/sldcncpipebender.com\\\/shop\\\/\"},{\"@type\":\"ListItem\",\"position\":3,\"name\":\"Cone shrinking machine for long materials\"}]},{\"@type\":\"WebSite\",\"@id\":\"https:\\\/\\\/sldcncpipebender.com\\\/#website\",\"url\":\"https:\\\/\\\/sldcncpipebender.com\\\/\",\"name\":\"Shenglida Technology (Zhangjiagang) Co., Ltd.\",\"description\":\"pipe bending machine -  pipe cutting machine - pipe end forming machine\",\"potentialAction\":[{\"@type\":\"SearchAction\",\"target\":{\"@type\":\"EntryPoint\",\"urlTemplate\":\"https:\\\/\\\/sldcncpipebender.com\\\/?s={search_term_string}\"},\"query-input\":{\"@type\":\"PropertyValueSpecification\",\"valueRequired\":true,\"valueName\":\"search_term_string\"}}],\"inLanguage\":\"es\"}]}<\/script>\n<!-- \/ Yoast SEO Premium plugin. -->","yoast_head_json":{"title":"M\u00e1quina de contracci\u00f3n de cono para materiales largos - Shenglida Technology (Zhangjiagang) Co., Ltd.","robots":{"index":"index","follow":"follow","max-snippet":"max-snippet:-1","max-image-preview":"max-image-preview:large","max-video-preview":"max-video-preview:-1"},"canonical":"https:\/\/sldcncpipebender.com\/es\/producto\/maquina-de-contraccion-conica-para-materiales-largos\/","og_locale":"es_ES","og_type":"article","og_title":"Cone shrinking machine for long materials","og_description":"The tube end forming machines produced by Shenglida Technology are reliable, efficient and easy to integrate with automatic loading and unloading solutions or complex production lines. They can perform a variety of processing processes, including deburring, flaring, end trimming, shrinking, threading, rolling, sealing, material cutting and cutting, etc.","og_url":"https:\/\/sldcncpipebender.com\/es\/producto\/maquina-de-contraccion-conica-para-materiales-largos\/","og_site_name":"Shenglida Technology (Zhangjiagang) Co., Ltd.","og_image":[{"width":1068,"height":862,"url":"https:\/\/sldcncpipebender.com\/wp-content\/uploads\/2025\/06\/01-69.jpg","type":"image\/jpeg"}],"twitter_card":"summary_large_image","twitter_misc":{"Tiempo de lectura":"2 minutos"},"schema":{"@context":"https:\/\/schema.org","@graph":[{"@type":"WebPage","@id":"https:\/\/sldcncpipebender.com\/product\/cone-shrinking-machine-for-long-materials\/","url":"https:\/\/sldcncpipebender.com\/product\/cone-shrinking-machine-for-long-materials\/","name":"M\u00e1quina de contracci\u00f3n de cono para materiales largos - Shenglida Technology (Zhangjiagang) Co., Ltd.","isPartOf":{"@id":"https:\/\/sldcncpipebender.com\/#website"},"primaryImageOfPage":{"@id":"https:\/\/sldcncpipebender.com\/product\/cone-shrinking-machine-for-long-materials\/#primaryimage"},"image":{"@id":"https:\/\/sldcncpipebender.com\/product\/cone-shrinking-machine-for-long-materials\/#primaryimage"},"thumbnailUrl":"https:\/\/sldcncpipebender.com\/wp-content\/uploads\/2025\/06\/01-69.jpg","datePublished":"2025-06-07T08:39:29+00:00","breadcrumb":{"@id":"https:\/\/sldcncpipebender.com\/product\/cone-shrinking-machine-for-long-materials\/#breadcrumb"},"inLanguage":"es","potentialAction":[{"@type":"ReadAction","target":["https:\/\/sldcncpipebender.com\/product\/cone-shrinking-machine-for-long-materials\/"]}]},{"@type":"ImageObject","inLanguage":"es","@id":"https:\/\/sldcncpipebender.com\/product\/cone-shrinking-machine-for-long-materials\/#primaryimage","url":"https:\/\/sldcncpipebender.com\/wp-content\/uploads\/2025\/06\/01-69.jpg","contentUrl":"https:\/\/sldcncpipebender.com\/wp-content\/uploads\/2025\/06\/01-69.jpg","width":1068,"height":862},{"@type":"BreadcrumbList","@id":"https:\/\/sldcncpipebender.com\/product\/cone-shrinking-machine-for-long-materials\/#breadcrumb","itemListElement":[{"@type":"ListItem","position":1,"name":"Home","item":"https:\/\/sldcncpipebender.com\/"},{"@type":"ListItem","position":2,"name":"shop","item":"https:\/\/sldcncpipebender.com\/shop\/"},{"@type":"ListItem","position":3,"name":"Cone shrinking machine for long materials"}]},{"@type":"WebSite","@id":"https:\/\/sldcncpipebender.com\/#website","url":"https:\/\/sldcncpipebender.com\/","name":"Shenglida Technology (Zhangjiagang) Co., Ltd.","description":"M\u00e1quina curvadora de tubos - M\u00e1quina cortadora de tubos - M\u00e1quina conformadora de extremos de tubos","potentialAction":[{"@type":"SearchAction","target":{"@type":"EntryPoint","urlTemplate":"https:\/\/sldcncpipebender.com\/?s={search_term_string}"},"query-input":{"@type":"PropertyValueSpecification","valueRequired":true,"valueName":"search_term_string"}}],"inLanguage":"es"}]}},"_links":{"self":[{"href":"https:\/\/sldcncpipebender.com\/es\/wp-json\/wp\/v2\/product\/1553","targetHints":{"allow":["GET"]}}],"collection":[{"href":"https:\/\/sldcncpipebender.com\/es\/wp-json\/wp\/v2\/product"}],"about":[{"href":"https:\/\/sldcncpipebender.com\/es\/wp-json\/wp\/v2\/types\/product"}],"replies":[{"embeddable":true,"href":"https:\/\/sldcncpipebender.com\/es\/wp-json\/wp\/v2\/comments?post=1553"}],"wp:featuredmedia":[{"embeddable":true,"href":"https:\/\/sldcncpipebender.com\/es\/wp-json\/wp\/v2\/media\/1554"}],"wp:attachment":[{"href":"https:\/\/sldcncpipebender.com\/es\/wp-json\/wp\/v2\/media?parent=1553"}],"wp:term":[{"taxonomy":"product_brand","embeddable":true,"href":"https:\/\/sldcncpipebender.com\/es\/wp-json\/wp\/v2\/product_brand?post=1553"},{"taxonomy":"product_cat","embeddable":true,"href":"https:\/\/sldcncpipebender.com\/es\/wp-json\/wp\/v2\/product_cat?post=1553"},{"taxonomy":"product_tag","embeddable":true,"href":"https:\/\/sldcncpipebender.com\/es\/wp-json\/wp\/v2\/product_tag?post=1553"}],"curies":[{"name":"wp","href":"https:\/\/api.w.org\/{rel}","templated":true}]}}