{"id":1562,"date":"2025-06-07T17:06:10","date_gmt":"2025-06-07T09:06:10","guid":{"rendered":"https:\/\/sldcncpipebender.com\/?post_type=product&#038;p=1562"},"modified":"2025-06-07T17:06:11","modified_gmt":"2025-06-07T09:06:11","slug":"linea-de-produccion-totalmente-automatica-a","status":"publish","type":"product","link":"https:\/\/sldcncpipebender.com\/es\/producto\/linea-de-produccion-totalmente-automatica-a\/","title":{"rendered":"L\u00ednea de producci\u00f3n totalmente autom\u00e1tica A"},"content":{"rendered":"<div><strong>La tecnolog\u00eda de Shenglida es Industria 4.0<\/strong><\/div>\n<div><strong>\u00a0<\/strong><\/div>\n<div>Los equipos y programas inform\u00e1ticos de Shenglida Technology forman un ecosistema de producci\u00f3n y procesamiento mediante el intercambio continuo de informaci\u00f3n digital.<br \/>\nLa clave de todo esto es que la informaci\u00f3n est\u00e1 disponible. Siempre se puede controlar la situaci\u00f3n de trabajo y simplificar todo el proceso de producci\u00f3n, desde el dise\u00f1o hasta la fabricaci\u00f3n.<\/div>\n<div><\/div>\n<div><\/div>\n<div>Valor infinito<\/div>\n<div><img loading=\"lazy\" decoding=\"async\" class=\"alignnone wp-image-523 lazy-load-active\" src=\"https:\/\/sldzjg.com\/wp-content\/uploads\/2024\/12\/001-26-150x150.jpg\" alt=\"\" width=\"99\" height=\"113\" data-src=\"https:\/\/sldzjg.com\/wp-content\/uploads\/2024\/12\/001-26-150x150.jpg\" \/><\/div>\n<div>Al alcance de su mano<\/div>\n<div><\/div>\n<div>Los presupuestos, par\u00e1metros t\u00e9cnicos, flujo del proceso, informe final, etc., todos ellos relevantes para su producci\u00f3n, est\u00e1n disponibles electr\u00f3nicamente en cualquier momento.<\/div>\n<div><img loading=\"lazy\" decoding=\"async\" class=\"alignnone wp-image-524 lazy-load-active\" src=\"https:\/\/sldzjg.com\/wp-content\/uploads\/2024\/12\/002.jpg\" alt=\"\" width=\"86\" height=\"99\" data-src=\"https:\/\/sldzjg.com\/wp-content\/uploads\/2024\/12\/002.jpg\" \/><\/div>\n<div>Seguimiento de cada pieza<\/div>\n<div><\/div>\n<div>Rastree el proceso hist\u00f3rico de cada producto sin perder ninguna informaci\u00f3n. Shenglida Technology puede cotejar autom\u00e1ticamente el c\u00f3digo de trazabilidad de cada proceso y supervisar su proceso de producci\u00f3n en cualquier momento.<\/div>\n<div>\u00a0 \u00a0 \u00a0 \u00a0 \u00a0 \u00a0\u00a0<img loading=\"lazy\" decoding=\"async\" class=\"alignnone wp-image-525 lazy-load-active\" src=\"https:\/\/sldzjg.com\/wp-content\/uploads\/2024\/12\/003-1.jpg\" alt=\"\" width=\"102\" height=\"78\" data-src=\"https:\/\/sldzjg.com\/wp-content\/uploads\/2024\/12\/003-1.jpg\" \/><\/div>\n<div>Responder a situaciones imprevistas en cualquier momento<\/div>\n<div><\/div>\n<div>En caso de emergencia, el sistema ajusta autom\u00e1ticamente el proceso de producci\u00f3n: gracias a la tecnolog\u00eda Active Job, los equipos y el software est\u00e1n siempre sincronizados.<\/div>\n<div><img loading=\"lazy\" decoding=\"async\" class=\"alignnone wp-image-526 lazy-load-active\" src=\"https:\/\/sldzjg.com\/wp-content\/uploads\/2024\/12\/004.png\" alt=\"\" width=\"122\" height=\"115\" data-src=\"https:\/\/sldzjg.com\/wp-content\/uploads\/2024\/12\/004.png\" \/><\/div>\n<div>Mejorar la eficiencia y la productividad del trabajo mediante el Internet industrial de los objetos<\/div>\n<div><\/div>\n<div>Sin p\u00e9rdidas de tiempo, de materiales ni de equipos. Aproveche el Internet Industrial de las Cosas (IIoT) para maximizar la eficiencia de sus procesos de mecanizado y aumentar la calidad y cantidad de su producci\u00f3n.<\/div>\n<div><\/div>\n<div>Para su producci\u00f3n<\/div>\n<div><strong>\u00a0<\/strong><\/div>\n<div><\/div>\n<div>1 Controla tus dispositivos<\/div>\n<div><strong><img loading=\"lazy\" decoding=\"async\" class=\"alignnone wp-image-527 size-full lazy-load-active\" src=\"https:\/\/sldzjg.com\/wp-content\/uploads\/2024\/12\/005.jpg\" sizes=\"auto, (max-width: 800px) 100vw, 800px\" srcset=\"https:\/\/sldzjg.com\/wp-content\/uploads\/2024\/12\/005.jpg 800w, https:\/\/sldzjg.com\/wp-content\/uploads\/2024\/12\/005-300x99.jpg 300w, https:\/\/sldzjg.com\/wp-content\/uploads\/2024\/12\/005-768x252.jpg 768w\" alt=\"\" width=\"800\" height=\"263\" data-src=\"https:\/\/sldzjg.com\/wp-content\/uploads\/2024\/12\/005.jpg\" data-srcset=\"https:\/\/sldzjg.com\/wp-content\/uploads\/2024\/12\/005.jpg 800w, https:\/\/sldzjg.com\/wp-content\/uploads\/2024\/12\/005-300x99.jpg 300w, https:\/\/sldzjg.com\/wp-content\/uploads\/2024\/12\/005-768x252.jpg 768w\" \/><\/strong><\/div>\n<div><\/div>\n<div>2 Aprovechar las ventajas de la conectividad<\/div>\n<div><strong>\u00a0<\/strong><\/div>\n<div><strong><img loading=\"lazy\" decoding=\"async\" class=\"alignnone wp-image-528 size-full lazy-load-active\" src=\"https:\/\/sldzjg.com\/wp-content\/uploads\/2024\/12\/006.png\" sizes=\"auto, (max-width: 800px) 100vw, 800px\" srcset=\"https:\/\/sldzjg.com\/wp-content\/uploads\/2024\/12\/006.png 800w, https:\/\/sldzjg.com\/wp-content\/uploads\/2024\/12\/006-300x98.png 300w, https:\/\/sldzjg.com\/wp-content\/uploads\/2024\/12\/006-768x250.png 768w\" alt=\"\" width=\"800\" height=\"260\" data-src=\"https:\/\/sldzjg.com\/wp-content\/uploads\/2024\/12\/006.png\" data-srcset=\"https:\/\/sldzjg.com\/wp-content\/uploads\/2024\/12\/006.png 800w, https:\/\/sldzjg.com\/wp-content\/uploads\/2024\/12\/006-300x98.png 300w, https:\/\/sldzjg.com\/wp-content\/uploads\/2024\/12\/006-768x250.png 768w\" \/><\/strong><\/div>\n<div><\/div>\n<div><\/div>\n<div>3 Programaci\u00f3n integrada y planificaci\u00f3n de la producci\u00f3n<\/div>\n<div><\/div>\n<div><strong><img loading=\"lazy\" decoding=\"async\" class=\"alignnone wp-image-529 size-full lazy-load-active\" src=\"https:\/\/sldzjg.com\/wp-content\/uploads\/2024\/12\/007.png\" sizes=\"auto, (max-width: 800px) 100vw, 800px\" srcset=\"https:\/\/sldzjg.com\/wp-content\/uploads\/2024\/12\/007.png 800w, https:\/\/sldzjg.com\/wp-content\/uploads\/2024\/12\/007-300x103.png 300w, https:\/\/sldzjg.com\/wp-content\/uploads\/2024\/12\/007-768x263.png 768w\" alt=\"\" width=\"800\" height=\"274\" data-src=\"https:\/\/sldzjg.com\/wp-content\/uploads\/2024\/12\/007.png\" data-srcset=\"https:\/\/sldzjg.com\/wp-content\/uploads\/2024\/12\/007.png 800w, https:\/\/sldzjg.com\/wp-content\/uploads\/2024\/12\/007-300x103.png 300w, https:\/\/sldzjg.com\/wp-content\/uploads\/2024\/12\/007-768x263.png 768w\" \/><\/strong><\/div>\n<div><strong>\u00a0<\/strong><\/div>\n<div>4 Integrar los sistemas de informaci\u00f3n de la empresa<\/div>\n<div><img loading=\"lazy\" decoding=\"async\" class=\"alignnone wp-image-530 size-full lazy-load-active\" src=\"https:\/\/sldzjg.com\/wp-content\/uploads\/2024\/12\/008.png\" sizes=\"auto, (max-width: 810px) 100vw, 810px\" srcset=\"https:\/\/sldzjg.com\/wp-content\/uploads\/2024\/12\/008.png 810w, https:\/\/sldzjg.com\/wp-content\/uploads\/2024\/12\/008-300x111.png 300w, https:\/\/sldzjg.com\/wp-content\/uploads\/2024\/12\/008-768x283.png 768w\" alt=\"\" width=\"810\" height=\"299\" data-src=\"https:\/\/sldzjg.com\/wp-content\/uploads\/2024\/12\/008.png\" data-srcset=\"https:\/\/sldzjg.com\/wp-content\/uploads\/2024\/12\/008.png 810w, https:\/\/sldzjg.com\/wp-content\/uploads\/2024\/12\/008-300x111.png 300w, https:\/\/sldzjg.com\/wp-content\/uploads\/2024\/12\/008-768x283.png 768w\" \/><\/div>\n<div><\/div>\n<div>\n<p>&nbsp;<\/p>\n<table class=\"xhe-border\" border=\"0\" width=\"1000\" cellspacing=\"0\" cellpadding=\"0\">\n<tbody>\n<tr>\n<td>\u00a0<img loading=\"lazy\" decoding=\"async\" class=\"lazy-load-active\" src=\"https:\/\/sldzjg.com\/UpLoad\/202111\/2021112673289313.jpg\" alt=\"\" width=\"200\" height=\"100\" data-src=\"https:\/\/sldzjg.com\/UpLoad\/202111\/2021112673289313.jpg\" \/><\/td>\n<td><img loading=\"lazy\" decoding=\"async\" class=\"alignnone size-medium wp-image-531 lazy-load-active\" src=\"https:\/\/sldzjg.com\/wp-content\/uploads\/2024\/12\/001-300x153.png\" sizes=\"auto, (max-width: 300px) 100vw, 300px\" srcset=\"https:\/\/sldzjg.com\/wp-content\/uploads\/2024\/12\/001-300x153.png 300w, https:\/\/sldzjg.com\/wp-content\/uploads\/2024\/12\/001.png 395w\" alt=\"\" width=\"300\" height=\"153\" data-src=\"https:\/\/sldzjg.com\/wp-content\/uploads\/2024\/12\/001-300x153.png\" data-srcset=\"https:\/\/sldzjg.com\/wp-content\/uploads\/2024\/12\/001-300x153.png 300w, https:\/\/sldzjg.com\/wp-content\/uploads\/2024\/12\/001.png 395w\" \/><\/td>\n<td><img loading=\"lazy\" decoding=\"async\" class=\"alignnone size-medium wp-image-532 lazy-load-active\" src=\"https:\/\/sldzjg.com\/wp-content\/uploads\/2024\/12\/002-1-300x153.jpg\" sizes=\"auto, (max-width: 300px) 100vw, 300px\" srcset=\"https:\/\/sldzjg.com\/wp-content\/uploads\/2024\/12\/002-1-300x153.jpg 300w, https:\/\/sldzjg.com\/wp-content\/uploads\/2024\/12\/002-1.jpg 395w\" alt=\"\" width=\"300\" height=\"153\" data-src=\"https:\/\/sldzjg.com\/wp-content\/uploads\/2024\/12\/002-1-300x153.jpg\" data-srcset=\"https:\/\/sldzjg.com\/wp-content\/uploads\/2024\/12\/002-1-300x153.jpg 300w, https:\/\/sldzjg.com\/wp-content\/uploads\/2024\/12\/002-1.jpg 395w\" \/><\/td>\n<td><img loading=\"lazy\" decoding=\"async\" class=\"alignnone size-medium wp-image-533 lazy-load-active\" src=\"https:\/\/sldzjg.com\/wp-content\/uploads\/2024\/12\/003-2-300x153.jpg\" sizes=\"auto, (max-width: 300px) 100vw, 300px\" srcset=\"https:\/\/sldzjg.com\/wp-content\/uploads\/2024\/12\/003-2-300x153.jpg 300w, https:\/\/sldzjg.com\/wp-content\/uploads\/2024\/12\/003-2.jpg 395w\" alt=\"\" width=\"300\" height=\"153\" data-src=\"https:\/\/sldzjg.com\/wp-content\/uploads\/2024\/12\/003-2-300x153.jpg\" data-srcset=\"https:\/\/sldzjg.com\/wp-content\/uploads\/2024\/12\/003-2-300x153.jpg 300w, https:\/\/sldzjg.com\/wp-content\/uploads\/2024\/12\/003-2.jpg 395w\" \/><\/td>\n<\/tr>\n<tr>\n<td><\/td>\n<td>\u00a0 \u00a0 \u00a0 \u00a0 \u00a0 \u00a0 \u00a0<strong><br \/>\nAsistencia remota continua En situaciones de emergencia, los servicios de asistencia pueden acceder a distancia a todos los dispositivos respetando estrictamente las normas de seguridad. Estamos a su servicio en todo momento con profesionalidad.<br \/>\n<\/strong><\/p>\n<div><\/div>\n<\/td>\n<td>\u00a0 \u00a0<strong><strong>\u00a0 \u00a0<\/strong><\/strong>La realidad aumentada lo hace m\u00e1s f\u00e1cil<\/p>\n<p>Active Eye proporciona asistencia remota 4.0 a trav\u00e9s de la tecnolog\u00eda de la realidad. Le permite ponerse en contacto con los servicios de asistencia t\u00e9cnica a trav\u00e9s de su smartphone, tableta u ordenador.<\/td>\n<td>\u00a0 \u00a0 \u00a0\u00a0<strong><strong>\u00a0<\/strong><\/strong>100% predicci\u00f3n, 0% sorpresa<\/p>\n<p>Analizando los datos devueltos por el equipo, podemos encontrar<br \/>\nproblemas clave y tomar medidas de mantenimiento preventivo con antelaci\u00f3n para evitar que se produzcan. De este modo<br \/>\nobtener siempre la m\u00e1xima disponibilidad de los equipos.<\/td>\n<\/tr>\n<\/tbody>\n<\/table>\n<p><img loading=\"lazy\" decoding=\"async\" class=\"alignnone wp-image-534 size-large lazy-load-active\" src=\"https:\/\/sldzjg.com\/wp-content\/uploads\/2024\/12\/004-1024x618.jpg\" sizes=\"auto, (max-width: 1020px) 100vw, 1020px\" srcset=\"https:\/\/sldzjg.com\/wp-content\/uploads\/2024\/12\/004-1024x618.jpg 1024w, https:\/\/sldzjg.com\/wp-content\/uploads\/2024\/12\/004-300x181.jpg 300w, https:\/\/sldzjg.com\/wp-content\/uploads\/2024\/12\/004-768x464.jpg 768w, https:\/\/sldzjg.com\/wp-content\/uploads\/2024\/12\/004-1000x604.jpg 1000w, https:\/\/sldzjg.com\/wp-content\/uploads\/2024\/12\/004.jpg 1158w\" alt=\"\" width=\"1020\" height=\"616\" data-src=\"https:\/\/sldzjg.com\/wp-content\/uploads\/2024\/12\/004-1024x618.jpg\" data-srcset=\"https:\/\/sldzjg.com\/wp-content\/uploads\/2024\/12\/004-1024x618.jpg 1024w, https:\/\/sldzjg.com\/wp-content\/uploads\/2024\/12\/004-300x181.jpg 300w, https:\/\/sldzjg.com\/wp-content\/uploads\/2024\/12\/004-768x464.jpg 768w, https:\/\/sldzjg.com\/wp-content\/uploads\/2024\/12\/004-1000x604.jpg 1000w, https:\/\/sldzjg.com\/wp-content\/uploads\/2024\/12\/004.jpg 1158w\" \/><\/p>\n<\/div>","protected":false},"excerpt":{"rendered":"<p>L\u00ednea de producci\u00f3n totalmente autom\u00e1tica A: enderezadora de bobinas + curvadora de tubos<\/p>","protected":false},"featured_media":1563,"comment_status":"open","ping_status":"closed","template":"","meta":{"_acf_changed":false},"product_brand":[],"product_cat":[48],"product_tag":[],"class_list":{"0":"post-1562","1":"product","2":"type-product","3":"status-publish","4":"has-post-thumbnail","6":"product_cat-automation-solutions-automation-solutions","8":"first","9":"instock","10":"shipping-taxable","11":"product-type-simple"},"acf":[],"yoast_head":"<!-- This site is optimized with the Yoast SEO Premium plugin v25.5 (Yoast SEO v27.4) - https:\/\/yoast.com\/product\/yoast-seo-premium-wordpress\/ -->\n<title>Fully automatic production line A - Shenglida Technology (Zhangjiagang) Co., Ltd.<\/title>\n<meta name=\"robots\" content=\"index, follow, max-snippet:-1, max-image-preview:large, max-video-preview:-1\" \/>\n<link rel=\"canonical\" href=\"https:\/\/sldcncpipebender.com\/es\/producto\/linea-de-produccion-totalmente-automatica-a\/\" \/>\n<meta property=\"og:locale\" content=\"es_ES\" \/>\n<meta property=\"og:type\" content=\"article\" \/>\n<meta property=\"og:title\" content=\"Fully automatic production line A\" \/>\n<meta property=\"og:description\" content=\"Fully automatic production line A: coil straightening + pipe bending machine\" \/>\n<meta property=\"og:url\" content=\"https:\/\/sldcncpipebender.com\/es\/producto\/linea-de-produccion-totalmente-automatica-a\/\" \/>\n<meta property=\"og:site_name\" content=\"Shenglida Technology (Zhangjiagang) Co., Ltd.\" \/>\n<meta property=\"article:modified_time\" content=\"2025-06-07T09:06:11+00:00\" \/>\n<meta property=\"og:image\" content=\"https:\/\/sldcncpipebender.com\/wp-content\/uploads\/2025\/06\/01-74.jpg\" \/>\n\t<meta property=\"og:image:width\" content=\"1024\" \/>\n\t<meta property=\"og:image:height\" content=\"848\" \/>\n\t<meta property=\"og:image:type\" content=\"image\/jpeg\" \/>\n<meta name=\"twitter:card\" content=\"summary_large_image\" \/>\n<meta name=\"twitter:label1\" content=\"Tiempo de lectura\" \/>\n\t<meta name=\"twitter:data1\" content=\"5 minutos\" \/>\n<script type=\"application\/ld+json\" class=\"yoast-schema-graph\">{\"@context\":\"https:\\\/\\\/schema.org\",\"@graph\":[{\"@type\":\"WebPage\",\"@id\":\"https:\\\/\\\/sldcncpipebender.com\\\/product\\\/fully-automatic-production-line-a\\\/\",\"url\":\"https:\\\/\\\/sldcncpipebender.com\\\/product\\\/fully-automatic-production-line-a\\\/\",\"name\":\"Fully automatic production line A - Shenglida Technology (Zhangjiagang) Co., Ltd.\",\"isPartOf\":{\"@id\":\"https:\\\/\\\/sldcncpipebender.com\\\/#website\"},\"primaryImageOfPage\":{\"@id\":\"https:\\\/\\\/sldcncpipebender.com\\\/product\\\/fully-automatic-production-line-a\\\/#primaryimage\"},\"image\":{\"@id\":\"https:\\\/\\\/sldcncpipebender.com\\\/product\\\/fully-automatic-production-line-a\\\/#primaryimage\"},\"thumbnailUrl\":\"https:\\\/\\\/sldcncpipebender.com\\\/wp-content\\\/uploads\\\/2025\\\/06\\\/01-74.jpg\",\"datePublished\":\"2025-06-07T09:06:10+00:00\",\"dateModified\":\"2025-06-07T09:06:11+00:00\",\"breadcrumb\":{\"@id\":\"https:\\\/\\\/sldcncpipebender.com\\\/product\\\/fully-automatic-production-line-a\\\/#breadcrumb\"},\"inLanguage\":\"es\",\"potentialAction\":[{\"@type\":\"ReadAction\",\"target\":[\"https:\\\/\\\/sldcncpipebender.com\\\/product\\\/fully-automatic-production-line-a\\\/\"]}]},{\"@type\":\"ImageObject\",\"inLanguage\":\"es\",\"@id\":\"https:\\\/\\\/sldcncpipebender.com\\\/product\\\/fully-automatic-production-line-a\\\/#primaryimage\",\"url\":\"https:\\\/\\\/sldcncpipebender.com\\\/wp-content\\\/uploads\\\/2025\\\/06\\\/01-74.jpg\",\"contentUrl\":\"https:\\\/\\\/sldcncpipebender.com\\\/wp-content\\\/uploads\\\/2025\\\/06\\\/01-74.jpg\",\"width\":1024,\"height\":848},{\"@type\":\"BreadcrumbList\",\"@id\":\"https:\\\/\\\/sldcncpipebender.com\\\/product\\\/fully-automatic-production-line-a\\\/#breadcrumb\",\"itemListElement\":[{\"@type\":\"ListItem\",\"position\":1,\"name\":\"Home\",\"item\":\"https:\\\/\\\/sldcncpipebender.com\\\/\"},{\"@type\":\"ListItem\",\"position\":2,\"name\":\"shop\",\"item\":\"https:\\\/\\\/sldcncpipebender.com\\\/shop\\\/\"},{\"@type\":\"ListItem\",\"position\":3,\"name\":\"Fully automatic production line A\"}]},{\"@type\":\"WebSite\",\"@id\":\"https:\\\/\\\/sldcncpipebender.com\\\/#website\",\"url\":\"https:\\\/\\\/sldcncpipebender.com\\\/\",\"name\":\"Shenglida Technology (Zhangjiagang) Co., Ltd.\",\"description\":\"pipe bending machine -  pipe cutting machine - pipe end forming machine\",\"potentialAction\":[{\"@type\":\"SearchAction\",\"target\":{\"@type\":\"EntryPoint\",\"urlTemplate\":\"https:\\\/\\\/sldcncpipebender.com\\\/?s={search_term_string}\"},\"query-input\":{\"@type\":\"PropertyValueSpecification\",\"valueRequired\":true,\"valueName\":\"search_term_string\"}}],\"inLanguage\":\"es\"}]}<\/script>\n<!-- \/ Yoast SEO Premium plugin. -->","yoast_head_json":{"title":"L\u00ednea de producci\u00f3n totalmente autom\u00e1tica A - Shenglida Technology (Zhangjiagang) Co., Ltd.","robots":{"index":"index","follow":"follow","max-snippet":"max-snippet:-1","max-image-preview":"max-image-preview:large","max-video-preview":"max-video-preview:-1"},"canonical":"https:\/\/sldcncpipebender.com\/es\/producto\/linea-de-produccion-totalmente-automatica-a\/","og_locale":"es_ES","og_type":"article","og_title":"Fully automatic production line A","og_description":"Fully automatic production line A: coil straightening + pipe bending machine","og_url":"https:\/\/sldcncpipebender.com\/es\/producto\/linea-de-produccion-totalmente-automatica-a\/","og_site_name":"Shenglida Technology (Zhangjiagang) Co., Ltd.","article_modified_time":"2025-06-07T09:06:11+00:00","og_image":[{"width":1024,"height":848,"url":"https:\/\/sldcncpipebender.com\/wp-content\/uploads\/2025\/06\/01-74.jpg","type":"image\/jpeg"}],"twitter_card":"summary_large_image","twitter_misc":{"Tiempo de lectura":"5 minutos"},"schema":{"@context":"https:\/\/schema.org","@graph":[{"@type":"WebPage","@id":"https:\/\/sldcncpipebender.com\/product\/fully-automatic-production-line-a\/","url":"https:\/\/sldcncpipebender.com\/product\/fully-automatic-production-line-a\/","name":"L\u00ednea de producci\u00f3n totalmente autom\u00e1tica A - Shenglida Technology (Zhangjiagang) Co., Ltd.","isPartOf":{"@id":"https:\/\/sldcncpipebender.com\/#website"},"primaryImageOfPage":{"@id":"https:\/\/sldcncpipebender.com\/product\/fully-automatic-production-line-a\/#primaryimage"},"image":{"@id":"https:\/\/sldcncpipebender.com\/product\/fully-automatic-production-line-a\/#primaryimage"},"thumbnailUrl":"https:\/\/sldcncpipebender.com\/wp-content\/uploads\/2025\/06\/01-74.jpg","datePublished":"2025-06-07T09:06:10+00:00","dateModified":"2025-06-07T09:06:11+00:00","breadcrumb":{"@id":"https:\/\/sldcncpipebender.com\/product\/fully-automatic-production-line-a\/#breadcrumb"},"inLanguage":"es","potentialAction":[{"@type":"ReadAction","target":["https:\/\/sldcncpipebender.com\/product\/fully-automatic-production-line-a\/"]}]},{"@type":"ImageObject","inLanguage":"es","@id":"https:\/\/sldcncpipebender.com\/product\/fully-automatic-production-line-a\/#primaryimage","url":"https:\/\/sldcncpipebender.com\/wp-content\/uploads\/2025\/06\/01-74.jpg","contentUrl":"https:\/\/sldcncpipebender.com\/wp-content\/uploads\/2025\/06\/01-74.jpg","width":1024,"height":848},{"@type":"BreadcrumbList","@id":"https:\/\/sldcncpipebender.com\/product\/fully-automatic-production-line-a\/#breadcrumb","itemListElement":[{"@type":"ListItem","position":1,"name":"Home","item":"https:\/\/sldcncpipebender.com\/"},{"@type":"ListItem","position":2,"name":"shop","item":"https:\/\/sldcncpipebender.com\/shop\/"},{"@type":"ListItem","position":3,"name":"Fully automatic production line A"}]},{"@type":"WebSite","@id":"https:\/\/sldcncpipebender.com\/#website","url":"https:\/\/sldcncpipebender.com\/","name":"Shenglida Technology (Zhangjiagang) Co., Ltd.","description":"M\u00e1quina curvadora de tubos - M\u00e1quina cortadora de tubos - M\u00e1quina conformadora de extremos de tubos","potentialAction":[{"@type":"SearchAction","target":{"@type":"EntryPoint","urlTemplate":"https:\/\/sldcncpipebender.com\/?s={search_term_string}"},"query-input":{"@type":"PropertyValueSpecification","valueRequired":true,"valueName":"search_term_string"}}],"inLanguage":"es"}]}},"_links":{"self":[{"href":"https:\/\/sldcncpipebender.com\/es\/wp-json\/wp\/v2\/product\/1562","targetHints":{"allow":["GET"]}}],"collection":[{"href":"https:\/\/sldcncpipebender.com\/es\/wp-json\/wp\/v2\/product"}],"about":[{"href":"https:\/\/sldcncpipebender.com\/es\/wp-json\/wp\/v2\/types\/product"}],"replies":[{"embeddable":true,"href":"https:\/\/sldcncpipebender.com\/es\/wp-json\/wp\/v2\/comments?post=1562"}],"wp:featuredmedia":[{"embeddable":true,"href":"https:\/\/sldcncpipebender.com\/es\/wp-json\/wp\/v2\/media\/1563"}],"wp:attachment":[{"href":"https:\/\/sldcncpipebender.com\/es\/wp-json\/wp\/v2\/media?parent=1562"}],"wp:term":[{"taxonomy":"product_brand","embeddable":true,"href":"https:\/\/sldcncpipebender.com\/es\/wp-json\/wp\/v2\/product_brand?post=1562"},{"taxonomy":"product_cat","embeddable":true,"href":"https:\/\/sldcncpipebender.com\/es\/wp-json\/wp\/v2\/product_cat?post=1562"},{"taxonomy":"product_tag","embeddable":true,"href":"https:\/\/sldcncpipebender.com\/es\/wp-json\/wp\/v2\/product_tag?post=1562"}],"curies":[{"name":"wp","href":"https:\/\/api.w.org\/{rel}","templated":true}]}}