{"id":1817,"date":"2025-07-09T14:23:50","date_gmt":"2025-07-09T06:23:50","guid":{"rendered":"https:\/\/sldcncpipebender.com\/?post_type=product&#038;p=1817"},"modified":"2025-07-17T15:15:41","modified_gmt":"2025-07-17T07:15:41","slug":"63cnc-4a-2s-maquina-automatica-de-doblado-de-tubos","status":"publish","type":"product","link":"https:\/\/sldcncpipebender.com\/es\/producto\/63cnc-4a-2s-maquina-automatica-de-doblado-de-tubos\/","title":{"rendered":"63CNC-4A-2S m\u00e1quina dobladora de tubos autom\u00e1tica"},"content":{"rendered":"<p>Las principales ventajas de <a href=\"https:\/\/baike.baidu.com\/item\/%E7%9B%9B%E5%88%A9%E8%BE%BE%E7%A7%91%E6%8A%80%EF%BC%88%E5%BC%A0%E5%AE%B6%E6%B8%AF%EF%BC%89%E6%9C%89%E9%99%90%E5%85%AC%E5%8F%B8\/60634440\">63CNC-4A-2M\u00e1quina dobladora totalmente autom\u00e1tica<\/a> se reflejan principalmente en la alta precisi\u00f3n, la alta eficiencia, la multifuncionalidad y el control inteligente, que pueden satisfacer los requisitos de alto nivel de procesamiento de tuber\u00edas industriales complejas.<\/p>\n<p>Caracter\u00edsticas principales<\/p>\n<p>Sistema de control num\u00e9rico totalmente autom\u00e1tico<\/p>\n<p>Utilizando<a href=\"https:\/\/sldcncpipebender.com\/es\/categoria-producto\/plan-de-curvado-de-tubos\/maquina-curvadora-de-tubos-cnc\/\"> CNC<\/a> (control digital por ordenador), admite la edici\u00f3n y el almacenamiento de programas complejos, realiza el curvado de tubos multi\u00e1ngulo y multidimensional, y tiene una alta precisi\u00f3n de posicionamiento de repetibilidad (normalmente dentro de \u00b10,1 mm).<\/p>\n<p>Puede combinarse con una interfaz de funcionamiento de pantalla t\u00e1ctil para simplificar el proceso de programaci\u00f3n.<\/p>\n<p>Enganche de cuatro ejes (4A)<\/p>\n<p>Con 4 ejes de servocontrol (como eje de alimentaci\u00f3n, eje de curvado, eje giratorio y eje de sujeci\u00f3n), puede completar el curvado tridimensional de tubos en el espacio y adaptarse a los requisitos de curvas complejas.<\/p>\n<p>Accionamiento de doble husillo (2S)<\/p>\n<p>Utilizando una estructura de transmisi\u00f3n de doble tornillo, mejora la estabilidad y el empuje al doblar la tuber\u00eda, adecuada para el procesamiento de tuber\u00edas de gran di\u00e1metro o de pared gruesa (como acero inoxidable, acero al carbono, tuber\u00edas de cobre, etc.).<\/p>\n<p>Producci\u00f3n eficaz<\/p>\n<p>El dise\u00f1o integrado de alimentaci\u00f3n, plegado y corte autom\u00e1ticos reduce la intervenci\u00f3n manual y mejora la eficacia de la producci\u00f3n por lotes.<\/p>\n<p>Opcionalmente, se puede seleccionar la rejilla de alimentaci\u00f3n autom\u00e1tica y el dispositivo de recogida del producto acabado.<\/p>\n<p>Buena compatibilidad<\/p>\n<p>Admite una gran variedad de materiales de tuber\u00eda (tuber\u00eda redonda, cuadrada, ovalada, etc.), y el rango de di\u00e1metros suele ser de \u03a610-\u03a663mm (consulte los datos del fabricante para m\u00e1s detalles).<\/p>\n<p>Puede procesar distintos materiales (metal, algunos tubos de pl\u00e1stico).<\/p>\n<p>flujo de trabajo<\/p>\n<p>Entrada de programaci\u00f3n: Importaci\u00f3n de par\u00e1metros de plegado a trav\u00e9s de planos CAD o entrada manual.<\/p>\n<p>Alimentaci\u00f3n autom\u00e1tica: La tuber\u00eda se introduce en la zona de procesamiento a trav\u00e9s de un sistema transportador.<\/p>\n<p>Posicionamiento y sujeci\u00f3n: Las mordazas de sujeci\u00f3n aseguran el tubo mientras se posiciona el cabezal de la matriz de curvado.<\/p>\n<p>Conformado por plegado: El cabezal de la matriz gira para empujar el tubo hasta el \u00e1ngulo preestablecido, y el mecanismo de alimentaci\u00f3n ajusta su posici\u00f3n en consecuencia.<\/p>\n<p>Expulsi\u00f3n del material: Tras completar el proceso de plegado, el material se descarga autom\u00e1ticamente, iniciando el siguiente ciclo.<\/p>\n<p><img loading=\"lazy\" decoding=\"async\" class=\"alignnone size-full wp-image-1819\" src=\"https:\/\/sldcncpipebender.com\/wp-content\/uploads\/2025\/07\/63CNC-4A-2S-1.jpg\" alt=\"\" width=\"1000\" height=\"1000\" srcset=\"https:\/\/sldcncpipebender.com\/wp-content\/uploads\/2025\/07\/63CNC-4A-2S-1.jpg 1000w, https:\/\/sldcncpipebender.com\/wp-content\/uploads\/2025\/07\/63CNC-4A-2S-1-300x300.jpg 300w, https:\/\/sldcncpipebender.com\/wp-content\/uploads\/2025\/07\/63CNC-4A-2S-1-150x150.jpg 150w, https:\/\/sldcncpipebender.com\/wp-content\/uploads\/2025\/07\/63CNC-4A-2S-1-768x768.jpg 768w, https:\/\/sldcncpipebender.com\/wp-content\/uploads\/2025\/07\/63CNC-4A-2S-1-12x12.jpg 12w, https:\/\/sldcncpipebender.com\/wp-content\/uploads\/2025\/07\/63CNC-4A-2S-1-100x100.jpg 100w\" sizes=\"auto, (max-width: 1000px) 100vw, 1000px\" \/><\/p>\n<p>&nbsp;<\/p>","protected":false},"excerpt":{"rendered":"<p>La curvadora autom\u00e1tica de tubos 63CNC-4A-2S es una m\u00e1quina de alto rendimiento <a href=\"https:\/\/sldcncpipebender.com\/es\/noticias\/\">Equipos CNC de curvado de tubos<\/a> con tecnolog\u00eda de articulaci\u00f3n de 4 ejes (4A) y servoaccionamiento dual (2S), capaz de procesar tubos de acero al carbono con di\u00e1metros de hasta 63 mm y grosores de pared de entre 1,0 y 4,0 mm. Equipada con un sistema de control CNC de alta precisi\u00f3n, alcanza una precisi\u00f3n de repetici\u00f3n de posicionamiento de \u00b10,1 mm y cuenta con compensaci\u00f3n autom\u00e1tica de rebote para curvas tridimensionales complejas. El flujo de trabajo totalmente automatizado incluye alimentaci\u00f3n autom\u00e1tica, posicionamiento preciso, formaci\u00f3n del plegado y retirada del material, con m\u00f3dulos opcionales para carga e inspecci\u00f3n autom\u00e1ticas. La interfaz de pantalla t\u00e1ctil admite programaci\u00f3n gr\u00e1fica e importaci\u00f3n de archivos CAD, y almacena cientos de programas de mecanizado. Ideal para el procesamiento de tubos de precisi\u00f3n en sistemas de escape de autom\u00f3viles, herrajes para muebles, equipos de fitness e industrias relacionadas, esta m\u00e1quina mejora la eficiencia en m\u00e1s de 50% en comparaci\u00f3n con los equipos tradicionales, al tiempo que reduce significativamente los costes de producci\u00f3n.<\/p>","protected":false},"featured_media":1819,"comment_status":"open","ping_status":"closed","template":"","meta":{"_acf_changed":false},"product_brand":[],"product_cat":[32],"product_tag":[],"class_list":{"0":"post-1817","1":"product","2":"type-product","3":"status-publish","4":"has-post-thumbnail","6":"product_cat-cnc-pipe-bending-machine","8":"first","9":"instock","10":"shipping-taxable","11":"product-type-simple"},"acf":[],"yoast_head":"<!-- This site is optimized with the Yoast SEO Premium plugin v25.5 (Yoast SEO v27.4) - https:\/\/yoast.com\/product\/yoast-seo-premium-wordpress\/ -->\n<title>63CNC-4A-2S automatic pipe bender machine - Shenglida Technology (Zhangjiagang) Co., Ltd.<\/title>\n<meta name=\"description\" content=\"63CNC-4A-2S fully automatic pipe bender core advantages are high precision, high efficiency, multifunction and intelligent control\" \/>\n<meta name=\"robots\" content=\"index, follow, max-snippet:-1, max-image-preview:large, max-video-preview:-1\" \/>\n<link rel=\"canonical\" href=\"https:\/\/sldcncpipebender.com\/es\/producto\/63cnc-4a-2s-maquina-automatica-de-doblado-de-tubos\/\" \/>\n<meta property=\"og:locale\" content=\"es_ES\" \/>\n<meta property=\"og:type\" content=\"article\" \/>\n<meta property=\"og:title\" content=\"63CNC-4A-2S automatic pipe bender machine\" \/>\n<meta property=\"og:description\" content=\"63CNC-4A-2S fully automatic pipe bender core advantages are high precision, high efficiency, multifunction and intelligent control\" \/>\n<meta property=\"og:url\" content=\"https:\/\/sldcncpipebender.com\/es\/producto\/63cnc-4a-2s-maquina-automatica-de-doblado-de-tubos\/\" \/>\n<meta property=\"og:site_name\" content=\"Shenglida Technology (Zhangjiagang) Co., Ltd.\" \/>\n<meta property=\"article:modified_time\" content=\"2025-07-17T07:15:41+00:00\" \/>\n<meta property=\"og:image\" content=\"https:\/\/sldcncpipebender.com\/wp-content\/uploads\/2025\/07\/63CNC-4A-2S-1.jpg\" \/>\n\t<meta property=\"og:image:width\" content=\"1000\" \/>\n\t<meta property=\"og:image:height\" content=\"1000\" \/>\n\t<meta property=\"og:image:type\" content=\"image\/jpeg\" \/>\n<meta name=\"twitter:card\" content=\"summary_large_image\" \/>\n<meta name=\"twitter:label1\" content=\"Tiempo de lectura\" \/>\n\t<meta name=\"twitter:data1\" content=\"2 minutos\" \/>\n<script type=\"application\/ld+json\" class=\"yoast-schema-graph\">{\"@context\":\"https:\\\/\\\/schema.org\",\"@graph\":[{\"@type\":\"WebPage\",\"@id\":\"https:\\\/\\\/sldcncpipebender.com\\\/product\\\/63cnc-4a-2s-automatic-pipe-bending-machine\\\/\",\"url\":\"https:\\\/\\\/sldcncpipebender.com\\\/product\\\/63cnc-4a-2s-automatic-pipe-bending-machine\\\/\",\"name\":\"63CNC-4A-2S automatic pipe bender machine - Shenglida Technology (Zhangjiagang) Co., Ltd.\",\"isPartOf\":{\"@id\":\"https:\\\/\\\/sldcncpipebender.com\\\/#website\"},\"primaryImageOfPage\":{\"@id\":\"https:\\\/\\\/sldcncpipebender.com\\\/product\\\/63cnc-4a-2s-automatic-pipe-bending-machine\\\/#primaryimage\"},\"image\":{\"@id\":\"https:\\\/\\\/sldcncpipebender.com\\\/product\\\/63cnc-4a-2s-automatic-pipe-bending-machine\\\/#primaryimage\"},\"thumbnailUrl\":\"https:\\\/\\\/sldcncpipebender.com\\\/wp-content\\\/uploads\\\/2025\\\/07\\\/63CNC-4A-2S-1.jpg\",\"datePublished\":\"2025-07-09T06:23:50+00:00\",\"dateModified\":\"2025-07-17T07:15:41+00:00\",\"description\":\"63CNC-4A-2S fully automatic pipe bender core advantages are high precision, high efficiency, multifunction and intelligent control\",\"breadcrumb\":{\"@id\":\"https:\\\/\\\/sldcncpipebender.com\\\/product\\\/63cnc-4a-2s-automatic-pipe-bending-machine\\\/#breadcrumb\"},\"inLanguage\":\"es\",\"potentialAction\":[{\"@type\":\"ReadAction\",\"target\":[\"https:\\\/\\\/sldcncpipebender.com\\\/product\\\/63cnc-4a-2s-automatic-pipe-bending-machine\\\/\"]}]},{\"@type\":\"ImageObject\",\"inLanguage\":\"es\",\"@id\":\"https:\\\/\\\/sldcncpipebender.com\\\/product\\\/63cnc-4a-2s-automatic-pipe-bending-machine\\\/#primaryimage\",\"url\":\"https:\\\/\\\/sldcncpipebender.com\\\/wp-content\\\/uploads\\\/2025\\\/07\\\/63CNC-4A-2S-1.jpg\",\"contentUrl\":\"https:\\\/\\\/sldcncpipebender.com\\\/wp-content\\\/uploads\\\/2025\\\/07\\\/63CNC-4A-2S-1.jpg\",\"width\":1000,\"height\":1000},{\"@type\":\"BreadcrumbList\",\"@id\":\"https:\\\/\\\/sldcncpipebender.com\\\/product\\\/63cnc-4a-2s-automatic-pipe-bending-machine\\\/#breadcrumb\",\"itemListElement\":[{\"@type\":\"ListItem\",\"position\":1,\"name\":\"Home\",\"item\":\"https:\\\/\\\/sldcncpipebender.com\\\/\"},{\"@type\":\"ListItem\",\"position\":2,\"name\":\"shop\",\"item\":\"https:\\\/\\\/sldcncpipebender.com\\\/shop\\\/\"},{\"@type\":\"ListItem\",\"position\":3,\"name\":\"63CNC-4A-2S automatic pipe bender machine\"}]},{\"@type\":\"WebSite\",\"@id\":\"https:\\\/\\\/sldcncpipebender.com\\\/#website\",\"url\":\"https:\\\/\\\/sldcncpipebender.com\\\/\",\"name\":\"Shenglida Technology (Zhangjiagang) Co., Ltd.\",\"description\":\"pipe bending machine -  pipe cutting machine - pipe end forming machine\",\"potentialAction\":[{\"@type\":\"SearchAction\",\"target\":{\"@type\":\"EntryPoint\",\"urlTemplate\":\"https:\\\/\\\/sldcncpipebender.com\\\/?s={search_term_string}\"},\"query-input\":{\"@type\":\"PropertyValueSpecification\",\"valueRequired\":true,\"valueName\":\"search_term_string\"}}],\"inLanguage\":\"es\"}]}<\/script>\n<!-- \/ Yoast SEO Premium plugin. -->","yoast_head_json":{"title":"63CNC-4A-2S m\u00e1quina dobladora de tubos autom\u00e1tica - Shenglida Technology (Zhangjiagang) Co., Ltd.","description":"63CNC-4A-2S totalmente autom\u00e1tico de tuber\u00edas ventajas principales son de alta precisi\u00f3n, alta eficiencia, multifunci\u00f3n y control inteligente","robots":{"index":"index","follow":"follow","max-snippet":"max-snippet:-1","max-image-preview":"max-image-preview:large","max-video-preview":"max-video-preview:-1"},"canonical":"https:\/\/sldcncpipebender.com\/es\/producto\/63cnc-4a-2s-maquina-automatica-de-doblado-de-tubos\/","og_locale":"es_ES","og_type":"article","og_title":"63CNC-4A-2S automatic pipe bender machine","og_description":"63CNC-4A-2S fully automatic pipe bender core advantages are high precision, high efficiency, multifunction and intelligent control","og_url":"https:\/\/sldcncpipebender.com\/es\/producto\/63cnc-4a-2s-maquina-automatica-de-doblado-de-tubos\/","og_site_name":"Shenglida Technology (Zhangjiagang) Co., Ltd.","article_modified_time":"2025-07-17T07:15:41+00:00","og_image":[{"width":1000,"height":1000,"url":"https:\/\/sldcncpipebender.com\/wp-content\/uploads\/2025\/07\/63CNC-4A-2S-1.jpg","type":"image\/jpeg"}],"twitter_card":"summary_large_image","twitter_misc":{"Tiempo de lectura":"2 minutos"},"schema":{"@context":"https:\/\/schema.org","@graph":[{"@type":"WebPage","@id":"https:\/\/sldcncpipebender.com\/product\/63cnc-4a-2s-automatic-pipe-bending-machine\/","url":"https:\/\/sldcncpipebender.com\/product\/63cnc-4a-2s-automatic-pipe-bending-machine\/","name":"63CNC-4A-2S m\u00e1quina dobladora de tubos autom\u00e1tica - Shenglida Technology (Zhangjiagang) Co., Ltd.","isPartOf":{"@id":"https:\/\/sldcncpipebender.com\/#website"},"primaryImageOfPage":{"@id":"https:\/\/sldcncpipebender.com\/product\/63cnc-4a-2s-automatic-pipe-bending-machine\/#primaryimage"},"image":{"@id":"https:\/\/sldcncpipebender.com\/product\/63cnc-4a-2s-automatic-pipe-bending-machine\/#primaryimage"},"thumbnailUrl":"https:\/\/sldcncpipebender.com\/wp-content\/uploads\/2025\/07\/63CNC-4A-2S-1.jpg","datePublished":"2025-07-09T06:23:50+00:00","dateModified":"2025-07-17T07:15:41+00:00","description":"63CNC-4A-2S totalmente autom\u00e1tico de tuber\u00edas ventajas principales son de alta precisi\u00f3n, alta eficiencia, multifunci\u00f3n y control inteligente","breadcrumb":{"@id":"https:\/\/sldcncpipebender.com\/product\/63cnc-4a-2s-automatic-pipe-bending-machine\/#breadcrumb"},"inLanguage":"es","potentialAction":[{"@type":"ReadAction","target":["https:\/\/sldcncpipebender.com\/product\/63cnc-4a-2s-automatic-pipe-bending-machine\/"]}]},{"@type":"ImageObject","inLanguage":"es","@id":"https:\/\/sldcncpipebender.com\/product\/63cnc-4a-2s-automatic-pipe-bending-machine\/#primaryimage","url":"https:\/\/sldcncpipebender.com\/wp-content\/uploads\/2025\/07\/63CNC-4A-2S-1.jpg","contentUrl":"https:\/\/sldcncpipebender.com\/wp-content\/uploads\/2025\/07\/63CNC-4A-2S-1.jpg","width":1000,"height":1000},{"@type":"BreadcrumbList","@id":"https:\/\/sldcncpipebender.com\/product\/63cnc-4a-2s-automatic-pipe-bending-machine\/#breadcrumb","itemListElement":[{"@type":"ListItem","position":1,"name":"Home","item":"https:\/\/sldcncpipebender.com\/"},{"@type":"ListItem","position":2,"name":"shop","item":"https:\/\/sldcncpipebender.com\/shop\/"},{"@type":"ListItem","position":3,"name":"63CNC-4A-2S automatic pipe bender machine"}]},{"@type":"WebSite","@id":"https:\/\/sldcncpipebender.com\/#website","url":"https:\/\/sldcncpipebender.com\/","name":"Shenglida Technology (Zhangjiagang) Co., Ltd.","description":"M\u00e1quina curvadora de tubos - M\u00e1quina cortadora de tubos - M\u00e1quina conformadora de extremos de tubos","potentialAction":[{"@type":"SearchAction","target":{"@type":"EntryPoint","urlTemplate":"https:\/\/sldcncpipebender.com\/?s={search_term_string}"},"query-input":{"@type":"PropertyValueSpecification","valueRequired":true,"valueName":"search_term_string"}}],"inLanguage":"es"}]}},"_links":{"self":[{"href":"https:\/\/sldcncpipebender.com\/es\/wp-json\/wp\/v2\/product\/1817","targetHints":{"allow":["GET"]}}],"collection":[{"href":"https:\/\/sldcncpipebender.com\/es\/wp-json\/wp\/v2\/product"}],"about":[{"href":"https:\/\/sldcncpipebender.com\/es\/wp-json\/wp\/v2\/types\/product"}],"replies":[{"embeddable":true,"href":"https:\/\/sldcncpipebender.com\/es\/wp-json\/wp\/v2\/comments?post=1817"}],"wp:featuredmedia":[{"embeddable":true,"href":"https:\/\/sldcncpipebender.com\/es\/wp-json\/wp\/v2\/media\/1819"}],"wp:attachment":[{"href":"https:\/\/sldcncpipebender.com\/es\/wp-json\/wp\/v2\/media?parent=1817"}],"wp:term":[{"taxonomy":"product_brand","embeddable":true,"href":"https:\/\/sldcncpipebender.com\/es\/wp-json\/wp\/v2\/product_brand?post=1817"},{"taxonomy":"product_cat","embeddable":true,"href":"https:\/\/sldcncpipebender.com\/es\/wp-json\/wp\/v2\/product_cat?post=1817"},{"taxonomy":"product_tag","embeddable":true,"href":"https:\/\/sldcncpipebender.com\/es\/wp-json\/wp\/v2\/product_tag?post=1817"}],"curies":[{"name":"wp","href":"https:\/\/api.w.org\/{rel}","templated":true}]}}