{"id":1830,"date":"2025-07-14T13:22:21","date_gmt":"2025-07-14T05:22:21","guid":{"rendered":"https:\/\/sldcncpipebender.com\/?post_type=product&#038;p=1830"},"modified":"2025-07-16T09:55:13","modified_gmt":"2025-07-16T01:55:13","slug":"89cnc-6a-3s-curvadora-de-tubos-totalmente-automatica","status":"publish","type":"product","link":"https:\/\/sldcncpipebender.com\/es\/producto\/89cnc-6a-3s-curvadora-de-tubos-totalmente-automatica\/","title":{"rendered":"89CNC-6A-3S Dobladora de tubos totalmente autom\u00e1tica"},"content":{"rendered":"<p><a href=\"https:\/\/sldcncpipebender.com\/es\/categoria-producto\/plan-de-curvado-de-tubos\/maquina-curvadora-de-tubos-cnc\/\">La curvadora de tubos totalmente autom\u00e1tica 89CNC-6A-3S<\/a> es una m\u00e1quina curvadora CNC de alta eficiencia dise\u00f1ada espec\u00edficamente para el procesamiento de tubos de metal. Equipada con un sistema de control CNC, soporta operaciones de curvado tridimensionales y se caracteriza por su alta precisi\u00f3n con un posicionamiento de repetici\u00f3n exacto. Adecuada para el procesamiento de tubos de acero inoxidable, acero al carbono, cobre, aluminio y otros materiales, este equipo integra un sistema de servoaccionamiento de 6 ejes, un mecanismo de alimentaci\u00f3n automatizado y capacidades de simulaci\u00f3n 3D. Permite el almacenamiento de varios programas y la producci\u00f3n por lotes de tubos con \u00e1ngulos y curvas complejos. <a href=\"https:\/\/sldcncpipebender.com\/es\/noticias\/armario-de-control-electrico-de-la-maquina-curvadora-tecnologia-shenglida\/\">Esta plegadora<\/a> tiene funci\u00f3n de sujeci\u00f3n hidr\u00e1ulica y funci\u00f3n antiarrugas y antiflexi\u00f3n, el di\u00e1metro m\u00e1ximo de flexi\u00f3n puede alcanzar 89mm, el espesor de pared puede alcanzar 6mm, Ampliamente utilizado en automoci\u00f3n, muebles, aeroespacial e industrias relacionadas, aumenta la eficiencia de procesamiento en m\u00e1s de 30%, sirviendo como una soluci\u00f3n inteligente para la fabricaci\u00f3n de componentes de tuber\u00edas modernas.<\/p>","protected":false},"excerpt":{"rendered":"<p><a href=\"https:\/\/sldcncpipebender.com\/es\/categoria-producto\/plan-de-curvado-de-tubos\/maquina-curvadora-de-tubos-cnc\/\">La curvadora de tubos totalmente autom\u00e1tica 89CNC-6A-3S<\/a> es una m\u00e1quina curvadora CNC de alta eficiencia dise\u00f1ada espec\u00edficamente para el procesamiento de tubos de metal. Equipada con un sistema de control CNC, soporta operaciones de curvado tridimensionales y se caracteriza por su alta precisi\u00f3n con un posicionamiento de repetici\u00f3n exacto. Adecuada para el procesamiento de tubos de acero inoxidable, acero al carbono, cobre, aluminio y otros materiales, este equipo integra un sistema de servoaccionamiento de 6 ejes, un mecanismo de alimentaci\u00f3n automatizado y capacidades de simulaci\u00f3n 3D. Permite el almacenamiento de varios programas y la producci\u00f3n por lotes de tubos con \u00e1ngulos y curvas complejos. <a href=\"https:\/\/sldcncpipebender.com\/es\/noticias\/armario-de-control-electrico-de-la-maquina-curvadora-tecnologia-shenglida\/\">Esta plegadora<\/a> tiene funci\u00f3n de sujeci\u00f3n hidr\u00e1ulica y funci\u00f3n antiarrugas y antiflexi\u00f3n, el di\u00e1metro m\u00e1ximo de flexi\u00f3n puede alcanzar 89mm, el espesor de pared puede alcanzar 6mm, Ampliamente utilizado en automoci\u00f3n, muebles, aeroespacial e industrias relacionadas, aumenta la eficiencia de procesamiento en m\u00e1s de 30%, sirviendo como una soluci\u00f3n inteligente para la fabricaci\u00f3n de componentes de tuber\u00edas modernas.<\/p>","protected":false},"featured_media":1831,"comment_status":"open","ping_status":"closed","template":"","meta":{"_acf_changed":false},"product_brand":[],"product_cat":[19,32],"product_tag":[],"class_list":{"0":"post-1830","1":"product","2":"type-product","3":"status-publish","4":"has-post-thumbnail","6":"product_cat-pipe-bending-plan","7":"product_cat-cnc-pipe-bending-machine","9":"first","10":"instock","11":"shipping-taxable","12":"product-type-simple"},"acf":[],"yoast_head":"<!-- This site is optimized with the Yoast SEO Premium plugin v25.5 (Yoast SEO v27.4) - https:\/\/yoast.com\/product\/yoast-seo-premium-wordpress\/ -->\n<title>89CNC-6A-3S fully automatic pipe bender - Shenglida Technology (Zhangjiagang) Co., Ltd.<\/title>\n<meta name=\"description\" content=\"89CNC-6A-3S fully automatic bending machine is a high efficiency CNC bending equipment, which is specially designed for metal pipe processing.\" \/>\n<meta name=\"robots\" content=\"index, follow, max-snippet:-1, max-image-preview:large, max-video-preview:-1\" \/>\n<link rel=\"canonical\" href=\"https:\/\/sldcncpipebender.com\/es\/producto\/89cnc-6a-3s-curvadora-de-tubos-totalmente-automatica\/\" \/>\n<meta property=\"og:locale\" content=\"es_ES\" \/>\n<meta property=\"og:type\" content=\"article\" \/>\n<meta property=\"og:title\" content=\"89CNC-6A-3S fully automatic pipe bender\" \/>\n<meta property=\"og:description\" content=\"89CNC-6A-3S fully automatic bending machine is a high efficiency CNC bending equipment, which is specially designed for metal pipe processing.\" \/>\n<meta property=\"og:url\" content=\"https:\/\/sldcncpipebender.com\/es\/producto\/89cnc-6a-3s-curvadora-de-tubos-totalmente-automatica\/\" \/>\n<meta property=\"og:site_name\" content=\"Shenglida Technology (Zhangjiagang) Co., Ltd.\" \/>\n<meta property=\"article:modified_time\" content=\"2025-07-16T01:55:13+00:00\" \/>\n<meta property=\"og:image\" content=\"https:\/\/sldcncpipebender.com\/wp-content\/uploads\/2025\/07\/89CNC-6A-3S\u5168\u81ea\u52a8\u5f2f\u7ba1\u673a.jpg\" \/>\n\t<meta property=\"og:image:width\" content=\"1000\" \/>\n\t<meta property=\"og:image:height\" content=\"1000\" \/>\n\t<meta property=\"og:image:type\" content=\"image\/jpeg\" \/>\n<meta name=\"twitter:card\" content=\"summary_large_image\" \/>\n<meta name=\"twitter:label1\" content=\"Tiempo de lectura\" \/>\n\t<meta name=\"twitter:data1\" content=\"1 minuto\" \/>\n<script type=\"application\/ld+json\" class=\"yoast-schema-graph\">{\"@context\":\"https:\\\/\\\/schema.org\",\"@graph\":[{\"@type\":\"WebPage\",\"@id\":\"https:\\\/\\\/sldcncpipebender.com\\\/product\\\/89cnc-6a-3s-fully-automatic-pipe-bender\\\/\",\"url\":\"https:\\\/\\\/sldcncpipebender.com\\\/product\\\/89cnc-6a-3s-fully-automatic-pipe-bender\\\/\",\"name\":\"89CNC-6A-3S fully automatic pipe bender - Shenglida Technology (Zhangjiagang) Co., Ltd.\",\"isPartOf\":{\"@id\":\"https:\\\/\\\/sldcncpipebender.com\\\/#website\"},\"primaryImageOfPage\":{\"@id\":\"https:\\\/\\\/sldcncpipebender.com\\\/product\\\/89cnc-6a-3s-fully-automatic-pipe-bender\\\/#primaryimage\"},\"image\":{\"@id\":\"https:\\\/\\\/sldcncpipebender.com\\\/product\\\/89cnc-6a-3s-fully-automatic-pipe-bender\\\/#primaryimage\"},\"thumbnailUrl\":\"https:\\\/\\\/sldcncpipebender.com\\\/wp-content\\\/uploads\\\/2025\\\/07\\\/89CNC-6A-3S\u5168\u81ea\u52a8\u5f2f\u7ba1\u673a.jpg\",\"datePublished\":\"2025-07-14T05:22:21+00:00\",\"dateModified\":\"2025-07-16T01:55:13+00:00\",\"description\":\"89CNC-6A-3S fully automatic bending machine is a high efficiency CNC bending equipment, which is specially designed for metal pipe processing.\",\"breadcrumb\":{\"@id\":\"https:\\\/\\\/sldcncpipebender.com\\\/product\\\/89cnc-6a-3s-fully-automatic-pipe-bender\\\/#breadcrumb\"},\"inLanguage\":\"es\",\"potentialAction\":[{\"@type\":\"ReadAction\",\"target\":[\"https:\\\/\\\/sldcncpipebender.com\\\/product\\\/89cnc-6a-3s-fully-automatic-pipe-bender\\\/\"]}]},{\"@type\":\"ImageObject\",\"inLanguage\":\"es\",\"@id\":\"https:\\\/\\\/sldcncpipebender.com\\\/product\\\/89cnc-6a-3s-fully-automatic-pipe-bender\\\/#primaryimage\",\"url\":\"https:\\\/\\\/sldcncpipebender.com\\\/wp-content\\\/uploads\\\/2025\\\/07\\\/89CNC-6A-3S\u5168\u81ea\u52a8\u5f2f\u7ba1\u673a.jpg\",\"contentUrl\":\"https:\\\/\\\/sldcncpipebender.com\\\/wp-content\\\/uploads\\\/2025\\\/07\\\/89CNC-6A-3S\u5168\u81ea\u52a8\u5f2f\u7ba1\u673a.jpg\",\"width\":1000,\"height\":1000},{\"@type\":\"BreadcrumbList\",\"@id\":\"https:\\\/\\\/sldcncpipebender.com\\\/product\\\/89cnc-6a-3s-fully-automatic-pipe-bender\\\/#breadcrumb\",\"itemListElement\":[{\"@type\":\"ListItem\",\"position\":1,\"name\":\"Home\",\"item\":\"https:\\\/\\\/sldcncpipebender.com\\\/\"},{\"@type\":\"ListItem\",\"position\":2,\"name\":\"shop\",\"item\":\"https:\\\/\\\/sldcncpipebender.com\\\/shop\\\/\"},{\"@type\":\"ListItem\",\"position\":3,\"name\":\"89CNC-6A-3S fully automatic pipe bender\"}]},{\"@type\":\"WebSite\",\"@id\":\"https:\\\/\\\/sldcncpipebender.com\\\/#website\",\"url\":\"https:\\\/\\\/sldcncpipebender.com\\\/\",\"name\":\"Shenglida Technology (Zhangjiagang) Co., Ltd.\",\"description\":\"pipe bending machine -  pipe cutting machine - pipe end forming machine\",\"potentialAction\":[{\"@type\":\"SearchAction\",\"target\":{\"@type\":\"EntryPoint\",\"urlTemplate\":\"https:\\\/\\\/sldcncpipebender.com\\\/?s={search_term_string}\"},\"query-input\":{\"@type\":\"PropertyValueSpecification\",\"valueRequired\":true,\"valueName\":\"search_term_string\"}}],\"inLanguage\":\"es\"}]}<\/script>\n<!-- \/ Yoast SEO Premium plugin. -->","yoast_head_json":{"title":"89CNC-6A-3S dobladora de tubos totalmente autom\u00e1tica - Shenglida Technology (Zhangjiagang) Co., Ltd.","description":"La m\u00e1quina curvadora autom\u00e1tica 89CNC-6A-3S es un equipo de curvado CNC de alta eficiencia, que est\u00e1 especialmente dise\u00f1ado para el procesamiento de tubos de metal.","robots":{"index":"index","follow":"follow","max-snippet":"max-snippet:-1","max-image-preview":"max-image-preview:large","max-video-preview":"max-video-preview:-1"},"canonical":"https:\/\/sldcncpipebender.com\/es\/producto\/89cnc-6a-3s-curvadora-de-tubos-totalmente-automatica\/","og_locale":"es_ES","og_type":"article","og_title":"89CNC-6A-3S fully automatic pipe bender","og_description":"89CNC-6A-3S fully automatic bending machine is a high efficiency CNC bending equipment, which is specially designed for metal pipe processing.","og_url":"https:\/\/sldcncpipebender.com\/es\/producto\/89cnc-6a-3s-curvadora-de-tubos-totalmente-automatica\/","og_site_name":"Shenglida Technology (Zhangjiagang) Co., Ltd.","article_modified_time":"2025-07-16T01:55:13+00:00","og_image":[{"width":1000,"height":1000,"url":"https:\/\/sldcncpipebender.com\/wp-content\/uploads\/2025\/07\/89CNC-6A-3S\u5168\u81ea\u52a8\u5f2f\u7ba1\u673a.jpg","type":"image\/jpeg"}],"twitter_card":"summary_large_image","twitter_misc":{"Tiempo de lectura":"1 minuto"},"schema":{"@context":"https:\/\/schema.org","@graph":[{"@type":"WebPage","@id":"https:\/\/sldcncpipebender.com\/product\/89cnc-6a-3s-fully-automatic-pipe-bender\/","url":"https:\/\/sldcncpipebender.com\/product\/89cnc-6a-3s-fully-automatic-pipe-bender\/","name":"89CNC-6A-3S dobladora de tubos totalmente autom\u00e1tica - Shenglida Technology (Zhangjiagang) Co., Ltd.","isPartOf":{"@id":"https:\/\/sldcncpipebender.com\/#website"},"primaryImageOfPage":{"@id":"https:\/\/sldcncpipebender.com\/product\/89cnc-6a-3s-fully-automatic-pipe-bender\/#primaryimage"},"image":{"@id":"https:\/\/sldcncpipebender.com\/product\/89cnc-6a-3s-fully-automatic-pipe-bender\/#primaryimage"},"thumbnailUrl":"https:\/\/sldcncpipebender.com\/wp-content\/uploads\/2025\/07\/89CNC-6A-3S\u5168\u81ea\u52a8\u5f2f\u7ba1\u673a.jpg","datePublished":"2025-07-14T05:22:21+00:00","dateModified":"2025-07-16T01:55:13+00:00","description":"La m\u00e1quina curvadora autom\u00e1tica 89CNC-6A-3S es un equipo de curvado CNC de alta eficiencia, que est\u00e1 especialmente dise\u00f1ado para el procesamiento de tubos de metal.","breadcrumb":{"@id":"https:\/\/sldcncpipebender.com\/product\/89cnc-6a-3s-fully-automatic-pipe-bender\/#breadcrumb"},"inLanguage":"es","potentialAction":[{"@type":"ReadAction","target":["https:\/\/sldcncpipebender.com\/product\/89cnc-6a-3s-fully-automatic-pipe-bender\/"]}]},{"@type":"ImageObject","inLanguage":"es","@id":"https:\/\/sldcncpipebender.com\/product\/89cnc-6a-3s-fully-automatic-pipe-bender\/#primaryimage","url":"https:\/\/sldcncpipebender.com\/wp-content\/uploads\/2025\/07\/89CNC-6A-3S\u5168\u81ea\u52a8\u5f2f\u7ba1\u673a.jpg","contentUrl":"https:\/\/sldcncpipebender.com\/wp-content\/uploads\/2025\/07\/89CNC-6A-3S\u5168\u81ea\u52a8\u5f2f\u7ba1\u673a.jpg","width":1000,"height":1000},{"@type":"BreadcrumbList","@id":"https:\/\/sldcncpipebender.com\/product\/89cnc-6a-3s-fully-automatic-pipe-bender\/#breadcrumb","itemListElement":[{"@type":"ListItem","position":1,"name":"Home","item":"https:\/\/sldcncpipebender.com\/"},{"@type":"ListItem","position":2,"name":"shop","item":"https:\/\/sldcncpipebender.com\/shop\/"},{"@type":"ListItem","position":3,"name":"89CNC-6A-3S fully automatic pipe bender"}]},{"@type":"WebSite","@id":"https:\/\/sldcncpipebender.com\/#website","url":"https:\/\/sldcncpipebender.com\/","name":"Shenglida Technology (Zhangjiagang) Co., Ltd.","description":"M\u00e1quina curvadora de tubos - M\u00e1quina cortadora de tubos - M\u00e1quina conformadora de extremos de tubos","potentialAction":[{"@type":"SearchAction","target":{"@type":"EntryPoint","urlTemplate":"https:\/\/sldcncpipebender.com\/?s={search_term_string}"},"query-input":{"@type":"PropertyValueSpecification","valueRequired":true,"valueName":"search_term_string"}}],"inLanguage":"es"}]}},"_links":{"self":[{"href":"https:\/\/sldcncpipebender.com\/es\/wp-json\/wp\/v2\/product\/1830","targetHints":{"allow":["GET"]}}],"collection":[{"href":"https:\/\/sldcncpipebender.com\/es\/wp-json\/wp\/v2\/product"}],"about":[{"href":"https:\/\/sldcncpipebender.com\/es\/wp-json\/wp\/v2\/types\/product"}],"replies":[{"embeddable":true,"href":"https:\/\/sldcncpipebender.com\/es\/wp-json\/wp\/v2\/comments?post=1830"}],"wp:featuredmedia":[{"embeddable":true,"href":"https:\/\/sldcncpipebender.com\/es\/wp-json\/wp\/v2\/media\/1831"}],"wp:attachment":[{"href":"https:\/\/sldcncpipebender.com\/es\/wp-json\/wp\/v2\/media?parent=1830"}],"wp:term":[{"taxonomy":"product_brand","embeddable":true,"href":"https:\/\/sldcncpipebender.com\/es\/wp-json\/wp\/v2\/product_brand?post=1830"},{"taxonomy":"product_cat","embeddable":true,"href":"https:\/\/sldcncpipebender.com\/es\/wp-json\/wp\/v2\/product_cat?post=1830"},{"taxonomy":"product_tag","embeddable":true,"href":"https:\/\/sldcncpipebender.com\/es\/wp-json\/wp\/v2\/product_tag?post=1830"}],"curies":[{"name":"wp","href":"https:\/\/api.w.org\/{rel}","templated":true}]}}