{"id":2019,"date":"2025-08-21T16:40:58","date_gmt":"2025-08-21T08:40:58","guid":{"rendered":"https:\/\/sldcncpipebender.com\/?post_type=product&#038;p=2019"},"modified":"2025-09-26T14:54:03","modified_gmt":"2025-09-26T06:54:03","slug":"50cnc-3a-1s-2","status":"publish","type":"product","link":"https:\/\/sldcncpipebender.com\/es\/producto\/50cnc-3a-1s-2\/","title":{"rendered":"Curvatubos autom\u00e1tico 50CNC-3A-1S"},"content":{"rendered":"","protected":false},"excerpt":{"rendered":"<p>En <a href=\"https:\/\/sldcncpipebender.com\/es\/\">50CNC-3A-1S<\/a> es un sistema de alto rendimiento <a href=\"https:\/\/sldcncpipebender.com\/es\/categoria-producto\/plan-de-curvado-de-tubos\/\">Dobladora de tubos CNC totalmente autom\u00e1tica.<\/a> El nombre \"50\" indica una capacidad m\u00e1xima de curvado de tubos de 50 mm de di\u00e1metro, \"CNC\" significa Control Num\u00e9rico por Ordenador, \"3A\" se refiere normalmente a tres servoejes (alimentaci\u00f3n, curvado y elevaci\u00f3n) que trabajan coordinados, y \"1S\" denota un conjunto de moldes. Este equipo integra maquinaria de precisi\u00f3n, servoaccionamientos y sistemas CNC para realizar con eficacia y precisi\u00f3n complejas operaciones de plegado espacial. Los operarios s\u00f3lo tienen que introducir los programas, y la m\u00e1quina puede completar autom\u00e1ticamente los movimientos de alimentaci\u00f3n, rotaci\u00f3n, plegado y curvado espacial. Con una gran precisi\u00f3n de posicionamiento repetitivo, mejora significativamente la eficiencia de la producci\u00f3n y la consistencia del producto.<\/p>","protected":false},"featured_media":2026,"comment_status":"open","ping_status":"closed","template":"","meta":{"_acf_changed":false},"product_brand":[],"product_cat":[32],"product_tag":[],"class_list":{"0":"post-2019","1":"product","2":"type-product","3":"status-publish","4":"has-post-thumbnail","6":"product_cat-cnc-pipe-bending-machine","8":"first","9":"instock","10":"shipping-taxable","11":"product-type-simple"},"acf":[],"yoast_head":"<!-- This site is optimized with the Yoast SEO Premium plugin v25.5 (Yoast SEO v27.4) - https:\/\/yoast.com\/product\/yoast-seo-premium-wordpress\/ -->\n<title>50CNC-3A-1S automatic pipe bender - Shenglida Technology (Zhangjiagang) Co., Ltd.<\/title>\n<meta name=\"description\" content=\"50CNC-3A-1S series is a high-performance fully automatic hydraulic pipe bender. Its core is CNC numerical control system.\" \/>\n<meta name=\"robots\" content=\"index, follow, max-snippet:-1, max-image-preview:large, max-video-preview:-1\" \/>\n<link rel=\"canonical\" href=\"https:\/\/sldcncpipebender.com\/es\/producto\/50cnc-3a-1s-2\/\" \/>\n<meta property=\"og:locale\" content=\"es_ES\" \/>\n<meta property=\"og:type\" content=\"article\" \/>\n<meta property=\"og:title\" content=\"50CNC-3A-1S automatic pipe bender\" \/>\n<meta property=\"og:description\" content=\"50CNC-3A-1S series is a high-performance fully automatic hydraulic pipe bender. Its core is CNC numerical control system.\" \/>\n<meta property=\"og:url\" content=\"https:\/\/sldcncpipebender.com\/es\/producto\/50cnc-3a-1s-2\/\" \/>\n<meta property=\"og:site_name\" content=\"Shenglida Technology (Zhangjiagang) Co., Ltd.\" \/>\n<meta property=\"article:modified_time\" content=\"2025-09-26T06:54:03+00:00\" \/>\n<meta property=\"og:image\" content=\"https:\/\/sldcncpipebender.com\/wp-content\/uploads\/2025\/08\/50cnc-3a-1s-1.jpg\" \/>\n\t<meta property=\"og:image:width\" content=\"1000\" \/>\n\t<meta property=\"og:image:height\" content=\"1000\" \/>\n\t<meta property=\"og:image:type\" content=\"image\/jpeg\" \/>\n<meta name=\"twitter:card\" content=\"summary_large_image\" \/>\n<meta name=\"twitter:label1\" content=\"Tiempo de lectura\" \/>\n\t<meta name=\"twitter:data1\" content=\"1 minuto\" \/>\n<script type=\"application\/ld+json\" class=\"yoast-schema-graph\">{\"@context\":\"https:\\\/\\\/schema.org\",\"@graph\":[{\"@type\":\"WebPage\",\"@id\":\"https:\\\/\\\/sldcncpipebender.com\\\/product\\\/50cnc-3a-1s-2\\\/\",\"url\":\"https:\\\/\\\/sldcncpipebender.com\\\/product\\\/50cnc-3a-1s-2\\\/\",\"name\":\"50CNC-3A-1S automatic pipe bender - Shenglida Technology (Zhangjiagang) Co., Ltd.\",\"isPartOf\":{\"@id\":\"https:\\\/\\\/sldcncpipebender.com\\\/#website\"},\"primaryImageOfPage\":{\"@id\":\"https:\\\/\\\/sldcncpipebender.com\\\/product\\\/50cnc-3a-1s-2\\\/#primaryimage\"},\"image\":{\"@id\":\"https:\\\/\\\/sldcncpipebender.com\\\/product\\\/50cnc-3a-1s-2\\\/#primaryimage\"},\"thumbnailUrl\":\"https:\\\/\\\/sldcncpipebender.com\\\/wp-content\\\/uploads\\\/2025\\\/08\\\/50cnc-3a-1s-1.jpg\",\"datePublished\":\"2025-08-21T08:40:58+00:00\",\"dateModified\":\"2025-09-26T06:54:03+00:00\",\"description\":\"50CNC-3A-1S series is a high-performance fully automatic hydraulic pipe bender. Its core is CNC numerical control system.\",\"breadcrumb\":{\"@id\":\"https:\\\/\\\/sldcncpipebender.com\\\/product\\\/50cnc-3a-1s-2\\\/#breadcrumb\"},\"inLanguage\":\"es\",\"potentialAction\":[{\"@type\":\"ReadAction\",\"target\":[\"https:\\\/\\\/sldcncpipebender.com\\\/product\\\/50cnc-3a-1s-2\\\/\"]}]},{\"@type\":\"ImageObject\",\"inLanguage\":\"es\",\"@id\":\"https:\\\/\\\/sldcncpipebender.com\\\/product\\\/50cnc-3a-1s-2\\\/#primaryimage\",\"url\":\"https:\\\/\\\/sldcncpipebender.com\\\/wp-content\\\/uploads\\\/2025\\\/08\\\/50cnc-3a-1s-1.jpg\",\"contentUrl\":\"https:\\\/\\\/sldcncpipebender.com\\\/wp-content\\\/uploads\\\/2025\\\/08\\\/50cnc-3a-1s-1.jpg\",\"width\":1000,\"height\":1000},{\"@type\":\"BreadcrumbList\",\"@id\":\"https:\\\/\\\/sldcncpipebender.com\\\/product\\\/50cnc-3a-1s-2\\\/#breadcrumb\",\"itemListElement\":[{\"@type\":\"ListItem\",\"position\":1,\"name\":\"Home\",\"item\":\"https:\\\/\\\/sldcncpipebender.com\\\/\"},{\"@type\":\"ListItem\",\"position\":2,\"name\":\"shop\",\"item\":\"https:\\\/\\\/sldcncpipebender.com\\\/shop\\\/\"},{\"@type\":\"ListItem\",\"position\":3,\"name\":\"50CNC-3A-1S automatic pipe bender\"}]},{\"@type\":\"WebSite\",\"@id\":\"https:\\\/\\\/sldcncpipebender.com\\\/#website\",\"url\":\"https:\\\/\\\/sldcncpipebender.com\\\/\",\"name\":\"Shenglida Technology (Zhangjiagang) Co., Ltd.\",\"description\":\"pipe bending machine -  pipe cutting machine - pipe end forming machine\",\"potentialAction\":[{\"@type\":\"SearchAction\",\"target\":{\"@type\":\"EntryPoint\",\"urlTemplate\":\"https:\\\/\\\/sldcncpipebender.com\\\/?s={search_term_string}\"},\"query-input\":{\"@type\":\"PropertyValueSpecification\",\"valueRequired\":true,\"valueName\":\"search_term_string\"}}],\"inLanguage\":\"es\"}]}<\/script>\n<!-- \/ Yoast SEO Premium plugin. -->","yoast_head_json":{"title":"50CNC-3A-1S dobladora de tubos autom\u00e1tica - Shenglida Technology (Zhangjiagang) Co., Ltd.","description":"La serie 50CNC-3A-1S es una dobladora de tubos hidr\u00e1ulica totalmente autom\u00e1tica de alto rendimiento. Su n\u00facleo es el sistema de control num\u00e9rico CNC.","robots":{"index":"index","follow":"follow","max-snippet":"max-snippet:-1","max-image-preview":"max-image-preview:large","max-video-preview":"max-video-preview:-1"},"canonical":"https:\/\/sldcncpipebender.com\/es\/producto\/50cnc-3a-1s-2\/","og_locale":"es_ES","og_type":"article","og_title":"50CNC-3A-1S automatic pipe bender","og_description":"50CNC-3A-1S series is a high-performance fully automatic hydraulic pipe bender. Its core is CNC numerical control system.","og_url":"https:\/\/sldcncpipebender.com\/es\/producto\/50cnc-3a-1s-2\/","og_site_name":"Shenglida Technology (Zhangjiagang) Co., Ltd.","article_modified_time":"2025-09-26T06:54:03+00:00","og_image":[{"width":1000,"height":1000,"url":"https:\/\/sldcncpipebender.com\/wp-content\/uploads\/2025\/08\/50cnc-3a-1s-1.jpg","type":"image\/jpeg"}],"twitter_card":"summary_large_image","twitter_misc":{"Tiempo de lectura":"1 minuto"},"schema":{"@context":"https:\/\/schema.org","@graph":[{"@type":"WebPage","@id":"https:\/\/sldcncpipebender.com\/product\/50cnc-3a-1s-2\/","url":"https:\/\/sldcncpipebender.com\/product\/50cnc-3a-1s-2\/","name":"50CNC-3A-1S dobladora de tubos autom\u00e1tica - Shenglida Technology (Zhangjiagang) Co., Ltd.","isPartOf":{"@id":"https:\/\/sldcncpipebender.com\/#website"},"primaryImageOfPage":{"@id":"https:\/\/sldcncpipebender.com\/product\/50cnc-3a-1s-2\/#primaryimage"},"image":{"@id":"https:\/\/sldcncpipebender.com\/product\/50cnc-3a-1s-2\/#primaryimage"},"thumbnailUrl":"https:\/\/sldcncpipebender.com\/wp-content\/uploads\/2025\/08\/50cnc-3a-1s-1.jpg","datePublished":"2025-08-21T08:40:58+00:00","dateModified":"2025-09-26T06:54:03+00:00","description":"La serie 50CNC-3A-1S es una dobladora de tubos hidr\u00e1ulica totalmente autom\u00e1tica de alto rendimiento. Su n\u00facleo es el sistema de control num\u00e9rico CNC.","breadcrumb":{"@id":"https:\/\/sldcncpipebender.com\/product\/50cnc-3a-1s-2\/#breadcrumb"},"inLanguage":"es","potentialAction":[{"@type":"ReadAction","target":["https:\/\/sldcncpipebender.com\/product\/50cnc-3a-1s-2\/"]}]},{"@type":"ImageObject","inLanguage":"es","@id":"https:\/\/sldcncpipebender.com\/product\/50cnc-3a-1s-2\/#primaryimage","url":"https:\/\/sldcncpipebender.com\/wp-content\/uploads\/2025\/08\/50cnc-3a-1s-1.jpg","contentUrl":"https:\/\/sldcncpipebender.com\/wp-content\/uploads\/2025\/08\/50cnc-3a-1s-1.jpg","width":1000,"height":1000},{"@type":"BreadcrumbList","@id":"https:\/\/sldcncpipebender.com\/product\/50cnc-3a-1s-2\/#breadcrumb","itemListElement":[{"@type":"ListItem","position":1,"name":"Home","item":"https:\/\/sldcncpipebender.com\/"},{"@type":"ListItem","position":2,"name":"shop","item":"https:\/\/sldcncpipebender.com\/shop\/"},{"@type":"ListItem","position":3,"name":"50CNC-3A-1S automatic pipe bender"}]},{"@type":"WebSite","@id":"https:\/\/sldcncpipebender.com\/#website","url":"https:\/\/sldcncpipebender.com\/","name":"Shenglida Technology (Zhangjiagang) Co., Ltd.","description":"M\u00e1quina curvadora de tubos - M\u00e1quina cortadora de tubos - M\u00e1quina conformadora de extremos de tubos","potentialAction":[{"@type":"SearchAction","target":{"@type":"EntryPoint","urlTemplate":"https:\/\/sldcncpipebender.com\/?s={search_term_string}"},"query-input":{"@type":"PropertyValueSpecification","valueRequired":true,"valueName":"search_term_string"}}],"inLanguage":"es"}]}},"_links":{"self":[{"href":"https:\/\/sldcncpipebender.com\/es\/wp-json\/wp\/v2\/product\/2019","targetHints":{"allow":["GET"]}}],"collection":[{"href":"https:\/\/sldcncpipebender.com\/es\/wp-json\/wp\/v2\/product"}],"about":[{"href":"https:\/\/sldcncpipebender.com\/es\/wp-json\/wp\/v2\/types\/product"}],"replies":[{"embeddable":true,"href":"https:\/\/sldcncpipebender.com\/es\/wp-json\/wp\/v2\/comments?post=2019"}],"wp:featuredmedia":[{"embeddable":true,"href":"https:\/\/sldcncpipebender.com\/es\/wp-json\/wp\/v2\/media\/2026"}],"wp:attachment":[{"href":"https:\/\/sldcncpipebender.com\/es\/wp-json\/wp\/v2\/media?parent=2019"}],"wp:term":[{"taxonomy":"product_brand","embeddable":true,"href":"https:\/\/sldcncpipebender.com\/es\/wp-json\/wp\/v2\/product_brand?post=2019"},{"taxonomy":"product_cat","embeddable":true,"href":"https:\/\/sldcncpipebender.com\/es\/wp-json\/wp\/v2\/product_cat?post=2019"},{"taxonomy":"product_tag","embeddable":true,"href":"https:\/\/sldcncpipebender.com\/es\/wp-json\/wp\/v2\/product_tag?post=2019"}],"curies":[{"name":"wp","href":"https:\/\/api.w.org\/{rel}","templated":true}]}}