{"id":17,"date":"2024-12-02T18:31:33","date_gmt":"2024-12-02T10:31:33","guid":{"rendered":"https:\/\/sldcncpipebender.com\/?page_id=17"},"modified":"2026-04-03T13:09:09","modified_gmt":"2026-04-03T05:09:09","slug":"bize-ulasin","status":"publish","type":"page","link":"https:\/\/sldcncpipebender.com\/tr\/bize-ulasin\/","title":{"rendered":"Bize Ula\u015f\u0131n"},"content":{"rendered":"<section class=\"section\" id=\"section_966063173\">\n\t\t<div class=\"bg section-bg fill bg-fill  bg-loaded\" >\n\n\t\t\t\n\t\t\t\n\t\t\t\n\n\t\t<\/div>\n\n\t\t\n\n\t\t<div class=\"section-content relative\">\n\t\t\t\n\n  <div class=\"banner has-hover\" id=\"banner-1041766226\">\n          <div class=\"banner-inner fill\">\n        <div class=\"banner-bg fill\" >\n            <div class=\"bg fill bg-fill\"><\/div>\n                                    \n                    <\/div>\n\t\t\n        <div class=\"banner-layers container\">\n            <div class=\"fill banner-link\"><\/div>            \n   <div id=\"text-box-811565473\" class=\"text-box banner-layer x50 md-x50 lg-x50 y50 md-y50 lg-y50 res-text\">\n                                <div class=\"text-box-content text dark\">\n              \n              <div class=\"text-inner text-center\">\n                  \n\t<div id=\"text-1572966683\" class=\"text pb0 mb0\">\n\t\t\n\t\t\n<style>\n#text-1572966683 {\n  font-size: 0.75rem;\n  line-height: 1.4;\n}\n@media (min-width:550px) {\n  #text-1572966683 {\n    font-size: 1.65rem;\n  }\n}\n<\/style>\n\t<\/div>\n\t\n\t<div id=\"text-3179361903\" class=\"text\">\n\t\t\n<h1><strong><span style=\"font-size: 75%;\">B\u0130ZE ULA\u015eIN<\/span><\/strong><\/h1>\n\t\t\n<style>\n#text-3179361903 {\n  font-size: 1.3rem;\n  line-height: 0.75;\n}\n@media (min-width:550px) {\n  #text-3179361903 {\n    font-size: 2rem;\n  }\n}\n<\/style>\n\t<\/div>\n\t\n              <\/div>\n           <\/div>\n                            \n<style>\n#text-box-811565473 {\n  width: 60%;\n}\n#text-box-811565473 .text-box-content {\n  font-size: 100%;\n}\n<\/style>\n    <\/div>\n \n        <\/div>\n      <\/div>\n\n            \n<style>\n#banner-1041766226 {\n  padding-top: 196px;\n}\n#banner-1041766226 .bg.bg-loaded {\n  background-image: url(https:\/\/sldcncpipebender.com\/wp-content\/uploads\/2024\/12\/contact_banner.jpg);\n}\n@media (min-width:550px) {\n  #banner-1041766226 {\n    padding-top: 356px;\n  }\n}\n<\/style>\n  <\/div>\n\n\n\t\t<\/div>\n\n\t\t\n<style>\n#section_966063173 {\n  padding-top: 0px;\n  padding-bottom: 0px;\n}\n<\/style>\n\t<\/section>\n\t\n\t<section class=\"section\" id=\"section_585792398\">\n\t\t<div class=\"bg section-bg fill bg-fill  bg-loaded\" >\n\n\t\t\t\n\t\t\t\n\t\t\t\n\n\t\t<\/div>\n\n\t\t\n\n\t\t<div class=\"section-content relative\">\n\t\t\t\n<div class=\"row\"  id=\"row-1265211409\">\n\n\t<div id=\"col-1731777145\" class=\"col medium-8 small-12 large-8\"  >\n\t\t\t\t<div class=\"col-inner box-shadow-2\" style=\"background-color:rgb(255, 255, 255);\" >\n\t\t\t\n\t\t\t\n<h3><strong>Yard\u0131ma m\u0131 ihtiyac\u0131n\u0131z var? Bize mesaj b\u0131rak\u0131n<\/strong><\/h3>\n<p>\u00c7\u00f6z\u00fclemeyen herhangi bir sorunuz varsa, sizinle zaman\u0131nda ileti\u015fim kurabilmemiz i\u00e7in l\u00fctfen ileti\u015fim bilgilerinizi b\u0131rak\u0131n.<\/p>\n\n<div class='fluentform ff-default fluentform_wrapper_1 ffs_default_wrap'><form data-form_id=\"1\" id=\"fluentform_1\" class=\"frm-fluent-form fluent_form_1 ff-el-form-top ff_form_instance_1_1 ff-form-loading ffs_default\" data-form_instance=\"ff_form_instance_1_1\" method=\"POST\" action=\"\" ><fieldset  style=\"border: none!important;margin: 0!important;padding: 0!important;background-color: transparent!important;box-shadow: none!important;outline: none!important; min-inline-size: 100%;\">\n                    <legend class=\"ff_screen_reader_title\" style=\"display: block; margin: 0!important;padding: 0!important;height: 0!important;text-indent: -999999px;width: 0!important;overflow:hidden;\">\u0130leti\u015fim Formu Demosu<\/legend><input type='hidden' name='__fluent_form_embded_post_id' value='17' \/><input type=\"hidden\" id=\"_fluentform_1_fluentformnonce\" name=\"_fluentform_1_fluentformnonce\" value=\"a7ad81f50c\" \/><input type=\"hidden\" name=\"_wp_http_referer\" value=\"\/tr\/wp-json\/wp\/v2\/pages\/17\" \/><div data-name=\"ff_cn_id_1\"  class='ff-t-container ff-column-container ff_columns_total_2'><div class='ff-t-cell ff-t-column-1' style='flex-basis: 50%;'><div class='ff-el-group'><div class=\"ff-el-input--label ff-el-is-required asterisk-right\"><label for='ff_1_input_text' id='label_ff_1_input_text' aria-label=\"isim\">isim<\/label><\/div><div class='ff-el-input--content'><input type=\"text\" name=\"input_text\" class=\"ff-el-form-control\" placeholder=\"isim\" data-name=\"input_text\" id=\"ff_1_input_text\"  aria-invalid=\"false\" aria-required=\"true\"><\/div><\/div><\/div><div class='ff-t-cell ff-t-column-2' style='flex-basis: 50%;'><div class='ff-el-group'><div class=\"ff-el-input--label ff-el-is-required asterisk-right\"><label for='ff_1_numeric_field' id='label_ff_1_numeric_field' aria-label=\"Telefon\">Telefon<\/label><\/div><div class='ff-el-input--content'><input type=\"number\" name=\"numeric_field\" id=\"ff_1_numeric_field\" class=\"ff-el-form-control\" placeholder=\"Telefon\" data-name=\"numeric_field\" inputmode=\"numeric\" step=\"any\"  aria-invalid=\"false\" aria-required=\"true\"><\/div><\/div><\/div><\/div><div data-name=\"ff_cn_id_2\"  class='ff-t-container ff-column-container ff_columns_total_2'><div class='ff-t-cell ff-t-column-1' style='flex-basis: 50%;'><div class='ff-el-group'><div class=\"ff-el-input--label asterisk-right\"><label for='ff_1_email' id='label_ff_1_email' aria-label=\"E-posta\">E-posta<\/label><\/div><div class='ff-el-input--content'><input type=\"email\" name=\"email\" id=\"ff_1_email\" class=\"ff-el-form-control\" placeholder=\"E-posta\" data-name=\"email\"  aria-invalid=\"false\" aria-required=\"false\"><\/div><\/div><\/div><div class='ff-t-cell ff-t-column-2' style='flex-basis: 50%;'><div class='ff-el-group'><div class=\"ff-el-input--label asterisk-right\"><label for='ff_1_input_text_1' id='label_ff_1_input_text_1' aria-label=\"\u015firket\">\u015firket<\/label><\/div><div class='ff-el-input--content'><input type=\"text\" name=\"input_text_1\" class=\"ff-el-form-control\" placeholder=\"\u015firket\" data-name=\"input_text_1\" id=\"ff_1_input_text_1\"  aria-invalid=\"false\" aria-required=\"false\"><\/div><\/div><\/div><\/div><div class='ff-el-group'><div class=\"ff-el-input--label ff-el-is-required asterisk-right\"><label for='ff_1_message' id='label_ff_1_message' aria-label=\"Gereksinimler ve \u00f6neriler\">Gereksinimler ve \u00f6neriler<\/label><\/div><div class='ff-el-input--content'><textarea aria-required=\"true\" aria-labelledby=\"label_ff_1_message\" name=\"message\" id=\"ff_1_message\" class=\"ff-el-form-control\" placeholder=\"Gereksinimler ve \u00f6neriler\" rows=\"4\" cols=\"2\" data-name=\"message\" ><\/textarea><\/div><\/div><div class='ff-el-group ff-text-left ff_submit_btn_wrapper'><button type=\"submit\" class=\"ff-btn ff-btn-submit ff-btn-md ff_btn_style wpf_has_custom_css\"  aria-label=\"G\u00f6nder\">G\u00f6nder<\/button><\/div><\/fieldset><input type=\"hidden\" name=\"trp-form-language\" value=\"tr\"\/><\/form><div id='fluentform_1_errors' class='ff-errors-in-stack ff_form_instance_1_1 ff-form-loading_errors ff_form_instance_1_1_errors'><\/div><\/div>            <script type=\"text\/javascript\">\n                window.fluent_form_ff_form_instance_1_1 = {\"id\":\"1\",\"ajaxUrl\":\"https:\\\/\\\/sldcncpipebender.com\\\/wp-admin\\\/admin-ajax.php\",\"settings\":{\"layout\":{\"labelPlacement\":\"top\",\"helpMessagePlacement\":\"with_label\",\"errorMessagePlacement\":\"inline\",\"cssClassName\":\"\",\"asteriskPlacement\":\"asterisk-right\"},\"restrictions\":{\"denyEmptySubmission\":{\"enabled\":false}}},\"form_instance\":\"ff_form_instance_1_1\",\"form_id_selector\":\"fluentform_1\",\"rules\":{\"input_text\":{\"required\":{\"value\":true,\"message\":\"This field is required\",\"global_message\":\"This field is required\",\"global\":true}},\"numeric_field\":{\"required\":{\"value\":true,\"message\":\"This field is required\",\"global_message\":\"This field is required\",\"global\":true},\"numeric\":{\"value\":true,\"message\":\"This field must contain numeric value\",\"global_message\":\"This field must contain numeric value\",\"global\":true},\"min\":{\"value\":\"\",\"message\":\"Validation fails for minimum value\",\"global_message\":\"Validation fails for minimum value\",\"global\":true},\"max\":{\"value\":\"\",\"message\":\"Validation fails for maximum value\",\"global_message\":\"Validation fails for maximum value\",\"global\":true},\"digits\":{\"value\":\"\",\"message\":\"Validation fails for limited digits\",\"global_message\":\"Validation fails for limited digits\",\"global\":true}},\"email\":{\"required\":{\"value\":false,\"message\":\"This field is required\",\"global\":false,\"global_message\":\"This field is required\"},\"email\":{\"value\":true,\"message\":\"This field must contain a valid email\",\"global\":false,\"global_message\":\"This field must contain a valid email\"}},\"input_text_1\":{\"required\":{\"value\":false,\"message\":\"This field is required\",\"global_message\":\"This field is required\",\"global\":true}},\"message\":{\"required\":{\"value\":true,\"message\":\"This field is required\",\"global\":false,\"global_message\":\"This field is required\"}}},\"debounce_time\":300};\n                            <\/script>\n            \n\n\t\t<\/div>\n\t\t\t\t\n<style>\n#col-1731777145 > .col-inner {\n  padding: 45px 45px 45px 45px;\n  border-radius: 6px;\n}\n<\/style>\n\t<\/div>\n\n\t\n\n\t<div id=\"col-1175812499\" class=\"col contact-right medium-4 small-12 large-4\"  >\n\t\t\t\t<div class=\"col-inner box-shadow-2\" style=\"background-color:rgb(255, 255, 255);\" >\n\t\t\t\n\t\t\t\n<h1><span style=\"font-size: 110%;\"><strong><span style=\"color: #235fad;\">SHENGLIDA TEC<\/span><\/strong><\/span><\/h1>\n<h3><strong>B\u0130ZE ULA\u015eIN<\/strong><\/h3>\n<p><strong>Ekle\uff1a<\/strong><br \/>Nanfeng Ekonomik Kalk\u0131nma B\u00f6lgesi, Zhangjiagang \u015eehri, Jiangsu Eyaleti.<\/p>\n\n\t\t<div class=\"icon-box featured-box pb10 icon-box-left text-left\"  >\n\t\t\t\t\t<div class=\"icon-box-img has-icon-bg\" style=\"width: 31px\">\n\t\t\t\t<div class=\"icon\">\n\t\t\t\t\t<div class=\"icon-inner\" style=\"border-width:1px;\">\n\t\t\t\t\t\t<svg xmlns=\"http:\/\/www.w3.org\/2000\/svg\" viewbox=\"0 0 32 32\"><path fill-rule=\"evenodd\" d=\"M 24.503906 7.503906 C 22.246094 5.246094 19.246094 4 16.050781 4 C 9.464844 4 4.101563 9.359375 4.101563 15.945313 C 4.097656 18.050781 4.648438 20.105469 5.695313 21.917969 L 4 28.109375 L 10.335938 26.445313 C 12.078125 27.398438 14.046875 27.898438 16.046875 27.902344 L 16.050781 27.902344 C 22.636719 27.902344 27.996094 22.542969 28 15.953125 C 28 12.761719 26.757813 9.761719 24.503906 7.503906 Z M 16.050781 25.882813 L 16.046875 25.882813 C 14.265625 25.882813 12.515625 25.402344 10.992188 24.5 L 10.628906 24.285156 L 6.867188 25.269531 L 7.871094 21.605469 L 7.636719 21.230469 C 6.640625 19.648438 6.117188 17.820313 6.117188 15.945313 C 6.117188 10.472656 10.574219 6.019531 16.054688 6.019531 C 18.707031 6.019531 21.199219 7.054688 23.074219 8.929688 C 24.949219 10.808594 25.980469 13.300781 25.980469 15.953125 C 25.980469 21.429688 21.523438 25.882813 16.050781 25.882813 Z M 21.496094 18.445313 C 21.199219 18.296875 19.730469 17.574219 19.457031 17.476563 C 19.183594 17.375 18.984375 17.328125 18.785156 17.625 C 18.585938 17.925781 18.015625 18.597656 17.839844 18.796875 C 17.667969 18.992188 17.492188 19.019531 17.195313 18.871094 C 16.894531 18.722656 15.933594 18.40625 14.792969 17.386719 C 13.90625 16.597656 13.304688 15.617188 13.132813 15.320313 C 12.957031 15.019531 13.113281 14.859375 13.261719 14.710938 C 13.398438 14.578125 13.5625 14.363281 13.710938 14.1875 C 13.859375 14.015625 13.910156 13.890625 14.011719 13.691406 C 14.109375 13.492188 14.058594 13.316406 13.984375 13.167969 C 13.910156 13.019531 13.3125 11.546875 13.0625 10.949219 C 12.820313 10.367188 12.574219 10.449219 12.390625 10.4375 C 12.21875 10.429688 12.019531 10.429688 11.820313 10.429688 C 11.621094 10.429688 11.296875 10.503906 11.023438 10.804688 C 10.75 11.101563 9.980469 11.824219 9.980469 13.292969 C 9.980469 14.761719 11.050781 16.183594 11.199219 16.382813 C 11.347656 16.578125 13.304688 19.59375 16.300781 20.886719 C 17.011719 21.195313 17.566406 21.378906 18 21.515625 C 18.714844 21.742188 19.367188 21.710938 19.882813 21.636719 C 20.457031 21.550781 21.648438 20.914063 21.898438 20.214844 C 22.144531 19.519531 22.144531 18.921875 22.070313 18.796875 C 21.996094 18.671875 21.796875 18.597656 21.496094 18.445313 Z\"\/><\/svg>\t\t\t\t\t<\/div>\n\t\t\t\t<\/div>\n\t\t\t<\/div>\n\t\t\t\t<div class=\"icon-box-text last-reset\">\n\t\t\t\t\t\t\t\t\t\n<h6><strong>Mob\uff1a<\/strong><\/h6>\n<h6>86-158 6148 2069\uff0c<\/h6>\n<h6><span style=\"font-size: 100%;\">86-152 6232 7286<\/span><\/h6>\n\t\t<\/div>\n\t<\/div>\n\t\n\t\n\t<div id=\"gap-837534985\" class=\"gap-element clearfix\" style=\"display:block; height:auto;\">\n\t\t\n<style>\n#gap-837534985 {\n  padding-top: 28px;\n}\n<\/style>\n\t<\/div>\n\t\n\n\t\t<div class=\"icon-box featured-box pb10 icon-box-left text-left\"  >\n\t\t\t\t\t<div class=\"icon-box-img has-icon-bg\" style=\"width: 31px\">\n\t\t\t\t<div class=\"icon\">\n\t\t\t\t\t<div class=\"icon-inner\" style=\"border-width:1px;\">\n\t\t\t\t\t\t<svg xmlns=\"http:\/\/www.w3.org\/2000\/svg\" viewbox=\"0 0 32 32\"><path d=\"M 3 8 L 3 26 L 29 26 L 29 8 Z M 7.3125 10 L 24.6875 10 L 16 15.78125 Z M 5 10.875 L 15.4375 17.84375 L 16 18.1875 L 16.5625 17.84375 L 27 10.875 L 27 24 L 5 24 Z\"\/><\/svg>\t\t\t\t\t<\/div>\n\t\t\t\t<\/div>\n\t\t\t<\/div>\n\t\t\t\t<div class=\"icon-box-text last-reset\">\n\t\t\t\t\t\t\t\t\t\n<h6><strong>E-posta\uff1a<\/strong><\/h6>\n<p>sldkj0920@gmail.com<\/p>\n\t\t<\/div>\n\t<\/div>\n\t\n\t\n\t<div id=\"gap-655841732\" class=\"gap-element clearfix\" style=\"display:block; height:auto;\">\n\t\t\n<style>\n#gap-655841732 {\n  padding-top: 28px;\n}\n<\/style>\n\t<\/div>\n\t\n\n\t\t<div class=\"icon-box featured-box icon-box-left text-left\"  >\n\t\t\t\t\t<div class=\"icon-box-img has-icon-bg\" style=\"width: 31px\">\n\t\t\t\t<div class=\"icon\">\n\t\t\t\t\t<div class=\"icon-inner\" style=\"border-width:1px;\">\n\t\t\t\t\t\t<svg xmlns=\"http:\/\/www.w3.org\/2000\/svg\" viewbox=\"0 0 32 32\"><path d=\"M 16 3 C 9.953125 3 5 7.953125 5 14 L 5 20 C 5 21.292969 5.84375 22.394531 7 22.8125 L 7 23 C 7 25.746094 9.253906 28 12 28 L 13.28125 28 C 13.628906 28.597656 14.261719 29 15 29 L 17 29 C 18.101563 29 19 28.101563 19 27 C 19 25.898438 18.101563 25 17 25 L 15 25 C 14.261719 25 13.628906 25.402344 13.28125 26 L 12 26 C 10.34375 26 9 24.65625 9 23 L 11 23 L 11 14 L 7 14 C 7 9.046875 11.046875 5 16 5 C 20.953125 5 25 9.046875 25 14 L 21 14 L 21 23 L 24 23 C 25.644531 23 27 21.644531 27 20 L 27 14 C 27 7.953125 22.046875 3 16 3 Z M 7 16 L 9 16 L 9 21 L 8 21 C 7.445313 21 7 20.554688 7 20 Z M 23 16 L 25 16 L 25 20 C 25 20.554688 24.554688 21 24 21 L 23 21 Z\"\/><\/svg>\t\t\t\t\t<\/div>\n\t\t\t\t<\/div>\n\t\t\t<\/div>\n\t\t\t\t<div class=\"icon-box-text last-reset\">\n\t\t\t\t\t\t\t\t\t\n<h6><strong>\u0130leti\u015fim\uff1a<\/strong><\/h6>\n<h6>Marcus<\/h6>\n\t\t<\/div>\n\t<\/div>\n\t\n\t\n\t<div id=\"gap-865346879\" class=\"gap-element clearfix\" style=\"display:block; height:auto;\">\n\t\t\n<style>\n#gap-865346879 {\n  padding-top: 28px;\n}\n<\/style>\n\t<\/div>\n\t\n<h4>Sosyal Medya<\/h4>\n<div class=\"social-icons follow-icons\" style=\"font-size:86%\"><a href=\"#\" data-label=\"weibo\" target=\"_blank\" class=\"icon button circle is-outline weibo tooltip\" title=\"weibo \u00fczerinden Takip et\" aria-label=\"weibo \u00fczerinden Takip et\" rel=\"noopener nofollow\" ><i class=\"fa-brands fa-weibo\"><\/i><\/a><a href=\"#\" data-label=\"qq\" target=\"_blank\" class=\"icon button circle is-outline qq tooltip\" title=\"qq \u00fczerinden Takip et\" aria-label=\"qq \u00fczerinden Takip et\" rel=\"noopener nofollow\" ><i class=\"fa-brands fa-qq\"><\/i><\/a><a href=\"#wechat\" data-label=\"weixin\" target=\"_blank\" class=\"icon button circle is-outline weixin tooltip\" title=\"weixin \u00fczerinden Takip et\" aria-label=\"weixin \u00fczerinden Takip et\" rel=\"noopener nofollow\" ><i class=\"fa-brands fa-weixin\"><\/i><\/a><\/div>\n\t\t<\/div>\n\t\t\t\t\n<style>\n#col-1175812499 > .col-inner {\n  padding: 45px 45px 45px 45px;\n  border-radius: 6px;\n}\n<\/style>\n\t<\/div>\n\n\t\n<\/div>\n\t\t<\/div>\n\n\t\t\n<style>\n#section_585792398 {\n  padding-top: 60px;\n  padding-bottom: 60px;\n  background-color: rgb(248, 248, 248);\n}\n<\/style>\n\t<\/section>\n\t\n\t<section class=\"section\" id=\"section_631499777\">\n\t\t<div class=\"bg section-bg fill bg-fill  bg-loaded\" >\n\n\t\t\t\n\t\t\t\n\t\t\t\n\n\t\t<\/div>\n\n\t\t\n\n\t\t<div class=\"section-content relative\">\n\t\t\t\n\n  <div class=\"banner has-hover\" id=\"banner-429139886\">\n          <div class=\"banner-inner fill\">\n        <div class=\"banner-bg fill\" >\n            <div class=\"bg fill bg-fill\"><\/div>\n                                    \n                    <\/div>\n\t\t\n        <div class=\"banner-layers container\">\n            <div class=\"fill banner-link\"><\/div>            \n   <div id=\"text-box-1712048962\" class=\"text-box banner-layer x50 md-x50 lg-x50 y50 md-y50 lg-y50 res-text\">\n                                <div class=\"text-box-content text dark\">\n              \n              <div class=\"text-inner text-center\">\n                  \n              <\/div>\n           <\/div>\n                            \n<style>\n#text-box-1712048962 {\n  width: 60%;\n}\n#text-box-1712048962 .text-box-content {\n  font-size: 100%;\n}\n<\/style>\n    <\/div>\n \n        <\/div>\n      <\/div>\n\n            \n<style>\n#banner-429139886 {\n  padding-top: 211px;\n}\n#banner-429139886 .bg.bg-loaded {\n  background-image: url(https:\/\/sldcncpipebender.com\/wp-content\/uploads\/2025\/04\/\u4e16\u754c-scaled-e1744593497848.jpg);\n}\n@media (min-width:550px) {\n  #banner-429139886 {\n    padding-top: 696px;\n  }\n}\n<\/style>\n  <\/div>\n\n\n\t\t<\/div>\n\n\t\t\n<style>\n#section_631499777 {\n  padding-top: 0px;\n  padding-bottom: 0px;\n  background-color: rgb(248, 248, 248);\n}\n<\/style>\n\t<\/section>","protected":false},"excerpt":{"rendered":"","protected":false},"author":1,"featured_media":0,"parent":0,"menu_order":0,"comment_status":"closed","ping_status":"closed","template":"page-blank.php","meta":{"_acf_changed":false,"footnotes":""},"class_list":["post-17","page","type-page","status-publish","hentry"],"acf":[],"yoast_head":"<!-- This site is optimized with the Yoast SEO Premium plugin v25.5 (Yoast SEO v27.4) - https:\/\/yoast.com\/product\/yoast-seo-premium-wordpress\/ -->\n<title>Contact Us - Shenglida Technology (Zhangjiagang) Co., Ltd.<\/title>\n<meta name=\"robots\" content=\"index, follow, max-snippet:-1, max-image-preview:large, max-video-preview:-1\" \/>\n<link rel=\"canonical\" href=\"https:\/\/sldcncpipebender.com\/tr\/bize-ulasin\/\" \/>\n<meta property=\"og:locale\" content=\"tr_TR\" \/>\n<meta property=\"og:type\" content=\"article\" \/>\n<meta property=\"og:title\" content=\"Contact Us\" \/>\n<meta property=\"og:url\" content=\"https:\/\/sldcncpipebender.com\/tr\/bize-ulasin\/\" \/>\n<meta property=\"og:site_name\" content=\"Shenglida Technology (Zhangjiagang) Co., Ltd.\" \/>\n<meta property=\"article:modified_time\" content=\"2026-04-03T05:09:09+00:00\" \/>\n<meta name=\"twitter:card\" content=\"summary_large_image\" \/>\n<meta name=\"twitter:label1\" content=\"Tahmini okuma s\u00fcresi\" \/>\n\t<meta name=\"twitter:data1\" content=\"1 dakika\" \/>\n<script type=\"application\/ld+json\" class=\"yoast-schema-graph\">{\"@context\":\"https:\\\/\\\/schema.org\",\"@graph\":[{\"@type\":\"WebPage\",\"@id\":\"https:\\\/\\\/sldcncpipebender.com\\\/contact-us\\\/\",\"url\":\"https:\\\/\\\/sldcncpipebender.com\\\/contact-us\\\/\",\"name\":\"Contact Us - Shenglida Technology (Zhangjiagang) Co., Ltd.\",\"isPartOf\":{\"@id\":\"https:\\\/\\\/sldcncpipebender.com\\\/#website\"},\"datePublished\":\"2024-12-02T10:31:33+00:00\",\"dateModified\":\"2026-04-03T05:09:09+00:00\",\"breadcrumb\":{\"@id\":\"https:\\\/\\\/sldcncpipebender.com\\\/contact-us\\\/#breadcrumb\"},\"inLanguage\":\"tr\",\"potentialAction\":[{\"@type\":\"ReadAction\",\"target\":[\"https:\\\/\\\/sldcncpipebender.com\\\/contact-us\\\/\"]}]},{\"@type\":\"BreadcrumbList\",\"@id\":\"https:\\\/\\\/sldcncpipebender.com\\\/contact-us\\\/#breadcrumb\",\"itemListElement\":[{\"@type\":\"ListItem\",\"position\":1,\"name\":\"Home\",\"item\":\"https:\\\/\\\/sldcncpipebender.com\\\/\"},{\"@type\":\"ListItem\",\"position\":2,\"name\":\"Contact Us\"}]},{\"@type\":\"WebSite\",\"@id\":\"https:\\\/\\\/sldcncpipebender.com\\\/#website\",\"url\":\"https:\\\/\\\/sldcncpipebender.com\\\/\",\"name\":\"Shenglida Technology (Zhangjiagang) Co., Ltd.\",\"description\":\"pipe bending machine -  pipe cutting machine - pipe end forming machine\",\"potentialAction\":[{\"@type\":\"SearchAction\",\"target\":{\"@type\":\"EntryPoint\",\"urlTemplate\":\"https:\\\/\\\/sldcncpipebender.com\\\/?s={search_term_string}\"},\"query-input\":{\"@type\":\"PropertyValueSpecification\",\"valueRequired\":true,\"valueName\":\"search_term_string\"}}],\"inLanguage\":\"tr\"}]}<\/script>\n<!-- \/ Yoast SEO Premium plugin. -->","yoast_head_json":{"title":"Bize Ula\u015f\u0131n - Shenglida Technology (Zhangjiagang) Co, Ltd.","robots":{"index":"index","follow":"follow","max-snippet":"max-snippet:-1","max-image-preview":"max-image-preview:large","max-video-preview":"max-video-preview:-1"},"canonical":"https:\/\/sldcncpipebender.com\/tr\/bize-ulasin\/","og_locale":"tr_TR","og_type":"article","og_title":"Contact Us","og_url":"https:\/\/sldcncpipebender.com\/tr\/bize-ulasin\/","og_site_name":"Shenglida Technology (Zhangjiagang) Co., Ltd.","article_modified_time":"2026-04-03T05:09:09+00:00","twitter_card":"summary_large_image","twitter_misc":{"Tahmini okuma s\u00fcresi":"1 dakika"},"schema":{"@context":"https:\/\/schema.org","@graph":[{"@type":"WebPage","@id":"https:\/\/sldcncpipebender.com\/contact-us\/","url":"https:\/\/sldcncpipebender.com\/contact-us\/","name":"Bize Ula\u015f\u0131n - Shenglida Technology (Zhangjiagang) Co, Ltd.","isPartOf":{"@id":"https:\/\/sldcncpipebender.com\/#website"},"datePublished":"2024-12-02T10:31:33+00:00","dateModified":"2026-04-03T05:09:09+00:00","breadcrumb":{"@id":"https:\/\/sldcncpipebender.com\/contact-us\/#breadcrumb"},"inLanguage":"tr","potentialAction":[{"@type":"ReadAction","target":["https:\/\/sldcncpipebender.com\/contact-us\/"]}]},{"@type":"BreadcrumbList","@id":"https:\/\/sldcncpipebender.com\/contact-us\/#breadcrumb","itemListElement":[{"@type":"ListItem","position":1,"name":"Home","item":"https:\/\/sldcncpipebender.com\/"},{"@type":"ListItem","position":2,"name":"Contact Us"}]},{"@type":"WebSite","@id":"https:\/\/sldcncpipebender.com\/#website","url":"https:\/\/sldcncpipebender.com\/","name":"Shenglida Technology (Zhangjiagang) Co, Ltd.","description":"boru b\u00fckme makinesi - boru kesme makinesi - boru ucu \u015fekillendirme makinesi","potentialAction":[{"@type":"SearchAction","target":{"@type":"EntryPoint","urlTemplate":"https:\/\/sldcncpipebender.com\/?s={search_term_string}"},"query-input":{"@type":"PropertyValueSpecification","valueRequired":true,"valueName":"search_term_string"}}],"inLanguage":"tr"}]}},"_hostinger_reach_plugin_has_subscription_block":false,"_hostinger_reach_plugin_is_elementor":false,"_links":{"self":[{"href":"https:\/\/sldcncpipebender.com\/tr\/wp-json\/wp\/v2\/pages\/17","targetHints":{"allow":["GET"]}}],"collection":[{"href":"https:\/\/sldcncpipebender.com\/tr\/wp-json\/wp\/v2\/pages"}],"about":[{"href":"https:\/\/sldcncpipebender.com\/tr\/wp-json\/wp\/v2\/types\/page"}],"author":[{"embeddable":true,"href":"https:\/\/sldcncpipebender.com\/tr\/wp-json\/wp\/v2\/users\/1"}],"replies":[{"embeddable":true,"href":"https:\/\/sldcncpipebender.com\/tr\/wp-json\/wp\/v2\/comments?post=17"}],"version-history":[{"count":51,"href":"https:\/\/sldcncpipebender.com\/tr\/wp-json\/wp\/v2\/pages\/17\/revisions"}],"predecessor-version":[{"id":2167,"href":"https:\/\/sldcncpipebender.com\/tr\/wp-json\/wp\/v2\/pages\/17\/revisions\/2167"}],"wp:attachment":[{"href":"https:\/\/sldcncpipebender.com\/tr\/wp-json\/wp\/v2\/media?parent=17"}],"curies":[{"name":"wp","href":"https:\/\/api.w.org\/{rel}","templated":true}]}}