{"id":1401,"date":"2025-06-12T16:19:20","date_gmt":"2025-06-12T08:19:20","guid":{"rendered":"https:\/\/sldcncpipebender.com\/?post_type=product&#038;p=1401"},"modified":"2025-07-11T14:54:24","modified_gmt":"2025-07-11T06:54:24","slug":"50cnc-2a-1s","status":"publish","type":"product","link":"https:\/\/sldcncpipebender.com\/tr\/product\/50cnc-2a-1s\/","title":{"rendered":"50CNC-2A-1S boru b\u00fckme makinesi"},"content":{"rendered":"<p>Elektrikli ve hidrolik bile\u015fenler Japonya, Fransa ve Almanya'dan gelmektedir.<\/p>\n<p>\u0130tme-b\u00fckme fonksiyonu ile<\/p>\n<p>Dokunmatik ekran kontrol\u00fc<\/p>\n<p>\u0130ngilizce veya \u00e7oklu dil modlar\u0131<\/p>\n<p>PLC kontrol\u00f6r\u00fc (iste\u011fe ba\u011fl\u0131 Windows XP end\u00fcstriyel sistem)<\/p>\n<p>Hava so\u011futma \/ su so\u011futma \/ ya\u011f so\u011futma mevcuttur<\/p>\n<p>Acil durum alarm sistemi<\/p>\n<p>\u00c7al\u0131\u015fan uyar\u0131 \u0131\u015f\u0131\u011f\u0131 ile<\/p>\n<p><img loading=\"lazy\" decoding=\"async\" class=\"alignnone wp-image-1402 size-full\" src=\"https:\/\/sldcncpipebender.com\/wp-content\/uploads\/2025\/06\/01-1.jpg\" alt=\"\" width=\"1000\" height=\"1000\" srcset=\"https:\/\/sldcncpipebender.com\/wp-content\/uploads\/2025\/06\/01-1.jpg 1000w, https:\/\/sldcncpipebender.com\/wp-content\/uploads\/2025\/06\/01-1-300x300.jpg 300w, https:\/\/sldcncpipebender.com\/wp-content\/uploads\/2025\/06\/01-1-150x150.jpg 150w, https:\/\/sldcncpipebender.com\/wp-content\/uploads\/2025\/06\/01-1-768x768.jpg 768w, https:\/\/sldcncpipebender.com\/wp-content\/uploads\/2025\/06\/01-1-12x12.jpg 12w, https:\/\/sldcncpipebender.com\/wp-content\/uploads\/2025\/06\/01-1-100x100.jpg 100w, https:\/\/sldcncpipebender.com\/wp-content\/uploads\/2025\/06\/01-1-500x500.jpg 500w\" sizes=\"auto, (max-width: 1000px) 100vw, 1000px\" \/><\/p>","protected":false},"excerpt":{"rendered":"<p>Boru b\u00fckme makinesi, y\u00fcksek b\u00fckme a\u00e7\u0131s\u0131 do\u011frulu\u011fu ve telafi de\u011feri ile hidrolik olarak tahrik edilir.<\/p>\n<p>D\u00f6nme a\u00e7\u0131s\u0131 ve besleme, y\u00fcksek verimlilik, do\u011fru d\u00f6nme a\u00e7\u0131s\u0131 ve besleme ile servo motorlar taraf\u0131ndan tahrik edilir.<\/p>\n<p>\u00d6zellikle bir\u00e7ok uzamsal a\u00e7\u0131ya ve y\u00fcksek hassasiyet gereksinimlerine sahip boru i\u015fleme i\u00e7in uygundur. \u00d6rne\u011fin: otomobil ya\u011f borular\u0131, klima borular\u0131, motosikletler, bisikletler ve di\u011fer \u00e7er\u00e7evelerin \u00fcretimi.<\/p>\n<p>Tam otomatik boru b\u00fckme makinesi \u00fc\u00e7 boyutlu borular\u0131 b\u00fckebilir.<\/p>","protected":false},"featured_media":1402,"comment_status":"open","ping_status":"closed","template":"","meta":{"_acf_changed":false},"product_brand":[],"product_cat":[32],"product_tag":[],"class_list":{"0":"post-1401","1":"product","2":"type-product","3":"status-publish","4":"has-post-thumbnail","6":"product_cat-cnc-pipe-bending-machine","8":"first","9":"instock","10":"shipping-taxable","11":"product-type-simple"},"acf":[],"yoast_head":"<!-- This site is optimized with the Yoast SEO Premium plugin v25.5 (Yoast SEO v27.4) - https:\/\/yoast.com\/product\/yoast-seo-premium-wordpress\/ -->\n<title>50CNC-2A-1S pipe bending machine - Shenglida Technology (Zhangjiagang) Co., Ltd.<\/title>\n<meta name=\"robots\" content=\"index, follow, max-snippet:-1, max-image-preview:large, max-video-preview:-1\" \/>\n<link rel=\"canonical\" href=\"https:\/\/sldcncpipebender.com\/tr\/product\/50cnc-2a-1s\/\" \/>\n<meta property=\"og:locale\" content=\"tr_TR\" \/>\n<meta property=\"og:type\" content=\"article\" \/>\n<meta property=\"og:title\" content=\"50CNC-2A-1S pipe bending machine\" \/>\n<meta property=\"og:description\" content=\"The pipe bending machine is hydraulically driven, with high bending angle accuracy and compensation value.  The turning angle and feeding are driven by servo motors, with high efficiency, accurate turning angle and feeding.  It is especially suitable for pipe processing with many spatial angles and high precision requirements. Such as: the production of automobile oil pipes, air conditioning pipes, motorcycles, bicycles and other frames.  The fully automatic pipe bending machine can bend three-dimensional pipes.\" \/>\n<meta property=\"og:url\" content=\"https:\/\/sldcncpipebender.com\/tr\/product\/50cnc-2a-1s\/\" \/>\n<meta property=\"og:site_name\" content=\"Shenglida Technology (Zhangjiagang) Co., Ltd.\" \/>\n<meta property=\"article:modified_time\" content=\"2025-07-11T06:54:24+00:00\" \/>\n<meta property=\"og:image\" content=\"https:\/\/sldcncpipebender.com\/wp-content\/uploads\/2025\/06\/01-1.jpg\" \/>\n\t<meta property=\"og:image:width\" content=\"1000\" \/>\n\t<meta property=\"og:image:height\" content=\"1000\" \/>\n\t<meta property=\"og:image:type\" content=\"image\/jpeg\" \/>\n<meta name=\"twitter:card\" content=\"summary_large_image\" \/>\n<meta name=\"twitter:label1\" content=\"Tahmini okuma s\u00fcresi\" \/>\n\t<meta name=\"twitter:data1\" content=\"1 dakika\" \/>\n<script type=\"application\/ld+json\" class=\"yoast-schema-graph\">{\"@context\":\"https:\\\/\\\/schema.org\",\"@graph\":[{\"@type\":\"WebPage\",\"@id\":\"https:\\\/\\\/sldcncpipebender.com\\\/product\\\/50cnc-2a-1s\\\/\",\"url\":\"https:\\\/\\\/sldcncpipebender.com\\\/product\\\/50cnc-2a-1s\\\/\",\"name\":\"50CNC-2A-1S pipe bending machine - Shenglida Technology (Zhangjiagang) Co., Ltd.\",\"isPartOf\":{\"@id\":\"https:\\\/\\\/sldcncpipebender.com\\\/#website\"},\"primaryImageOfPage\":{\"@id\":\"https:\\\/\\\/sldcncpipebender.com\\\/product\\\/50cnc-2a-1s\\\/#primaryimage\"},\"image\":{\"@id\":\"https:\\\/\\\/sldcncpipebender.com\\\/product\\\/50cnc-2a-1s\\\/#primaryimage\"},\"thumbnailUrl\":\"https:\\\/\\\/sldcncpipebender.com\\\/wp-content\\\/uploads\\\/2025\\\/06\\\/01-1.jpg\",\"datePublished\":\"2025-06-12T08:19:20+00:00\",\"dateModified\":\"2025-07-11T06:54:24+00:00\",\"breadcrumb\":{\"@id\":\"https:\\\/\\\/sldcncpipebender.com\\\/product\\\/50cnc-2a-1s\\\/#breadcrumb\"},\"inLanguage\":\"tr\",\"potentialAction\":[{\"@type\":\"ReadAction\",\"target\":[\"https:\\\/\\\/sldcncpipebender.com\\\/product\\\/50cnc-2a-1s\\\/\"]}]},{\"@type\":\"ImageObject\",\"inLanguage\":\"tr\",\"@id\":\"https:\\\/\\\/sldcncpipebender.com\\\/product\\\/50cnc-2a-1s\\\/#primaryimage\",\"url\":\"https:\\\/\\\/sldcncpipebender.com\\\/wp-content\\\/uploads\\\/2025\\\/06\\\/01-1.jpg\",\"contentUrl\":\"https:\\\/\\\/sldcncpipebender.com\\\/wp-content\\\/uploads\\\/2025\\\/06\\\/01-1.jpg\",\"width\":1000,\"height\":1000},{\"@type\":\"BreadcrumbList\",\"@id\":\"https:\\\/\\\/sldcncpipebender.com\\\/product\\\/50cnc-2a-1s\\\/#breadcrumb\",\"itemListElement\":[{\"@type\":\"ListItem\",\"position\":1,\"name\":\"Home\",\"item\":\"https:\\\/\\\/sldcncpipebender.com\\\/\"},{\"@type\":\"ListItem\",\"position\":2,\"name\":\"shop\",\"item\":\"https:\\\/\\\/sldcncpipebender.com\\\/shop\\\/\"},{\"@type\":\"ListItem\",\"position\":3,\"name\":\"50CNC-2A-1S pipe bending machine\"}]},{\"@type\":\"WebSite\",\"@id\":\"https:\\\/\\\/sldcncpipebender.com\\\/#website\",\"url\":\"https:\\\/\\\/sldcncpipebender.com\\\/\",\"name\":\"Shenglida Technology (Zhangjiagang) Co., Ltd.\",\"description\":\"pipe bending machine -  pipe cutting machine - pipe end forming machine\",\"potentialAction\":[{\"@type\":\"SearchAction\",\"target\":{\"@type\":\"EntryPoint\",\"urlTemplate\":\"https:\\\/\\\/sldcncpipebender.com\\\/?s={search_term_string}\"},\"query-input\":{\"@type\":\"PropertyValueSpecification\",\"valueRequired\":true,\"valueName\":\"search_term_string\"}}],\"inLanguage\":\"tr\"}]}<\/script>\n<!-- \/ Yoast SEO Premium plugin. -->","yoast_head_json":{"title":"50CNC-2A-1S boru b\u00fckme makinesi - Shenglida Technology (Zhangjiagang) Co, Ltd.","robots":{"index":"index","follow":"follow","max-snippet":"max-snippet:-1","max-image-preview":"max-image-preview:large","max-video-preview":"max-video-preview:-1"},"canonical":"https:\/\/sldcncpipebender.com\/tr\/product\/50cnc-2a-1s\/","og_locale":"tr_TR","og_type":"article","og_title":"50CNC-2A-1S pipe bending machine","og_description":"The pipe bending machine is hydraulically driven, with high bending angle accuracy and compensation value.  The turning angle and feeding are driven by servo motors, with high efficiency, accurate turning angle and feeding.  It is especially suitable for pipe processing with many spatial angles and high precision requirements. Such as: the production of automobile oil pipes, air conditioning pipes, motorcycles, bicycles and other frames.  The fully automatic pipe bending machine can bend three-dimensional pipes.","og_url":"https:\/\/sldcncpipebender.com\/tr\/product\/50cnc-2a-1s\/","og_site_name":"Shenglida Technology (Zhangjiagang) Co., Ltd.","article_modified_time":"2025-07-11T06:54:24+00:00","og_image":[{"width":1000,"height":1000,"url":"https:\/\/sldcncpipebender.com\/wp-content\/uploads\/2025\/06\/01-1.jpg","type":"image\/jpeg"}],"twitter_card":"summary_large_image","twitter_misc":{"Tahmini okuma s\u00fcresi":"1 dakika"},"schema":{"@context":"https:\/\/schema.org","@graph":[{"@type":"WebPage","@id":"https:\/\/sldcncpipebender.com\/product\/50cnc-2a-1s\/","url":"https:\/\/sldcncpipebender.com\/product\/50cnc-2a-1s\/","name":"50CNC-2A-1S boru b\u00fckme makinesi - Shenglida Technology (Zhangjiagang) Co, Ltd.","isPartOf":{"@id":"https:\/\/sldcncpipebender.com\/#website"},"primaryImageOfPage":{"@id":"https:\/\/sldcncpipebender.com\/product\/50cnc-2a-1s\/#primaryimage"},"image":{"@id":"https:\/\/sldcncpipebender.com\/product\/50cnc-2a-1s\/#primaryimage"},"thumbnailUrl":"https:\/\/sldcncpipebender.com\/wp-content\/uploads\/2025\/06\/01-1.jpg","datePublished":"2025-06-12T08:19:20+00:00","dateModified":"2025-07-11T06:54:24+00:00","breadcrumb":{"@id":"https:\/\/sldcncpipebender.com\/product\/50cnc-2a-1s\/#breadcrumb"},"inLanguage":"tr","potentialAction":[{"@type":"ReadAction","target":["https:\/\/sldcncpipebender.com\/product\/50cnc-2a-1s\/"]}]},{"@type":"ImageObject","inLanguage":"tr","@id":"https:\/\/sldcncpipebender.com\/product\/50cnc-2a-1s\/#primaryimage","url":"https:\/\/sldcncpipebender.com\/wp-content\/uploads\/2025\/06\/01-1.jpg","contentUrl":"https:\/\/sldcncpipebender.com\/wp-content\/uploads\/2025\/06\/01-1.jpg","width":1000,"height":1000},{"@type":"BreadcrumbList","@id":"https:\/\/sldcncpipebender.com\/product\/50cnc-2a-1s\/#breadcrumb","itemListElement":[{"@type":"ListItem","position":1,"name":"Home","item":"https:\/\/sldcncpipebender.com\/"},{"@type":"ListItem","position":2,"name":"shop","item":"https:\/\/sldcncpipebender.com\/shop\/"},{"@type":"ListItem","position":3,"name":"50CNC-2A-1S pipe bending machine"}]},{"@type":"WebSite","@id":"https:\/\/sldcncpipebender.com\/#website","url":"https:\/\/sldcncpipebender.com\/","name":"Shenglida Technology (Zhangjiagang) Co, Ltd.","description":"boru b\u00fckme makinesi - boru kesme makinesi - boru ucu \u015fekillendirme makinesi","potentialAction":[{"@type":"SearchAction","target":{"@type":"EntryPoint","urlTemplate":"https:\/\/sldcncpipebender.com\/?s={search_term_string}"},"query-input":{"@type":"PropertyValueSpecification","valueRequired":true,"valueName":"search_term_string"}}],"inLanguage":"tr"}]}},"_links":{"self":[{"href":"https:\/\/sldcncpipebender.com\/tr\/wp-json\/wp\/v2\/product\/1401","targetHints":{"allow":["GET"]}}],"collection":[{"href":"https:\/\/sldcncpipebender.com\/tr\/wp-json\/wp\/v2\/product"}],"about":[{"href":"https:\/\/sldcncpipebender.com\/tr\/wp-json\/wp\/v2\/types\/product"}],"replies":[{"embeddable":true,"href":"https:\/\/sldcncpipebender.com\/tr\/wp-json\/wp\/v2\/comments?post=1401"}],"wp:featuredmedia":[{"embeddable":true,"href":"https:\/\/sldcncpipebender.com\/tr\/wp-json\/wp\/v2\/media\/1402"}],"wp:attachment":[{"href":"https:\/\/sldcncpipebender.com\/tr\/wp-json\/wp\/v2\/media?parent=1401"}],"wp:term":[{"taxonomy":"product_brand","embeddable":true,"href":"https:\/\/sldcncpipebender.com\/tr\/wp-json\/wp\/v2\/product_brand?post=1401"},{"taxonomy":"product_cat","embeddable":true,"href":"https:\/\/sldcncpipebender.com\/tr\/wp-json\/wp\/v2\/product_cat?post=1401"},{"taxonomy":"product_tag","embeddable":true,"href":"https:\/\/sldcncpipebender.com\/tr\/wp-json\/wp\/v2\/product_tag?post=1401"}],"curies":[{"name":"wp","href":"https:\/\/api.w.org\/{rel}","templated":true}]}}