{"id":1409,"date":"2025-06-06T16:53:07","date_gmt":"2025-06-06T08:53:07","guid":{"rendered":"https:\/\/sldcncpipebender.com\/?post_type=product&#038;p=1409"},"modified":"2025-07-17T18:13:24","modified_gmt":"2025-07-17T10:13:24","slug":"90cnc-3a-2s","status":"publish","type":"product","link":"https:\/\/sldcncpipebender.com\/tr\/product\/90cnc-3a-2s\/","title":{"rendered":"90CNC-3A-2S boru b\u00fckme makinesi"},"content":{"rendered":"<p>Elektrikli ve hidrolik bile\u015fenler Japonya, Fransa ve Almanya'dan gelmektedir.<br \/>\n\u0130tme-b\u00fckme fonksiyonu ile<br \/>\nDokunmatik ekran kontrol\u00fc<br \/>\n\u0130ngilizce veya \u00e7oklu dil modlar\u0131<br \/>\nPLC kontrol\u00f6r\u00fc (iste\u011fe ba\u011fl\u0131 Windows XP end\u00fcstriyel sistem)<br \/>\nHava so\u011futma\/su so\u011futma\/ya\u011f so\u011futma mevcuttur<br \/>\nAcil durum alarm sistemi<br \/>\n\u00c7al\u0131\u015fan uyar\u0131 \u0131\u015f\u0131\u011f\u0131 ile<\/p>\n<p><img loading=\"lazy\" decoding=\"async\" class=\"alignnone size-full wp-image-1410\" src=\"https:\/\/sldcncpipebender.com\/wp-content\/uploads\/2025\/06\/01-4.jpg\" alt=\"\" width=\"1000\" height=\"1000\" srcset=\"https:\/\/sldcncpipebender.com\/wp-content\/uploads\/2025\/06\/01-4.jpg 1000w, https:\/\/sldcncpipebender.com\/wp-content\/uploads\/2025\/06\/01-4-300x300.jpg 300w, https:\/\/sldcncpipebender.com\/wp-content\/uploads\/2025\/06\/01-4-150x150.jpg 150w, https:\/\/sldcncpipebender.com\/wp-content\/uploads\/2025\/06\/01-4-768x768.jpg 768w, https:\/\/sldcncpipebender.com\/wp-content\/uploads\/2025\/06\/01-4-12x12.jpg 12w, https:\/\/sldcncpipebender.com\/wp-content\/uploads\/2025\/06\/01-4-100x100.jpg 100w, https:\/\/sldcncpipebender.com\/wp-content\/uploads\/2025\/06\/01-4-500x500.jpg 500w\" sizes=\"auto, (max-width: 1000px) 100vw, 1000px\" \/><\/p>","protected":false},"excerpt":{"rendered":"<p>Tam otomatik CNC boru b\u00fckme makinesi, boru b\u00fckme ve kal\u0131p transferi servo kontroll\u00fc (hidrolik kontrol mevcuttur), viraj alma ve besleme servo kontroll\u00fc, s\u0131k\u0131\u015ft\u0131rma ve ma\u00e7a \u00e7ekme hidrolik kontroll\u00fcd\u00fcr. B\u00fcy\u00fck yar\u0131\u00e7apl\u0131 b\u00fckme ger\u00e7ekle\u015ftirebilir ve itmeli b\u00fckme i\u015flevine sahiptir. Ekipman 10.0 in\u00e7 dokunmatik ekran, \u0130ngilizce veya \u00e7oklu dil modlar\u0131, PLC kontrol\u00f6r\u00fc (iste\u011fe ba\u011fl\u0131 Windows XP end\u00fcstriyel sistem) kullan\u0131r. Hava so\u011futma \/ su so\u011futma \/ ya\u011f so\u011futma mevcuttur. K\u0131smi otomatik ya\u011flama fonksiyonuna sahiptir. Elektrikli ve hidrolik bile\u015fenler Japonya, Fransa, Almanya ve di\u011fer \u00fclkelerden ithal edilmektedir.<\/p>","protected":false},"featured_media":1410,"comment_status":"open","ping_status":"closed","template":"","meta":{"_acf_changed":false},"product_brand":[],"product_cat":[32],"product_tag":[],"class_list":{"0":"post-1409","1":"product","2":"type-product","3":"status-publish","4":"has-post-thumbnail","6":"product_cat-cnc-pipe-bending-machine","8":"first","9":"instock","10":"shipping-taxable","11":"product-type-simple"},"acf":[],"yoast_head":"<!-- This site is optimized with the Yoast SEO Premium plugin v25.5 (Yoast SEO v27.4) - https:\/\/yoast.com\/product\/yoast-seo-premium-wordpress\/ -->\n<title>90CNC-3A-2S pipe bending machine - Shenglida Technology (Zhangjiagang) Co., Ltd.<\/title>\n<meta name=\"robots\" content=\"index, follow, max-snippet:-1, max-image-preview:large, max-video-preview:-1\" \/>\n<link rel=\"canonical\" href=\"https:\/\/sldcncpipebender.com\/tr\/product\/90cnc-3a-2s\/\" \/>\n<meta property=\"og:locale\" content=\"tr_TR\" \/>\n<meta property=\"og:type\" content=\"article\" \/>\n<meta property=\"og:title\" content=\"90CNC-3A-2S pipe bending machine\" \/>\n<meta property=\"og:description\" content=\"Fully automatic CNC tube bending machine, tube bending and mold transfer servo control (hydraulic control is available), cornering and feeding are servo controlled, clamping and core pulling are hydraulically controlled. It can achieve large radius bending and has push bending function. The equipment uses a 10.0-inch touch screen, English or multiple language modes, PLC controller (optional Windows XP industrial system). Air cooling\/water cooling\/oil cooling are available. It has a partial automatic lubrication function. Electrical and hydraulic components are imported from Japan, France, Germany and other countries.\" \/>\n<meta property=\"og:url\" content=\"https:\/\/sldcncpipebender.com\/tr\/product\/90cnc-3a-2s\/\" \/>\n<meta property=\"og:site_name\" content=\"Shenglida Technology (Zhangjiagang) Co., Ltd.\" \/>\n<meta property=\"article:modified_time\" content=\"2025-07-17T10:13:24+00:00\" \/>\n<meta property=\"og:image\" content=\"https:\/\/sldcncpipebender.com\/wp-content\/uploads\/2025\/06\/01-4.jpg\" \/>\n\t<meta property=\"og:image:width\" content=\"1000\" \/>\n\t<meta property=\"og:image:height\" content=\"1000\" \/>\n\t<meta property=\"og:image:type\" content=\"image\/jpeg\" \/>\n<meta name=\"twitter:card\" content=\"summary_large_image\" \/>\n<meta name=\"twitter:label1\" content=\"Tahmini okuma s\u00fcresi\" \/>\n\t<meta name=\"twitter:data1\" content=\"1 dakika\" \/>\n<script type=\"application\/ld+json\" class=\"yoast-schema-graph\">{\"@context\":\"https:\\\/\\\/schema.org\",\"@graph\":[{\"@type\":\"WebPage\",\"@id\":\"https:\\\/\\\/sldcncpipebender.com\\\/product\\\/90cnc-3a-2s\\\/\",\"url\":\"https:\\\/\\\/sldcncpipebender.com\\\/product\\\/90cnc-3a-2s\\\/\",\"name\":\"90CNC-3A-2S pipe bending machine - Shenglida Technology (Zhangjiagang) Co., Ltd.\",\"isPartOf\":{\"@id\":\"https:\\\/\\\/sldcncpipebender.com\\\/#website\"},\"primaryImageOfPage\":{\"@id\":\"https:\\\/\\\/sldcncpipebender.com\\\/product\\\/90cnc-3a-2s\\\/#primaryimage\"},\"image\":{\"@id\":\"https:\\\/\\\/sldcncpipebender.com\\\/product\\\/90cnc-3a-2s\\\/#primaryimage\"},\"thumbnailUrl\":\"https:\\\/\\\/sldcncpipebender.com\\\/wp-content\\\/uploads\\\/2025\\\/06\\\/01-4.jpg\",\"datePublished\":\"2025-06-06T08:53:07+00:00\",\"dateModified\":\"2025-07-17T10:13:24+00:00\",\"breadcrumb\":{\"@id\":\"https:\\\/\\\/sldcncpipebender.com\\\/product\\\/90cnc-3a-2s\\\/#breadcrumb\"},\"inLanguage\":\"tr\",\"potentialAction\":[{\"@type\":\"ReadAction\",\"target\":[\"https:\\\/\\\/sldcncpipebender.com\\\/product\\\/90cnc-3a-2s\\\/\"]}]},{\"@type\":\"ImageObject\",\"inLanguage\":\"tr\",\"@id\":\"https:\\\/\\\/sldcncpipebender.com\\\/product\\\/90cnc-3a-2s\\\/#primaryimage\",\"url\":\"https:\\\/\\\/sldcncpipebender.com\\\/wp-content\\\/uploads\\\/2025\\\/06\\\/01-4.jpg\",\"contentUrl\":\"https:\\\/\\\/sldcncpipebender.com\\\/wp-content\\\/uploads\\\/2025\\\/06\\\/01-4.jpg\",\"width\":1000,\"height\":1000},{\"@type\":\"BreadcrumbList\",\"@id\":\"https:\\\/\\\/sldcncpipebender.com\\\/product\\\/90cnc-3a-2s\\\/#breadcrumb\",\"itemListElement\":[{\"@type\":\"ListItem\",\"position\":1,\"name\":\"Home\",\"item\":\"https:\\\/\\\/sldcncpipebender.com\\\/\"},{\"@type\":\"ListItem\",\"position\":2,\"name\":\"shop\",\"item\":\"https:\\\/\\\/sldcncpipebender.com\\\/shop\\\/\"},{\"@type\":\"ListItem\",\"position\":3,\"name\":\"90CNC-3A-2S pipe bending machine\"}]},{\"@type\":\"WebSite\",\"@id\":\"https:\\\/\\\/sldcncpipebender.com\\\/#website\",\"url\":\"https:\\\/\\\/sldcncpipebender.com\\\/\",\"name\":\"Shenglida Technology (Zhangjiagang) Co., Ltd.\",\"description\":\"pipe bending machine -  pipe cutting machine - pipe end forming machine\",\"potentialAction\":[{\"@type\":\"SearchAction\",\"target\":{\"@type\":\"EntryPoint\",\"urlTemplate\":\"https:\\\/\\\/sldcncpipebender.com\\\/?s={search_term_string}\"},\"query-input\":{\"@type\":\"PropertyValueSpecification\",\"valueRequired\":true,\"valueName\":\"search_term_string\"}}],\"inLanguage\":\"tr\"}]}<\/script>\n<!-- \/ Yoast SEO Premium plugin. -->","yoast_head_json":{"title":"90CNC-3A-2S boru b\u00fckme makinesi - Shenglida Technology (Zhangjiagang) Co, Ltd.","robots":{"index":"index","follow":"follow","max-snippet":"max-snippet:-1","max-image-preview":"max-image-preview:large","max-video-preview":"max-video-preview:-1"},"canonical":"https:\/\/sldcncpipebender.com\/tr\/product\/90cnc-3a-2s\/","og_locale":"tr_TR","og_type":"article","og_title":"90CNC-3A-2S pipe bending machine","og_description":"Fully automatic CNC tube bending machine, tube bending and mold transfer servo control (hydraulic control is available), cornering and feeding are servo controlled, clamping and core pulling are hydraulically controlled. It can achieve large radius bending and has push bending function. The equipment uses a 10.0-inch touch screen, English or multiple language modes, PLC controller (optional Windows XP industrial system). Air cooling\/water cooling\/oil cooling are available. It has a partial automatic lubrication function. Electrical and hydraulic components are imported from Japan, France, Germany and other countries.","og_url":"https:\/\/sldcncpipebender.com\/tr\/product\/90cnc-3a-2s\/","og_site_name":"Shenglida Technology (Zhangjiagang) Co., Ltd.","article_modified_time":"2025-07-17T10:13:24+00:00","og_image":[{"width":1000,"height":1000,"url":"https:\/\/sldcncpipebender.com\/wp-content\/uploads\/2025\/06\/01-4.jpg","type":"image\/jpeg"}],"twitter_card":"summary_large_image","twitter_misc":{"Tahmini okuma s\u00fcresi":"1 dakika"},"schema":{"@context":"https:\/\/schema.org","@graph":[{"@type":"WebPage","@id":"https:\/\/sldcncpipebender.com\/product\/90cnc-3a-2s\/","url":"https:\/\/sldcncpipebender.com\/product\/90cnc-3a-2s\/","name":"90CNC-3A-2S boru b\u00fckme makinesi - Shenglida Technology (Zhangjiagang) Co, Ltd.","isPartOf":{"@id":"https:\/\/sldcncpipebender.com\/#website"},"primaryImageOfPage":{"@id":"https:\/\/sldcncpipebender.com\/product\/90cnc-3a-2s\/#primaryimage"},"image":{"@id":"https:\/\/sldcncpipebender.com\/product\/90cnc-3a-2s\/#primaryimage"},"thumbnailUrl":"https:\/\/sldcncpipebender.com\/wp-content\/uploads\/2025\/06\/01-4.jpg","datePublished":"2025-06-06T08:53:07+00:00","dateModified":"2025-07-17T10:13:24+00:00","breadcrumb":{"@id":"https:\/\/sldcncpipebender.com\/product\/90cnc-3a-2s\/#breadcrumb"},"inLanguage":"tr","potentialAction":[{"@type":"ReadAction","target":["https:\/\/sldcncpipebender.com\/product\/90cnc-3a-2s\/"]}]},{"@type":"ImageObject","inLanguage":"tr","@id":"https:\/\/sldcncpipebender.com\/product\/90cnc-3a-2s\/#primaryimage","url":"https:\/\/sldcncpipebender.com\/wp-content\/uploads\/2025\/06\/01-4.jpg","contentUrl":"https:\/\/sldcncpipebender.com\/wp-content\/uploads\/2025\/06\/01-4.jpg","width":1000,"height":1000},{"@type":"BreadcrumbList","@id":"https:\/\/sldcncpipebender.com\/product\/90cnc-3a-2s\/#breadcrumb","itemListElement":[{"@type":"ListItem","position":1,"name":"Home","item":"https:\/\/sldcncpipebender.com\/"},{"@type":"ListItem","position":2,"name":"shop","item":"https:\/\/sldcncpipebender.com\/shop\/"},{"@type":"ListItem","position":3,"name":"90CNC-3A-2S pipe bending machine"}]},{"@type":"WebSite","@id":"https:\/\/sldcncpipebender.com\/#website","url":"https:\/\/sldcncpipebender.com\/","name":"Shenglida Technology (Zhangjiagang) Co, Ltd.","description":"boru b\u00fckme makinesi - boru kesme makinesi - boru ucu \u015fekillendirme makinesi","potentialAction":[{"@type":"SearchAction","target":{"@type":"EntryPoint","urlTemplate":"https:\/\/sldcncpipebender.com\/?s={search_term_string}"},"query-input":{"@type":"PropertyValueSpecification","valueRequired":true,"valueName":"search_term_string"}}],"inLanguage":"tr"}]}},"_links":{"self":[{"href":"https:\/\/sldcncpipebender.com\/tr\/wp-json\/wp\/v2\/product\/1409","targetHints":{"allow":["GET"]}}],"collection":[{"href":"https:\/\/sldcncpipebender.com\/tr\/wp-json\/wp\/v2\/product"}],"about":[{"href":"https:\/\/sldcncpipebender.com\/tr\/wp-json\/wp\/v2\/types\/product"}],"replies":[{"embeddable":true,"href":"https:\/\/sldcncpipebender.com\/tr\/wp-json\/wp\/v2\/comments?post=1409"}],"wp:featuredmedia":[{"embeddable":true,"href":"https:\/\/sldcncpipebender.com\/tr\/wp-json\/wp\/v2\/media\/1410"}],"wp:attachment":[{"href":"https:\/\/sldcncpipebender.com\/tr\/wp-json\/wp\/v2\/media?parent=1409"}],"wp:term":[{"taxonomy":"product_brand","embeddable":true,"href":"https:\/\/sldcncpipebender.com\/tr\/wp-json\/wp\/v2\/product_brand?post=1409"},{"taxonomy":"product_cat","embeddable":true,"href":"https:\/\/sldcncpipebender.com\/tr\/wp-json\/wp\/v2\/product_cat?post=1409"},{"taxonomy":"product_tag","embeddable":true,"href":"https:\/\/sldcncpipebender.com\/tr\/wp-json\/wp\/v2\/product_tag?post=1409"}],"curies":[{"name":"wp","href":"https:\/\/api.w.org\/{rel}","templated":true}]}}