{"id":1421,"date":"2025-06-06T17:30:46","date_gmt":"2025-06-06T09:30:46","guid":{"rendered":"https:\/\/sldcncpipebender.com\/?post_type=product&#038;p=1421"},"modified":"2025-06-06T17:30:46","modified_gmt":"2025-06-06T09:30:46","slug":"38cnc-3a-2s","status":"publish","type":"product","link":"https:\/\/sldcncpipebender.com\/tr\/product\/38cnc-3a-2s\/","title":{"rendered":"38CNC-3A-2S"},"content":{"rendered":"<p>&nbsp;<\/p>\n<p>DW38CNC-3A-2S tam otomatik boru b\u00fckme makinesi servo ve hidrolik tahriklidir. Elektrikli cihazlar b\u00fckme a\u00e7\u0131s\u0131n\u0131, besleme do\u011frulu\u011funu, boru d\u00f6n\u00fc\u015f do\u011frulu\u011funu, b\u00fckme makinesi kafas\u0131n\u0131n sol ve sa\u011f kal\u0131p de\u011fi\u015fimini merkezi olarak kontrol eder, hidrolik kontrol s\u0131k\u0131\u015ft\u0131rma, k\u0131lavuzlama, makine kafas\u0131n\u0131n yukar\u0131 ve a\u015fa\u011f\u0131 kal\u0131p de\u011fi\u015fimi, mandrel, mekanizma vb. kendi ba\u011f\u0131ms\u0131z ya\u011f silindirlerine sahiptir. B\u00fckme kolu boruyu b\u00fckt\u00fc\u011f\u00fcnde, hidrolik sistemin kontrol\u00fc alt\u0131nda, s\u0131k\u0131\u015ft\u0131rma, k\u0131lavuzlama, mandrel ve b\u00fckme par\u00e7alar\u0131 y\u00fcksek kaliteli b\u00fckmeyi tamamlamak i\u00e7in koordine olur ve i\u015fbirli\u011fi yapar. Ekonomik ve pratik bir genel ekipmand\u0131r. Ekipman, \u00e7ekirdekli veya \u00e7ekirdeksiz metal borular\u0131 b\u00fckebilir. Makine, kullan\u0131m\u0131 ve bak\u0131m\u0131 kolay olan tek eylemli bir i\u015fleve sahiptir. Gemi yap\u0131m\u0131, kazanlar, kimyasallar, otomobil \u00fcretimi ve di\u011fer end\u00fcstrilerde yayg\u0131n olarak kullan\u0131lmaktad\u0131r.<\/p>\n<p>a) Japon Mitsubishi'nin servo motorunu, Delta PLC kontrol sistemini ve g\u00fc\u00e7l\u00fc anti-parazit \u00f6zelli\u011fine sahip ve \u00e7e\u015fitli zorlu \u00e7al\u0131\u015fma ortamlar\u0131nda kullan\u0131ma uygun Weilun 10 in\u00e7 renkli dokunmatik ekran\u0131 benimser.<\/p>\n<p>b) Profesyonel ve kullan\u0131m\u0131 kolay bir insan-bilgisayar diyalog program\u0131n\u0131 benimser ve kullan\u0131c\u0131lar\u0131n sistemin \u00e7al\u0131\u015fmas\u0131na \u00e7ok k\u0131sa s\u00fcrede a\u015fina olmalar\u0131n\u0131 sa\u011flar.<\/p>\n<p>c) Standart \u00c7ince ekran, \u00c7ince ve \u0130ngilizce \u00e7ift dil m\u00fc\u015fteri ihtiya\u00e7lar\u0131na g\u00f6re kurulabilir.<\/p>\n<p>d) Birden fazla i\u015fleme program\u0131 setine ve birden fazla b\u00fckme program\u0131 setine sahiptir.<\/p>\n<p>e) \u0130\u015fleme program\u0131 ve b\u00fckme program\u0131 bellek saklama s\u00fcresi s\u0131n\u0131rs\u0131zd\u0131r ve program elektrik kesintileri veya uzun s\u00fcreli kullan\u0131lmama nedeniyle kaybolmayacakt\u0131r.<\/p>\n<p>f) \u0130\u015fleme program\u0131, ba\u015fkalar\u0131n\u0131n onu istedi\u011fi gibi de\u011fi\u015ftirmesini \u00f6nlemek i\u00e7in koruma ve kilitleme i\u015flevleriyle donat\u0131lm\u0131\u015ft\u0131r.<\/p>\n<p>g) Operat\u00f6rlerin kullanmas\u0131 i\u00e7in uygun olan bir koordinat d\u00f6n\u00fc\u015ft\u00fcrme i\u015flevine (XYZ-&gt;YBC) sahiptir.<\/p>\n<p>G1) Program ayna i\u015flevini se\u00e7ebilir.<\/p>\n<p>h) B\u00fckme program\u0131, her i\u015fleme ad\u0131m\u0131nda her eksenin ba\u011f\u0131ms\u0131z i\u015fleme h\u0131z\u0131n\u0131 0-9 segment olarak ayarlayabilir. \u0130\u015f verimlili\u011fini art\u0131rmak i\u00e7in farkl\u0131 i\u015f par\u00e7alar\u0131 i\u00e7in esnek bir \u015fekilde kullan\u0131labilir. \u0130\u015fleme h\u0131z\u0131, harici h\u0131z d\u00fc\u011fmesi arac\u0131l\u0131\u011f\u0131yla gerekti\u011finde herhangi bir zamanda azalt\u0131labilir veya art\u0131r\u0131labilir.<\/p>\n<p>i) Otomatik i\u015fleme s\u0131ras\u0131nda, farkl\u0131 i\u015f par\u00e7alar\u0131n\u0131n i\u015fleme ihtiya\u00e7lar\u0131n\u0131 kar\u015f\u0131lamak i\u00e7in \"do\u011frudan besleme\" ve \"kelep\u00e7ele ve yerle\u015ftir\" besleme i\u015flevi anahtarlamas\u0131na sahiptir.<\/p>\n<p>j) Otomatik i\u015fleme s\u0131ras\u0131nda, i\u015fleme sayma ve zamanlama i\u015flevlerine sahiptir.<\/p>\n<p>k) Otomatik i\u015fleme s\u0131ras\u0131nda bir hata veya ar\u0131za meydana gelirse, mekanik eylem ask\u0131ya al\u0131nabilir. Hata veya ar\u0131za giderildikten sonra, makine boru ba\u011flant\u0131 par\u00e7alar\u0131n\u0131n israf\u0131n\u0131 uygun \u015fekilde \u00f6nlemek i\u00e7in boru ba\u011flant\u0131 par\u00e7as\u0131n\u0131n bitmemi\u015f i\u015fini tamamlamaya devam etmek i\u00e7in se\u00e7ilebilir.<\/p>\n<p>l) Kontrol program\u0131, hatalar\u0131 otomatik olarak tespit etme ve kar\u015f\u0131 \u00f6nlemleri metin olarak g\u00f6r\u00fcnt\u00fcleme i\u015flevine sahiptir. Makine ar\u0131zalar\u0131 veya mant\u0131ks\u0131z i\u015flemler hakk\u0131ndaki bilgiler, insan operasyon hatalar\u0131n\u0131n makineye zarar vermesini \u00f6nlemek i\u00e7in talimatlarla birlikte do\u011frudan ekranda g\u00f6r\u00fcnt\u00fclenecektir. Otomatik olarak tespit edilen yukar\u0131da belirtilen anormal bilgiler kaydedilecek ve gelecekteki bak\u0131m referans\u0131 i\u00e7in otomatik olarak saklanacakt\u0131r.<\/p>\n<p>m) Hem otomatik hem de manuel modda bir mod ayarlama i\u015flevine sahiptir ve \u00fcretim verimlili\u011fini art\u0131rmak i\u00e7in \u00e7ekirdek penetrasyonu, yard\u0131mc\u0131 itme, tek ad\u0131ml\u0131 y\u00fcr\u00fctme ve di\u011fer farkl\u0131 durumlar gibi \u00e7e\u015fitli farkl\u0131 \u00e7al\u0131\u015fma modlar\u0131 ayarlayabilir.<\/p>\n<p>n) Birden fazla gecikme parametresi ayar de\u011ferine sahiptir ve \u00e7e\u015fitli b\u00fck\u00fclme de\u011fi\u015fikliklerini kar\u015f\u0131lamak i\u00e7in her eksen eylemi i\u00e7in en uygun zaman fark\u0131n\u0131 se\u00e7ebilir.<\/p>\n<p>o) Olas\u0131 ar\u0131za yerini kolayca bulabilen bir d\u00fc\u011fme devresi giri\u015f ve \u00e7\u0131k\u0131\u015f otomatik alg\u0131lama i\u015flevine sahiptir.<\/p>\n<p>p) \u0130\u015fleme s\u0131ras\u0131nda, mobil dokunmatik ekran besleme Y (eksen), k\u00f6\u015fe B (eksen) ve b\u00fckme borusu C'nin (eksen) mevcut i\u015fleme de\u011ferlerini g\u00f6r\u00fcnt\u00fcler. Ayr\u0131ca tek ad\u0131ml\u0131 y\u00fcr\u00fctme, yar\u0131m d\u00f6ng\u00fc \u00e7al\u0131\u015fmas\u0131 ve tam d\u00f6ng\u00fc \u00e7al\u0131\u015fmas\u0131n\u0131 ayarlayabilir. Ayn\u0131 zamanda, manuel, yar\u0131 otomatik, tam otomatik ve yava\u015f b\u00fckme i\u015flevlerini serbest\u00e7e se\u00e7ebilir. Elastik d\u00fc\u011fme anahtarlar\u0131n\u0131 benimser ve \u00fc\u00e7 i\u015flevi vard\u0131r: otomatik ba\u015flatma, acil durdurma ve \u00e7al\u0131\u015fmaya devam etmek i\u00e7in acil durdurma. \u00d6zel i\u015f par\u00e7alar\u0131n\u0131 b\u00fckerken manuel m\u00fcdahale i\u00e7in uygundur ve y\u00fcksek g\u00fcvenlik performans\u0131na sahiptir.<\/p>\n<p>q) Besleme Y (ekseni) ve k\u00f6\u015fe B (ekseni) elektrikli servo motorlar taraf\u0131ndan tahrik edilir. \u0130ki eksen orijine d\u00f6n\u00fc\u015f fonksiyonunu se\u00e7ebilir. Ayn\u0131 zamanda, her viraj geri tepme telafi de\u011ferini ve kal\u0131ptan \u00e7\u0131karma bo\u015flu\u011funu malzeme de\u011fi\u015fikli\u011fine g\u00f6re ayarlayabilir.<\/p>\n<p>S1) Besleme cihaz\u0131 (Y) ekseni, her bir b\u00fck\u00fcm\u00fcn b\u00fck\u00fcm konumunu ve b\u00fck\u00fcmler aras\u0131ndaki mesafeyi ger\u00e7ekle\u015ftirebilir.<\/p>\n<p>S2) K\u00f6\u015fe cihaz\u0131 (B) ekseni, her bir b\u00fck\u00fcm\u00fcn k\u00f6\u015fesini ve konumland\u0131rmas\u0131n\u0131 farkl\u0131 y\u00f6nlerde ger\u00e7ekle\u015ftirebilir.<\/p>\n<p>r) Makine kafas\u0131n\u0131n, b\u00fckme kolunun ve s\u0131k\u0131\u015ft\u0131rma mekanizmas\u0131n\u0131n tasar\u0131m\u0131 zarif ve makuld\u00fcr. Ayn\u0131 zamanda, b\u00fckme kal\u0131b\u0131 basit ve de\u011fi\u015ftirilmesi kolayd\u0131r, bu da esnek \u00fcretim i\u00e7in uygundur ve boru b\u00fckme i\u00e7in en b\u00fcy\u00fck \u00fc\u00e7 boyutlu b\u00fckme alan\u0131n\u0131 sa\u011flar.<\/p>\n<p>s) Hidrolik ana s\u0131k\u0131\u015ft\u0131rma ve yard\u0131mc\u0131 s\u0131k\u0131\u015ft\u0131rma mekanizmas\u0131, kal\u0131b\u0131 s\u0131k\u0131\u015ft\u0131rmaya itmek i\u00e7in bir silindir ve bir ba\u011flant\u0131 \u00e7ubu\u011fu mekanizmas\u0131 kullan\u0131r ve s\u0131k\u0131\u015ft\u0131rma ayr\u0131ca kendinden kilitleme i\u015flevine sahiptir.<\/p>\n<p>t) B\u00fckme (C) ekseni h\u0131zl\u0131 b\u00fckme ve yava\u015f b\u00fckme i\u015flevlerine sahiptir. Yava\u015f b\u00fckme i\u015flevi, borunun h\u0131zl\u0131 b\u00fckme i\u015fleminin neden oldu\u011fu k\u0131r\u0131lmay\u0131 etkili bir \u015fekilde azaltabilen ince et kal\u0131nl\u0131\u011f\u0131na veya k\u00fc\u00e7\u00fck b\u00fckme yar\u0131\u00e7ap\u0131na sahip borular\u0131 b\u00fckmek i\u00e7in kullan\u0131l\u0131r.<\/p>\n<p>w) K\u0131lavuz kal\u0131b\u0131n yard\u0131mc\u0131 itme i\u015flevi, borunun incelme oran\u0131n\u0131 daha etkili bir \u015fekilde sa\u011flayabilir.<\/p>\n<p>x) Hidrolik otomatik ma\u00e7a \u00e7ekme i\u015flevi, ma\u00e7ay\u0131 \u00f6nceden geri \u00e7ekebilir ve ma\u00e7ay\u0131 tek bir ad\u0131mda ilerletebilir, bu da borunun b\u00fck\u00fclme ovalli\u011fini daha etkili bir \u015fekilde sa\u011flayabilir.<\/p>\n<p>y) Hidrolik destek mekanizmas\u0131: Destek mekanizmas\u0131, malzeme tek bir kafa ile kenetlendi\u011finde tak\u0131m tezgah\u0131 yap\u0131s\u0131 \u00fczerindeki bas\u0131nc\u0131 azaltabilir ve uzun borular\u0131n d\u00fcz b\u00fck\u00fclmesini etkili bir \u015fekilde sa\u011flayabilir ve borular\u0131n b\u00fck\u00fclmesi kolay de\u011fildir.<br \/>\n<img loading=\"lazy\" decoding=\"async\" class=\"alignnone size-full wp-image-1422\" src=\"https:\/\/sldcncpipebender.com\/wp-content\/uploads\/2025\/06\/01-10.jpg\" alt=\"\" width=\"1068\" height=\"862\" srcset=\"https:\/\/sldcncpipebender.com\/wp-content\/uploads\/2025\/06\/01-10.jpg 1068w, https:\/\/sldcncpipebender.com\/wp-content\/uploads\/2025\/06\/01-10-300x242.jpg 300w, https:\/\/sldcncpipebender.com\/wp-content\/uploads\/2025\/06\/01-10-1024x826.jpg 1024w, https:\/\/sldcncpipebender.com\/wp-content\/uploads\/2025\/06\/01-10-768x620.jpg 768w, https:\/\/sldcncpipebender.com\/wp-content\/uploads\/2025\/06\/01-10-15x12.jpg 15w, https:\/\/sldcncpipebender.com\/wp-content\/uploads\/2025\/06\/01-10-1000x807.jpg 1000w\" sizes=\"auto, (max-width: 1068px) 100vw, 1068px\" \/><\/p>","protected":false},"excerpt":{"rendered":"<p>DW38CNC-3A-2S tam otomatik boru b\u00fckme makinesi servo ve hidrolik tahriklidir. Elektrikli cihazlar b\u00fckme a\u00e7\u0131s\u0131n\u0131, besleme do\u011frulu\u011funu ve boru d\u00f6n\u00fc\u015f do\u011frulu\u011funu merkezi olarak kontrol eder. B\u00fckme kafas\u0131 kal\u0131plar\u0131 sola ve sa\u011fa de\u011fi\u015ftirebilir. Hidrolik kontrol s\u0131k\u0131\u015ft\u0131rma, k\u0131lavuzlama, kafa yukar\u0131 ve a\u015fa\u011f\u0131 kal\u0131p de\u011fi\u015ftirme, mandrel, mekanizma vb. kendi ba\u011f\u0131ms\u0131z silindirlerine sahiptir. B\u00fckme kolu boruyu b\u00fckt\u00fc\u011f\u00fcnde, hidrolik sistemin kontrol\u00fc alt\u0131nda, s\u0131k\u0131\u015ft\u0131rma, k\u0131lavuzlama, mandrel ve b\u00fckme par\u00e7alar\u0131, y\u00fcksek kaliteli b\u00fckmeyi tamamlamak i\u00e7in birbirleriyle koordine olur. Ekonomik ve pratik bir genel ekipmand\u0131r.<\/p>","protected":false},"featured_media":1422,"comment_status":"open","ping_status":"closed","template":"","meta":{"_acf_changed":false},"product_brand":[],"product_cat":[32],"product_tag":[],"class_list":{"0":"post-1421","1":"product","2":"type-product","3":"status-publish","4":"has-post-thumbnail","6":"product_cat-cnc-pipe-bending-machine","8":"first","9":"instock","10":"shipping-taxable","11":"product-type-simple"},"acf":[],"yoast_head":"<!-- This site is optimized with the Yoast SEO Premium plugin v25.5 (Yoast SEO v27.4) - https:\/\/yoast.com\/product\/yoast-seo-premium-wordpress\/ -->\n<title>38CNC-3A-2S - Shenglida Technology (Zhangjiagang) Co., Ltd.<\/title>\n<meta name=\"robots\" content=\"index, follow, max-snippet:-1, max-image-preview:large, max-video-preview:-1\" \/>\n<link rel=\"canonical\" href=\"https:\/\/sldcncpipebender.com\/tr\/product\/38cnc-3a-2s\/\" \/>\n<meta property=\"og:locale\" content=\"tr_TR\" \/>\n<meta property=\"og:type\" content=\"article\" \/>\n<meta property=\"og:title\" content=\"38CNC-3A-2S\" \/>\n<meta property=\"og:description\" content=\"DW38CNC-3A-2S fully automatic pipe bending machine is servo and hydraulic driven. The electrical appliances centrally control the bending angle, feeding accuracy, and pipe rotation accuracy. The bending head can change molds left and right. The hydraulic control clamping, guiding, head up and down mold changing, mandrel, mechanism, etc. have their own independent cylinders. When the bending arm bends the pipe, under the control of the hydraulic system, the clamping, guiding, mandrel, and bending parts coordinate with each other to complete high-quality bending. It is an economical and practical general equipment.\" \/>\n<meta property=\"og:url\" content=\"https:\/\/sldcncpipebender.com\/tr\/product\/38cnc-3a-2s\/\" \/>\n<meta property=\"og:site_name\" content=\"Shenglida Technology (Zhangjiagang) Co., Ltd.\" \/>\n<meta property=\"og:image\" content=\"https:\/\/sldcncpipebender.com\/wp-content\/uploads\/2025\/06\/01-10.jpg\" \/>\n\t<meta property=\"og:image:width\" content=\"1068\" \/>\n\t<meta property=\"og:image:height\" content=\"862\" \/>\n\t<meta property=\"og:image:type\" content=\"image\/jpeg\" \/>\n<meta name=\"twitter:card\" content=\"summary_large_image\" \/>\n<meta name=\"twitter:label1\" content=\"Tahmini okuma s\u00fcresi\" \/>\n\t<meta name=\"twitter:data1\" content=\"5 dakika\" \/>\n<script type=\"application\/ld+json\" class=\"yoast-schema-graph\">{\"@context\":\"https:\\\/\\\/schema.org\",\"@graph\":[{\"@type\":\"WebPage\",\"@id\":\"https:\\\/\\\/sldcncpipebender.com\\\/product\\\/38cnc-3a-2s\\\/\",\"url\":\"https:\\\/\\\/sldcncpipebender.com\\\/product\\\/38cnc-3a-2s\\\/\",\"name\":\"38CNC-3A-2S - Shenglida Technology (Zhangjiagang) Co., Ltd.\",\"isPartOf\":{\"@id\":\"https:\\\/\\\/sldcncpipebender.com\\\/#website\"},\"primaryImageOfPage\":{\"@id\":\"https:\\\/\\\/sldcncpipebender.com\\\/product\\\/38cnc-3a-2s\\\/#primaryimage\"},\"image\":{\"@id\":\"https:\\\/\\\/sldcncpipebender.com\\\/product\\\/38cnc-3a-2s\\\/#primaryimage\"},\"thumbnailUrl\":\"https:\\\/\\\/sldcncpipebender.com\\\/wp-content\\\/uploads\\\/2025\\\/06\\\/01-10.jpg\",\"datePublished\":\"2025-06-06T09:30:46+00:00\",\"breadcrumb\":{\"@id\":\"https:\\\/\\\/sldcncpipebender.com\\\/product\\\/38cnc-3a-2s\\\/#breadcrumb\"},\"inLanguage\":\"tr\",\"potentialAction\":[{\"@type\":\"ReadAction\",\"target\":[\"https:\\\/\\\/sldcncpipebender.com\\\/product\\\/38cnc-3a-2s\\\/\"]}]},{\"@type\":\"ImageObject\",\"inLanguage\":\"tr\",\"@id\":\"https:\\\/\\\/sldcncpipebender.com\\\/product\\\/38cnc-3a-2s\\\/#primaryimage\",\"url\":\"https:\\\/\\\/sldcncpipebender.com\\\/wp-content\\\/uploads\\\/2025\\\/06\\\/01-10.jpg\",\"contentUrl\":\"https:\\\/\\\/sldcncpipebender.com\\\/wp-content\\\/uploads\\\/2025\\\/06\\\/01-10.jpg\",\"width\":1068,\"height\":862},{\"@type\":\"BreadcrumbList\",\"@id\":\"https:\\\/\\\/sldcncpipebender.com\\\/product\\\/38cnc-3a-2s\\\/#breadcrumb\",\"itemListElement\":[{\"@type\":\"ListItem\",\"position\":1,\"name\":\"Home\",\"item\":\"https:\\\/\\\/sldcncpipebender.com\\\/\"},{\"@type\":\"ListItem\",\"position\":2,\"name\":\"shop\",\"item\":\"https:\\\/\\\/sldcncpipebender.com\\\/shop\\\/\"},{\"@type\":\"ListItem\",\"position\":3,\"name\":\"38CNC-3A-2S\"}]},{\"@type\":\"WebSite\",\"@id\":\"https:\\\/\\\/sldcncpipebender.com\\\/#website\",\"url\":\"https:\\\/\\\/sldcncpipebender.com\\\/\",\"name\":\"Shenglida Technology (Zhangjiagang) Co., Ltd.\",\"description\":\"pipe bending machine -  pipe cutting machine - pipe end forming machine\",\"potentialAction\":[{\"@type\":\"SearchAction\",\"target\":{\"@type\":\"EntryPoint\",\"urlTemplate\":\"https:\\\/\\\/sldcncpipebender.com\\\/?s={search_term_string}\"},\"query-input\":{\"@type\":\"PropertyValueSpecification\",\"valueRequired\":true,\"valueName\":\"search_term_string\"}}],\"inLanguage\":\"tr\"}]}<\/script>\n<!-- \/ Yoast SEO Premium plugin. -->","yoast_head_json":{"title":"38CNC-3A-2S - Shenglida Technology (Zhangjiagang) Co, Ltd.","robots":{"index":"index","follow":"follow","max-snippet":"max-snippet:-1","max-image-preview":"max-image-preview:large","max-video-preview":"max-video-preview:-1"},"canonical":"https:\/\/sldcncpipebender.com\/tr\/product\/38cnc-3a-2s\/","og_locale":"tr_TR","og_type":"article","og_title":"38CNC-3A-2S","og_description":"DW38CNC-3A-2S fully automatic pipe bending machine is servo and hydraulic driven. The electrical appliances centrally control the bending angle, feeding accuracy, and pipe rotation accuracy. The bending head can change molds left and right. The hydraulic control clamping, guiding, head up and down mold changing, mandrel, mechanism, etc. have their own independent cylinders. When the bending arm bends the pipe, under the control of the hydraulic system, the clamping, guiding, mandrel, and bending parts coordinate with each other to complete high-quality bending. It is an economical and practical general equipment.","og_url":"https:\/\/sldcncpipebender.com\/tr\/product\/38cnc-3a-2s\/","og_site_name":"Shenglida Technology (Zhangjiagang) Co., Ltd.","og_image":[{"width":1068,"height":862,"url":"https:\/\/sldcncpipebender.com\/wp-content\/uploads\/2025\/06\/01-10.jpg","type":"image\/jpeg"}],"twitter_card":"summary_large_image","twitter_misc":{"Tahmini okuma s\u00fcresi":"5 dakika"},"schema":{"@context":"https:\/\/schema.org","@graph":[{"@type":"WebPage","@id":"https:\/\/sldcncpipebender.com\/product\/38cnc-3a-2s\/","url":"https:\/\/sldcncpipebender.com\/product\/38cnc-3a-2s\/","name":"38CNC-3A-2S - Shenglida Technology (Zhangjiagang) Co, Ltd.","isPartOf":{"@id":"https:\/\/sldcncpipebender.com\/#website"},"primaryImageOfPage":{"@id":"https:\/\/sldcncpipebender.com\/product\/38cnc-3a-2s\/#primaryimage"},"image":{"@id":"https:\/\/sldcncpipebender.com\/product\/38cnc-3a-2s\/#primaryimage"},"thumbnailUrl":"https:\/\/sldcncpipebender.com\/wp-content\/uploads\/2025\/06\/01-10.jpg","datePublished":"2025-06-06T09:30:46+00:00","breadcrumb":{"@id":"https:\/\/sldcncpipebender.com\/product\/38cnc-3a-2s\/#breadcrumb"},"inLanguage":"tr","potentialAction":[{"@type":"ReadAction","target":["https:\/\/sldcncpipebender.com\/product\/38cnc-3a-2s\/"]}]},{"@type":"ImageObject","inLanguage":"tr","@id":"https:\/\/sldcncpipebender.com\/product\/38cnc-3a-2s\/#primaryimage","url":"https:\/\/sldcncpipebender.com\/wp-content\/uploads\/2025\/06\/01-10.jpg","contentUrl":"https:\/\/sldcncpipebender.com\/wp-content\/uploads\/2025\/06\/01-10.jpg","width":1068,"height":862},{"@type":"BreadcrumbList","@id":"https:\/\/sldcncpipebender.com\/product\/38cnc-3a-2s\/#breadcrumb","itemListElement":[{"@type":"ListItem","position":1,"name":"Home","item":"https:\/\/sldcncpipebender.com\/"},{"@type":"ListItem","position":2,"name":"shop","item":"https:\/\/sldcncpipebender.com\/shop\/"},{"@type":"ListItem","position":3,"name":"38CNC-3A-2S"}]},{"@type":"WebSite","@id":"https:\/\/sldcncpipebender.com\/#website","url":"https:\/\/sldcncpipebender.com\/","name":"Shenglida Technology (Zhangjiagang) Co, Ltd.","description":"boru b\u00fckme makinesi - boru kesme makinesi - boru ucu \u015fekillendirme makinesi","potentialAction":[{"@type":"SearchAction","target":{"@type":"EntryPoint","urlTemplate":"https:\/\/sldcncpipebender.com\/?s={search_term_string}"},"query-input":{"@type":"PropertyValueSpecification","valueRequired":true,"valueName":"search_term_string"}}],"inLanguage":"tr"}]}},"_links":{"self":[{"href":"https:\/\/sldcncpipebender.com\/tr\/wp-json\/wp\/v2\/product\/1421","targetHints":{"allow":["GET"]}}],"collection":[{"href":"https:\/\/sldcncpipebender.com\/tr\/wp-json\/wp\/v2\/product"}],"about":[{"href":"https:\/\/sldcncpipebender.com\/tr\/wp-json\/wp\/v2\/types\/product"}],"replies":[{"embeddable":true,"href":"https:\/\/sldcncpipebender.com\/tr\/wp-json\/wp\/v2\/comments?post=1421"}],"wp:featuredmedia":[{"embeddable":true,"href":"https:\/\/sldcncpipebender.com\/tr\/wp-json\/wp\/v2\/media\/1422"}],"wp:attachment":[{"href":"https:\/\/sldcncpipebender.com\/tr\/wp-json\/wp\/v2\/media?parent=1421"}],"wp:term":[{"taxonomy":"product_brand","embeddable":true,"href":"https:\/\/sldcncpipebender.com\/tr\/wp-json\/wp\/v2\/product_brand?post=1421"},{"taxonomy":"product_cat","embeddable":true,"href":"https:\/\/sldcncpipebender.com\/tr\/wp-json\/wp\/v2\/product_cat?post=1421"},{"taxonomy":"product_tag","embeddable":true,"href":"https:\/\/sldcncpipebender.com\/tr\/wp-json\/wp\/v2\/product_tag?post=1421"}],"curies":[{"name":"wp","href":"https:\/\/api.w.org\/{rel}","templated":true}]}}