{"id":1428,"date":"2025-06-06T17:46:10","date_gmt":"2025-06-06T09:46:10","guid":{"rendered":"https:\/\/sldcncpipebender.com\/?post_type=product&#038;p=1428"},"modified":"2025-06-06T17:46:10","modified_gmt":"2025-06-06T09:46:10","slug":"25cnc-3a-2s","status":"publish","type":"product","link":"https:\/\/sldcncpipebender.com\/tr\/product\/25cnc-3a-2s\/","title":{"rendered":"25CNC-3A-2S"},"content":{"rendered":"<p>&nbsp;<\/p>\n<p>DW28CNC-3A-2S otomatik boru b\u00fckme makinesi servo ve hidrolik tahriklidir. Elektrikli cihazlar b\u00fckme a\u00e7\u0131s\u0131n\u0131, besleme do\u011frulu\u011funu ve boru d\u00f6n\u00fc\u015f do\u011frulu\u011funu merkezi olarak kontrol eder. B\u00fckme kal\u0131b\u0131n\u0131n yukar\u0131 ve a\u015fa\u011f\u0131 hidrolik kontrol\u00fc, malzeme kapma vb. kendi ba\u011f\u0131ms\u0131z ya\u011f silindirlerine sahiptir. Boruyu b\u00fckerken, sistemin kontrol\u00fc alt\u0131nda, malzeme kapma kelep\u00e7esi, kal\u0131p kafas\u0131n\u0131n yukar\u0131 ve a\u015fa\u011f\u0131 hareketi ve b\u00fckme par\u00e7alar\u0131, y\u00fcksek kaliteli b\u00fckmeyi tamamlamak i\u00e7in koordine edilir. Ekonomik ve pratik bir genel ekipmand\u0131r.<\/p>\n<p>Ekipman, metal borular\u0131 birka\u00e7 parazit noktas\u0131 ve y\u00fcksek h\u0131z ile b\u00fckebilir. Makine, kullan\u0131m\u0131 ve bak\u0131m\u0131 kolay olan bir jog ve tek hareket fonksiyonuna sahiptir. Al\u0131\u015fveri\u015f arabalar\u0131, otomobil par\u00e7alar\u0131, elektrikli ara\u00e7lar, mobilya imalat\u0131 ve di\u011fer sekt\u00f6rlerde yayg\u0131n olarak kullan\u0131lmaktad\u0131r.<\/p>\n<p><img loading=\"lazy\" decoding=\"async\" class=\"alignnone size-full wp-image-1429\" src=\"https:\/\/sldcncpipebender.com\/wp-content\/uploads\/2025\/06\/01-13.jpg\" alt=\"\" width=\"1068\" height=\"862\" srcset=\"https:\/\/sldcncpipebender.com\/wp-content\/uploads\/2025\/06\/01-13.jpg 1068w, https:\/\/sldcncpipebender.com\/wp-content\/uploads\/2025\/06\/01-13-300x242.jpg 300w, https:\/\/sldcncpipebender.com\/wp-content\/uploads\/2025\/06\/01-13-1024x826.jpg 1024w, https:\/\/sldcncpipebender.com\/wp-content\/uploads\/2025\/06\/01-13-768x620.jpg 768w, https:\/\/sldcncpipebender.com\/wp-content\/uploads\/2025\/06\/01-13-15x12.jpg 15w, https:\/\/sldcncpipebender.com\/wp-content\/uploads\/2025\/06\/01-13-1000x807.jpg 1000w\" sizes=\"auto, (max-width: 1068px) 100vw, 1068px\" \/><\/p>","protected":false},"excerpt":{"rendered":"<p>3-13 eksenli servo motorlar arac\u0131l\u0131\u011f\u0131yla hassas kontrol;<\/p>\n<p>1-4 katmanl\u0131 kal\u0131plar i\u00e7in sol ve sa\u011f b\u00fck\u00fcm fonksiyonlar\u0131n\u0131 ger\u00e7ekle\u015ftirebilir;<\/p>\n<p>End\u00fcstriyel bilgisayar sistemi 3D giri\u015fim denetim fonksiyonuna sahiptir;<\/p>\n<p>Robotlar\u0131 ve 3D \u00f6l\u00e7\u00fcm cihazlar\u0131n\u0131 vb. ba\u011flayabilir.<\/p>\n<p>\u00c7evrimi\u00e7i mesaj b\u0131rak\u0131n<\/p>","protected":false},"featured_media":1429,"comment_status":"open","ping_status":"closed","template":"","meta":{"_acf_changed":false},"product_brand":[],"product_cat":[32],"product_tag":[],"class_list":{"0":"post-1428","1":"product","2":"type-product","3":"status-publish","4":"has-post-thumbnail","6":"product_cat-cnc-pipe-bending-machine","8":"first","9":"instock","10":"shipping-taxable","11":"product-type-simple"},"acf":[],"yoast_head":"<!-- This site is optimized with the Yoast SEO Premium plugin v25.5 (Yoast SEO v27.4) - https:\/\/yoast.com\/product\/yoast-seo-premium-wordpress\/ -->\n<title>25CNC-3A-2S - Shenglida Technology (Zhangjiagang) Co., Ltd.<\/title>\n<meta name=\"robots\" content=\"index, follow, max-snippet:-1, max-image-preview:large, max-video-preview:-1\" \/>\n<link rel=\"canonical\" href=\"https:\/\/sldcncpipebender.com\/tr\/product\/25cnc-3a-2s\/\" \/>\n<meta property=\"og:locale\" content=\"tr_TR\" \/>\n<meta property=\"og:type\" content=\"article\" \/>\n<meta property=\"og:title\" content=\"25CNC-3A-2S\" \/>\n<meta property=\"og:description\" content=\"Precise control through 3-13 axis servo motors;  Can achieve left and right bending functions for 1-4 layer molds;  Industrial computer system has 3D interference inspection function;  Can connect robots and 3D measuring instruments, etc.  Leave a message online\" \/>\n<meta property=\"og:url\" content=\"https:\/\/sldcncpipebender.com\/tr\/product\/25cnc-3a-2s\/\" \/>\n<meta property=\"og:site_name\" content=\"Shenglida Technology (Zhangjiagang) Co., Ltd.\" \/>\n<meta property=\"og:image\" content=\"https:\/\/sldcncpipebender.com\/wp-content\/uploads\/2025\/06\/01-13.jpg\" \/>\n\t<meta property=\"og:image:width\" content=\"1068\" \/>\n\t<meta property=\"og:image:height\" content=\"862\" \/>\n\t<meta property=\"og:image:type\" content=\"image\/jpeg\" \/>\n<meta name=\"twitter:card\" content=\"summary_large_image\" \/>\n<meta name=\"twitter:label1\" content=\"Tahmini okuma s\u00fcresi\" \/>\n\t<meta name=\"twitter:data1\" content=\"1 dakika\" \/>\n<script type=\"application\/ld+json\" class=\"yoast-schema-graph\">{\"@context\":\"https:\\\/\\\/schema.org\",\"@graph\":[{\"@type\":\"WebPage\",\"@id\":\"https:\\\/\\\/sldcncpipebender.com\\\/product\\\/25cnc-3a-2s\\\/\",\"url\":\"https:\\\/\\\/sldcncpipebender.com\\\/product\\\/25cnc-3a-2s\\\/\",\"name\":\"25CNC-3A-2S - Shenglida Technology (Zhangjiagang) Co., Ltd.\",\"isPartOf\":{\"@id\":\"https:\\\/\\\/sldcncpipebender.com\\\/#website\"},\"primaryImageOfPage\":{\"@id\":\"https:\\\/\\\/sldcncpipebender.com\\\/product\\\/25cnc-3a-2s\\\/#primaryimage\"},\"image\":{\"@id\":\"https:\\\/\\\/sldcncpipebender.com\\\/product\\\/25cnc-3a-2s\\\/#primaryimage\"},\"thumbnailUrl\":\"https:\\\/\\\/sldcncpipebender.com\\\/wp-content\\\/uploads\\\/2025\\\/06\\\/01-13.jpg\",\"datePublished\":\"2025-06-06T09:46:10+00:00\",\"breadcrumb\":{\"@id\":\"https:\\\/\\\/sldcncpipebender.com\\\/product\\\/25cnc-3a-2s\\\/#breadcrumb\"},\"inLanguage\":\"tr\",\"potentialAction\":[{\"@type\":\"ReadAction\",\"target\":[\"https:\\\/\\\/sldcncpipebender.com\\\/product\\\/25cnc-3a-2s\\\/\"]}]},{\"@type\":\"ImageObject\",\"inLanguage\":\"tr\",\"@id\":\"https:\\\/\\\/sldcncpipebender.com\\\/product\\\/25cnc-3a-2s\\\/#primaryimage\",\"url\":\"https:\\\/\\\/sldcncpipebender.com\\\/wp-content\\\/uploads\\\/2025\\\/06\\\/01-13.jpg\",\"contentUrl\":\"https:\\\/\\\/sldcncpipebender.com\\\/wp-content\\\/uploads\\\/2025\\\/06\\\/01-13.jpg\",\"width\":1068,\"height\":862},{\"@type\":\"BreadcrumbList\",\"@id\":\"https:\\\/\\\/sldcncpipebender.com\\\/product\\\/25cnc-3a-2s\\\/#breadcrumb\",\"itemListElement\":[{\"@type\":\"ListItem\",\"position\":1,\"name\":\"Home\",\"item\":\"https:\\\/\\\/sldcncpipebender.com\\\/\"},{\"@type\":\"ListItem\",\"position\":2,\"name\":\"shop\",\"item\":\"https:\\\/\\\/sldcncpipebender.com\\\/shop\\\/\"},{\"@type\":\"ListItem\",\"position\":3,\"name\":\"25CNC-3A-2S\"}]},{\"@type\":\"WebSite\",\"@id\":\"https:\\\/\\\/sldcncpipebender.com\\\/#website\",\"url\":\"https:\\\/\\\/sldcncpipebender.com\\\/\",\"name\":\"Shenglida Technology (Zhangjiagang) Co., Ltd.\",\"description\":\"pipe bending machine -  pipe cutting machine - pipe end forming machine\",\"potentialAction\":[{\"@type\":\"SearchAction\",\"target\":{\"@type\":\"EntryPoint\",\"urlTemplate\":\"https:\\\/\\\/sldcncpipebender.com\\\/?s={search_term_string}\"},\"query-input\":{\"@type\":\"PropertyValueSpecification\",\"valueRequired\":true,\"valueName\":\"search_term_string\"}}],\"inLanguage\":\"tr\"}]}<\/script>\n<!-- \/ Yoast SEO Premium plugin. -->","yoast_head_json":{"title":"25CNC-3A-2S - Shenglida Technology (Zhangjiagang) Co, Ltd.","robots":{"index":"index","follow":"follow","max-snippet":"max-snippet:-1","max-image-preview":"max-image-preview:large","max-video-preview":"max-video-preview:-1"},"canonical":"https:\/\/sldcncpipebender.com\/tr\/product\/25cnc-3a-2s\/","og_locale":"tr_TR","og_type":"article","og_title":"25CNC-3A-2S","og_description":"Precise control through 3-13 axis servo motors;  Can achieve left and right bending functions for 1-4 layer molds;  Industrial computer system has 3D interference inspection function;  Can connect robots and 3D measuring instruments, etc.  Leave a message online","og_url":"https:\/\/sldcncpipebender.com\/tr\/product\/25cnc-3a-2s\/","og_site_name":"Shenglida Technology (Zhangjiagang) Co., Ltd.","og_image":[{"width":1068,"height":862,"url":"https:\/\/sldcncpipebender.com\/wp-content\/uploads\/2025\/06\/01-13.jpg","type":"image\/jpeg"}],"twitter_card":"summary_large_image","twitter_misc":{"Tahmini okuma s\u00fcresi":"1 dakika"},"schema":{"@context":"https:\/\/schema.org","@graph":[{"@type":"WebPage","@id":"https:\/\/sldcncpipebender.com\/product\/25cnc-3a-2s\/","url":"https:\/\/sldcncpipebender.com\/product\/25cnc-3a-2s\/","name":"25CNC-3A-2S - Shenglida Technology (Zhangjiagang) Co, Ltd.","isPartOf":{"@id":"https:\/\/sldcncpipebender.com\/#website"},"primaryImageOfPage":{"@id":"https:\/\/sldcncpipebender.com\/product\/25cnc-3a-2s\/#primaryimage"},"image":{"@id":"https:\/\/sldcncpipebender.com\/product\/25cnc-3a-2s\/#primaryimage"},"thumbnailUrl":"https:\/\/sldcncpipebender.com\/wp-content\/uploads\/2025\/06\/01-13.jpg","datePublished":"2025-06-06T09:46:10+00:00","breadcrumb":{"@id":"https:\/\/sldcncpipebender.com\/product\/25cnc-3a-2s\/#breadcrumb"},"inLanguage":"tr","potentialAction":[{"@type":"ReadAction","target":["https:\/\/sldcncpipebender.com\/product\/25cnc-3a-2s\/"]}]},{"@type":"ImageObject","inLanguage":"tr","@id":"https:\/\/sldcncpipebender.com\/product\/25cnc-3a-2s\/#primaryimage","url":"https:\/\/sldcncpipebender.com\/wp-content\/uploads\/2025\/06\/01-13.jpg","contentUrl":"https:\/\/sldcncpipebender.com\/wp-content\/uploads\/2025\/06\/01-13.jpg","width":1068,"height":862},{"@type":"BreadcrumbList","@id":"https:\/\/sldcncpipebender.com\/product\/25cnc-3a-2s\/#breadcrumb","itemListElement":[{"@type":"ListItem","position":1,"name":"Home","item":"https:\/\/sldcncpipebender.com\/"},{"@type":"ListItem","position":2,"name":"shop","item":"https:\/\/sldcncpipebender.com\/shop\/"},{"@type":"ListItem","position":3,"name":"25CNC-3A-2S"}]},{"@type":"WebSite","@id":"https:\/\/sldcncpipebender.com\/#website","url":"https:\/\/sldcncpipebender.com\/","name":"Shenglida Technology (Zhangjiagang) Co, Ltd.","description":"boru b\u00fckme makinesi - boru kesme makinesi - boru ucu \u015fekillendirme makinesi","potentialAction":[{"@type":"SearchAction","target":{"@type":"EntryPoint","urlTemplate":"https:\/\/sldcncpipebender.com\/?s={search_term_string}"},"query-input":{"@type":"PropertyValueSpecification","valueRequired":true,"valueName":"search_term_string"}}],"inLanguage":"tr"}]}},"_links":{"self":[{"href":"https:\/\/sldcncpipebender.com\/tr\/wp-json\/wp\/v2\/product\/1428","targetHints":{"allow":["GET"]}}],"collection":[{"href":"https:\/\/sldcncpipebender.com\/tr\/wp-json\/wp\/v2\/product"}],"about":[{"href":"https:\/\/sldcncpipebender.com\/tr\/wp-json\/wp\/v2\/types\/product"}],"replies":[{"embeddable":true,"href":"https:\/\/sldcncpipebender.com\/tr\/wp-json\/wp\/v2\/comments?post=1428"}],"wp:featuredmedia":[{"embeddable":true,"href":"https:\/\/sldcncpipebender.com\/tr\/wp-json\/wp\/v2\/media\/1429"}],"wp:attachment":[{"href":"https:\/\/sldcncpipebender.com\/tr\/wp-json\/wp\/v2\/media?parent=1428"}],"wp:term":[{"taxonomy":"product_brand","embeddable":true,"href":"https:\/\/sldcncpipebender.com\/tr\/wp-json\/wp\/v2\/product_brand?post=1428"},{"taxonomy":"product_cat","embeddable":true,"href":"https:\/\/sldcncpipebender.com\/tr\/wp-json\/wp\/v2\/product_cat?post=1428"},{"taxonomy":"product_tag","embeddable":true,"href":"https:\/\/sldcncpipebender.com\/tr\/wp-json\/wp\/v2\/product_tag?post=1428"}],"curies":[{"name":"wp","href":"https:\/\/api.w.org\/{rel}","templated":true}]}}