{"id":1436,"date":"2025-06-07T12:12:43","date_gmt":"2025-06-07T04:12:43","guid":{"rendered":"https:\/\/sldcncpipebender.com\/?post_type=product&#038;p=1436"},"modified":"2025-06-16T17:09:03","modified_gmt":"2025-06-16T09:09:03","slug":"38cnc-3a-2s-2","status":"publish","type":"product","link":"https:\/\/sldcncpipebender.com\/tr\/product\/38cnc-3a-2s-2\/","title":{"rendered":"38CNC-3A-2S"},"content":{"rendered":"<p>DW38CNC-3A-2S boru b\u00fckme makinesi servo ve hidrolik tahriklidir. Elektrikli cihazlar b\u00fckme a\u00e7\u0131s\u0131n\u0131, besleme do\u011frulu\u011funu ve boru d\u00f6n\u00fc\u015f do\u011frulu\u011funu merkezi olarak kontrol eder. B\u00fckme makinesi kafas\u0131 kal\u0131plar\u0131 sola ve sa\u011fa de\u011fi\u015ftirir. Hidrolik kontrol s\u0131kma, k\u0131lavuzlama ve makine kafas\u0131 \u00fcst ve alt kal\u0131p de\u011fi\u015fimleri, mandreller ve mekanizmalar kendi ba\u011f\u0131ms\u0131z silindirlerine sahiptir. B\u00fckme kolu boruyu b\u00fckt\u00fc\u011f\u00fcnde, hidrolik sistemin kontrol\u00fc alt\u0131nda, s\u0131k\u0131\u015ft\u0131rma, k\u0131lavuzlama, mandrel ve b\u00fckme par\u00e7alar\u0131 y\u00fcksek kaliteli b\u00fckmeyi tamamlamak i\u00e7in koordine eder ve i\u015fbirli\u011fi yapar. Ekonomik ve pratik bir genel ekipmand\u0131r.<br \/>\nEkipman, \u00e7ekirdekli veya \u00e7ekirdeksiz metal borular\u0131 b\u00fckebilir. Makine, kullan\u0131m\u0131 ve bak\u0131m\u0131 kolay olan \u00e7al\u0131\u015ft\u0131rma ve tek eylem i\u015flevlerine sahiptir. Gemi yap\u0131m\u0131, kazanlar, kimyasallar, otomobil \u00fcretimi ve di\u011fer end\u00fcstrilerde yayg\u0131n olarak kullan\u0131lmaktad\u0131r.<br \/>\n<img loading=\"lazy\" decoding=\"async\" class=\"alignnone size-full wp-image-1437\" src=\"https:\/\/sldcncpipebender.com\/wp-content\/uploads\/2025\/06\/01-17.jpg\" alt=\"\" width=\"1068\" height=\"862\" srcset=\"https:\/\/sldcncpipebender.com\/wp-content\/uploads\/2025\/06\/01-17.jpg 1068w, https:\/\/sldcncpipebender.com\/wp-content\/uploads\/2025\/06\/01-17-300x242.jpg 300w, https:\/\/sldcncpipebender.com\/wp-content\/uploads\/2025\/06\/01-17-1024x826.jpg 1024w, https:\/\/sldcncpipebender.com\/wp-content\/uploads\/2025\/06\/01-17-768x620.jpg 768w, https:\/\/sldcncpipebender.com\/wp-content\/uploads\/2025\/06\/01-17-15x12.jpg 15w, https:\/\/sldcncpipebender.com\/wp-content\/uploads\/2025\/06\/01-17-1000x807.jpg 1000w\" sizes=\"auto, (max-width: 1068px) 100vw, 1068px\" \/><\/p>","protected":false},"excerpt":{"rendered":"<p>3-13 eksenli servo motorlar arac\u0131l\u0131\u011f\u0131yla hassas kontrol;<\/p>\n<p>1-4 katl\u0131 kal\u0131plar\u0131n sol ve sa\u011f b\u00fck\u00fcm fonksiyonlar\u0131n\u0131 ger\u00e7ekle\u015ftirebilir;<\/p>\n<p>\u0130tmeli b\u00fckme fonksiyonu ile b\u00fcy\u00fck yar\u0131\u00e7apl\u0131 veya spiral \u00fcr\u00fcn b\u00fckme ger\u00e7ekle\u015ftirebilir;<\/p>\n<p>End\u00fcstriyel bilgisayar sistemi 3D giri\u015fim denetim fonksiyonuna sahiptir;<\/p>\n<p>Robotlar\u0131 ve 3D \u00f6l\u00e7\u00fcm cihazlar\u0131n\u0131 vb. ba\u011flayabilir.<\/p>","protected":false},"featured_media":1437,"comment_status":"open","ping_status":"closed","template":"","meta":{"_acf_changed":false},"product_brand":[],"product_cat":[32],"product_tag":[],"class_list":{"0":"post-1436","1":"product","2":"type-product","3":"status-publish","4":"has-post-thumbnail","6":"product_cat-cnc-pipe-bending-machine","8":"first","9":"instock","10":"shipping-taxable","11":"product-type-simple"},"acf":[],"yoast_head":"<!-- This site is optimized with the Yoast SEO Premium plugin v25.5 (Yoast SEO v27.4) - https:\/\/yoast.com\/product\/yoast-seo-premium-wordpress\/ -->\n<title>38CNC-3A-2S - Shenglida Technology (Zhangjiagang) Co., Ltd.<\/title>\n<meta name=\"robots\" content=\"index, follow, max-snippet:-1, max-image-preview:large, max-video-preview:-1\" \/>\n<link rel=\"canonical\" href=\"https:\/\/sldcncpipebender.com\/tr\/product\/38cnc-3a-2s-2\/\" \/>\n<meta property=\"og:locale\" content=\"tr_TR\" \/>\n<meta property=\"og:type\" content=\"article\" \/>\n<meta property=\"og:title\" content=\"38CNC-3A-2S\" \/>\n<meta property=\"og:description\" content=\"Precise control through 3-13 axis servo motors;  Can realize left and right bending functions of 1-4 layer molds;  Can realize large radius or spiral product bending, with push bending function;  Industrial computer system has 3D interference inspection function;  Can connect robots and 3D measuring instruments, etc.\" \/>\n<meta property=\"og:url\" content=\"https:\/\/sldcncpipebender.com\/tr\/product\/38cnc-3a-2s-2\/\" \/>\n<meta property=\"og:site_name\" content=\"Shenglida Technology (Zhangjiagang) Co., Ltd.\" \/>\n<meta property=\"article:modified_time\" content=\"2025-06-16T09:09:03+00:00\" \/>\n<meta property=\"og:image\" content=\"https:\/\/sldcncpipebender.com\/wp-content\/uploads\/2025\/06\/01-17.jpg\" \/>\n\t<meta property=\"og:image:width\" content=\"1068\" \/>\n\t<meta property=\"og:image:height\" content=\"862\" \/>\n\t<meta property=\"og:image:type\" content=\"image\/jpeg\" \/>\n<meta name=\"twitter:card\" content=\"summary_large_image\" \/>\n<meta name=\"twitter:label1\" content=\"Tahmini okuma s\u00fcresi\" \/>\n\t<meta name=\"twitter:data1\" content=\"1 dakika\" \/>\n<script type=\"application\/ld+json\" class=\"yoast-schema-graph\">{\"@context\":\"https:\\\/\\\/schema.org\",\"@graph\":[{\"@type\":\"WebPage\",\"@id\":\"https:\\\/\\\/sldcncpipebender.com\\\/product\\\/38cnc-3a-2s-2\\\/\",\"url\":\"https:\\\/\\\/sldcncpipebender.com\\\/product\\\/38cnc-3a-2s-2\\\/\",\"name\":\"38CNC-3A-2S - Shenglida Technology (Zhangjiagang) Co., Ltd.\",\"isPartOf\":{\"@id\":\"https:\\\/\\\/sldcncpipebender.com\\\/#website\"},\"primaryImageOfPage\":{\"@id\":\"https:\\\/\\\/sldcncpipebender.com\\\/product\\\/38cnc-3a-2s-2\\\/#primaryimage\"},\"image\":{\"@id\":\"https:\\\/\\\/sldcncpipebender.com\\\/product\\\/38cnc-3a-2s-2\\\/#primaryimage\"},\"thumbnailUrl\":\"https:\\\/\\\/sldcncpipebender.com\\\/wp-content\\\/uploads\\\/2025\\\/06\\\/01-17.jpg\",\"datePublished\":\"2025-06-07T04:12:43+00:00\",\"dateModified\":\"2025-06-16T09:09:03+00:00\",\"breadcrumb\":{\"@id\":\"https:\\\/\\\/sldcncpipebender.com\\\/product\\\/38cnc-3a-2s-2\\\/#breadcrumb\"},\"inLanguage\":\"tr\",\"potentialAction\":[{\"@type\":\"ReadAction\",\"target\":[\"https:\\\/\\\/sldcncpipebender.com\\\/product\\\/38cnc-3a-2s-2\\\/\"]}]},{\"@type\":\"ImageObject\",\"inLanguage\":\"tr\",\"@id\":\"https:\\\/\\\/sldcncpipebender.com\\\/product\\\/38cnc-3a-2s-2\\\/#primaryimage\",\"url\":\"https:\\\/\\\/sldcncpipebender.com\\\/wp-content\\\/uploads\\\/2025\\\/06\\\/01-17.jpg\",\"contentUrl\":\"https:\\\/\\\/sldcncpipebender.com\\\/wp-content\\\/uploads\\\/2025\\\/06\\\/01-17.jpg\",\"width\":1068,\"height\":862},{\"@type\":\"BreadcrumbList\",\"@id\":\"https:\\\/\\\/sldcncpipebender.com\\\/product\\\/38cnc-3a-2s-2\\\/#breadcrumb\",\"itemListElement\":[{\"@type\":\"ListItem\",\"position\":1,\"name\":\"Home\",\"item\":\"https:\\\/\\\/sldcncpipebender.com\\\/\"},{\"@type\":\"ListItem\",\"position\":2,\"name\":\"shop\",\"item\":\"https:\\\/\\\/sldcncpipebender.com\\\/shop\\\/\"},{\"@type\":\"ListItem\",\"position\":3,\"name\":\"38CNC-3A-2S\"}]},{\"@type\":\"WebSite\",\"@id\":\"https:\\\/\\\/sldcncpipebender.com\\\/#website\",\"url\":\"https:\\\/\\\/sldcncpipebender.com\\\/\",\"name\":\"Shenglida Technology (Zhangjiagang) Co., Ltd.\",\"description\":\"pipe bending machine -  pipe cutting machine - pipe end forming machine\",\"potentialAction\":[{\"@type\":\"SearchAction\",\"target\":{\"@type\":\"EntryPoint\",\"urlTemplate\":\"https:\\\/\\\/sldcncpipebender.com\\\/?s={search_term_string}\"},\"query-input\":{\"@type\":\"PropertyValueSpecification\",\"valueRequired\":true,\"valueName\":\"search_term_string\"}}],\"inLanguage\":\"tr\"}]}<\/script>\n<!-- \/ Yoast SEO Premium plugin. -->","yoast_head_json":{"title":"38CNC-3A-2S - Shenglida Technology (Zhangjiagang) Co, Ltd.","robots":{"index":"index","follow":"follow","max-snippet":"max-snippet:-1","max-image-preview":"max-image-preview:large","max-video-preview":"max-video-preview:-1"},"canonical":"https:\/\/sldcncpipebender.com\/tr\/product\/38cnc-3a-2s-2\/","og_locale":"tr_TR","og_type":"article","og_title":"38CNC-3A-2S","og_description":"Precise control through 3-13 axis servo motors;  Can realize left and right bending functions of 1-4 layer molds;  Can realize large radius or spiral product bending, with push bending function;  Industrial computer system has 3D interference inspection function;  Can connect robots and 3D measuring instruments, etc.","og_url":"https:\/\/sldcncpipebender.com\/tr\/product\/38cnc-3a-2s-2\/","og_site_name":"Shenglida Technology (Zhangjiagang) Co., Ltd.","article_modified_time":"2025-06-16T09:09:03+00:00","og_image":[{"width":1068,"height":862,"url":"https:\/\/sldcncpipebender.com\/wp-content\/uploads\/2025\/06\/01-17.jpg","type":"image\/jpeg"}],"twitter_card":"summary_large_image","twitter_misc":{"Tahmini okuma s\u00fcresi":"1 dakika"},"schema":{"@context":"https:\/\/schema.org","@graph":[{"@type":"WebPage","@id":"https:\/\/sldcncpipebender.com\/product\/38cnc-3a-2s-2\/","url":"https:\/\/sldcncpipebender.com\/product\/38cnc-3a-2s-2\/","name":"38CNC-3A-2S - Shenglida Technology (Zhangjiagang) Co, Ltd.","isPartOf":{"@id":"https:\/\/sldcncpipebender.com\/#website"},"primaryImageOfPage":{"@id":"https:\/\/sldcncpipebender.com\/product\/38cnc-3a-2s-2\/#primaryimage"},"image":{"@id":"https:\/\/sldcncpipebender.com\/product\/38cnc-3a-2s-2\/#primaryimage"},"thumbnailUrl":"https:\/\/sldcncpipebender.com\/wp-content\/uploads\/2025\/06\/01-17.jpg","datePublished":"2025-06-07T04:12:43+00:00","dateModified":"2025-06-16T09:09:03+00:00","breadcrumb":{"@id":"https:\/\/sldcncpipebender.com\/product\/38cnc-3a-2s-2\/#breadcrumb"},"inLanguage":"tr","potentialAction":[{"@type":"ReadAction","target":["https:\/\/sldcncpipebender.com\/product\/38cnc-3a-2s-2\/"]}]},{"@type":"ImageObject","inLanguage":"tr","@id":"https:\/\/sldcncpipebender.com\/product\/38cnc-3a-2s-2\/#primaryimage","url":"https:\/\/sldcncpipebender.com\/wp-content\/uploads\/2025\/06\/01-17.jpg","contentUrl":"https:\/\/sldcncpipebender.com\/wp-content\/uploads\/2025\/06\/01-17.jpg","width":1068,"height":862},{"@type":"BreadcrumbList","@id":"https:\/\/sldcncpipebender.com\/product\/38cnc-3a-2s-2\/#breadcrumb","itemListElement":[{"@type":"ListItem","position":1,"name":"Home","item":"https:\/\/sldcncpipebender.com\/"},{"@type":"ListItem","position":2,"name":"shop","item":"https:\/\/sldcncpipebender.com\/shop\/"},{"@type":"ListItem","position":3,"name":"38CNC-3A-2S"}]},{"@type":"WebSite","@id":"https:\/\/sldcncpipebender.com\/#website","url":"https:\/\/sldcncpipebender.com\/","name":"Shenglida Technology (Zhangjiagang) Co, Ltd.","description":"boru b\u00fckme makinesi - boru kesme makinesi - boru ucu \u015fekillendirme makinesi","potentialAction":[{"@type":"SearchAction","target":{"@type":"EntryPoint","urlTemplate":"https:\/\/sldcncpipebender.com\/?s={search_term_string}"},"query-input":{"@type":"PropertyValueSpecification","valueRequired":true,"valueName":"search_term_string"}}],"inLanguage":"tr"}]}},"_links":{"self":[{"href":"https:\/\/sldcncpipebender.com\/tr\/wp-json\/wp\/v2\/product\/1436","targetHints":{"allow":["GET"]}}],"collection":[{"href":"https:\/\/sldcncpipebender.com\/tr\/wp-json\/wp\/v2\/product"}],"about":[{"href":"https:\/\/sldcncpipebender.com\/tr\/wp-json\/wp\/v2\/types\/product"}],"replies":[{"embeddable":true,"href":"https:\/\/sldcncpipebender.com\/tr\/wp-json\/wp\/v2\/comments?post=1436"}],"wp:featuredmedia":[{"embeddable":true,"href":"https:\/\/sldcncpipebender.com\/tr\/wp-json\/wp\/v2\/media\/1437"}],"wp:attachment":[{"href":"https:\/\/sldcncpipebender.com\/tr\/wp-json\/wp\/v2\/media?parent=1436"}],"wp:term":[{"taxonomy":"product_brand","embeddable":true,"href":"https:\/\/sldcncpipebender.com\/tr\/wp-json\/wp\/v2\/product_brand?post=1436"},{"taxonomy":"product_cat","embeddable":true,"href":"https:\/\/sldcncpipebender.com\/tr\/wp-json\/wp\/v2\/product_cat?post=1436"},{"taxonomy":"product_tag","embeddable":true,"href":"https:\/\/sldcncpipebender.com\/tr\/wp-json\/wp\/v2\/product_tag?post=1436"}],"curies":[{"name":"wp","href":"https:\/\/api.w.org\/{rel}","templated":true}]}}