{"id":1456,"date":"2025-06-07T13:06:58","date_gmt":"2025-06-07T05:06:58","guid":{"rendered":"https:\/\/sldcncpipebender.com\/?post_type=product&#038;p=1456"},"modified":"2026-04-03T13:37:03","modified_gmt":"2026-04-03T05:37:03","slug":"325ncb","status":"publish","type":"product","link":"https:\/\/sldcncpipebender.com\/tr\/product\/325ncb\/","title":{"rendered":"325NCB hidrolik boru b\u00fck\u00fcc\u00fc"},"content":{"rendered":"<p>Elektrikli ve hidrolik bile\u015fenler Japonya, Fransa ve Almanya'dan gelmektedir.<\/p>\n<p>Dokunmatik ekran, \u0130ngilizce veya ba\u015fka bir dil<\/p>\n<p>Hava so\u011futma \/ su so\u011futma \/ ya\u011f so\u011futma mevcuttur<\/p>\n<p>\u00c7al\u0131\u015fan uyar\u0131 \u0131\u015f\u0131\u011f\u0131 ile<\/p>\n<p>Standart kal\u0131p: 45# \u00e7elik<\/p>\n<p>Opsiyonel kal\u0131p: Cr12 malzeme \/ 42 CrMo<\/p>\n<p>Paslanmaz \u00e7elik boru: mandrel - bak\u0131r ala\u015f\u0131m\u0131, k\u0131r\u0131\u015f\u0131kl\u0131k \u00f6nleyici kal\u0131p - bak\u0131r ala\u015f\u0131m\u0131<\/p>\n<p>Al\u00fcminyum boru: tekerlek kal\u0131b\u0131, kelep\u00e7e kal\u0131b\u0131, k\u0131lavuz kal\u0131b\u0131 - naylon malzeme<\/p>","protected":false},"excerpt":{"rendered":"<p>Tek \u00e7ipli mikrobilgisayar kontrol\u00fc, hidrolik tahrikli b\u00fckme, manuel besleme, otomatik b\u00fckme, dokunmatik ekran \u0130ngilizce veya di\u011fer diller, orijinal ithal hidrolik valf benimseyin. Hava so\u011futma \/ su so\u011futma \/ ya\u011f so\u011futma mevcuttur.<\/p>","protected":false},"featured_media":1457,"comment_status":"open","ping_status":"closed","template":"","meta":{"_acf_changed":false},"product_brand":[],"product_cat":[33],"product_tag":[],"class_list":{"0":"post-1456","1":"product","2":"type-product","3":"status-publish","4":"has-post-thumbnail","6":"product_cat-nc-pipe-bending-machine","8":"first","9":"instock","10":"shipping-taxable","11":"product-type-simple"},"acf":[],"yoast_head":"<!-- This site is optimized with the Yoast SEO Premium plugin v25.5 (Yoast SEO v27.4) - https:\/\/yoast.com\/product\/yoast-seo-premium-wordpress\/ -->\n<title>325NCB hydraulic pipe bender - Shenglida Technology (Zhangjiagang) Co., Ltd.<\/title>\n<meta name=\"robots\" content=\"index, follow, max-snippet:-1, max-image-preview:large, max-video-preview:-1\" \/>\n<link rel=\"canonical\" href=\"https:\/\/sldcncpipebender.com\/tr\/product\/325ncb\/\" \/>\n<meta property=\"og:locale\" content=\"tr_TR\" \/>\n<meta property=\"og:type\" content=\"article\" \/>\n<meta property=\"og:title\" content=\"325NCB hydraulic pipe bender\" \/>\n<meta property=\"og:description\" content=\"Adopt single chip microcomputer control, hydraulic drive bending, manual feeding, automatic bending, touch screen English or other languages, original imported hydraulic valve. Air cooling \/ water cooling \/ oil cooling are available.\" \/>\n<meta property=\"og:url\" content=\"https:\/\/sldcncpipebender.com\/tr\/product\/325ncb\/\" \/>\n<meta property=\"og:site_name\" content=\"Shenglida Technology (Zhangjiagang) Co., Ltd.\" \/>\n<meta property=\"article:modified_time\" content=\"2026-04-03T05:37:03+00:00\" \/>\n<meta property=\"og:image\" content=\"http:\/\/sldcncpipebender.com\/wp-content\/uploads\/2025\/06\/01-26.jpg\" \/>\n\t<meta property=\"og:image:width\" content=\"1068\" \/>\n\t<meta property=\"og:image:height\" content=\"862\" \/>\n\t<meta property=\"og:image:type\" content=\"image\/jpeg\" \/>\n<meta name=\"twitter:card\" content=\"summary_large_image\" \/>\n<meta name=\"twitter:label1\" content=\"Tahmini okuma s\u00fcresi\" \/>\n\t<meta name=\"twitter:data1\" content=\"1 dakika\" \/>\n<script type=\"application\/ld+json\" class=\"yoast-schema-graph\">{\"@context\":\"https:\\\/\\\/schema.org\",\"@graph\":[{\"@type\":\"WebPage\",\"@id\":\"https:\\\/\\\/sldcncpipebender.com\\\/product\\\/325ncb\\\/\",\"url\":\"https:\\\/\\\/sldcncpipebender.com\\\/product\\\/325ncb\\\/\",\"name\":\"325NCB hydraulic pipe bender - Shenglida Technology (Zhangjiagang) Co., Ltd.\",\"isPartOf\":{\"@id\":\"https:\\\/\\\/sldcncpipebender.com\\\/#website\"},\"primaryImageOfPage\":{\"@id\":\"https:\\\/\\\/sldcncpipebender.com\\\/product\\\/325ncb\\\/#primaryimage\"},\"image\":{\"@id\":\"https:\\\/\\\/sldcncpipebender.com\\\/product\\\/325ncb\\\/#primaryimage\"},\"thumbnailUrl\":\"https:\\\/\\\/sldcncpipebender.com\\\/wp-content\\\/uploads\\\/2025\\\/06\\\/01-26.jpg\",\"datePublished\":\"2025-06-07T05:06:58+00:00\",\"dateModified\":\"2026-04-03T05:37:03+00:00\",\"breadcrumb\":{\"@id\":\"https:\\\/\\\/sldcncpipebender.com\\\/product\\\/325ncb\\\/#breadcrumb\"},\"inLanguage\":\"tr\",\"potentialAction\":[{\"@type\":\"ReadAction\",\"target\":[\"https:\\\/\\\/sldcncpipebender.com\\\/product\\\/325ncb\\\/\"]}]},{\"@type\":\"ImageObject\",\"inLanguage\":\"tr\",\"@id\":\"https:\\\/\\\/sldcncpipebender.com\\\/product\\\/325ncb\\\/#primaryimage\",\"url\":\"https:\\\/\\\/sldcncpipebender.com\\\/wp-content\\\/uploads\\\/2025\\\/06\\\/01-26.jpg\",\"contentUrl\":\"https:\\\/\\\/sldcncpipebender.com\\\/wp-content\\\/uploads\\\/2025\\\/06\\\/01-26.jpg\",\"width\":1068,\"height\":862},{\"@type\":\"BreadcrumbList\",\"@id\":\"https:\\\/\\\/sldcncpipebender.com\\\/product\\\/325ncb\\\/#breadcrumb\",\"itemListElement\":[{\"@type\":\"ListItem\",\"position\":1,\"name\":\"Home\",\"item\":\"https:\\\/\\\/sldcncpipebender.com\\\/\"},{\"@type\":\"ListItem\",\"position\":2,\"name\":\"shop\",\"item\":\"https:\\\/\\\/sldcncpipebender.com\\\/shop\\\/\"},{\"@type\":\"ListItem\",\"position\":3,\"name\":\"325NCB hydraulic pipe bender\"}]},{\"@type\":\"WebSite\",\"@id\":\"https:\\\/\\\/sldcncpipebender.com\\\/#website\",\"url\":\"https:\\\/\\\/sldcncpipebender.com\\\/\",\"name\":\"Shenglida Technology (Zhangjiagang) Co., Ltd.\",\"description\":\"pipe bending machine -  pipe cutting machine - pipe end forming machine\",\"potentialAction\":[{\"@type\":\"SearchAction\",\"target\":{\"@type\":\"EntryPoint\",\"urlTemplate\":\"https:\\\/\\\/sldcncpipebender.com\\\/?s={search_term_string}\"},\"query-input\":{\"@type\":\"PropertyValueSpecification\",\"valueRequired\":true,\"valueName\":\"search_term_string\"}}],\"inLanguage\":\"tr\"}]}<\/script>\n<!-- \/ Yoast SEO Premium plugin. -->","yoast_head_json":{"title":"325NCB hydraulic pipe bender - Shenglida Technology (Zhangjiagang) Co., Ltd.","robots":{"index":"index","follow":"follow","max-snippet":"max-snippet:-1","max-image-preview":"max-image-preview:large","max-video-preview":"max-video-preview:-1"},"canonical":"https:\/\/sldcncpipebender.com\/tr\/product\/325ncb\/","og_locale":"tr_TR","og_type":"article","og_title":"325NCB hydraulic pipe bender","og_description":"Adopt single chip microcomputer control, hydraulic drive bending, manual feeding, automatic bending, touch screen English or other languages, original imported hydraulic valve. Air cooling \/ water cooling \/ oil cooling are available.","og_url":"https:\/\/sldcncpipebender.com\/tr\/product\/325ncb\/","og_site_name":"Shenglida Technology (Zhangjiagang) Co., Ltd.","article_modified_time":"2026-04-03T05:37:03+00:00","og_image":[{"width":1068,"height":862,"url":"http:\/\/sldcncpipebender.com\/wp-content\/uploads\/2025\/06\/01-26.jpg","type":"image\/jpeg"}],"twitter_card":"summary_large_image","twitter_misc":{"Tahmini okuma s\u00fcresi":"1 dakika"},"schema":{"@context":"https:\/\/schema.org","@graph":[{"@type":"WebPage","@id":"https:\/\/sldcncpipebender.com\/product\/325ncb\/","url":"https:\/\/sldcncpipebender.com\/product\/325ncb\/","name":"325NCB hydraulic pipe bender - Shenglida Technology (Zhangjiagang) Co., Ltd.","isPartOf":{"@id":"https:\/\/sldcncpipebender.com\/#website"},"primaryImageOfPage":{"@id":"https:\/\/sldcncpipebender.com\/product\/325ncb\/#primaryimage"},"image":{"@id":"https:\/\/sldcncpipebender.com\/product\/325ncb\/#primaryimage"},"thumbnailUrl":"https:\/\/sldcncpipebender.com\/wp-content\/uploads\/2025\/06\/01-26.jpg","datePublished":"2025-06-07T05:06:58+00:00","dateModified":"2026-04-03T05:37:03+00:00","breadcrumb":{"@id":"https:\/\/sldcncpipebender.com\/product\/325ncb\/#breadcrumb"},"inLanguage":"tr","potentialAction":[{"@type":"ReadAction","target":["https:\/\/sldcncpipebender.com\/product\/325ncb\/"]}]},{"@type":"ImageObject","inLanguage":"tr","@id":"https:\/\/sldcncpipebender.com\/product\/325ncb\/#primaryimage","url":"https:\/\/sldcncpipebender.com\/wp-content\/uploads\/2025\/06\/01-26.jpg","contentUrl":"https:\/\/sldcncpipebender.com\/wp-content\/uploads\/2025\/06\/01-26.jpg","width":1068,"height":862},{"@type":"BreadcrumbList","@id":"https:\/\/sldcncpipebender.com\/product\/325ncb\/#breadcrumb","itemListElement":[{"@type":"ListItem","position":1,"name":"Home","item":"https:\/\/sldcncpipebender.com\/"},{"@type":"ListItem","position":2,"name":"shop","item":"https:\/\/sldcncpipebender.com\/shop\/"},{"@type":"ListItem","position":3,"name":"325NCB hydraulic pipe bender"}]},{"@type":"WebSite","@id":"https:\/\/sldcncpipebender.com\/#website","url":"https:\/\/sldcncpipebender.com\/","name":"Shenglida Technology (Zhangjiagang) Co, Ltd.","description":"boru b\u00fckme makinesi - boru kesme makinesi - boru ucu \u015fekillendirme makinesi","potentialAction":[{"@type":"SearchAction","target":{"@type":"EntryPoint","urlTemplate":"https:\/\/sldcncpipebender.com\/?s={search_term_string}"},"query-input":{"@type":"PropertyValueSpecification","valueRequired":true,"valueName":"search_term_string"}}],"inLanguage":"tr"}]}},"_links":{"self":[{"href":"https:\/\/sldcncpipebender.com\/tr\/wp-json\/wp\/v2\/product\/1456","targetHints":{"allow":["GET"]}}],"collection":[{"href":"https:\/\/sldcncpipebender.com\/tr\/wp-json\/wp\/v2\/product"}],"about":[{"href":"https:\/\/sldcncpipebender.com\/tr\/wp-json\/wp\/v2\/types\/product"}],"replies":[{"embeddable":true,"href":"https:\/\/sldcncpipebender.com\/tr\/wp-json\/wp\/v2\/comments?post=1456"}],"wp:featuredmedia":[{"embeddable":true,"href":"https:\/\/sldcncpipebender.com\/tr\/wp-json\/wp\/v2\/media\/1457"}],"wp:attachment":[{"href":"https:\/\/sldcncpipebender.com\/tr\/wp-json\/wp\/v2\/media?parent=1456"}],"wp:term":[{"taxonomy":"product_brand","embeddable":true,"href":"https:\/\/sldcncpipebender.com\/tr\/wp-json\/wp\/v2\/product_brand?post=1456"},{"taxonomy":"product_cat","embeddable":true,"href":"https:\/\/sldcncpipebender.com\/tr\/wp-json\/wp\/v2\/product_cat?post=1456"},{"taxonomy":"product_tag","embeddable":true,"href":"https:\/\/sldcncpipebender.com\/tr\/wp-json\/wp\/v2\/product_tag?post=1456"}],"curies":[{"name":"wp","href":"https:\/\/api.w.org\/{rel}","templated":true}]}}