{"id":1472,"date":"2025-06-07T13:24:31","date_gmt":"2025-06-07T05:24:31","guid":{"rendered":"https:\/\/sldcncpipebender.com\/?post_type=product&#038;p=1472"},"modified":"2025-06-07T13:24:32","modified_gmt":"2025-06-07T05:24:32","slug":"ci%cc%87ft-bukme-maki%cc%87nesi%cc%87","status":"publish","type":"product","link":"https:\/\/sldcncpipebender.com\/tr\/product\/ci%cc%87ft-bukme-maki%cc%87nesi%cc%87\/","title":{"rendered":"\u00c7ift b\u00fckme makinesi"},"content":{"rendered":"<p>Elektrik ve hidrolik bile\u015fenler Japonya, Fransa ve Almanya'dan gelmektedir. Dokunmatik ekran, \u0130ngilizce veya ba\u015fka bir dil Hava so\u011futma \/ su so\u011futma \/ ya\u011f so\u011futma mevcuttur<\/p>\n<p>\u00c7al\u0131\u015fan uyar\u0131 \u0131\u015f\u0131\u011f\u0131 ile<\/p>\n<p>Standart kal\u0131p: 45# \u00e7elik<\/p>\n<p>Opsiyonel kal\u0131p: Cr12 malzeme\/ 42 CrMo<\/p>\n<p>Paslanmaz \u00e7elik boru: mandrel-bak\u0131r ala\u015f\u0131m\u0131, k\u0131r\u0131\u015f\u0131kl\u0131k \u00f6nleyici kal\u0131p-bak\u0131r ala\u015f\u0131m\u0131<\/p>\n<p>Al\u00fcminyum boru: tekerlek kal\u0131b\u0131, kelep\u00e7e kal\u0131b\u0131, k\u0131lavuz kal\u0131p-naylon malzeme<br \/>\n<img loading=\"lazy\" decoding=\"async\" class=\"alignnone size-full wp-image-1474\" src=\"https:\/\/sldcncpipebender.com\/wp-content\/uploads\/2025\/06\/02-3.jpg\" alt=\"\" width=\"1000\" height=\"1000\" srcset=\"https:\/\/sldcncpipebender.com\/wp-content\/uploads\/2025\/06\/02-3.jpg 1000w, https:\/\/sldcncpipebender.com\/wp-content\/uploads\/2025\/06\/02-3-300x300.jpg 300w, https:\/\/sldcncpipebender.com\/wp-content\/uploads\/2025\/06\/02-3-150x150.jpg 150w, https:\/\/sldcncpipebender.com\/wp-content\/uploads\/2025\/06\/02-3-768x768.jpg 768w, https:\/\/sldcncpipebender.com\/wp-content\/uploads\/2025\/06\/02-3-12x12.jpg 12w, https:\/\/sldcncpipebender.com\/wp-content\/uploads\/2025\/06\/02-3-100x100.jpg 100w\" sizes=\"auto, (max-width: 1000px) 100vw, 1000px\" \/><br \/>\n<img loading=\"lazy\" decoding=\"async\" class=\"alignnone size-full wp-image-1473\" src=\"https:\/\/sldcncpipebender.com\/wp-content\/uploads\/2025\/06\/01-33.jpg\" alt=\"\" width=\"1068\" height=\"862\" srcset=\"https:\/\/sldcncpipebender.com\/wp-content\/uploads\/2025\/06\/01-33.jpg 1068w, https:\/\/sldcncpipebender.com\/wp-content\/uploads\/2025\/06\/01-33-300x242.jpg 300w, https:\/\/sldcncpipebender.com\/wp-content\/uploads\/2025\/06\/01-33-1024x826.jpg 1024w, https:\/\/sldcncpipebender.com\/wp-content\/uploads\/2025\/06\/01-33-768x620.jpg 768w, https:\/\/sldcncpipebender.com\/wp-content\/uploads\/2025\/06\/01-33-15x12.jpg 15w, https:\/\/sldcncpipebender.com\/wp-content\/uploads\/2025\/06\/01-33-1000x807.jpg 1000w\" sizes=\"auto, (max-width: 1068px) 100vw, 1068px\" \/><\/p>","protected":false},"excerpt":{"rendered":"<p>Farkl\u0131 taban yap\u0131lar\u0131na g\u00f6re standart tip ve d\u00f6ner tip olarak ikiye ayr\u0131l\u0131r<\/p>\n<p>A: Standart tip: makine kafas\u0131 d\u00f6nd\u00fcr\u00fclemez ve \u00e7ift kafalar 0-90\u00b0 aras\u0131nda iste\u011fe g\u00f6re ayarlanabilir<\/p>\n<p>B: D\u00f6ner tip: makine kafas\u0131 d\u00f6nd\u00fcr\u00fclebilir ve \u00e7ift kafalar b\u00fckme a\u00e7\u0131s\u0131n\u0131 0-185 \u00b0 aras\u0131nda ayarlayabilir, ancak malzeme toplama sorunu dikkate al\u0131nmal\u0131d\u0131r<\/p>\n<p>PLC kontrol\u00fcn\u00fc benimseyen, kullan\u0131m\u0131 ve bak\u0131m\u0131 kolay<\/p>\n<p>Tam d\u00f6ng\u00fc, yar\u0131m d\u00f6ng\u00fc ve se\u00e7ici \u00e7al\u0131\u015fma olarak ayr\u0131labilir<\/p>\n<p>Farkl\u0131 malzemelerin d\u0131\u015f \u00e7aplar\u0131na ve boyutlar\u0131na g\u00f6re 1 veya daha fazla i\u015flem se\u00e7ebilir<\/p>\n<p>Standart aksesuarlar: bir set kal\u0131p, bir set b\u00f6lme<\/p>","protected":false},"featured_media":1473,"comment_status":"open","ping_status":"closed","template":"","meta":{"_acf_changed":false},"product_brand":[],"product_cat":[33],"product_tag":[],"class_list":{"0":"post-1472","1":"product","2":"type-product","3":"status-publish","4":"has-post-thumbnail","6":"product_cat-nc-pipe-bending-machine","8":"first","9":"instock","10":"shipping-taxable","11":"product-type-simple"},"acf":[],"yoast_head":"<!-- This site is optimized with the Yoast SEO Premium plugin v25.5 (Yoast SEO v27.4) - https:\/\/yoast.com\/product\/yoast-seo-premium-wordpress\/ -->\n<title>Double bending machine - Shenglida Technology (Zhangjiagang) Co., Ltd.<\/title>\n<meta name=\"robots\" content=\"index, follow, max-snippet:-1, max-image-preview:large, max-video-preview:-1\" \/>\n<link rel=\"canonical\" href=\"https:\/\/sldcncpipebender.com\/tr\/product\/ci\u0307ft-bukme-maki\u0307nesi\u0307\/\" \/>\n<meta property=\"og:locale\" content=\"tr_TR\" \/>\n<meta property=\"og:type\" content=\"article\" \/>\n<meta property=\"og:title\" content=\"Double bending machine\" \/>\n<meta property=\"og:description\" content=\"According to the different base structures, it is divided into standard type and rotary type  A: Standard type: the machine head cannot be rotated, and the double heads can be adjusted arbitrarily from 0-90\u00b0  B: Rotary type: the machine head can be rotated, and the double heads can adjust the bending angle from 0-185\u00b0, but the material collection problem must be considered  Adopting PLC control, easy to operate and maintain  Can be divided into full cycle, half cycle, and selective operation  Can choose 1 or more operations according to the outer diameter of different materials and their size  Standard accessories: one set of molds, one set of baffles\" \/>\n<meta property=\"og:url\" content=\"https:\/\/sldcncpipebender.com\/tr\/product\/ci\u0307ft-bukme-maki\u0307nesi\u0307\/\" \/>\n<meta property=\"og:site_name\" content=\"Shenglida Technology (Zhangjiagang) Co., Ltd.\" \/>\n<meta property=\"article:modified_time\" content=\"2025-06-07T05:24:32+00:00\" \/>\n<meta property=\"og:image\" content=\"https:\/\/sldcncpipebender.com\/wp-content\/uploads\/2025\/06\/01-33.jpg\" \/>\n\t<meta property=\"og:image:width\" content=\"1068\" \/>\n\t<meta property=\"og:image:height\" content=\"862\" \/>\n\t<meta property=\"og:image:type\" content=\"image\/jpeg\" \/>\n<meta name=\"twitter:card\" content=\"summary_large_image\" \/>\n<meta name=\"twitter:label1\" content=\"Tahmini okuma s\u00fcresi\" \/>\n\t<meta name=\"twitter:data1\" content=\"1 dakika\" \/>\n<script type=\"application\/ld+json\" class=\"yoast-schema-graph\">{\"@context\":\"https:\\\/\\\/schema.org\",\"@graph\":[{\"@type\":\"WebPage\",\"@id\":\"https:\\\/\\\/sldcncpipebender.com\\\/product\\\/double-bending-machine\\\/\",\"url\":\"https:\\\/\\\/sldcncpipebender.com\\\/product\\\/double-bending-machine\\\/\",\"name\":\"Double bending machine - Shenglida Technology (Zhangjiagang) Co., Ltd.\",\"isPartOf\":{\"@id\":\"https:\\\/\\\/sldcncpipebender.com\\\/#website\"},\"primaryImageOfPage\":{\"@id\":\"https:\\\/\\\/sldcncpipebender.com\\\/product\\\/double-bending-machine\\\/#primaryimage\"},\"image\":{\"@id\":\"https:\\\/\\\/sldcncpipebender.com\\\/product\\\/double-bending-machine\\\/#primaryimage\"},\"thumbnailUrl\":\"https:\\\/\\\/sldcncpipebender.com\\\/wp-content\\\/uploads\\\/2025\\\/06\\\/01-33.jpg\",\"datePublished\":\"2025-06-07T05:24:31+00:00\",\"dateModified\":\"2025-06-07T05:24:32+00:00\",\"breadcrumb\":{\"@id\":\"https:\\\/\\\/sldcncpipebender.com\\\/product\\\/double-bending-machine\\\/#breadcrumb\"},\"inLanguage\":\"tr\",\"potentialAction\":[{\"@type\":\"ReadAction\",\"target\":[\"https:\\\/\\\/sldcncpipebender.com\\\/product\\\/double-bending-machine\\\/\"]}]},{\"@type\":\"ImageObject\",\"inLanguage\":\"tr\",\"@id\":\"https:\\\/\\\/sldcncpipebender.com\\\/product\\\/double-bending-machine\\\/#primaryimage\",\"url\":\"https:\\\/\\\/sldcncpipebender.com\\\/wp-content\\\/uploads\\\/2025\\\/06\\\/01-33.jpg\",\"contentUrl\":\"https:\\\/\\\/sldcncpipebender.com\\\/wp-content\\\/uploads\\\/2025\\\/06\\\/01-33.jpg\",\"width\":1068,\"height\":862},{\"@type\":\"BreadcrumbList\",\"@id\":\"https:\\\/\\\/sldcncpipebender.com\\\/product\\\/double-bending-machine\\\/#breadcrumb\",\"itemListElement\":[{\"@type\":\"ListItem\",\"position\":1,\"name\":\"Home\",\"item\":\"https:\\\/\\\/sldcncpipebender.com\\\/\"},{\"@type\":\"ListItem\",\"position\":2,\"name\":\"shop\",\"item\":\"https:\\\/\\\/sldcncpipebender.com\\\/shop\\\/\"},{\"@type\":\"ListItem\",\"position\":3,\"name\":\"Double bending machine\"}]},{\"@type\":\"WebSite\",\"@id\":\"https:\\\/\\\/sldcncpipebender.com\\\/#website\",\"url\":\"https:\\\/\\\/sldcncpipebender.com\\\/\",\"name\":\"Shenglida Technology (Zhangjiagang) Co., Ltd.\",\"description\":\"pipe bending machine -  pipe cutting machine - pipe end forming machine\",\"potentialAction\":[{\"@type\":\"SearchAction\",\"target\":{\"@type\":\"EntryPoint\",\"urlTemplate\":\"https:\\\/\\\/sldcncpipebender.com\\\/?s={search_term_string}\"},\"query-input\":{\"@type\":\"PropertyValueSpecification\",\"valueRequired\":true,\"valueName\":\"search_term_string\"}}],\"inLanguage\":\"tr\"}]}<\/script>\n<!-- \/ Yoast SEO Premium plugin. -->","yoast_head_json":{"title":"\u00c7ift b\u00fckme makinesi - Shenglida Technology (Zhangjiagang) Co, Ltd.","robots":{"index":"index","follow":"follow","max-snippet":"max-snippet:-1","max-image-preview":"max-image-preview:large","max-video-preview":"max-video-preview:-1"},"canonical":"https:\/\/sldcncpipebender.com\/tr\/product\/ci\u0307ft-bukme-maki\u0307nesi\u0307\/","og_locale":"tr_TR","og_type":"article","og_title":"Double bending machine","og_description":"According to the different base structures, it is divided into standard type and rotary type  A: Standard type: the machine head cannot be rotated, and the double heads can be adjusted arbitrarily from 0-90\u00b0  B: Rotary type: the machine head can be rotated, and the double heads can adjust the bending angle from 0-185\u00b0, but the material collection problem must be considered  Adopting PLC control, easy to operate and maintain  Can be divided into full cycle, half cycle, and selective operation  Can choose 1 or more operations according to the outer diameter of different materials and their size  Standard accessories: one set of molds, one set of baffles","og_url":"https:\/\/sldcncpipebender.com\/tr\/product\/ci\u0307ft-bukme-maki\u0307nesi\u0307\/","og_site_name":"Shenglida Technology (Zhangjiagang) Co., Ltd.","article_modified_time":"2025-06-07T05:24:32+00:00","og_image":[{"width":1068,"height":862,"url":"https:\/\/sldcncpipebender.com\/wp-content\/uploads\/2025\/06\/01-33.jpg","type":"image\/jpeg"}],"twitter_card":"summary_large_image","twitter_misc":{"Tahmini okuma s\u00fcresi":"1 dakika"},"schema":{"@context":"https:\/\/schema.org","@graph":[{"@type":"WebPage","@id":"https:\/\/sldcncpipebender.com\/product\/double-bending-machine\/","url":"https:\/\/sldcncpipebender.com\/product\/double-bending-machine\/","name":"\u00c7ift b\u00fckme makinesi - Shenglida Technology (Zhangjiagang) Co, Ltd.","isPartOf":{"@id":"https:\/\/sldcncpipebender.com\/#website"},"primaryImageOfPage":{"@id":"https:\/\/sldcncpipebender.com\/product\/double-bending-machine\/#primaryimage"},"image":{"@id":"https:\/\/sldcncpipebender.com\/product\/double-bending-machine\/#primaryimage"},"thumbnailUrl":"https:\/\/sldcncpipebender.com\/wp-content\/uploads\/2025\/06\/01-33.jpg","datePublished":"2025-06-07T05:24:31+00:00","dateModified":"2025-06-07T05:24:32+00:00","breadcrumb":{"@id":"https:\/\/sldcncpipebender.com\/product\/double-bending-machine\/#breadcrumb"},"inLanguage":"tr","potentialAction":[{"@type":"ReadAction","target":["https:\/\/sldcncpipebender.com\/product\/double-bending-machine\/"]}]},{"@type":"ImageObject","inLanguage":"tr","@id":"https:\/\/sldcncpipebender.com\/product\/double-bending-machine\/#primaryimage","url":"https:\/\/sldcncpipebender.com\/wp-content\/uploads\/2025\/06\/01-33.jpg","contentUrl":"https:\/\/sldcncpipebender.com\/wp-content\/uploads\/2025\/06\/01-33.jpg","width":1068,"height":862},{"@type":"BreadcrumbList","@id":"https:\/\/sldcncpipebender.com\/product\/double-bending-machine\/#breadcrumb","itemListElement":[{"@type":"ListItem","position":1,"name":"Home","item":"https:\/\/sldcncpipebender.com\/"},{"@type":"ListItem","position":2,"name":"shop","item":"https:\/\/sldcncpipebender.com\/shop\/"},{"@type":"ListItem","position":3,"name":"Double bending machine"}]},{"@type":"WebSite","@id":"https:\/\/sldcncpipebender.com\/#website","url":"https:\/\/sldcncpipebender.com\/","name":"Shenglida Technology (Zhangjiagang) Co, Ltd.","description":"boru b\u00fckme makinesi - boru kesme makinesi - boru ucu \u015fekillendirme makinesi","potentialAction":[{"@type":"SearchAction","target":{"@type":"EntryPoint","urlTemplate":"https:\/\/sldcncpipebender.com\/?s={search_term_string}"},"query-input":{"@type":"PropertyValueSpecification","valueRequired":true,"valueName":"search_term_string"}}],"inLanguage":"tr"}]}},"_links":{"self":[{"href":"https:\/\/sldcncpipebender.com\/tr\/wp-json\/wp\/v2\/product\/1472","targetHints":{"allow":["GET"]}}],"collection":[{"href":"https:\/\/sldcncpipebender.com\/tr\/wp-json\/wp\/v2\/product"}],"about":[{"href":"https:\/\/sldcncpipebender.com\/tr\/wp-json\/wp\/v2\/types\/product"}],"replies":[{"embeddable":true,"href":"https:\/\/sldcncpipebender.com\/tr\/wp-json\/wp\/v2\/comments?post=1472"}],"wp:featuredmedia":[{"embeddable":true,"href":"https:\/\/sldcncpipebender.com\/tr\/wp-json\/wp\/v2\/media\/1473"}],"wp:attachment":[{"href":"https:\/\/sldcncpipebender.com\/tr\/wp-json\/wp\/v2\/media?parent=1472"}],"wp:term":[{"taxonomy":"product_brand","embeddable":true,"href":"https:\/\/sldcncpipebender.com\/tr\/wp-json\/wp\/v2\/product_brand?post=1472"},{"taxonomy":"product_cat","embeddable":true,"href":"https:\/\/sldcncpipebender.com\/tr\/wp-json\/wp\/v2\/product_cat?post=1472"},{"taxonomy":"product_tag","embeddable":true,"href":"https:\/\/sldcncpipebender.com\/tr\/wp-json\/wp\/v2\/product_tag?post=1472"}],"curies":[{"name":"wp","href":"https:\/\/api.w.org\/{rel}","templated":true}]}}