{"id":1488,"date":"2025-06-07T13:41:37","date_gmt":"2025-06-07T05:41:37","guid":{"rendered":"https:\/\/sldcncpipebender.com\/?post_type=product&#038;p=1488"},"modified":"2025-06-07T13:41:37","modified_gmt":"2025-06-07T05:41:37","slug":"tel-bukme-maki%cc%87nesi%cc%87","status":"publish","type":"product","link":"https:\/\/sldcncpipebender.com\/tr\/product\/tel-bukme-maki%cc%87nesi%cc%87\/","title":{"rendered":"Tel b\u00fckme makinesi"},"content":{"rendered":"<p>Boru b\u00fckme makinesi, otomatik sol ve sa\u011f servo payla\u015f\u0131ml\u0131 (saat y\u00f6n\u00fcnde, saat y\u00f6n\u00fcn\u00fcn tersine) tamamen elektrikli bir servo motor taraf\u0131ndan tahrik edilir;<\/p>\n<p>Tamamen servo motor tahrikli, y\u00fcksek verimlilik, do\u011fru a\u00e7\u0131 ve besleme, telafi de\u011feri fonksiyonu ile;<\/p>\n<p>\u00d6zellikle \u00e7oklu uzamsal a\u00e7\u0131lara ve y\u00fcksek hassasiyet gereksinimlerine sahip boru i\u015fleme i\u00e7in uygundur. \u00d6rne\u011fin: araba koltuk ba\u015fl\u0131klar\u0131n\u0131n, araba ya\u011f borular\u0131n\u0131n, klima borular\u0131n\u0131n, motosikletlerin, bisikletlerin ve di\u011fer \u00e7er\u00e7evelerin b\u00fck\u00fclmesi ve \u015fekillendirilmesi;<\/p>\n<p>Tam otomatik boru b\u00fckme makinesi, karma\u015f\u0131k \u00fc\u00e7 boyutlu borular\u0131 sa\u011fa ve sola b\u00fckebilir.<br \/>\n<img loading=\"lazy\" decoding=\"async\" class=\"alignnone size-full wp-image-1489\" src=\"https:\/\/sldcncpipebender.com\/wp-content\/uploads\/2025\/06\/01-39.jpg\" alt=\"\" width=\"1000\" height=\"1000\" srcset=\"https:\/\/sldcncpipebender.com\/wp-content\/uploads\/2025\/06\/01-39.jpg 1000w, https:\/\/sldcncpipebender.com\/wp-content\/uploads\/2025\/06\/01-39-300x300.jpg 300w, https:\/\/sldcncpipebender.com\/wp-content\/uploads\/2025\/06\/01-39-150x150.jpg 150w, https:\/\/sldcncpipebender.com\/wp-content\/uploads\/2025\/06\/01-39-768x768.jpg 768w, https:\/\/sldcncpipebender.com\/wp-content\/uploads\/2025\/06\/01-39-12x12.jpg 12w, https:\/\/sldcncpipebender.com\/wp-content\/uploads\/2025\/06\/01-39-100x100.jpg 100w\" sizes=\"auto, (max-width: 1000px) 100vw, 1000px\" \/><\/p>","protected":false},"excerpt":{"rendered":"<p>Boru b\u00fckme makinesi, otomatik sol ve sa\u011f servo payla\u015f\u0131ml\u0131 (saat y\u00f6n\u00fcnde, saat y\u00f6n\u00fcn\u00fcn tersine) tamamen elektrikli bir servo motor taraf\u0131ndan tahrik edilir;<\/p>\n<p>Tamamen servo motor tahrikli, y\u00fcksek verimlilik, do\u011fru a\u00e7\u0131 ve besleme, telafi de\u011feri fonksiyonu ile;<\/p>\n<p>\u00d6zellikle \u00e7oklu uzamsal a\u00e7\u0131lara ve y\u00fcksek hassasiyet gereksinimlerine sahip boru i\u015fleme i\u00e7in uygundur. \u00d6rne\u011fin: araba koltuk ba\u015fl\u0131klar\u0131n\u0131n, araba ya\u011f borular\u0131n\u0131n, klima borular\u0131n\u0131n, motosikletlerin, bisikletlerin ve di\u011fer \u00e7er\u00e7evelerin b\u00fck\u00fclmesi ve \u015fekillendirilmesi;<\/p>\n<p>Tam otomatik boru b\u00fckme makinesi, karma\u015f\u0131k \u00fc\u00e7 boyutlu borular\u0131 sola ve sa\u011fa b\u00fckebilir.<\/p>","protected":false},"featured_media":1489,"comment_status":"open","ping_status":"closed","template":"","meta":{"_acf_changed":false},"product_brand":[],"product_cat":[34],"product_tag":[],"class_list":{"0":"post-1488","1":"product","2":"type-product","3":"status-publish","4":"has-post-thumbnail","6":"product_cat-wire-bending-machine","8":"first","9":"instock","10":"shipping-taxable","11":"product-type-simple"},"acf":[],"yoast_head":"<!-- This site is optimized with the Yoast SEO Premium plugin v25.5 (Yoast SEO v27.4) - https:\/\/yoast.com\/product\/yoast-seo-premium-wordpress\/ -->\n<title>Wire bending machine - Shenglida Technology (Zhangjiagang) Co., Ltd.<\/title>\n<meta name=\"robots\" content=\"index, follow, max-snippet:-1, max-image-preview:large, max-video-preview:-1\" \/>\n<link rel=\"canonical\" href=\"https:\/\/sldcncpipebender.com\/tr\/product\/tel-bukme-maki\u0307nesi\u0307\/\" \/>\n<meta property=\"og:locale\" content=\"tr_TR\" \/>\n<meta property=\"og:type\" content=\"article\" \/>\n<meta property=\"og:title\" content=\"Wire bending machine\" \/>\n<meta property=\"og:description\" content=\"The pipe bending machine is driven by a fully electric servo motor, with automatic left and right servo sharing (clockwise, counterclockwise);  Fully servo motor driven, high efficiency, accurate angle and feeding, with compensation value function;  Especially suitable for pipe processing with multiple spatial angles and high precision requirements. Such as: bending and forming of car headrests, car oil pipes, air conditioning pipes, motorcycles, bicycles and other frames;  The fully automatic pipe bending machine can bend complex three-dimensional pipes to the left and right.\" \/>\n<meta property=\"og:url\" content=\"https:\/\/sldcncpipebender.com\/tr\/product\/tel-bukme-maki\u0307nesi\u0307\/\" \/>\n<meta property=\"og:site_name\" content=\"Shenglida Technology (Zhangjiagang) Co., Ltd.\" \/>\n<meta property=\"og:image\" content=\"https:\/\/sldcncpipebender.com\/wp-content\/uploads\/2025\/06\/01-39.jpg\" \/>\n\t<meta property=\"og:image:width\" content=\"1000\" \/>\n\t<meta property=\"og:image:height\" content=\"1000\" \/>\n\t<meta property=\"og:image:type\" content=\"image\/jpeg\" \/>\n<meta name=\"twitter:card\" content=\"summary_large_image\" \/>\n<meta name=\"twitter:label1\" content=\"Tahmini okuma s\u00fcresi\" \/>\n\t<meta name=\"twitter:data1\" content=\"1 dakika\" \/>\n<script type=\"application\/ld+json\" class=\"yoast-schema-graph\">{\"@context\":\"https:\\\/\\\/schema.org\",\"@graph\":[{\"@type\":\"WebPage\",\"@id\":\"https:\\\/\\\/sldcncpipebender.com\\\/product\\\/wire-bending-machine\\\/\",\"url\":\"https:\\\/\\\/sldcncpipebender.com\\\/product\\\/wire-bending-machine\\\/\",\"name\":\"Wire bending machine - Shenglida Technology (Zhangjiagang) Co., Ltd.\",\"isPartOf\":{\"@id\":\"https:\\\/\\\/sldcncpipebender.com\\\/#website\"},\"primaryImageOfPage\":{\"@id\":\"https:\\\/\\\/sldcncpipebender.com\\\/product\\\/wire-bending-machine\\\/#primaryimage\"},\"image\":{\"@id\":\"https:\\\/\\\/sldcncpipebender.com\\\/product\\\/wire-bending-machine\\\/#primaryimage\"},\"thumbnailUrl\":\"https:\\\/\\\/sldcncpipebender.com\\\/wp-content\\\/uploads\\\/2025\\\/06\\\/01-39.jpg\",\"datePublished\":\"2025-06-07T05:41:37+00:00\",\"breadcrumb\":{\"@id\":\"https:\\\/\\\/sldcncpipebender.com\\\/product\\\/wire-bending-machine\\\/#breadcrumb\"},\"inLanguage\":\"tr\",\"potentialAction\":[{\"@type\":\"ReadAction\",\"target\":[\"https:\\\/\\\/sldcncpipebender.com\\\/product\\\/wire-bending-machine\\\/\"]}]},{\"@type\":\"ImageObject\",\"inLanguage\":\"tr\",\"@id\":\"https:\\\/\\\/sldcncpipebender.com\\\/product\\\/wire-bending-machine\\\/#primaryimage\",\"url\":\"https:\\\/\\\/sldcncpipebender.com\\\/wp-content\\\/uploads\\\/2025\\\/06\\\/01-39.jpg\",\"contentUrl\":\"https:\\\/\\\/sldcncpipebender.com\\\/wp-content\\\/uploads\\\/2025\\\/06\\\/01-39.jpg\",\"width\":1000,\"height\":1000},{\"@type\":\"BreadcrumbList\",\"@id\":\"https:\\\/\\\/sldcncpipebender.com\\\/product\\\/wire-bending-machine\\\/#breadcrumb\",\"itemListElement\":[{\"@type\":\"ListItem\",\"position\":1,\"name\":\"Home\",\"item\":\"https:\\\/\\\/sldcncpipebender.com\\\/\"},{\"@type\":\"ListItem\",\"position\":2,\"name\":\"shop\",\"item\":\"https:\\\/\\\/sldcncpipebender.com\\\/shop\\\/\"},{\"@type\":\"ListItem\",\"position\":3,\"name\":\"Wire bending machine\"}]},{\"@type\":\"WebSite\",\"@id\":\"https:\\\/\\\/sldcncpipebender.com\\\/#website\",\"url\":\"https:\\\/\\\/sldcncpipebender.com\\\/\",\"name\":\"Shenglida Technology (Zhangjiagang) Co., Ltd.\",\"description\":\"pipe bending machine -  pipe cutting machine - pipe end forming machine\",\"potentialAction\":[{\"@type\":\"SearchAction\",\"target\":{\"@type\":\"EntryPoint\",\"urlTemplate\":\"https:\\\/\\\/sldcncpipebender.com\\\/?s={search_term_string}\"},\"query-input\":{\"@type\":\"PropertyValueSpecification\",\"valueRequired\":true,\"valueName\":\"search_term_string\"}}],\"inLanguage\":\"tr\"}]}<\/script>\n<!-- \/ Yoast SEO Premium plugin. -->","yoast_head_json":{"title":"Tel b\u00fckme makinesi - Shenglida Technology (Zhangjiagang) Co, Ltd.","robots":{"index":"index","follow":"follow","max-snippet":"max-snippet:-1","max-image-preview":"max-image-preview:large","max-video-preview":"max-video-preview:-1"},"canonical":"https:\/\/sldcncpipebender.com\/tr\/product\/tel-bukme-maki\u0307nesi\u0307\/","og_locale":"tr_TR","og_type":"article","og_title":"Wire bending machine","og_description":"The pipe bending machine is driven by a fully electric servo motor, with automatic left and right servo sharing (clockwise, counterclockwise);  Fully servo motor driven, high efficiency, accurate angle and feeding, with compensation value function;  Especially suitable for pipe processing with multiple spatial angles and high precision requirements. Such as: bending and forming of car headrests, car oil pipes, air conditioning pipes, motorcycles, bicycles and other frames;  The fully automatic pipe bending machine can bend complex three-dimensional pipes to the left and right.","og_url":"https:\/\/sldcncpipebender.com\/tr\/product\/tel-bukme-maki\u0307nesi\u0307\/","og_site_name":"Shenglida Technology (Zhangjiagang) Co., Ltd.","og_image":[{"width":1000,"height":1000,"url":"https:\/\/sldcncpipebender.com\/wp-content\/uploads\/2025\/06\/01-39.jpg","type":"image\/jpeg"}],"twitter_card":"summary_large_image","twitter_misc":{"Tahmini okuma s\u00fcresi":"1 dakika"},"schema":{"@context":"https:\/\/schema.org","@graph":[{"@type":"WebPage","@id":"https:\/\/sldcncpipebender.com\/product\/wire-bending-machine\/","url":"https:\/\/sldcncpipebender.com\/product\/wire-bending-machine\/","name":"Tel b\u00fckme makinesi - Shenglida Technology (Zhangjiagang) Co, Ltd.","isPartOf":{"@id":"https:\/\/sldcncpipebender.com\/#website"},"primaryImageOfPage":{"@id":"https:\/\/sldcncpipebender.com\/product\/wire-bending-machine\/#primaryimage"},"image":{"@id":"https:\/\/sldcncpipebender.com\/product\/wire-bending-machine\/#primaryimage"},"thumbnailUrl":"https:\/\/sldcncpipebender.com\/wp-content\/uploads\/2025\/06\/01-39.jpg","datePublished":"2025-06-07T05:41:37+00:00","breadcrumb":{"@id":"https:\/\/sldcncpipebender.com\/product\/wire-bending-machine\/#breadcrumb"},"inLanguage":"tr","potentialAction":[{"@type":"ReadAction","target":["https:\/\/sldcncpipebender.com\/product\/wire-bending-machine\/"]}]},{"@type":"ImageObject","inLanguage":"tr","@id":"https:\/\/sldcncpipebender.com\/product\/wire-bending-machine\/#primaryimage","url":"https:\/\/sldcncpipebender.com\/wp-content\/uploads\/2025\/06\/01-39.jpg","contentUrl":"https:\/\/sldcncpipebender.com\/wp-content\/uploads\/2025\/06\/01-39.jpg","width":1000,"height":1000},{"@type":"BreadcrumbList","@id":"https:\/\/sldcncpipebender.com\/product\/wire-bending-machine\/#breadcrumb","itemListElement":[{"@type":"ListItem","position":1,"name":"Home","item":"https:\/\/sldcncpipebender.com\/"},{"@type":"ListItem","position":2,"name":"shop","item":"https:\/\/sldcncpipebender.com\/shop\/"},{"@type":"ListItem","position":3,"name":"Wire bending machine"}]},{"@type":"WebSite","@id":"https:\/\/sldcncpipebender.com\/#website","url":"https:\/\/sldcncpipebender.com\/","name":"Shenglida Technology (Zhangjiagang) Co, Ltd.","description":"boru b\u00fckme makinesi - boru kesme makinesi - boru ucu \u015fekillendirme makinesi","potentialAction":[{"@type":"SearchAction","target":{"@type":"EntryPoint","urlTemplate":"https:\/\/sldcncpipebender.com\/?s={search_term_string}"},"query-input":{"@type":"PropertyValueSpecification","valueRequired":true,"valueName":"search_term_string"}}],"inLanguage":"tr"}]}},"_links":{"self":[{"href":"https:\/\/sldcncpipebender.com\/tr\/wp-json\/wp\/v2\/product\/1488","targetHints":{"allow":["GET"]}}],"collection":[{"href":"https:\/\/sldcncpipebender.com\/tr\/wp-json\/wp\/v2\/product"}],"about":[{"href":"https:\/\/sldcncpipebender.com\/tr\/wp-json\/wp\/v2\/types\/product"}],"replies":[{"embeddable":true,"href":"https:\/\/sldcncpipebender.com\/tr\/wp-json\/wp\/v2\/comments?post=1488"}],"wp:featuredmedia":[{"embeddable":true,"href":"https:\/\/sldcncpipebender.com\/tr\/wp-json\/wp\/v2\/media\/1489"}],"wp:attachment":[{"href":"https:\/\/sldcncpipebender.com\/tr\/wp-json\/wp\/v2\/media?parent=1488"}],"wp:term":[{"taxonomy":"product_brand","embeddable":true,"href":"https:\/\/sldcncpipebender.com\/tr\/wp-json\/wp\/v2\/product_brand?post=1488"},{"taxonomy":"product_cat","embeddable":true,"href":"https:\/\/sldcncpipebender.com\/tr\/wp-json\/wp\/v2\/product_cat?post=1488"},{"taxonomy":"product_tag","embeddable":true,"href":"https:\/\/sldcncpipebender.com\/tr\/wp-json\/wp\/v2\/product_tag?post=1488"}],"curies":[{"name":"wp","href":"https:\/\/api.w.org\/{rel}","templated":true}]}}