{"id":1504,"date":"2025-06-07T14:19:05","date_gmt":"2025-06-07T06:19:05","guid":{"rendered":"https:\/\/sldcncpipebender.com\/?post_type=product&#038;p=1504"},"modified":"2025-06-07T14:19:05","modified_gmt":"2025-06-07T06:19:05","slug":"425cnc-egimli-kesim","status":"publish","type":"product","link":"https:\/\/sldcncpipebender.com\/tr\/product\/425cnc-egimli-kesim\/","title":{"rendered":"425CNC konik kesim"},"content":{"rendered":"<p>Shenglida Technology (Zhangjiagang) Co, Ltd boru b\u00fckme makineleri, boru kesme makineleri, boru k\u00fc\u00e7\u00fcltme makineleri, pah k\u0131rma makineleri ve di\u011fer boru ba\u011flant\u0131 par\u00e7alar\u0131 ekipmanlar\u0131n\u0131n profesyonel bir \u00fcreticisidir.<\/p>\n<p>Bunlar aras\u0131nda boru kesme makineleri \u015fu \u015fekilde ayr\u0131l\u0131r: lazer kesim, tam otomatik boru kesme makineleri, yar\u0131 otomatik boru kesme makineleri, besleyici testere ve al\u00fcminyum kesme makineleri.<\/p>\n<p>Tam otomatik sert rayl\u0131 k\u0131zak beslemeli daire testere makinesi, dakikada 28\/42\/76\/118 devir kesme h\u0131z\u0131na sahip tam otomatik beslemeli bir metal kesme makinesi arac\u0131d\u0131r ve<\/p>\n<p>Kelep\u00e7e firmam\u0131z taraf\u0131ndan \u00f6zel olarak tasarlanm\u0131\u015ft\u0131r. Farkl\u0131 \u00f6zelliklerdeki malzemeleri keserken, kelep\u00e7eyi de\u011fi\u015ftirmeye gerek yoktur. S\u0131radan \u00e7elik gibi \u00e7e\u015fitli kal\u0131n ve ince metal malzemelerin kesilmesi i\u00e7in \u00e7ok uygundur,<\/p>\n<p>farkl\u0131 kesit \u015fekillerine sahip paslanmaz \u00e7elik, bak\u0131r, al\u00fcminyum vb.<\/p>\n<p>Bu model, ayarlanan program ve otomatik elektrik bile\u015fenleri ile malzemeleri tekrar tekrar besleyecek, tutacak, kesecek vb. programlanabilir bir kontrol\u00f6re sahiptir,<\/p>\n<p>s\u0131k\u0131 bir otomatik d\u00f6ng\u00fc ger\u00e7ekle\u015ftirir. Buna ek olarak, birden fazla boruyu d\u00fcz tutmak ve ayn\u0131 anda kesmek i\u00e7in ger\u00e7ek i\u015f par\u00e7alar\u0131yla birlikte \u00f6zel kelep\u00e7eler tasarlanabilir, bu da sonunda bir par\u00e7a kuyruk malzemesi kalan ve tek seferde kesilemeyen s\u0131radan tam otomatik boru kesme makinelerinin i\u015flevini b\u00fcy\u00fck \u00f6l\u00e7\u00fcde geli\u015ftirir, malzeme, zaman ve i\u015f\u00e7ilikten tasarruf sa\u011flar; Kesmeden sonra, \u00f6n ve arkada kuyruk malzemesi yoktur, bu da borular\u0131n bitmi\u015f \u00fcr\u00fcn oran\u0131n\u0131 art\u0131r\u0131r ve \u00e7\u0131kt\u0131y\u0131 katlar halinde art\u0131r\u0131r.<br \/>\n<img loading=\"lazy\" decoding=\"async\" class=\"alignnone size-full wp-image-1505\" src=\"https:\/\/sldcncpipebender.com\/wp-content\/uploads\/2025\/06\/01-45.jpg\" alt=\"\" width=\"1068\" height=\"862\" srcset=\"https:\/\/sldcncpipebender.com\/wp-content\/uploads\/2025\/06\/01-45.jpg 1068w, https:\/\/sldcncpipebender.com\/wp-content\/uploads\/2025\/06\/01-45-300x242.jpg 300w, https:\/\/sldcncpipebender.com\/wp-content\/uploads\/2025\/06\/01-45-1024x826.jpg 1024w, https:\/\/sldcncpipebender.com\/wp-content\/uploads\/2025\/06\/01-45-768x620.jpg 768w, https:\/\/sldcncpipebender.com\/wp-content\/uploads\/2025\/06\/01-45-15x12.jpg 15w, https:\/\/sldcncpipebender.com\/wp-content\/uploads\/2025\/06\/01-45-1000x807.jpg 1000w\" sizes=\"auto, (max-width: 1068px) 100vw, 1068px\" \/><\/p>","protected":false},"excerpt":{"rendered":"<p>Tam otomatik sert rayl\u0131 kayar beslemeli daire testere makinesi, dakikada 28\/42\/76\/118 devir kesme h\u0131z\u0131na sahip tam otomatik beslemeli bir metal kesme makinesidir. Kelep\u00e7e firmam\u0131z taraf\u0131ndan \u00f6zel olarak tasarlanm\u0131\u015ft\u0131r. Farkl\u0131 \u00f6zellikteki malzemeleri keserken kelep\u00e7eyi de\u011fi\u015ftirmeye gerek yoktur. Farkl\u0131 kesit \u015fekillerine sahip s\u0131radan \u00e7elik, paslanmaz \u00e7elik, bak\u0131r, al\u00fcminyum vb. gibi \u00e7e\u015fitli kal\u0131n ve ince metal malzemeleri kesmek i\u00e7in \u00e7ok uygundur.<\/p>\n<p>Bu model programlanabilir bir kontrol\u00f6re sahiptir. Ayarlanan program, s\u0131k\u0131 otomatik d\u00f6ng\u00fc \u00e7al\u0131\u015fmas\u0131 ger\u00e7ekle\u015ftirmek i\u00e7in malzemeyi tekrar tekrar beslemek, tutmak, kesmek vb. i\u00e7in otomatik elektrikli bile\u015fenlerle birle\u015ftirilir. Buna ek olarak, birden fazla boruyu tutmak ve ayn\u0131 anda kesmek i\u00e7in ger\u00e7ek i\u015f par\u00e7alar\u0131yla birlikte \u00f6zel kelep\u00e7eler tasarlanabilir, bu da sonunda bir par\u00e7a kuyruk malzemesi kalan ve tek seferde kesilemeyen s\u0131radan tam otomatik boru kesme makinelerinin i\u015flevini b\u00fcy\u00fck \u00f6l\u00e7\u00fcde geli\u015ftirir, malzeme, zaman ve i\u015f\u00e7ilikten tasarruf sa\u011flar; Kesildikten sonra, \u00f6ncesinde ve sonras\u0131nda kuyruk malzemesi yoktur, bu da borular\u0131n verim oran\u0131n\u0131 art\u0131r\u0131r ve \u00e7\u0131kt\u0131y\u0131 katlar halinde art\u0131r\u0131r.<\/p>","protected":false},"featured_media":1505,"comment_status":"open","ping_status":"closed","template":"","meta":{"_acf_changed":false},"product_brand":[],"product_cat":[37],"product_tag":[],"class_list":{"0":"post-1504","1":"product","2":"type-product","3":"status-publish","4":"has-post-thumbnail","6":"product_cat-fully-automatic-pipe-cutting-machine","8":"first","9":"instock","10":"shipping-taxable","11":"product-type-simple"},"acf":[],"yoast_head":"<!-- This site is optimized with the Yoast SEO Premium plugin v25.5 (Yoast SEO v27.4) - https:\/\/yoast.com\/product\/yoast-seo-premium-wordpress\/ -->\n<title>425CNC bevel cutting - Shenglida Technology (Zhangjiagang) Co., Ltd.<\/title>\n<meta name=\"robots\" content=\"index, follow, max-snippet:-1, max-image-preview:large, max-video-preview:-1\" \/>\n<link rel=\"canonical\" href=\"https:\/\/sldcncpipebender.com\/tr\/product\/425cnc-egimli-kesim\/\" \/>\n<meta property=\"og:locale\" content=\"tr_TR\" \/>\n<meta property=\"og:type\" content=\"article\" \/>\n<meta property=\"og:title\" content=\"425CNC bevel cutting\" \/>\n<meta property=\"og:description\" content=\"The fully automatic hard rail slide feed circular saw machine is a fully automatic feed metal cutting machine with a sawing speed of 28\/42\/76\/118 revolutions per minute. The clamp is specially designed by our company. There is no need to change the clamp when sawing materials of different specifications. It is very suitable for sawing various thick and thin metal materials such as ordinary steel, stainless steel, copper, aluminum, etc. with different cross-sectional shapes.  This model has a programmable controller. The set program is combined with automatic electrical components to feed, hold, saw, etc. the material repeatedly to perform strict automatic cycle work. In addition, special clamps can be designed in combination with actual workpieces to hold multiple pipes and saw them at the same time, which greatly improves the function of ordinary fully automatic pipe cutting machines that have a section of tail material left at the end and cannot be cut at one time, saving materials, time and labor; after sawing, there is no tail material before and after, which increases the yield rate of pipes and increases the output by multiples.\" \/>\n<meta property=\"og:url\" content=\"https:\/\/sldcncpipebender.com\/tr\/product\/425cnc-egimli-kesim\/\" \/>\n<meta property=\"og:site_name\" content=\"Shenglida Technology (Zhangjiagang) Co., Ltd.\" \/>\n<meta property=\"og:image\" content=\"https:\/\/sldcncpipebender.com\/wp-content\/uploads\/2025\/06\/01-45.jpg\" \/>\n\t<meta property=\"og:image:width\" content=\"1068\" \/>\n\t<meta property=\"og:image:height\" content=\"862\" \/>\n\t<meta property=\"og:image:type\" content=\"image\/jpeg\" \/>\n<meta name=\"twitter:card\" content=\"summary_large_image\" \/>\n<meta name=\"twitter:label1\" content=\"Tahmini okuma s\u00fcresi\" \/>\n\t<meta name=\"twitter:data1\" content=\"2 dakika\" \/>\n<script type=\"application\/ld+json\" class=\"yoast-schema-graph\">{\"@context\":\"https:\\\/\\\/schema.org\",\"@graph\":[{\"@type\":\"WebPage\",\"@id\":\"https:\\\/\\\/sldcncpipebender.com\\\/product\\\/425cnc-bevel-cutting\\\/\",\"url\":\"https:\\\/\\\/sldcncpipebender.com\\\/product\\\/425cnc-bevel-cutting\\\/\",\"name\":\"425CNC bevel cutting - Shenglida Technology (Zhangjiagang) Co., Ltd.\",\"isPartOf\":{\"@id\":\"https:\\\/\\\/sldcncpipebender.com\\\/#website\"},\"primaryImageOfPage\":{\"@id\":\"https:\\\/\\\/sldcncpipebender.com\\\/product\\\/425cnc-bevel-cutting\\\/#primaryimage\"},\"image\":{\"@id\":\"https:\\\/\\\/sldcncpipebender.com\\\/product\\\/425cnc-bevel-cutting\\\/#primaryimage\"},\"thumbnailUrl\":\"https:\\\/\\\/sldcncpipebender.com\\\/wp-content\\\/uploads\\\/2025\\\/06\\\/01-45.jpg\",\"datePublished\":\"2025-06-07T06:19:05+00:00\",\"breadcrumb\":{\"@id\":\"https:\\\/\\\/sldcncpipebender.com\\\/product\\\/425cnc-bevel-cutting\\\/#breadcrumb\"},\"inLanguage\":\"tr\",\"potentialAction\":[{\"@type\":\"ReadAction\",\"target\":[\"https:\\\/\\\/sldcncpipebender.com\\\/product\\\/425cnc-bevel-cutting\\\/\"]}]},{\"@type\":\"ImageObject\",\"inLanguage\":\"tr\",\"@id\":\"https:\\\/\\\/sldcncpipebender.com\\\/product\\\/425cnc-bevel-cutting\\\/#primaryimage\",\"url\":\"https:\\\/\\\/sldcncpipebender.com\\\/wp-content\\\/uploads\\\/2025\\\/06\\\/01-45.jpg\",\"contentUrl\":\"https:\\\/\\\/sldcncpipebender.com\\\/wp-content\\\/uploads\\\/2025\\\/06\\\/01-45.jpg\",\"width\":1068,\"height\":862},{\"@type\":\"BreadcrumbList\",\"@id\":\"https:\\\/\\\/sldcncpipebender.com\\\/product\\\/425cnc-bevel-cutting\\\/#breadcrumb\",\"itemListElement\":[{\"@type\":\"ListItem\",\"position\":1,\"name\":\"Home\",\"item\":\"https:\\\/\\\/sldcncpipebender.com\\\/\"},{\"@type\":\"ListItem\",\"position\":2,\"name\":\"shop\",\"item\":\"https:\\\/\\\/sldcncpipebender.com\\\/shop\\\/\"},{\"@type\":\"ListItem\",\"position\":3,\"name\":\"425CNC bevel cutting\"}]},{\"@type\":\"WebSite\",\"@id\":\"https:\\\/\\\/sldcncpipebender.com\\\/#website\",\"url\":\"https:\\\/\\\/sldcncpipebender.com\\\/\",\"name\":\"Shenglida Technology (Zhangjiagang) Co., Ltd.\",\"description\":\"pipe bending machine -  pipe cutting machine - pipe end forming machine\",\"potentialAction\":[{\"@type\":\"SearchAction\",\"target\":{\"@type\":\"EntryPoint\",\"urlTemplate\":\"https:\\\/\\\/sldcncpipebender.com\\\/?s={search_term_string}\"},\"query-input\":{\"@type\":\"PropertyValueSpecification\",\"valueRequired\":true,\"valueName\":\"search_term_string\"}}],\"inLanguage\":\"tr\"}]}<\/script>\n<!-- \/ Yoast SEO Premium plugin. -->","yoast_head_json":{"title":"425CNC konik kesme - Shenglida Technology (Zhangjiagang) Co, Ltd.","robots":{"index":"index","follow":"follow","max-snippet":"max-snippet:-1","max-image-preview":"max-image-preview:large","max-video-preview":"max-video-preview:-1"},"canonical":"https:\/\/sldcncpipebender.com\/tr\/product\/425cnc-egimli-kesim\/","og_locale":"tr_TR","og_type":"article","og_title":"425CNC bevel cutting","og_description":"The fully automatic hard rail slide feed circular saw machine is a fully automatic feed metal cutting machine with a sawing speed of 28\/42\/76\/118 revolutions per minute. The clamp is specially designed by our company. There is no need to change the clamp when sawing materials of different specifications. It is very suitable for sawing various thick and thin metal materials such as ordinary steel, stainless steel, copper, aluminum, etc. with different cross-sectional shapes.  This model has a programmable controller. The set program is combined with automatic electrical components to feed, hold, saw, etc. the material repeatedly to perform strict automatic cycle work. In addition, special clamps can be designed in combination with actual workpieces to hold multiple pipes and saw them at the same time, which greatly improves the function of ordinary fully automatic pipe cutting machines that have a section of tail material left at the end and cannot be cut at one time, saving materials, time and labor; after sawing, there is no tail material before and after, which increases the yield rate of pipes and increases the output by multiples.","og_url":"https:\/\/sldcncpipebender.com\/tr\/product\/425cnc-egimli-kesim\/","og_site_name":"Shenglida Technology (Zhangjiagang) Co., Ltd.","og_image":[{"width":1068,"height":862,"url":"https:\/\/sldcncpipebender.com\/wp-content\/uploads\/2025\/06\/01-45.jpg","type":"image\/jpeg"}],"twitter_card":"summary_large_image","twitter_misc":{"Tahmini okuma s\u00fcresi":"2 dakika"},"schema":{"@context":"https:\/\/schema.org","@graph":[{"@type":"WebPage","@id":"https:\/\/sldcncpipebender.com\/product\/425cnc-bevel-cutting\/","url":"https:\/\/sldcncpipebender.com\/product\/425cnc-bevel-cutting\/","name":"425CNC konik kesme - Shenglida Technology (Zhangjiagang) Co, Ltd.","isPartOf":{"@id":"https:\/\/sldcncpipebender.com\/#website"},"primaryImageOfPage":{"@id":"https:\/\/sldcncpipebender.com\/product\/425cnc-bevel-cutting\/#primaryimage"},"image":{"@id":"https:\/\/sldcncpipebender.com\/product\/425cnc-bevel-cutting\/#primaryimage"},"thumbnailUrl":"https:\/\/sldcncpipebender.com\/wp-content\/uploads\/2025\/06\/01-45.jpg","datePublished":"2025-06-07T06:19:05+00:00","breadcrumb":{"@id":"https:\/\/sldcncpipebender.com\/product\/425cnc-bevel-cutting\/#breadcrumb"},"inLanguage":"tr","potentialAction":[{"@type":"ReadAction","target":["https:\/\/sldcncpipebender.com\/product\/425cnc-bevel-cutting\/"]}]},{"@type":"ImageObject","inLanguage":"tr","@id":"https:\/\/sldcncpipebender.com\/product\/425cnc-bevel-cutting\/#primaryimage","url":"https:\/\/sldcncpipebender.com\/wp-content\/uploads\/2025\/06\/01-45.jpg","contentUrl":"https:\/\/sldcncpipebender.com\/wp-content\/uploads\/2025\/06\/01-45.jpg","width":1068,"height":862},{"@type":"BreadcrumbList","@id":"https:\/\/sldcncpipebender.com\/product\/425cnc-bevel-cutting\/#breadcrumb","itemListElement":[{"@type":"ListItem","position":1,"name":"Home","item":"https:\/\/sldcncpipebender.com\/"},{"@type":"ListItem","position":2,"name":"shop","item":"https:\/\/sldcncpipebender.com\/shop\/"},{"@type":"ListItem","position":3,"name":"425CNC bevel cutting"}]},{"@type":"WebSite","@id":"https:\/\/sldcncpipebender.com\/#website","url":"https:\/\/sldcncpipebender.com\/","name":"Shenglida Technology (Zhangjiagang) Co, Ltd.","description":"boru b\u00fckme makinesi - boru kesme makinesi - boru ucu \u015fekillendirme makinesi","potentialAction":[{"@type":"SearchAction","target":{"@type":"EntryPoint","urlTemplate":"https:\/\/sldcncpipebender.com\/?s={search_term_string}"},"query-input":{"@type":"PropertyValueSpecification","valueRequired":true,"valueName":"search_term_string"}}],"inLanguage":"tr"}]}},"_links":{"self":[{"href":"https:\/\/sldcncpipebender.com\/tr\/wp-json\/wp\/v2\/product\/1504","targetHints":{"allow":["GET"]}}],"collection":[{"href":"https:\/\/sldcncpipebender.com\/tr\/wp-json\/wp\/v2\/product"}],"about":[{"href":"https:\/\/sldcncpipebender.com\/tr\/wp-json\/wp\/v2\/types\/product"}],"replies":[{"embeddable":true,"href":"https:\/\/sldcncpipebender.com\/tr\/wp-json\/wp\/v2\/comments?post=1504"}],"wp:featuredmedia":[{"embeddable":true,"href":"https:\/\/sldcncpipebender.com\/tr\/wp-json\/wp\/v2\/media\/1505"}],"wp:attachment":[{"href":"https:\/\/sldcncpipebender.com\/tr\/wp-json\/wp\/v2\/media?parent=1504"}],"wp:term":[{"taxonomy":"product_brand","embeddable":true,"href":"https:\/\/sldcncpipebender.com\/tr\/wp-json\/wp\/v2\/product_brand?post=1504"},{"taxonomy":"product_cat","embeddable":true,"href":"https:\/\/sldcncpipebender.com\/tr\/wp-json\/wp\/v2\/product_cat?post=1504"},{"taxonomy":"product_tag","embeddable":true,"href":"https:\/\/sldcncpipebender.com\/tr\/wp-json\/wp\/v2\/product_tag?post=1504"}],"curies":[{"name":"wp","href":"https:\/\/api.w.org\/{rel}","templated":true}]}}