{"id":1514,"date":"2025-06-07T14:45:10","date_gmt":"2025-06-07T06:45:10","guid":{"rendered":"https:\/\/sldcncpipebender.com\/?post_type=product&#038;p=1514"},"modified":"2025-06-07T14:45:37","modified_gmt":"2025-06-07T06:45:37","slug":"425%e6%b2%b9%e5%8e%8b%e5%88%87%e7%ae%a1%e6%9c%ba","status":"publish","type":"product","link":"https:\/\/sldcncpipebender.com\/tr\/product\/425%e6%b2%b9%e5%8e%8b%e5%88%87%e7%ae%a1%e6%9c%ba\/","title":{"rendered":"425 Hidrolik Boru Kesme Makinesi"},"content":{"rendered":"<p>Shenglida Technology (Zhangjiagang) Co, Ltd boru b\u00fckme makineleri, boru kesme makineleri, boru k\u00fc\u00e7\u00fcltme makineleri, pah k\u0131rma makineleri ve di\u011fer boru ekipmanlar\u0131n\u0131n profesyonel bir \u00fcreticisidir.<\/p>\n<p>Boru kesme makineleri lazer kesim, tam otomatik boru kesme makineleri, yar\u0131 otomatik boru kesme makineleri, besleyici testere ve al\u00fcminyum kesme makineleri olarak ikiye ayr\u0131l\u0131r.<\/p>\n<p>425 hidrolik boru kesme makinesinin mekanik \u00f6zellikleri:<\/p>\n<p>Dikey k\u0131zakl\u0131 besleme tipi, dengeli besleme ve uzun tak\u0131m \u00f6mr\u00fc<\/p>\n<p>\u00d6zel tasar\u0131m, a\u011f\u0131r kesim i\u00e7in uygun \u00e7oklu di\u015fli \u015fanz\u0131man setleri, kararl\u0131 hassasiyet<\/p>\n<p>Makine yap\u0131s\u0131 sa\u011flam, titre\u015fim k\u00fc\u00e7\u00fck ve makine \u00f6mr\u00fc uzundur<\/p>\n<p>So\u011futma s\u0131v\u0131s\u0131n\u0131n otomatik sirk\u00fclasyonu p\u00fcr\u00fczs\u00fcz yay ve ok kesim y\u00fczeyi sa\u011flar<\/p>\n<p>Merkezi kesim i\u015flemi, basit ve kolay bak\u0131m<br \/>\n<img loading=\"lazy\" decoding=\"async\" class=\"alignnone size-full wp-image-1515\" src=\"https:\/\/sldcncpipebender.com\/wp-content\/uploads\/2025\/06\/01-50.jpg\" alt=\"\" width=\"1068\" height=\"862\" srcset=\"https:\/\/sldcncpipebender.com\/wp-content\/uploads\/2025\/06\/01-50.jpg 1068w, https:\/\/sldcncpipebender.com\/wp-content\/uploads\/2025\/06\/01-50-300x242.jpg 300w, https:\/\/sldcncpipebender.com\/wp-content\/uploads\/2025\/06\/01-50-1024x826.jpg 1024w, https:\/\/sldcncpipebender.com\/wp-content\/uploads\/2025\/06\/01-50-768x620.jpg 768w, https:\/\/sldcncpipebender.com\/wp-content\/uploads\/2025\/06\/01-50-15x12.jpg 15w, https:\/\/sldcncpipebender.com\/wp-content\/uploads\/2025\/06\/01-50-1000x807.jpg 1000w\" sizes=\"auto, (max-width: 1068px) 100vw, 1068px\" \/><\/p>","protected":false},"excerpt":{"rendered":"<p>Dikey k\u0131zakl\u0131 besleme, dengeli besleme ve uzun tak\u0131m \u00f6mr\u00fc<\/p>\n<p>\u00d6zel tasar\u0131m, a\u011f\u0131r kesim i\u00e7in uygun \u00e7oklu di\u015fli \u015fanz\u0131man setleri, kararl\u0131 hassasiyet<\/p>\n<p>Sa\u011flam makine yap\u0131s\u0131, d\u00fc\u015f\u00fck titre\u015fim, uzun makine \u00f6mr\u00fc<\/p>\n<p>So\u011futma s\u0131v\u0131s\u0131n\u0131n otomatik sirk\u00fclasyonu, yay ve okun p\u00fcr\u00fczs\u00fcz kesim y\u00fczeyini sa\u011flar<\/p>\n<p>Merkezi kesim, basit ve kolay bak\u0131m<\/p>","protected":false},"featured_media":1515,"comment_status":"open","ping_status":"closed","template":"","meta":{"_acf_changed":false},"product_brand":[],"product_cat":[36],"product_tag":[],"class_list":{"0":"post-1514","1":"product","2":"type-product","3":"status-publish","4":"has-post-thumbnail","6":"product_cat-semi-automatic-pipe-cutting-machine","8":"first","9":"instock","10":"shipping-taxable","11":"product-type-simple"},"acf":[],"yoast_head":"<!-- This site is optimized with the Yoast SEO Premium plugin v25.5 (Yoast SEO v27.4) - https:\/\/yoast.com\/product\/yoast-seo-premium-wordpress\/ -->\n<title>425 Hydraulic Pipe Cutting Machine - Shenglida Technology (Zhangjiagang) Co., Ltd.<\/title>\n<meta name=\"robots\" content=\"index, follow, max-snippet:-1, max-image-preview:large, max-video-preview:-1\" \/>\n<link rel=\"canonical\" href=\"https:\/\/sldcncpipebender.com\/tr\/product\/425\u6cb9\u538b\u5207\u7ba1\u673a\/\" \/>\n<meta property=\"og:locale\" content=\"tr_TR\" \/>\n<meta property=\"og:type\" content=\"article\" \/>\n<meta property=\"og:title\" content=\"425 Hydraulic Pipe Cutting Machine\" \/>\n<meta property=\"og:description\" content=\"Vertical slide feed, stable feed and long tool life  Special design, multiple sets of gear transmission suitable for heavy cutting, stable precision  Solid machine structure, low vibration, long machine life  Automatic circulation of coolant ensures smooth cut surface of bow and arrow  Centralized cutting, simple and easy maintenance\" \/>\n<meta property=\"og:url\" content=\"https:\/\/sldcncpipebender.com\/tr\/product\/425\u6cb9\u538b\u5207\u7ba1\u673a\/\" \/>\n<meta property=\"og:site_name\" content=\"Shenglida Technology (Zhangjiagang) Co., Ltd.\" \/>\n<meta property=\"article:modified_time\" content=\"2025-06-07T06:45:37+00:00\" \/>\n<meta property=\"og:image\" content=\"https:\/\/sldcncpipebender.com\/wp-content\/uploads\/2025\/06\/01-50.jpg\" \/>\n\t<meta property=\"og:image:width\" content=\"1068\" \/>\n\t<meta property=\"og:image:height\" content=\"862\" \/>\n\t<meta property=\"og:image:type\" content=\"image\/jpeg\" \/>\n<meta name=\"twitter:card\" content=\"summary_large_image\" \/>\n<meta name=\"twitter:label1\" content=\"Tahmini okuma s\u00fcresi\" \/>\n\t<meta name=\"twitter:data1\" content=\"1 dakika\" \/>\n<script type=\"application\/ld+json\" class=\"yoast-schema-graph\">{\"@context\":\"https:\\\/\\\/schema.org\",\"@graph\":[{\"@type\":\"WebPage\",\"@id\":\"https:\\\/\\\/sldcncpipebender.com\\\/product\\\/425%e6%b2%b9%e5%8e%8b%e5%88%87%e7%ae%a1%e6%9c%ba\\\/\",\"url\":\"https:\\\/\\\/sldcncpipebender.com\\\/product\\\/425%e6%b2%b9%e5%8e%8b%e5%88%87%e7%ae%a1%e6%9c%ba\\\/\",\"name\":\"425 Hydraulic Pipe Cutting Machine - Shenglida Technology (Zhangjiagang) Co., Ltd.\",\"isPartOf\":{\"@id\":\"https:\\\/\\\/sldcncpipebender.com\\\/#website\"},\"primaryImageOfPage\":{\"@id\":\"https:\\\/\\\/sldcncpipebender.com\\\/product\\\/425%e6%b2%b9%e5%8e%8b%e5%88%87%e7%ae%a1%e6%9c%ba\\\/#primaryimage\"},\"image\":{\"@id\":\"https:\\\/\\\/sldcncpipebender.com\\\/product\\\/425%e6%b2%b9%e5%8e%8b%e5%88%87%e7%ae%a1%e6%9c%ba\\\/#primaryimage\"},\"thumbnailUrl\":\"https:\\\/\\\/sldcncpipebender.com\\\/wp-content\\\/uploads\\\/2025\\\/06\\\/01-50.jpg\",\"datePublished\":\"2025-06-07T06:45:10+00:00\",\"dateModified\":\"2025-06-07T06:45:37+00:00\",\"breadcrumb\":{\"@id\":\"https:\\\/\\\/sldcncpipebender.com\\\/product\\\/425%e6%b2%b9%e5%8e%8b%e5%88%87%e7%ae%a1%e6%9c%ba\\\/#breadcrumb\"},\"inLanguage\":\"tr\",\"potentialAction\":[{\"@type\":\"ReadAction\",\"target\":[\"https:\\\/\\\/sldcncpipebender.com\\\/product\\\/425%e6%b2%b9%e5%8e%8b%e5%88%87%e7%ae%a1%e6%9c%ba\\\/\"]}]},{\"@type\":\"ImageObject\",\"inLanguage\":\"tr\",\"@id\":\"https:\\\/\\\/sldcncpipebender.com\\\/product\\\/425%e6%b2%b9%e5%8e%8b%e5%88%87%e7%ae%a1%e6%9c%ba\\\/#primaryimage\",\"url\":\"https:\\\/\\\/sldcncpipebender.com\\\/wp-content\\\/uploads\\\/2025\\\/06\\\/01-50.jpg\",\"contentUrl\":\"https:\\\/\\\/sldcncpipebender.com\\\/wp-content\\\/uploads\\\/2025\\\/06\\\/01-50.jpg\",\"width\":1068,\"height\":862},{\"@type\":\"BreadcrumbList\",\"@id\":\"https:\\\/\\\/sldcncpipebender.com\\\/product\\\/425%e6%b2%b9%e5%8e%8b%e5%88%87%e7%ae%a1%e6%9c%ba\\\/#breadcrumb\",\"itemListElement\":[{\"@type\":\"ListItem\",\"position\":1,\"name\":\"Home\",\"item\":\"https:\\\/\\\/sldcncpipebender.com\\\/\"},{\"@type\":\"ListItem\",\"position\":2,\"name\":\"shop\",\"item\":\"https:\\\/\\\/sldcncpipebender.com\\\/shop\\\/\"},{\"@type\":\"ListItem\",\"position\":3,\"name\":\"425 Hydraulic Pipe Cutting Machine\"}]},{\"@type\":\"WebSite\",\"@id\":\"https:\\\/\\\/sldcncpipebender.com\\\/#website\",\"url\":\"https:\\\/\\\/sldcncpipebender.com\\\/\",\"name\":\"Shenglida Technology (Zhangjiagang) Co., Ltd.\",\"description\":\"pipe bending machine -  pipe cutting machine - pipe end forming machine\",\"potentialAction\":[{\"@type\":\"SearchAction\",\"target\":{\"@type\":\"EntryPoint\",\"urlTemplate\":\"https:\\\/\\\/sldcncpipebender.com\\\/?s={search_term_string}\"},\"query-input\":{\"@type\":\"PropertyValueSpecification\",\"valueRequired\":true,\"valueName\":\"search_term_string\"}}],\"inLanguage\":\"tr\"}]}<\/script>\n<!-- \/ Yoast SEO Premium plugin. -->","yoast_head_json":{"title":"425 Hidrolik Boru Kesme Makinesi - Shenglida Technology (Zhangjiagang) Co, Ltd.","robots":{"index":"index","follow":"follow","max-snippet":"max-snippet:-1","max-image-preview":"max-image-preview:large","max-video-preview":"max-video-preview:-1"},"canonical":"https:\/\/sldcncpipebender.com\/tr\/product\/425\u6cb9\u538b\u5207\u7ba1\u673a\/","og_locale":"tr_TR","og_type":"article","og_title":"425 Hydraulic Pipe Cutting Machine","og_description":"Vertical slide feed, stable feed and long tool life  Special design, multiple sets of gear transmission suitable for heavy cutting, stable precision  Solid machine structure, low vibration, long machine life  Automatic circulation of coolant ensures smooth cut surface of bow and arrow  Centralized cutting, simple and easy maintenance","og_url":"https:\/\/sldcncpipebender.com\/tr\/product\/425\u6cb9\u538b\u5207\u7ba1\u673a\/","og_site_name":"Shenglida Technology (Zhangjiagang) Co., Ltd.","article_modified_time":"2025-06-07T06:45:37+00:00","og_image":[{"width":1068,"height":862,"url":"https:\/\/sldcncpipebender.com\/wp-content\/uploads\/2025\/06\/01-50.jpg","type":"image\/jpeg"}],"twitter_card":"summary_large_image","twitter_misc":{"Tahmini okuma s\u00fcresi":"1 dakika"},"schema":{"@context":"https:\/\/schema.org","@graph":[{"@type":"WebPage","@id":"https:\/\/sldcncpipebender.com\/product\/425%e6%b2%b9%e5%8e%8b%e5%88%87%e7%ae%a1%e6%9c%ba\/","url":"https:\/\/sldcncpipebender.com\/product\/425%e6%b2%b9%e5%8e%8b%e5%88%87%e7%ae%a1%e6%9c%ba\/","name":"425 Hidrolik Boru Kesme Makinesi - Shenglida Technology (Zhangjiagang) Co, Ltd.","isPartOf":{"@id":"https:\/\/sldcncpipebender.com\/#website"},"primaryImageOfPage":{"@id":"https:\/\/sldcncpipebender.com\/product\/425%e6%b2%b9%e5%8e%8b%e5%88%87%e7%ae%a1%e6%9c%ba\/#primaryimage"},"image":{"@id":"https:\/\/sldcncpipebender.com\/product\/425%e6%b2%b9%e5%8e%8b%e5%88%87%e7%ae%a1%e6%9c%ba\/#primaryimage"},"thumbnailUrl":"https:\/\/sldcncpipebender.com\/wp-content\/uploads\/2025\/06\/01-50.jpg","datePublished":"2025-06-07T06:45:10+00:00","dateModified":"2025-06-07T06:45:37+00:00","breadcrumb":{"@id":"https:\/\/sldcncpipebender.com\/product\/425%e6%b2%b9%e5%8e%8b%e5%88%87%e7%ae%a1%e6%9c%ba\/#breadcrumb"},"inLanguage":"tr","potentialAction":[{"@type":"ReadAction","target":["https:\/\/sldcncpipebender.com\/product\/425%e6%b2%b9%e5%8e%8b%e5%88%87%e7%ae%a1%e6%9c%ba\/"]}]},{"@type":"ImageObject","inLanguage":"tr","@id":"https:\/\/sldcncpipebender.com\/product\/425%e6%b2%b9%e5%8e%8b%e5%88%87%e7%ae%a1%e6%9c%ba\/#primaryimage","url":"https:\/\/sldcncpipebender.com\/wp-content\/uploads\/2025\/06\/01-50.jpg","contentUrl":"https:\/\/sldcncpipebender.com\/wp-content\/uploads\/2025\/06\/01-50.jpg","width":1068,"height":862},{"@type":"BreadcrumbList","@id":"https:\/\/sldcncpipebender.com\/product\/425%e6%b2%b9%e5%8e%8b%e5%88%87%e7%ae%a1%e6%9c%ba\/#breadcrumb","itemListElement":[{"@type":"ListItem","position":1,"name":"Home","item":"https:\/\/sldcncpipebender.com\/"},{"@type":"ListItem","position":2,"name":"shop","item":"https:\/\/sldcncpipebender.com\/shop\/"},{"@type":"ListItem","position":3,"name":"425 Hydraulic Pipe Cutting Machine"}]},{"@type":"WebSite","@id":"https:\/\/sldcncpipebender.com\/#website","url":"https:\/\/sldcncpipebender.com\/","name":"Shenglida Technology (Zhangjiagang) Co, Ltd.","description":"boru b\u00fckme makinesi - boru kesme makinesi - boru ucu \u015fekillendirme makinesi","potentialAction":[{"@type":"SearchAction","target":{"@type":"EntryPoint","urlTemplate":"https:\/\/sldcncpipebender.com\/?s={search_term_string}"},"query-input":{"@type":"PropertyValueSpecification","valueRequired":true,"valueName":"search_term_string"}}],"inLanguage":"tr"}]}},"_links":{"self":[{"href":"https:\/\/sldcncpipebender.com\/tr\/wp-json\/wp\/v2\/product\/1514","targetHints":{"allow":["GET"]}}],"collection":[{"href":"https:\/\/sldcncpipebender.com\/tr\/wp-json\/wp\/v2\/product"}],"about":[{"href":"https:\/\/sldcncpipebender.com\/tr\/wp-json\/wp\/v2\/types\/product"}],"replies":[{"embeddable":true,"href":"https:\/\/sldcncpipebender.com\/tr\/wp-json\/wp\/v2\/comments?post=1514"}],"wp:featuredmedia":[{"embeddable":true,"href":"https:\/\/sldcncpipebender.com\/tr\/wp-json\/wp\/v2\/media\/1515"}],"wp:attachment":[{"href":"https:\/\/sldcncpipebender.com\/tr\/wp-json\/wp\/v2\/media?parent=1514"}],"wp:term":[{"taxonomy":"product_brand","embeddable":true,"href":"https:\/\/sldcncpipebender.com\/tr\/wp-json\/wp\/v2\/product_brand?post=1514"},{"taxonomy":"product_cat","embeddable":true,"href":"https:\/\/sldcncpipebender.com\/tr\/wp-json\/wp\/v2\/product_cat?post=1514"},{"taxonomy":"product_tag","embeddable":true,"href":"https:\/\/sldcncpipebender.com\/tr\/wp-json\/wp\/v2\/product_tag?post=1514"}],"curies":[{"name":"wp","href":"https:\/\/api.w.org\/{rel}","templated":true}]}}