{"id":1522,"date":"2025-06-07T15:11:08","date_gmt":"2025-06-07T07:11:08","guid":{"rendered":"https:\/\/sldcncpipebender.com\/?post_type=product&#038;p=1522"},"modified":"2025-06-07T15:11:08","modified_gmt":"2025-06-07T07:11:08","slug":"275-manuel-boru-kesme-makinesi","status":"publish","type":"product","link":"https:\/\/sldcncpipebender.com\/tr\/product\/275-manuel-boru-kesme-makinesi\/","title":{"rendered":"275 Manuel Boru Kesme Makinesi"},"content":{"rendered":"<p>Shenglida Technology (Zhangjiagang) Co, Ltd boru b\u00fckme makineleri, boru kesme makineleri, boru k\u00fc\u00e7\u00fcltme makineleri, pah k\u0131rma makineleri ve di\u011fer boru ba\u011flant\u0131 par\u00e7alar\u0131 ekipmanlar\u0131n\u0131n profesyonel bir \u00fcreticisidir.<\/p>\n<p>Bunlar aras\u0131nda boru kesme makineleri \u015fu \u015fekilde ayr\u0131l\u0131r: lazer kesim, tam otomatik boru kesme makineleri, yar\u0131 otomatik boru kesme makineleri, besleyici testere ve al\u00fcminyum kesme makineleri.<\/p>\n<p>MC-275AC metal daire testere, yar\u0131 otomatik bir testere tezgah\u0131d\u0131r. \u015eirketimizin yabanc\u0131 teknolojinin tan\u0131t\u0131m\u0131na dayanarak yenilik yapt\u0131\u011f\u0131 ve geli\u015ftirdi\u011fi yeni bir \u00fcr\u00fcnd\u00fcr.<\/p>\n<p>\u00dcr\u00fcn performans\u0131 ayn\u0131 end\u00fcstrinin ileri seviyesine ula\u015fm\u0131\u015ft\u0131r. S\u0131radan \u00e7elik, paslanmaz \u00e7elik, bak\u0131r, al\u00fcminyum ve \u00e7e\u015fitli kesit \u015fekillerine sahip di\u011fer metal profilleri kesebilir, \u00f6zellikle \u00e7e\u015fitli borular\u0131 kesmek i\u00e7in en ideal olan\u0131d\u0131r. Keserken, yaln\u0131zca malzemelerin beslenmesi ve bo\u015falt\u0131lmas\u0131 \u00fczerinde \u00e7al\u0131\u015fman\u0131z gerekir. Kesme i\u015fleminden sonra i\u015f par\u00e7as\u0131n\u0131n s\u0131k\u0131\u015ft\u0131r\u0131lmas\u0131, gev\u015fetilmesi, beslenmesi ve geri \u00e7ekilmesi, \u00f6zellikle 24 saat kesintisiz \u00e7al\u0131\u015fma i\u00e7in uygun olan y\u00fcksek verimlilikle elektrik ve pn\u00f6matik kontrol ile otomatik olarak tamamlan\u0131r.<\/p>\n<p>Bu makinenin \u00f6zellikleri \u015funlard\u0131r:<\/p>\n<p>1. Makul fiyat ve kolay kullan\u0131m.<\/p>\n<p>2. Benzersiz benzin d\u00f6n\u00fc\u015ft\u00fcrme cihaz\u0131, s\u00fcrekli y\u00fck \u00e7al\u0131\u015fmas\u0131 i\u00e7in uygundur.<\/p>\n<p>3. D\u00fc\u015f\u00fck g\u00fcr\u00fclt\u00fc, toz kirlili\u011fi yok, d\u00fczg\u00fcn kesim, \u00e7apak yok.<br \/>\n4. \u00c7e\u015fitli a\u00e7\u0131larda kesebilir ve e\u011fim verebilir, m\u00fckemmel aray\u00fcz ba\u011flant\u0131s\u0131.<br \/>\n5. Makinenin boyutu k\u00fc\u00e7\u00fckt\u00fcr, i\u015f par\u00e7as\u0131 hammaddesinin konumu e\u011fimli kesim s\u0131ras\u0131nda de\u011fi\u015fmeden kal\u0131r ve az yer kaplar.<br \/>\n<img loading=\"lazy\" decoding=\"async\" class=\"alignnone size-full wp-image-1523\" src=\"https:\/\/sldcncpipebender.com\/wp-content\/uploads\/2025\/06\/01-54.jpg\" alt=\"\" width=\"1068\" height=\"862\" srcset=\"https:\/\/sldcncpipebender.com\/wp-content\/uploads\/2025\/06\/01-54.jpg 1068w, https:\/\/sldcncpipebender.com\/wp-content\/uploads\/2025\/06\/01-54-300x242.jpg 300w, https:\/\/sldcncpipebender.com\/wp-content\/uploads\/2025\/06\/01-54-1024x826.jpg 1024w, https:\/\/sldcncpipebender.com\/wp-content\/uploads\/2025\/06\/01-54-768x620.jpg 768w, https:\/\/sldcncpipebender.com\/wp-content\/uploads\/2025\/06\/01-54-15x12.jpg 15w, https:\/\/sldcncpipebender.com\/wp-content\/uploads\/2025\/06\/01-54-1000x807.jpg 1000w\" sizes=\"auto, (max-width: 1068px) 100vw, 1068px\" \/><\/p>","protected":false},"excerpt":{"rendered":"<p>MC-275AC metal daire testere yar\u0131 otomatik bir testere makinesidir. \u015eirketimizin yabanc\u0131 teknolojinin tan\u0131t\u0131m\u0131na dayal\u0131 olarak yenilik yapt\u0131\u011f\u0131 ve geli\u015ftirdi\u011fi yeni bir \u00fcr\u00fcnd\u00fcr. \u00dcr\u00fcn performans\u0131 ayn\u0131 sekt\u00f6rde ileri seviyeye ula\u015fm\u0131\u015ft\u0131r. S\u0131radan \u00e7elik, paslanmaz \u00e7elik, bak\u0131r, al\u00fcminyum ve \u00e7e\u015fitli kesit \u015fekillerine sahip di\u011fer metal profilleri kesebilir, \u00f6zellikle \u00e7e\u015fitli borular\u0131 kesmek i\u00e7in idealdir.<\/p>","protected":false},"featured_media":1523,"comment_status":"open","ping_status":"closed","template":"","meta":{"_acf_changed":false},"product_brand":[],"product_cat":[36],"product_tag":[],"class_list":{"0":"post-1522","1":"product","2":"type-product","3":"status-publish","4":"has-post-thumbnail","6":"product_cat-semi-automatic-pipe-cutting-machine","8":"first","9":"instock","10":"shipping-taxable","11":"product-type-simple"},"acf":[],"yoast_head":"<!-- This site is optimized with the Yoast SEO Premium plugin v25.5 (Yoast SEO v27.4) - https:\/\/yoast.com\/product\/yoast-seo-premium-wordpress\/ -->\n<title>275 Manual Pipe Cutting Machine - Shenglida Technology (Zhangjiagang) Co., Ltd.<\/title>\n<meta name=\"robots\" content=\"index, follow, max-snippet:-1, max-image-preview:large, max-video-preview:-1\" \/>\n<link rel=\"canonical\" href=\"https:\/\/sldcncpipebender.com\/tr\/product\/275-manuel-boru-kesme-makinesi\/\" \/>\n<meta property=\"og:locale\" content=\"tr_TR\" \/>\n<meta property=\"og:type\" content=\"article\" \/>\n<meta property=\"og:title\" content=\"275 Manual Pipe Cutting Machine\" \/>\n<meta property=\"og:description\" content=\"MC-275AC metal circular saw is a semi-automatic sawing machine. It is a new product that our company has innovated and developed based on the introduction of foreign technology. The product performance has reached the advanced level in the same industry. It can saw ordinary steel, stainless steel, copper, aluminum and other metal profiles with various cross-sectional shapes, especially it is ideal for sawing various pipes.\" \/>\n<meta property=\"og:url\" content=\"https:\/\/sldcncpipebender.com\/tr\/product\/275-manuel-boru-kesme-makinesi\/\" \/>\n<meta property=\"og:site_name\" content=\"Shenglida Technology (Zhangjiagang) Co., Ltd.\" \/>\n<meta property=\"og:image\" content=\"https:\/\/sldcncpipebender.com\/wp-content\/uploads\/2025\/06\/01-54.jpg\" \/>\n\t<meta property=\"og:image:width\" content=\"1068\" \/>\n\t<meta property=\"og:image:height\" content=\"862\" \/>\n\t<meta property=\"og:image:type\" content=\"image\/jpeg\" \/>\n<meta name=\"twitter:card\" content=\"summary_large_image\" \/>\n<meta name=\"twitter:label1\" content=\"Tahmini okuma s\u00fcresi\" \/>\n\t<meta name=\"twitter:data1\" content=\"2 dakika\" \/>\n<script type=\"application\/ld+json\" class=\"yoast-schema-graph\">{\"@context\":\"https:\\\/\\\/schema.org\",\"@graph\":[{\"@type\":\"WebPage\",\"@id\":\"https:\\\/\\\/sldcncpipebender.com\\\/product\\\/275-manual-pipe-cutting-machine\\\/\",\"url\":\"https:\\\/\\\/sldcncpipebender.com\\\/product\\\/275-manual-pipe-cutting-machine\\\/\",\"name\":\"275 Manual Pipe Cutting Machine - Shenglida Technology (Zhangjiagang) Co., Ltd.\",\"isPartOf\":{\"@id\":\"https:\\\/\\\/sldcncpipebender.com\\\/#website\"},\"primaryImageOfPage\":{\"@id\":\"https:\\\/\\\/sldcncpipebender.com\\\/product\\\/275-manual-pipe-cutting-machine\\\/#primaryimage\"},\"image\":{\"@id\":\"https:\\\/\\\/sldcncpipebender.com\\\/product\\\/275-manual-pipe-cutting-machine\\\/#primaryimage\"},\"thumbnailUrl\":\"https:\\\/\\\/sldcncpipebender.com\\\/wp-content\\\/uploads\\\/2025\\\/06\\\/01-54.jpg\",\"datePublished\":\"2025-06-07T07:11:08+00:00\",\"breadcrumb\":{\"@id\":\"https:\\\/\\\/sldcncpipebender.com\\\/product\\\/275-manual-pipe-cutting-machine\\\/#breadcrumb\"},\"inLanguage\":\"tr\",\"potentialAction\":[{\"@type\":\"ReadAction\",\"target\":[\"https:\\\/\\\/sldcncpipebender.com\\\/product\\\/275-manual-pipe-cutting-machine\\\/\"]}]},{\"@type\":\"ImageObject\",\"inLanguage\":\"tr\",\"@id\":\"https:\\\/\\\/sldcncpipebender.com\\\/product\\\/275-manual-pipe-cutting-machine\\\/#primaryimage\",\"url\":\"https:\\\/\\\/sldcncpipebender.com\\\/wp-content\\\/uploads\\\/2025\\\/06\\\/01-54.jpg\",\"contentUrl\":\"https:\\\/\\\/sldcncpipebender.com\\\/wp-content\\\/uploads\\\/2025\\\/06\\\/01-54.jpg\",\"width\":1068,\"height\":862},{\"@type\":\"BreadcrumbList\",\"@id\":\"https:\\\/\\\/sldcncpipebender.com\\\/product\\\/275-manual-pipe-cutting-machine\\\/#breadcrumb\",\"itemListElement\":[{\"@type\":\"ListItem\",\"position\":1,\"name\":\"Home\",\"item\":\"https:\\\/\\\/sldcncpipebender.com\\\/\"},{\"@type\":\"ListItem\",\"position\":2,\"name\":\"shop\",\"item\":\"https:\\\/\\\/sldcncpipebender.com\\\/shop\\\/\"},{\"@type\":\"ListItem\",\"position\":3,\"name\":\"275 Manual Pipe Cutting Machine\"}]},{\"@type\":\"WebSite\",\"@id\":\"https:\\\/\\\/sldcncpipebender.com\\\/#website\",\"url\":\"https:\\\/\\\/sldcncpipebender.com\\\/\",\"name\":\"Shenglida Technology (Zhangjiagang) Co., Ltd.\",\"description\":\"pipe bending machine -  pipe cutting machine - pipe end forming machine\",\"potentialAction\":[{\"@type\":\"SearchAction\",\"target\":{\"@type\":\"EntryPoint\",\"urlTemplate\":\"https:\\\/\\\/sldcncpipebender.com\\\/?s={search_term_string}\"},\"query-input\":{\"@type\":\"PropertyValueSpecification\",\"valueRequired\":true,\"valueName\":\"search_term_string\"}}],\"inLanguage\":\"tr\"}]}<\/script>\n<!-- \/ Yoast SEO Premium plugin. -->","yoast_head_json":{"title":"275 Manuel Boru Kesme Makinesi - Shenglida Technology (Zhangjiagang) Co, Ltd.","robots":{"index":"index","follow":"follow","max-snippet":"max-snippet:-1","max-image-preview":"max-image-preview:large","max-video-preview":"max-video-preview:-1"},"canonical":"https:\/\/sldcncpipebender.com\/tr\/product\/275-manuel-boru-kesme-makinesi\/","og_locale":"tr_TR","og_type":"article","og_title":"275 Manual Pipe Cutting Machine","og_description":"MC-275AC metal circular saw is a semi-automatic sawing machine. It is a new product that our company has innovated and developed based on the introduction of foreign technology. The product performance has reached the advanced level in the same industry. It can saw ordinary steel, stainless steel, copper, aluminum and other metal profiles with various cross-sectional shapes, especially it is ideal for sawing various pipes.","og_url":"https:\/\/sldcncpipebender.com\/tr\/product\/275-manuel-boru-kesme-makinesi\/","og_site_name":"Shenglida Technology (Zhangjiagang) Co., Ltd.","og_image":[{"width":1068,"height":862,"url":"https:\/\/sldcncpipebender.com\/wp-content\/uploads\/2025\/06\/01-54.jpg","type":"image\/jpeg"}],"twitter_card":"summary_large_image","twitter_misc":{"Tahmini okuma s\u00fcresi":"2 dakika"},"schema":{"@context":"https:\/\/schema.org","@graph":[{"@type":"WebPage","@id":"https:\/\/sldcncpipebender.com\/product\/275-manual-pipe-cutting-machine\/","url":"https:\/\/sldcncpipebender.com\/product\/275-manual-pipe-cutting-machine\/","name":"275 Manuel Boru Kesme Makinesi - Shenglida Technology (Zhangjiagang) Co, Ltd.","isPartOf":{"@id":"https:\/\/sldcncpipebender.com\/#website"},"primaryImageOfPage":{"@id":"https:\/\/sldcncpipebender.com\/product\/275-manual-pipe-cutting-machine\/#primaryimage"},"image":{"@id":"https:\/\/sldcncpipebender.com\/product\/275-manual-pipe-cutting-machine\/#primaryimage"},"thumbnailUrl":"https:\/\/sldcncpipebender.com\/wp-content\/uploads\/2025\/06\/01-54.jpg","datePublished":"2025-06-07T07:11:08+00:00","breadcrumb":{"@id":"https:\/\/sldcncpipebender.com\/product\/275-manual-pipe-cutting-machine\/#breadcrumb"},"inLanguage":"tr","potentialAction":[{"@type":"ReadAction","target":["https:\/\/sldcncpipebender.com\/product\/275-manual-pipe-cutting-machine\/"]}]},{"@type":"ImageObject","inLanguage":"tr","@id":"https:\/\/sldcncpipebender.com\/product\/275-manual-pipe-cutting-machine\/#primaryimage","url":"https:\/\/sldcncpipebender.com\/wp-content\/uploads\/2025\/06\/01-54.jpg","contentUrl":"https:\/\/sldcncpipebender.com\/wp-content\/uploads\/2025\/06\/01-54.jpg","width":1068,"height":862},{"@type":"BreadcrumbList","@id":"https:\/\/sldcncpipebender.com\/product\/275-manual-pipe-cutting-machine\/#breadcrumb","itemListElement":[{"@type":"ListItem","position":1,"name":"Home","item":"https:\/\/sldcncpipebender.com\/"},{"@type":"ListItem","position":2,"name":"shop","item":"https:\/\/sldcncpipebender.com\/shop\/"},{"@type":"ListItem","position":3,"name":"275 Manual Pipe Cutting Machine"}]},{"@type":"WebSite","@id":"https:\/\/sldcncpipebender.com\/#website","url":"https:\/\/sldcncpipebender.com\/","name":"Shenglida Technology (Zhangjiagang) Co, Ltd.","description":"boru b\u00fckme makinesi - boru kesme makinesi - boru ucu \u015fekillendirme makinesi","potentialAction":[{"@type":"SearchAction","target":{"@type":"EntryPoint","urlTemplate":"https:\/\/sldcncpipebender.com\/?s={search_term_string}"},"query-input":{"@type":"PropertyValueSpecification","valueRequired":true,"valueName":"search_term_string"}}],"inLanguage":"tr"}]}},"_links":{"self":[{"href":"https:\/\/sldcncpipebender.com\/tr\/wp-json\/wp\/v2\/product\/1522","targetHints":{"allow":["GET"]}}],"collection":[{"href":"https:\/\/sldcncpipebender.com\/tr\/wp-json\/wp\/v2\/product"}],"about":[{"href":"https:\/\/sldcncpipebender.com\/tr\/wp-json\/wp\/v2\/types\/product"}],"replies":[{"embeddable":true,"href":"https:\/\/sldcncpipebender.com\/tr\/wp-json\/wp\/v2\/comments?post=1522"}],"wp:featuredmedia":[{"embeddable":true,"href":"https:\/\/sldcncpipebender.com\/tr\/wp-json\/wp\/v2\/media\/1523"}],"wp:attachment":[{"href":"https:\/\/sldcncpipebender.com\/tr\/wp-json\/wp\/v2\/media?parent=1522"}],"wp:term":[{"taxonomy":"product_brand","embeddable":true,"href":"https:\/\/sldcncpipebender.com\/tr\/wp-json\/wp\/v2\/product_brand?post=1522"},{"taxonomy":"product_cat","embeddable":true,"href":"https:\/\/sldcncpipebender.com\/tr\/wp-json\/wp\/v2\/product_cat?post=1522"},{"taxonomy":"product_tag","embeddable":true,"href":"https:\/\/sldcncpipebender.com\/tr\/wp-json\/wp\/v2\/product_tag?post=1522"}],"curies":[{"name":"wp","href":"https:\/\/api.w.org\/{rel}","templated":true}]}}