{"id":1524,"date":"2025-06-07T15:19:57","date_gmt":"2025-06-07T07:19:57","guid":{"rendered":"https:\/\/sldcncpipebender.com\/?post_type=product&#038;p=1524"},"modified":"2025-07-16T16:50:48","modified_gmt":"2025-07-16T08:50:48","slug":"yukleme-rafi-kesme","status":"publish","type":"product","link":"https:\/\/sldcncpipebender.com\/tr\/product\/yukleme-rafi-kesme\/","title":{"rendered":"Y\u00fckleme raf\u0131 testeresi"},"content":{"rendered":"<p>Shenglida Technology (Zhangjiagang) Co, Ltd boru b\u00fckme makineleri, boru kesme makineleri, boru k\u00fc\u00e7\u00fcltme makineleri, pah k\u0131rma makineleri ve di\u011fer boru ba\u011flant\u0131 par\u00e7alar\u0131 ekipmanlar\u0131n\u0131n profesyonel bir \u00fcreticisidir. Bunlar aras\u0131nda boru kesme makineleri ikiye ayr\u0131l\u0131r: lazer kesim, tam otomatik boru kesme makineleri, yar\u0131 otomatik boru kesme makineleri, besleyici testere ve al\u00fcminyum kesme makineleri.<\/p>\n<p>Besleyici testere makinesinin mekanik \u00f6zellikleri<\/p>\n<p>Bu makine bir seferde 1500 mm'ye kadar besleme yapabilir, servo besleme (besleme uzunlu\u011fu m\u00fc\u015fteri gereksinimlerine g\u00f6re \u00f6zelle\u015ftirilebilir)<\/p>\n<p>Bu makine birden fazla boru kesebilir ve bir seferde en az 4 \u042425mm boru kesebilir.<\/p>\n<p>Besleme bir\u00e7ok kez tekrarlanabilir.<\/p>\n<p>Bu makine, \u00e7eneleri de\u011fi\u015ftirerek farkl\u0131 \u00e7aplarda (\u042425-125mm) \u00e7elik borular\u0131 kesebilir.<\/p>\n<p>Boru ba\u011flant\u0131 par\u00e7alar\u0131 makine tablas\u0131na yerle\u015ftirilir, otomatik olarak s\u0131k\u0131\u015ft\u0131r\u0131l\u0131r, otomatik olarak beslenir, otomatik olarak kesilir ve \u00e7evrilir.<\/p>\n<p>Otomatik boru kesme, otomatik bo\u015faltma, otomatik \u00e7apak alma makinesine ba\u011fl\u0131, ak\u0131ll\u0131 kontrol sistemi kullanarak, i\u015f\u00e7ilikten tasarruf ve \u00fcretim verimlili\u011fini art\u0131rma.<\/p>\n<p>Yuvarlak borular, oval borular, kare borular, \u00f6zel \u015fekilli borular, tekli veya \u00e7oklu otomatik kesme, \u00e7apak alma i\u00e7in uygundur.<\/p>\n<p>Farkl\u0131 \u00fcr\u00fcn gereksinimlerine g\u00f6re, kullan\u0131c\u0131 ihtiya\u00e7lar\u0131 i\u00e7in profesyonel \u00f6zelle\u015ftirme, iste\u011fe ba\u011fl\u0131 otomatik y\u00fckleme raf\u0131<br \/>\n<img loading=\"lazy\" decoding=\"async\" class=\"alignnone size-full wp-image-1525\" src=\"https:\/\/sldcncpipebender.com\/wp-content\/uploads\/2025\/06\/01-55.jpg\" alt=\"\" width=\"1000\" height=\"1000\" srcset=\"https:\/\/sldcncpipebender.com\/wp-content\/uploads\/2025\/06\/01-55.jpg 1000w, https:\/\/sldcncpipebender.com\/wp-content\/uploads\/2025\/06\/01-55-300x300.jpg 300w, https:\/\/sldcncpipebender.com\/wp-content\/uploads\/2025\/06\/01-55-150x150.jpg 150w, https:\/\/sldcncpipebender.com\/wp-content\/uploads\/2025\/06\/01-55-768x768.jpg 768w, https:\/\/sldcncpipebender.com\/wp-content\/uploads\/2025\/06\/01-55-12x12.jpg 12w, https:\/\/sldcncpipebender.com\/wp-content\/uploads\/2025\/06\/01-55-100x100.jpg 100w\" sizes=\"auto, (max-width: 1000px) 100vw, 1000px\" \/><\/p>","protected":false},"excerpt":{"rendered":"<p>Makine bir seferde 1500 mm'ye kadar besleme yapabilir, servo besleme (besleme uzunlu\u011fu m\u00fc\u015fteri gereksinimlerine g\u00f6re \u00f6zelle\u015ftirilebilir)<\/p>\n<p>Makine birden fazla boru kesebilir ve bir seferde en az 4 \u042425mm boru kesebilir.<\/p>\n<p>Besleme birden fazla kez tekrarlanabilir.<\/p>\n<p>Makine, \u00e7eneleri de\u011fi\u015ftirerek farkl\u0131 \u00e7aplarda (\u042425-125mm) \u00e7elik borular\u0131 kesebilir.<\/p>","protected":false},"featured_media":1525,"comment_status":"open","ping_status":"closed","template":"","meta":{"_acf_changed":false},"product_brand":[],"product_cat":[51],"product_tag":[],"class_list":{"0":"post-1524","1":"product","2":"type-product","3":"status-publish","4":"has-post-thumbnail","6":"product_cat-loading-rack-sawing-machine","8":"first","9":"instock","10":"shipping-taxable","11":"product-type-simple"},"acf":[],"yoast_head":"<!-- This site is optimized with the Yoast SEO Premium plugin v25.5 (Yoast SEO v27.4) - https:\/\/yoast.com\/product\/yoast-seo-premium-wordpress\/ -->\n<title>Loading rack sawing - Shenglida Technology (Zhangjiagang) Co., Ltd.<\/title>\n<meta name=\"robots\" content=\"index, follow, max-snippet:-1, max-image-preview:large, max-video-preview:-1\" \/>\n<link rel=\"canonical\" href=\"https:\/\/sldcncpipebender.com\/tr\/product\/yukleme-rafi-kesme\/\" \/>\n<meta property=\"og:locale\" content=\"tr_TR\" \/>\n<meta property=\"og:type\" content=\"article\" \/>\n<meta property=\"og:title\" content=\"Loading rack sawing\" \/>\n<meta property=\"og:description\" content=\"\u25a0The machine can feed up to 1500mm at a time, servo feeding (feeding length can be customized according to customer requirements)  \u25a0The machine can cut multiple pipes, and can cut at least 4 \u042425mm pipes at a time.  \u25a0Feeding can be repeated multiple times.  \u25a0The machine can cut steel pipes of different diameters (\u042425-125mm) by changing the jaws.\" \/>\n<meta property=\"og:url\" content=\"https:\/\/sldcncpipebender.com\/tr\/product\/yukleme-rafi-kesme\/\" \/>\n<meta property=\"og:site_name\" content=\"Shenglida Technology (Zhangjiagang) Co., Ltd.\" \/>\n<meta property=\"article:modified_time\" content=\"2025-07-16T08:50:48+00:00\" \/>\n<meta property=\"og:image\" content=\"https:\/\/sldcncpipebender.com\/wp-content\/uploads\/2025\/06\/01-55.jpg\" \/>\n\t<meta property=\"og:image:width\" content=\"1000\" \/>\n\t<meta property=\"og:image:height\" content=\"1000\" \/>\n\t<meta property=\"og:image:type\" content=\"image\/jpeg\" \/>\n<meta name=\"twitter:card\" content=\"summary_large_image\" \/>\n<meta name=\"twitter:label1\" content=\"Tahmini okuma s\u00fcresi\" \/>\n\t<meta name=\"twitter:data1\" content=\"2 dakika\" \/>\n<script type=\"application\/ld+json\" class=\"yoast-schema-graph\">{\"@context\":\"https:\\\/\\\/schema.org\",\"@graph\":[{\"@type\":\"WebPage\",\"@id\":\"https:\\\/\\\/sldcncpipebender.com\\\/product\\\/loading-rack-sawing\\\/\",\"url\":\"https:\\\/\\\/sldcncpipebender.com\\\/product\\\/loading-rack-sawing\\\/\",\"name\":\"Loading rack sawing - Shenglida Technology (Zhangjiagang) Co., Ltd.\",\"isPartOf\":{\"@id\":\"https:\\\/\\\/sldcncpipebender.com\\\/#website\"},\"primaryImageOfPage\":{\"@id\":\"https:\\\/\\\/sldcncpipebender.com\\\/product\\\/loading-rack-sawing\\\/#primaryimage\"},\"image\":{\"@id\":\"https:\\\/\\\/sldcncpipebender.com\\\/product\\\/loading-rack-sawing\\\/#primaryimage\"},\"thumbnailUrl\":\"https:\\\/\\\/sldcncpipebender.com\\\/wp-content\\\/uploads\\\/2025\\\/06\\\/01-55.jpg\",\"datePublished\":\"2025-06-07T07:19:57+00:00\",\"dateModified\":\"2025-07-16T08:50:48+00:00\",\"breadcrumb\":{\"@id\":\"https:\\\/\\\/sldcncpipebender.com\\\/product\\\/loading-rack-sawing\\\/#breadcrumb\"},\"inLanguage\":\"tr\",\"potentialAction\":[{\"@type\":\"ReadAction\",\"target\":[\"https:\\\/\\\/sldcncpipebender.com\\\/product\\\/loading-rack-sawing\\\/\"]}]},{\"@type\":\"ImageObject\",\"inLanguage\":\"tr\",\"@id\":\"https:\\\/\\\/sldcncpipebender.com\\\/product\\\/loading-rack-sawing\\\/#primaryimage\",\"url\":\"https:\\\/\\\/sldcncpipebender.com\\\/wp-content\\\/uploads\\\/2025\\\/06\\\/01-55.jpg\",\"contentUrl\":\"https:\\\/\\\/sldcncpipebender.com\\\/wp-content\\\/uploads\\\/2025\\\/06\\\/01-55.jpg\",\"width\":1000,\"height\":1000},{\"@type\":\"BreadcrumbList\",\"@id\":\"https:\\\/\\\/sldcncpipebender.com\\\/product\\\/loading-rack-sawing\\\/#breadcrumb\",\"itemListElement\":[{\"@type\":\"ListItem\",\"position\":1,\"name\":\"Home\",\"item\":\"https:\\\/\\\/sldcncpipebender.com\\\/\"},{\"@type\":\"ListItem\",\"position\":2,\"name\":\"shop\",\"item\":\"https:\\\/\\\/sldcncpipebender.com\\\/shop\\\/\"},{\"@type\":\"ListItem\",\"position\":3,\"name\":\"Loading rack sawing\"}]},{\"@type\":\"WebSite\",\"@id\":\"https:\\\/\\\/sldcncpipebender.com\\\/#website\",\"url\":\"https:\\\/\\\/sldcncpipebender.com\\\/\",\"name\":\"Shenglida Technology (Zhangjiagang) Co., Ltd.\",\"description\":\"pipe bending machine -  pipe cutting machine - pipe end forming machine\",\"potentialAction\":[{\"@type\":\"SearchAction\",\"target\":{\"@type\":\"EntryPoint\",\"urlTemplate\":\"https:\\\/\\\/sldcncpipebender.com\\\/?s={search_term_string}\"},\"query-input\":{\"@type\":\"PropertyValueSpecification\",\"valueRequired\":true,\"valueName\":\"search_term_string\"}}],\"inLanguage\":\"tr\"}]}<\/script>\n<!-- \/ Yoast SEO Premium plugin. -->","yoast_head_json":{"title":"Y\u00fckleme raf\u0131 testeresi - Shenglida Technology (Zhangjiagang) Co., Ltd.","robots":{"index":"index","follow":"follow","max-snippet":"max-snippet:-1","max-image-preview":"max-image-preview:large","max-video-preview":"max-video-preview:-1"},"canonical":"https:\/\/sldcncpipebender.com\/tr\/product\/yukleme-rafi-kesme\/","og_locale":"tr_TR","og_type":"article","og_title":"Loading rack sawing","og_description":"\u25a0The machine can feed up to 1500mm at a time, servo feeding (feeding length can be customized according to customer requirements)  \u25a0The machine can cut multiple pipes, and can cut at least 4 \u042425mm pipes at a time.  \u25a0Feeding can be repeated multiple times.  \u25a0The machine can cut steel pipes of different diameters (\u042425-125mm) by changing the jaws.","og_url":"https:\/\/sldcncpipebender.com\/tr\/product\/yukleme-rafi-kesme\/","og_site_name":"Shenglida Technology (Zhangjiagang) Co., Ltd.","article_modified_time":"2025-07-16T08:50:48+00:00","og_image":[{"width":1000,"height":1000,"url":"https:\/\/sldcncpipebender.com\/wp-content\/uploads\/2025\/06\/01-55.jpg","type":"image\/jpeg"}],"twitter_card":"summary_large_image","twitter_misc":{"Tahmini okuma s\u00fcresi":"2 dakika"},"schema":{"@context":"https:\/\/schema.org","@graph":[{"@type":"WebPage","@id":"https:\/\/sldcncpipebender.com\/product\/loading-rack-sawing\/","url":"https:\/\/sldcncpipebender.com\/product\/loading-rack-sawing\/","name":"Y\u00fckleme raf\u0131 testeresi - Shenglida Technology (Zhangjiagang) Co., Ltd.","isPartOf":{"@id":"https:\/\/sldcncpipebender.com\/#website"},"primaryImageOfPage":{"@id":"https:\/\/sldcncpipebender.com\/product\/loading-rack-sawing\/#primaryimage"},"image":{"@id":"https:\/\/sldcncpipebender.com\/product\/loading-rack-sawing\/#primaryimage"},"thumbnailUrl":"https:\/\/sldcncpipebender.com\/wp-content\/uploads\/2025\/06\/01-55.jpg","datePublished":"2025-06-07T07:19:57+00:00","dateModified":"2025-07-16T08:50:48+00:00","breadcrumb":{"@id":"https:\/\/sldcncpipebender.com\/product\/loading-rack-sawing\/#breadcrumb"},"inLanguage":"tr","potentialAction":[{"@type":"ReadAction","target":["https:\/\/sldcncpipebender.com\/product\/loading-rack-sawing\/"]}]},{"@type":"ImageObject","inLanguage":"tr","@id":"https:\/\/sldcncpipebender.com\/product\/loading-rack-sawing\/#primaryimage","url":"https:\/\/sldcncpipebender.com\/wp-content\/uploads\/2025\/06\/01-55.jpg","contentUrl":"https:\/\/sldcncpipebender.com\/wp-content\/uploads\/2025\/06\/01-55.jpg","width":1000,"height":1000},{"@type":"BreadcrumbList","@id":"https:\/\/sldcncpipebender.com\/product\/loading-rack-sawing\/#breadcrumb","itemListElement":[{"@type":"ListItem","position":1,"name":"Home","item":"https:\/\/sldcncpipebender.com\/"},{"@type":"ListItem","position":2,"name":"shop","item":"https:\/\/sldcncpipebender.com\/shop\/"},{"@type":"ListItem","position":3,"name":"Loading rack sawing"}]},{"@type":"WebSite","@id":"https:\/\/sldcncpipebender.com\/#website","url":"https:\/\/sldcncpipebender.com\/","name":"Shenglida Technology (Zhangjiagang) Co, Ltd.","description":"boru b\u00fckme makinesi - boru kesme makinesi - boru ucu \u015fekillendirme makinesi","potentialAction":[{"@type":"SearchAction","target":{"@type":"EntryPoint","urlTemplate":"https:\/\/sldcncpipebender.com\/?s={search_term_string}"},"query-input":{"@type":"PropertyValueSpecification","valueRequired":true,"valueName":"search_term_string"}}],"inLanguage":"tr"}]}},"_links":{"self":[{"href":"https:\/\/sldcncpipebender.com\/tr\/wp-json\/wp\/v2\/product\/1524","targetHints":{"allow":["GET"]}}],"collection":[{"href":"https:\/\/sldcncpipebender.com\/tr\/wp-json\/wp\/v2\/product"}],"about":[{"href":"https:\/\/sldcncpipebender.com\/tr\/wp-json\/wp\/v2\/types\/product"}],"replies":[{"embeddable":true,"href":"https:\/\/sldcncpipebender.com\/tr\/wp-json\/wp\/v2\/comments?post=1524"}],"wp:featuredmedia":[{"embeddable":true,"href":"https:\/\/sldcncpipebender.com\/tr\/wp-json\/wp\/v2\/media\/1525"}],"wp:attachment":[{"href":"https:\/\/sldcncpipebender.com\/tr\/wp-json\/wp\/v2\/media?parent=1524"}],"wp:term":[{"taxonomy":"product_brand","embeddable":true,"href":"https:\/\/sldcncpipebender.com\/tr\/wp-json\/wp\/v2\/product_brand?post=1524"},{"taxonomy":"product_cat","embeddable":true,"href":"https:\/\/sldcncpipebender.com\/tr\/wp-json\/wp\/v2\/product_cat?post=1524"},{"taxonomy":"product_tag","embeddable":true,"href":"https:\/\/sldcncpipebender.com\/tr\/wp-json\/wp\/v2\/product_tag?post=1524"}],"curies":[{"name":"wp","href":"https:\/\/api.w.org\/{rel}","templated":true}]}}