{"id":1527,"date":"2025-06-07T15:30:09","date_gmt":"2025-06-07T07:30:09","guid":{"rendered":"https:\/\/sldcncpipebender.com\/?post_type=product&#038;p=1527"},"modified":"2025-07-17T14:06:22","modified_gmt":"2025-07-17T06:06:22","slug":"lazer-tup-kesme-maki%cc%87nesi%cc%87","status":"publish","type":"product","link":"https:\/\/sldcncpipebender.com\/tr\/product\/lazer-tup-kesme-maki%cc%87nesi%cc%87\/","title":{"rendered":"Lazer t\u00fcp kesme makinesi"},"content":{"rendered":"<p>Shenglida Technology (Zhangjiagang) Co, Ltd boru b\u00fckme makineleri, boru kesme makineleri, boru k\u00fc\u00e7\u00fcltme makineleri, pah k\u0131rma makineleri ve di\u011fer boru ba\u011flant\u0131 par\u00e7alar\u0131 profesyonel bir \u00fcreticisidir. Bunlar aras\u0131nda boru kesme makineleri ikiye ayr\u0131l\u0131r: lazer kesim,<\/p>\n<p>Tam otomatik boru kesme makinesi, yar\u0131 otomatik boru kesme makinesi, besleme raf\u0131 testere, al\u00fcminyum kesme makinesi.<\/p>\n<p>Lazer kesim makinesinin mekanik \u00f6zellikleri:<\/p>\n<p>1. Bu makine kare borular\u0131n, yuvarlak borular\u0131n, oval borular\u0131n ve di\u011fer borular\u0131n \u00fc\u00e7 boyutlu kesimi i\u00e7indir. Yap\u0131 sabittir, boru a\u011fz\u0131 deforme olmaz ve \u00e7apak yoktur. Kesme aral\u0131\u011f\u0131 geni\u015f, 10-80 mm ve kesme kuyru\u011fu 50 mm i\u00e7indedir.<\/p>\n<p>Bir ki\u015fi birden fazla cihaz\u0131 \u00e7al\u0131\u015ft\u0131rabilir ve verimlilik s\u0131radan boru kesme makinelerinin 3-5 kat\u0131 ve b\u00fcy\u00fck \u00fc\u00e7 boyutlu makinelerin 2-3 kat\u0131d\u0131r. \u0130kincil boru kesme i\u015flemi gerekmez (boru kesme i\u015f\u00e7ilerinden tasarruf sa\u011flar) ve transfer sahas\u0131 gerekmez, yerden tasarruf sa\u011flar.<\/p>\n<p>Bitmi\u015f \u00fcr\u00fcn do\u011frudan \u00fcretilebilir ve t\u00fcm kesme i\u015flemleri insan-makine aray\u00fcz\u00fcnde kolayca ayarlanabilir.<\/p>\n<p>2. U\u00e7an kesme modu: U\u00e7uyormu\u015f gibi hissettirir. Borular \u00fczerinde toplu delme i\u015flemi ger\u00e7ekle\u015ftirirken, u\u00e7an kesme modu se\u00e7ilir ve verimlilik do\u011frudan 5 kat artar.<\/p>\n<p>3. Makine, kullan\u0131c\u0131n\u0131n \u00e7al\u0131\u015fma alan\u0131n\u0131 en y\u00fcksek dereceye kadar e\u015fle\u015ftirebilen \u00f6n ve arka olmak \u00fczere iki y\u00f6ne ayr\u0131lm\u0131\u015ft\u0131r. \u0130ki makine oldu\u011funda, makineler paralel olarak yerle\u015ftirilebilir, bu da operat\u00f6r\u00fcn gereksiz \u00e7al\u0131\u015fma s\u00fcresini b\u00fcy\u00fck \u00f6l\u00e7\u00fcde k\u0131salt\u0131r.<br \/>\n<img loading=\"lazy\" decoding=\"async\" class=\"alignnone size-full wp-image-1528\" src=\"https:\/\/sldcncpipebender.com\/wp-content\/uploads\/2025\/06\/01-56.jpg\" alt=\"\" width=\"1000\" height=\"1000\" srcset=\"https:\/\/sldcncpipebender.com\/wp-content\/uploads\/2025\/06\/01-56.jpg 1000w, https:\/\/sldcncpipebender.com\/wp-content\/uploads\/2025\/06\/01-56-300x300.jpg 300w, https:\/\/sldcncpipebender.com\/wp-content\/uploads\/2025\/06\/01-56-150x150.jpg 150w, https:\/\/sldcncpipebender.com\/wp-content\/uploads\/2025\/06\/01-56-768x768.jpg 768w, https:\/\/sldcncpipebender.com\/wp-content\/uploads\/2025\/06\/01-56-12x12.jpg 12w, https:\/\/sldcncpipebender.com\/wp-content\/uploads\/2025\/06\/01-56-100x100.jpg 100w\" sizes=\"auto, (max-width: 1000px) 100vw, 1000px\" \/><\/p>","protected":false},"excerpt":{"rendered":"<p>Bu makine kare borular\u0131n, yuvarlak borular\u0131n, oval borular\u0131n ve di\u011fer borular\u0131n \u00fc\u00e7 boyutlu kesimi i\u00e7in kullan\u0131l\u0131r. Kararl\u0131 bir yap\u0131ya sahiptir, boru a\u011fz\u0131nda deformasyon ve \u00e7apak yoktur. Kesme aral\u0131\u011f\u0131 geni\u015f, 10-80 mm ve kesme kuyru\u011fu 50 mm i\u00e7indedir. Bir ki\u015fi birden fazla cihaz\u0131 \u00e7al\u0131\u015ft\u0131rabilir ve verimlilik s\u0131radan boru kesme makinelerinin 3-5 kat\u0131d\u0131r.<\/p>","protected":false},"featured_media":1528,"comment_status":"open","ping_status":"closed","template":"","meta":{"_acf_changed":false},"product_brand":[],"product_cat":[38],"product_tag":[],"class_list":{"0":"post-1527","1":"product","2":"type-product","3":"status-publish","4":"has-post-thumbnail","6":"product_cat-laser-tube-cutting-machine","8":"first","9":"instock","10":"shipping-taxable","11":"product-type-simple"},"acf":[],"yoast_head":"<!-- This site is optimized with the Yoast SEO Premium plugin v25.5 (Yoast SEO v27.4) - https:\/\/yoast.com\/product\/yoast-seo-premium-wordpress\/ -->\n<title>Laser tube cutting machine - Shenglida Technology (Zhangjiagang) Co., Ltd.<\/title>\n<meta name=\"robots\" content=\"index, follow, max-snippet:-1, max-image-preview:large, max-video-preview:-1\" \/>\n<link rel=\"canonical\" href=\"https:\/\/sldcncpipebender.com\/tr\/product\/lazer-tup-kesme-maki\u0307nesi\u0307\/\" \/>\n<meta property=\"og:locale\" content=\"tr_TR\" \/>\n<meta property=\"og:type\" content=\"article\" \/>\n<meta property=\"og:title\" content=\"Laser tube cutting machine\" \/>\n<meta property=\"og:description\" content=\"This machine is used for three-dimensional cutting of square tubes, round tubes, oval tubes and other pipes. It has a stable structure, no deformation of the pipe mouth, and no burrs. The cutting range is wide, 10-80mm, and the cutting tail is within 50mm. One person can operate multiple devices, and the efficiency is 3-5 times that of ordinary pipe cutting machines.\" \/>\n<meta property=\"og:url\" content=\"https:\/\/sldcncpipebender.com\/tr\/product\/lazer-tup-kesme-maki\u0307nesi\u0307\/\" \/>\n<meta property=\"og:site_name\" content=\"Shenglida Technology (Zhangjiagang) Co., Ltd.\" \/>\n<meta property=\"article:modified_time\" content=\"2025-07-17T06:06:22+00:00\" \/>\n<meta property=\"og:image\" content=\"https:\/\/sldcncpipebender.com\/wp-content\/uploads\/2025\/06\/01-56.jpg\" \/>\n\t<meta property=\"og:image:width\" content=\"1000\" \/>\n\t<meta property=\"og:image:height\" content=\"1000\" \/>\n\t<meta property=\"og:image:type\" content=\"image\/jpeg\" \/>\n<meta name=\"twitter:card\" content=\"summary_large_image\" \/>\n<meta name=\"twitter:label1\" content=\"Tahmini okuma s\u00fcresi\" \/>\n\t<meta name=\"twitter:data1\" content=\"2 dakika\" \/>\n<script type=\"application\/ld+json\" class=\"yoast-schema-graph\">{\"@context\":\"https:\\\/\\\/schema.org\",\"@graph\":[{\"@type\":\"WebPage\",\"@id\":\"https:\\\/\\\/sldcncpipebender.com\\\/product\\\/laser-tube-cutting-machine\\\/\",\"url\":\"https:\\\/\\\/sldcncpipebender.com\\\/product\\\/laser-tube-cutting-machine\\\/\",\"name\":\"Laser tube cutting machine - Shenglida Technology (Zhangjiagang) Co., Ltd.\",\"isPartOf\":{\"@id\":\"https:\\\/\\\/sldcncpipebender.com\\\/#website\"},\"primaryImageOfPage\":{\"@id\":\"https:\\\/\\\/sldcncpipebender.com\\\/product\\\/laser-tube-cutting-machine\\\/#primaryimage\"},\"image\":{\"@id\":\"https:\\\/\\\/sldcncpipebender.com\\\/product\\\/laser-tube-cutting-machine\\\/#primaryimage\"},\"thumbnailUrl\":\"https:\\\/\\\/sldcncpipebender.com\\\/wp-content\\\/uploads\\\/2025\\\/06\\\/01-56.jpg\",\"datePublished\":\"2025-06-07T07:30:09+00:00\",\"dateModified\":\"2025-07-17T06:06:22+00:00\",\"breadcrumb\":{\"@id\":\"https:\\\/\\\/sldcncpipebender.com\\\/product\\\/laser-tube-cutting-machine\\\/#breadcrumb\"},\"inLanguage\":\"tr\",\"potentialAction\":[{\"@type\":\"ReadAction\",\"target\":[\"https:\\\/\\\/sldcncpipebender.com\\\/product\\\/laser-tube-cutting-machine\\\/\"]}]},{\"@type\":\"ImageObject\",\"inLanguage\":\"tr\",\"@id\":\"https:\\\/\\\/sldcncpipebender.com\\\/product\\\/laser-tube-cutting-machine\\\/#primaryimage\",\"url\":\"https:\\\/\\\/sldcncpipebender.com\\\/wp-content\\\/uploads\\\/2025\\\/06\\\/01-56.jpg\",\"contentUrl\":\"https:\\\/\\\/sldcncpipebender.com\\\/wp-content\\\/uploads\\\/2025\\\/06\\\/01-56.jpg\",\"width\":1000,\"height\":1000},{\"@type\":\"BreadcrumbList\",\"@id\":\"https:\\\/\\\/sldcncpipebender.com\\\/product\\\/laser-tube-cutting-machine\\\/#breadcrumb\",\"itemListElement\":[{\"@type\":\"ListItem\",\"position\":1,\"name\":\"Home\",\"item\":\"https:\\\/\\\/sldcncpipebender.com\\\/\"},{\"@type\":\"ListItem\",\"position\":2,\"name\":\"shop\",\"item\":\"https:\\\/\\\/sldcncpipebender.com\\\/shop\\\/\"},{\"@type\":\"ListItem\",\"position\":3,\"name\":\"Laser tube cutting machine\"}]},{\"@type\":\"WebSite\",\"@id\":\"https:\\\/\\\/sldcncpipebender.com\\\/#website\",\"url\":\"https:\\\/\\\/sldcncpipebender.com\\\/\",\"name\":\"Shenglida Technology (Zhangjiagang) Co., Ltd.\",\"description\":\"pipe bending machine -  pipe cutting machine - pipe end forming machine\",\"potentialAction\":[{\"@type\":\"SearchAction\",\"target\":{\"@type\":\"EntryPoint\",\"urlTemplate\":\"https:\\\/\\\/sldcncpipebender.com\\\/?s={search_term_string}\"},\"query-input\":{\"@type\":\"PropertyValueSpecification\",\"valueRequired\":true,\"valueName\":\"search_term_string\"}}],\"inLanguage\":\"tr\"}]}<\/script>\n<!-- \/ Yoast SEO Premium plugin. -->","yoast_head_json":{"title":"Lazer t\u00fcp kesme makinesi - Shenglida Technology (Zhangjiagang) Co, Ltd.","robots":{"index":"index","follow":"follow","max-snippet":"max-snippet:-1","max-image-preview":"max-image-preview:large","max-video-preview":"max-video-preview:-1"},"canonical":"https:\/\/sldcncpipebender.com\/tr\/product\/lazer-tup-kesme-maki\u0307nesi\u0307\/","og_locale":"tr_TR","og_type":"article","og_title":"Laser tube cutting machine","og_description":"This machine is used for three-dimensional cutting of square tubes, round tubes, oval tubes and other pipes. It has a stable structure, no deformation of the pipe mouth, and no burrs. The cutting range is wide, 10-80mm, and the cutting tail is within 50mm. One person can operate multiple devices, and the efficiency is 3-5 times that of ordinary pipe cutting machines.","og_url":"https:\/\/sldcncpipebender.com\/tr\/product\/lazer-tup-kesme-maki\u0307nesi\u0307\/","og_site_name":"Shenglida Technology (Zhangjiagang) Co., Ltd.","article_modified_time":"2025-07-17T06:06:22+00:00","og_image":[{"width":1000,"height":1000,"url":"https:\/\/sldcncpipebender.com\/wp-content\/uploads\/2025\/06\/01-56.jpg","type":"image\/jpeg"}],"twitter_card":"summary_large_image","twitter_misc":{"Tahmini okuma s\u00fcresi":"2 dakika"},"schema":{"@context":"https:\/\/schema.org","@graph":[{"@type":"WebPage","@id":"https:\/\/sldcncpipebender.com\/product\/laser-tube-cutting-machine\/","url":"https:\/\/sldcncpipebender.com\/product\/laser-tube-cutting-machine\/","name":"Lazer t\u00fcp kesme makinesi - Shenglida Technology (Zhangjiagang) Co, Ltd.","isPartOf":{"@id":"https:\/\/sldcncpipebender.com\/#website"},"primaryImageOfPage":{"@id":"https:\/\/sldcncpipebender.com\/product\/laser-tube-cutting-machine\/#primaryimage"},"image":{"@id":"https:\/\/sldcncpipebender.com\/product\/laser-tube-cutting-machine\/#primaryimage"},"thumbnailUrl":"https:\/\/sldcncpipebender.com\/wp-content\/uploads\/2025\/06\/01-56.jpg","datePublished":"2025-06-07T07:30:09+00:00","dateModified":"2025-07-17T06:06:22+00:00","breadcrumb":{"@id":"https:\/\/sldcncpipebender.com\/product\/laser-tube-cutting-machine\/#breadcrumb"},"inLanguage":"tr","potentialAction":[{"@type":"ReadAction","target":["https:\/\/sldcncpipebender.com\/product\/laser-tube-cutting-machine\/"]}]},{"@type":"ImageObject","inLanguage":"tr","@id":"https:\/\/sldcncpipebender.com\/product\/laser-tube-cutting-machine\/#primaryimage","url":"https:\/\/sldcncpipebender.com\/wp-content\/uploads\/2025\/06\/01-56.jpg","contentUrl":"https:\/\/sldcncpipebender.com\/wp-content\/uploads\/2025\/06\/01-56.jpg","width":1000,"height":1000},{"@type":"BreadcrumbList","@id":"https:\/\/sldcncpipebender.com\/product\/laser-tube-cutting-machine\/#breadcrumb","itemListElement":[{"@type":"ListItem","position":1,"name":"Home","item":"https:\/\/sldcncpipebender.com\/"},{"@type":"ListItem","position":2,"name":"shop","item":"https:\/\/sldcncpipebender.com\/shop\/"},{"@type":"ListItem","position":3,"name":"Laser tube cutting machine"}]},{"@type":"WebSite","@id":"https:\/\/sldcncpipebender.com\/#website","url":"https:\/\/sldcncpipebender.com\/","name":"Shenglida Technology (Zhangjiagang) Co, Ltd.","description":"boru b\u00fckme makinesi - boru kesme makinesi - boru ucu \u015fekillendirme makinesi","potentialAction":[{"@type":"SearchAction","target":{"@type":"EntryPoint","urlTemplate":"https:\/\/sldcncpipebender.com\/?s={search_term_string}"},"query-input":{"@type":"PropertyValueSpecification","valueRequired":true,"valueName":"search_term_string"}}],"inLanguage":"tr"}]}},"_links":{"self":[{"href":"https:\/\/sldcncpipebender.com\/tr\/wp-json\/wp\/v2\/product\/1527","targetHints":{"allow":["GET"]}}],"collection":[{"href":"https:\/\/sldcncpipebender.com\/tr\/wp-json\/wp\/v2\/product"}],"about":[{"href":"https:\/\/sldcncpipebender.com\/tr\/wp-json\/wp\/v2\/types\/product"}],"replies":[{"embeddable":true,"href":"https:\/\/sldcncpipebender.com\/tr\/wp-json\/wp\/v2\/comments?post=1527"}],"wp:featuredmedia":[{"embeddable":true,"href":"https:\/\/sldcncpipebender.com\/tr\/wp-json\/wp\/v2\/media\/1528"}],"wp:attachment":[{"href":"https:\/\/sldcncpipebender.com\/tr\/wp-json\/wp\/v2\/media?parent=1527"}],"wp:term":[{"taxonomy":"product_brand","embeddable":true,"href":"https:\/\/sldcncpipebender.com\/tr\/wp-json\/wp\/v2\/product_brand?post=1527"},{"taxonomy":"product_cat","embeddable":true,"href":"https:\/\/sldcncpipebender.com\/tr\/wp-json\/wp\/v2\/product_cat?post=1527"},{"taxonomy":"product_tag","embeddable":true,"href":"https:\/\/sldcncpipebender.com\/tr\/wp-json\/wp\/v2\/product_tag?post=1527"}],"curies":[{"name":"wp","href":"https:\/\/api.w.org\/{rel}","templated":true}]}}