{"id":1540,"date":"2025-06-07T15:47:36","date_gmt":"2025-06-07T07:47:36","guid":{"rendered":"https:\/\/sldcncpipebender.com\/?post_type=product&#038;p=1540"},"modified":"2025-07-16T16:51:55","modified_gmt":"2025-07-16T08:51:55","slug":"aluminyum-kesme-makinasi","status":"publish","type":"product","link":"https:\/\/sldcncpipebender.com\/tr\/product\/aluminyum-kesme-makinasi\/","title":{"rendered":"Al\u00fcminyum kesme makinesi"},"content":{"rendered":"<p>Shenglida Technology (Zhangjiagang) Co, Ltd boru b\u00fckme makineleri, boru kesme makineleri, boru daraltma makineleri, pah k\u0131rma makineleri ve di\u011fer boru ba\u011flant\u0131 par\u00e7alar\u0131 ekipmanlar\u0131n\u0131n \u00fcretiminde uzmanla\u015fm\u0131\u015f profesyonel bir \u00fcreticidir.<\/p>\n<p>Bunlar aras\u0131nda boru kesme makineleri \u015fu \u015fekilde ayr\u0131l\u0131r: lazer kesim, tam otomatik boru kesme makineleri, yar\u0131 otomatik boru kesme makineleri, besleyici testere ve al\u00fcminyum kesme makineleri.<\/p>\n<p>Al\u00fcminyum profil kesme makinelerinin mekanik \u00f6zellikleri:<\/p>\n<p>Esas olarak end\u00fcstriyel profilleri, al\u00fcminyum ala\u015f\u0131ml\u0131 kap\u0131 ve pencereleri, \u0131s\u0131 al\u0131c\u0131lar\u0131n\u0131, bak\u0131r malzemeleri vb. kesmek i\u00e7in kullan\u0131l\u0131r ve ayr\u0131ca plastik profilleri kesmek ve kesmek i\u00e7in de kullan\u0131labilir.<\/p>\n<p>Karb\u00fcr testere b\u0131\u00e7aklar\u0131 kullanarak, d\u0131\u015f \u00e7ap 18 \u2033, y\u00fcksek do\u011frusal h\u0131z ve y\u00fcksek i\u015fleme do\u011frulu\u011funa ula\u015fabilir.<\/p>\n<p>Bu tak\u0131m tezgah\u0131 bir CNC besleme sistemi ile donat\u0131lm\u0131\u015ft\u0131r ve m\u00fc\u015fteri gereksinimlerine g\u00f6re bir destek raf\u0131 monte edilebilir.<\/p>\n<p>Japon Mitsubishi servo motorlar\u0131, vidal\u0131 milleri ve ithal k\u0131lavuz raylar\u0131 ile y\u00fcksek tekrarl\u0131 kesim hassasiyetine sahiptir ve end\u00fcstriyel profilleri, bak\u0131r ve al\u00fcminyum \u00e7ubuklar\u0131 kesmek i\u00e7in daha uygundur.<br \/>\n<img loading=\"lazy\" decoding=\"async\" class=\"alignnone size-full wp-image-1541\" src=\"https:\/\/sldcncpipebender.com\/wp-content\/uploads\/2025\/06\/01-62.jpg\" alt=\"\" width=\"1068\" height=\"862\" srcset=\"https:\/\/sldcncpipebender.com\/wp-content\/uploads\/2025\/06\/01-62.jpg 1068w, https:\/\/sldcncpipebender.com\/wp-content\/uploads\/2025\/06\/01-62-300x242.jpg 300w, https:\/\/sldcncpipebender.com\/wp-content\/uploads\/2025\/06\/01-62-1024x826.jpg 1024w, https:\/\/sldcncpipebender.com\/wp-content\/uploads\/2025\/06\/01-62-768x620.jpg 768w, https:\/\/sldcncpipebender.com\/wp-content\/uploads\/2025\/06\/01-62-15x12.jpg 15w, https:\/\/sldcncpipebender.com\/wp-content\/uploads\/2025\/06\/01-62-1000x807.jpg 1000w\" sizes=\"auto, (max-width: 1068px) 100vw, 1068px\" \/><\/p>","protected":false},"excerpt":{"rendered":"<p>Shenglida Technology (Zhangjiagang) Co, Ltd boru b\u00fckme makineleri, boru kesme makineleri, boru k\u00fc\u00e7\u00fcltme makineleri, pah k\u0131rma makineleri ve di\u011fer boru ba\u011flant\u0131 par\u00e7alar\u0131 ekipmanlar\u0131n\u0131n \u00fcretiminde uzmanla\u015fm\u0131\u015f profesyonel bir \u00fcreticidir. Bunlar aras\u0131nda boru kesme makineleri ikiye ayr\u0131l\u0131r: lazer kesim, tam otomatik boru kesme makineleri, yar\u0131 otomatik boru kesme makineleri, besleyici testere ve al\u00fcminyum kesme<\/p>","protected":false},"featured_media":1541,"comment_status":"open","ping_status":"closed","template":"","meta":{"_acf_changed":false},"product_brand":[],"product_cat":[52],"product_tag":[],"class_list":{"0":"post-1540","1":"product","2":"type-product","3":"status-publish","4":"has-post-thumbnail","6":"product_cat-aluminum-cutting-machine","8":"first","9":"instock","10":"shipping-taxable","11":"product-type-simple"},"acf":[],"yoast_head":"<!-- This site is optimized with the Yoast SEO Premium plugin v25.5 (Yoast SEO v27.4) - https:\/\/yoast.com\/product\/yoast-seo-premium-wordpress\/ -->\n<title>Aluminum cutting machine - Shenglida Technology (Zhangjiagang) Co., Ltd.<\/title>\n<meta name=\"robots\" content=\"index, follow, max-snippet:-1, max-image-preview:large, max-video-preview:-1\" \/>\n<link rel=\"canonical\" href=\"https:\/\/sldcncpipebender.com\/tr\/product\/aluminyum-kesme-makinasi\/\" \/>\n<meta property=\"og:locale\" content=\"tr_TR\" \/>\n<meta property=\"og:type\" content=\"article\" \/>\n<meta property=\"og:title\" content=\"Aluminum cutting machine\" \/>\n<meta property=\"og:description\" content=\"Shenglida Technology (Zhangjiagang) Co., Ltd. is a professional manufacturer specializing in the production of pipe bending machines, pipe cutting machines, pipe shrinking machines, chamfering machines and other pipe fittings equipment. Among them, the pipe cutting machines are divided into: laser cutting, fully automatic pipe cutting machines, semi-automatic pipe cutting machines, feeder sawing, and aluminum cutting\" \/>\n<meta property=\"og:url\" content=\"https:\/\/sldcncpipebender.com\/tr\/product\/aluminyum-kesme-makinasi\/\" \/>\n<meta property=\"og:site_name\" content=\"Shenglida Technology (Zhangjiagang) Co., Ltd.\" \/>\n<meta property=\"article:modified_time\" content=\"2025-07-16T08:51:55+00:00\" \/>\n<meta property=\"og:image\" content=\"https:\/\/sldcncpipebender.com\/wp-content\/uploads\/2025\/06\/01-62.jpg\" \/>\n\t<meta property=\"og:image:width\" content=\"1068\" \/>\n\t<meta property=\"og:image:height\" content=\"862\" \/>\n\t<meta property=\"og:image:type\" content=\"image\/jpeg\" \/>\n<meta name=\"twitter:card\" content=\"summary_large_image\" \/>\n<meta name=\"twitter:label1\" content=\"Tahmini okuma s\u00fcresi\" \/>\n\t<meta name=\"twitter:data1\" content=\"2 dakika\" \/>\n<script type=\"application\/ld+json\" class=\"yoast-schema-graph\">{\"@context\":\"https:\\\/\\\/schema.org\",\"@graph\":[{\"@type\":\"WebPage\",\"@id\":\"https:\\\/\\\/sldcncpipebender.com\\\/product\\\/aluminum-cutting-machine\\\/\",\"url\":\"https:\\\/\\\/sldcncpipebender.com\\\/product\\\/aluminum-cutting-machine\\\/\",\"name\":\"Aluminum cutting machine - Shenglida Technology (Zhangjiagang) Co., Ltd.\",\"isPartOf\":{\"@id\":\"https:\\\/\\\/sldcncpipebender.com\\\/#website\"},\"primaryImageOfPage\":{\"@id\":\"https:\\\/\\\/sldcncpipebender.com\\\/product\\\/aluminum-cutting-machine\\\/#primaryimage\"},\"image\":{\"@id\":\"https:\\\/\\\/sldcncpipebender.com\\\/product\\\/aluminum-cutting-machine\\\/#primaryimage\"},\"thumbnailUrl\":\"https:\\\/\\\/sldcncpipebender.com\\\/wp-content\\\/uploads\\\/2025\\\/06\\\/01-62.jpg\",\"datePublished\":\"2025-06-07T07:47:36+00:00\",\"dateModified\":\"2025-07-16T08:51:55+00:00\",\"breadcrumb\":{\"@id\":\"https:\\\/\\\/sldcncpipebender.com\\\/product\\\/aluminum-cutting-machine\\\/#breadcrumb\"},\"inLanguage\":\"tr\",\"potentialAction\":[{\"@type\":\"ReadAction\",\"target\":[\"https:\\\/\\\/sldcncpipebender.com\\\/product\\\/aluminum-cutting-machine\\\/\"]}]},{\"@type\":\"ImageObject\",\"inLanguage\":\"tr\",\"@id\":\"https:\\\/\\\/sldcncpipebender.com\\\/product\\\/aluminum-cutting-machine\\\/#primaryimage\",\"url\":\"https:\\\/\\\/sldcncpipebender.com\\\/wp-content\\\/uploads\\\/2025\\\/06\\\/01-62.jpg\",\"contentUrl\":\"https:\\\/\\\/sldcncpipebender.com\\\/wp-content\\\/uploads\\\/2025\\\/06\\\/01-62.jpg\",\"width\":1068,\"height\":862},{\"@type\":\"BreadcrumbList\",\"@id\":\"https:\\\/\\\/sldcncpipebender.com\\\/product\\\/aluminum-cutting-machine\\\/#breadcrumb\",\"itemListElement\":[{\"@type\":\"ListItem\",\"position\":1,\"name\":\"Home\",\"item\":\"https:\\\/\\\/sldcncpipebender.com\\\/\"},{\"@type\":\"ListItem\",\"position\":2,\"name\":\"shop\",\"item\":\"https:\\\/\\\/sldcncpipebender.com\\\/shop\\\/\"},{\"@type\":\"ListItem\",\"position\":3,\"name\":\"Aluminum cutting machine\"}]},{\"@type\":\"WebSite\",\"@id\":\"https:\\\/\\\/sldcncpipebender.com\\\/#website\",\"url\":\"https:\\\/\\\/sldcncpipebender.com\\\/\",\"name\":\"Shenglida Technology (Zhangjiagang) Co., Ltd.\",\"description\":\"pipe bending machine -  pipe cutting machine - pipe end forming machine\",\"potentialAction\":[{\"@type\":\"SearchAction\",\"target\":{\"@type\":\"EntryPoint\",\"urlTemplate\":\"https:\\\/\\\/sldcncpipebender.com\\\/?s={search_term_string}\"},\"query-input\":{\"@type\":\"PropertyValueSpecification\",\"valueRequired\":true,\"valueName\":\"search_term_string\"}}],\"inLanguage\":\"tr\"}]}<\/script>\n<!-- \/ Yoast SEO Premium plugin. -->","yoast_head_json":{"title":"Al\u00fcminyum kesme makinesi - Shenglida Technology (Zhangjiagang) Co, Ltd.","robots":{"index":"index","follow":"follow","max-snippet":"max-snippet:-1","max-image-preview":"max-image-preview:large","max-video-preview":"max-video-preview:-1"},"canonical":"https:\/\/sldcncpipebender.com\/tr\/product\/aluminyum-kesme-makinasi\/","og_locale":"tr_TR","og_type":"article","og_title":"Aluminum cutting machine","og_description":"Shenglida Technology (Zhangjiagang) Co., Ltd. is a professional manufacturer specializing in the production of pipe bending machines, pipe cutting machines, pipe shrinking machines, chamfering machines and other pipe fittings equipment. Among them, the pipe cutting machines are divided into: laser cutting, fully automatic pipe cutting machines, semi-automatic pipe cutting machines, feeder sawing, and aluminum cutting","og_url":"https:\/\/sldcncpipebender.com\/tr\/product\/aluminyum-kesme-makinasi\/","og_site_name":"Shenglida Technology (Zhangjiagang) Co., Ltd.","article_modified_time":"2025-07-16T08:51:55+00:00","og_image":[{"width":1068,"height":862,"url":"https:\/\/sldcncpipebender.com\/wp-content\/uploads\/2025\/06\/01-62.jpg","type":"image\/jpeg"}],"twitter_card":"summary_large_image","twitter_misc":{"Tahmini okuma s\u00fcresi":"2 dakika"},"schema":{"@context":"https:\/\/schema.org","@graph":[{"@type":"WebPage","@id":"https:\/\/sldcncpipebender.com\/product\/aluminum-cutting-machine\/","url":"https:\/\/sldcncpipebender.com\/product\/aluminum-cutting-machine\/","name":"Al\u00fcminyum kesme makinesi - Shenglida Technology (Zhangjiagang) Co, Ltd.","isPartOf":{"@id":"https:\/\/sldcncpipebender.com\/#website"},"primaryImageOfPage":{"@id":"https:\/\/sldcncpipebender.com\/product\/aluminum-cutting-machine\/#primaryimage"},"image":{"@id":"https:\/\/sldcncpipebender.com\/product\/aluminum-cutting-machine\/#primaryimage"},"thumbnailUrl":"https:\/\/sldcncpipebender.com\/wp-content\/uploads\/2025\/06\/01-62.jpg","datePublished":"2025-06-07T07:47:36+00:00","dateModified":"2025-07-16T08:51:55+00:00","breadcrumb":{"@id":"https:\/\/sldcncpipebender.com\/product\/aluminum-cutting-machine\/#breadcrumb"},"inLanguage":"tr","potentialAction":[{"@type":"ReadAction","target":["https:\/\/sldcncpipebender.com\/product\/aluminum-cutting-machine\/"]}]},{"@type":"ImageObject","inLanguage":"tr","@id":"https:\/\/sldcncpipebender.com\/product\/aluminum-cutting-machine\/#primaryimage","url":"https:\/\/sldcncpipebender.com\/wp-content\/uploads\/2025\/06\/01-62.jpg","contentUrl":"https:\/\/sldcncpipebender.com\/wp-content\/uploads\/2025\/06\/01-62.jpg","width":1068,"height":862},{"@type":"BreadcrumbList","@id":"https:\/\/sldcncpipebender.com\/product\/aluminum-cutting-machine\/#breadcrumb","itemListElement":[{"@type":"ListItem","position":1,"name":"Home","item":"https:\/\/sldcncpipebender.com\/"},{"@type":"ListItem","position":2,"name":"shop","item":"https:\/\/sldcncpipebender.com\/shop\/"},{"@type":"ListItem","position":3,"name":"Aluminum cutting machine"}]},{"@type":"WebSite","@id":"https:\/\/sldcncpipebender.com\/#website","url":"https:\/\/sldcncpipebender.com\/","name":"Shenglida Technology (Zhangjiagang) Co, Ltd.","description":"boru b\u00fckme makinesi - boru kesme makinesi - boru ucu \u015fekillendirme makinesi","potentialAction":[{"@type":"SearchAction","target":{"@type":"EntryPoint","urlTemplate":"https:\/\/sldcncpipebender.com\/?s={search_term_string}"},"query-input":{"@type":"PropertyValueSpecification","valueRequired":true,"valueName":"search_term_string"}}],"inLanguage":"tr"}]}},"_links":{"self":[{"href":"https:\/\/sldcncpipebender.com\/tr\/wp-json\/wp\/v2\/product\/1540","targetHints":{"allow":["GET"]}}],"collection":[{"href":"https:\/\/sldcncpipebender.com\/tr\/wp-json\/wp\/v2\/product"}],"about":[{"href":"https:\/\/sldcncpipebender.com\/tr\/wp-json\/wp\/v2\/types\/product"}],"replies":[{"embeddable":true,"href":"https:\/\/sldcncpipebender.com\/tr\/wp-json\/wp\/v2\/comments?post=1540"}],"wp:featuredmedia":[{"embeddable":true,"href":"https:\/\/sldcncpipebender.com\/tr\/wp-json\/wp\/v2\/media\/1541"}],"wp:attachment":[{"href":"https:\/\/sldcncpipebender.com\/tr\/wp-json\/wp\/v2\/media?parent=1540"}],"wp:term":[{"taxonomy":"product_brand","embeddable":true,"href":"https:\/\/sldcncpipebender.com\/tr\/wp-json\/wp\/v2\/product_brand?post=1540"},{"taxonomy":"product_cat","embeddable":true,"href":"https:\/\/sldcncpipebender.com\/tr\/wp-json\/wp\/v2\/product_cat?post=1540"},{"taxonomy":"product_tag","embeddable":true,"href":"https:\/\/sldcncpipebender.com\/tr\/wp-json\/wp\/v2\/product_tag?post=1540"}],"curies":[{"name":"wp","href":"https:\/\/api.w.org\/{rel}","templated":true}]}}