{"id":1542,"date":"2025-06-07T16:10:57","date_gmt":"2025-06-07T08:10:57","guid":{"rendered":"https:\/\/sldcncpipebender.com\/?post_type=product&#038;p=1542"},"modified":"2025-06-07T16:10:57","modified_gmt":"2025-06-07T08:10:57","slug":"tek-kafa-borusu-kucultme-makinesi","status":"publish","type":"product","link":"https:\/\/sldcncpipebender.com\/tr\/product\/tek-kafa-borusu-kucultme-makinesi\/","title":{"rendered":"Tekli kafa borusu k\u00fc\u00e7\u00fcltme makinesi"},"content":{"rendered":"<p>Shenglida Technology (Zhangjiagang) Co, Ltd boru b\u00fckme makineleri, boru kesme makineleri, boru k\u00fc\u00e7\u00fcltme makineleri, pah k\u0131rma makineleri ve di\u011fer boru ba\u011flant\u0131 par\u00e7alar\u0131 profesyonel bir \u00fcreticisidir. Bunlar aras\u0131nda, boru ucu \u015fekillendirme makineleri ikiye ayr\u0131l\u0131r: s\u0131zd\u0131rmazl\u0131k makineleri ve boru daraltma makineleri. Boru ucu \u015fekillendirme makinesi:<\/p>\n<p>G\u00fc\u00e7l\u00fc hidrolik mekanizma, dayan\u0131kl\u0131.<br \/>\nEn basit \u015fekillendirmeden karma\u015f\u0131k \u00e7ok istasyonlu i\u015flemeye kadar \u00e7e\u015fitli uygulama ihtiya\u00e7lar\u0131n\u0131 kar\u015f\u0131lar.<br \/>\nBoru daraltma, boru geni\u015fletme, iskele takviyesi, \u00e7an a\u011fz\u0131 vb. gibi \u00e7e\u015fitli \u015fekillendirmeler i\u00e7in uygundur. Kal\u0131p tasar\u0131m\u0131 zarif ve dayan\u0131kl\u0131d\u0131r.<br \/>\nTa\u015f\u0131y\u0131c\u0131 olarak lineer k\u0131lavuzlar\u0131 kullanarak a\u015f\u0131nmas\u0131z \u00e7al\u0131\u015f\u0131r ve iyi bir \u00fcr\u00fcn tekrarlanabilirli\u011fine sahiptir. Demir borular\u0131n, mobilyalar\u0131n, araba klimalar\u0131n\u0131n, yak\u0131t boru hatlar\u0131n\u0131n vb. son i\u015flemesi i\u00e7in uygundur;<br \/>\n<img loading=\"lazy\" decoding=\"async\" class=\"alignnone size-full wp-image-1543\" src=\"https:\/\/sldcncpipebender.com\/wp-content\/uploads\/2025\/06\/01-63.jpg\" alt=\"\" width=\"1000\" height=\"1000\" srcset=\"https:\/\/sldcncpipebender.com\/wp-content\/uploads\/2025\/06\/01-63.jpg 1000w, https:\/\/sldcncpipebender.com\/wp-content\/uploads\/2025\/06\/01-63-300x300.jpg 300w, https:\/\/sldcncpipebender.com\/wp-content\/uploads\/2025\/06\/01-63-150x150.jpg 150w, https:\/\/sldcncpipebender.com\/wp-content\/uploads\/2025\/06\/01-63-768x768.jpg 768w, https:\/\/sldcncpipebender.com\/wp-content\/uploads\/2025\/06\/01-63-12x12.jpg 12w, https:\/\/sldcncpipebender.com\/wp-content\/uploads\/2025\/06\/01-63-100x100.jpg 100w\" sizes=\"auto, (max-width: 1000px) 100vw, 1000px\" \/><\/p>","protected":false},"excerpt":{"rendered":"<p>Shenglida Technology taraf\u0131ndan \u00fcretilen boru ucu \u015fekillendirme makineleri g\u00fcvenilir, verimli ve otomatik y\u00fckleme ve bo\u015faltma \u00e7\u00f6z\u00fcmlerine veya karma\u015f\u0131k \u00fcretim hatlar\u0131na entegre edilmesi kolayd\u0131r. \u00c7apak alma, geni\u015fletme, u\u00e7 d\u00fczeltme, daraltma, di\u015f a\u00e7ma, haddeleme, s\u0131zd\u0131rmazl\u0131k, malzeme kesme ve kesme vb. dahil olmak \u00fczere \u00e7e\u015fitli i\u015fleme s\u00fcre\u00e7lerini ger\u00e7ekle\u015ftirebilirler.<\/p>","protected":false},"featured_media":1543,"comment_status":"open","ping_status":"closed","template":"","meta":{"_acf_changed":false},"product_brand":[],"product_cat":[41],"product_tag":[],"class_list":{"0":"post-1542","1":"product","2":"type-product","3":"status-publish","4":"has-post-thumbnail","6":"product_cat-tube-shrinking-machine","8":"first","9":"instock","10":"shipping-taxable","11":"product-type-simple"},"acf":[],"yoast_head":"<!-- This site is optimized with the Yoast SEO Premium plugin v25.5 (Yoast SEO v27.4) - https:\/\/yoast.com\/product\/yoast-seo-premium-wordpress\/ -->\n<title>Single head tube shrinking machine - Shenglida Technology (Zhangjiagang) Co., Ltd.<\/title>\n<meta name=\"robots\" content=\"index, follow, max-snippet:-1, max-image-preview:large, max-video-preview:-1\" \/>\n<link rel=\"canonical\" href=\"https:\/\/sldcncpipebender.com\/tr\/product\/tek-kafa-borusu-kucultme-makinesi\/\" \/>\n<meta property=\"og:locale\" content=\"tr_TR\" \/>\n<meta property=\"og:type\" content=\"article\" \/>\n<meta property=\"og:title\" content=\"Single head tube shrinking machine\" \/>\n<meta property=\"og:description\" content=\"The tube end forming machines produced by Shenglida Technology are reliable, efficient and easy to integrate with automatic loading and unloading solutions or complex production lines. They can perform a variety of processing processes, including deburring, flaring, end trimming, shrinking, threading, rolling, sealing, material cutting and cutting, etc.\" \/>\n<meta property=\"og:url\" content=\"https:\/\/sldcncpipebender.com\/tr\/product\/tek-kafa-borusu-kucultme-makinesi\/\" \/>\n<meta property=\"og:site_name\" content=\"Shenglida Technology (Zhangjiagang) Co., Ltd.\" \/>\n<meta property=\"og:image\" content=\"https:\/\/sldcncpipebender.com\/wp-content\/uploads\/2025\/06\/01-63.jpg\" \/>\n\t<meta property=\"og:image:width\" content=\"1000\" \/>\n\t<meta property=\"og:image:height\" content=\"1000\" \/>\n\t<meta property=\"og:image:type\" content=\"image\/jpeg\" \/>\n<meta name=\"twitter:card\" content=\"summary_large_image\" \/>\n<meta name=\"twitter:label1\" content=\"Tahmini okuma s\u00fcresi\" \/>\n\t<meta name=\"twitter:data1\" content=\"1 dakika\" \/>\n<script type=\"application\/ld+json\" class=\"yoast-schema-graph\">{\"@context\":\"https:\\\/\\\/schema.org\",\"@graph\":[{\"@type\":\"WebPage\",\"@id\":\"https:\\\/\\\/sldcncpipebender.com\\\/product\\\/single-head-tube-shrinking-machine\\\/\",\"url\":\"https:\\\/\\\/sldcncpipebender.com\\\/product\\\/single-head-tube-shrinking-machine\\\/\",\"name\":\"Single head tube shrinking machine - Shenglida Technology (Zhangjiagang) Co., Ltd.\",\"isPartOf\":{\"@id\":\"https:\\\/\\\/sldcncpipebender.com\\\/#website\"},\"primaryImageOfPage\":{\"@id\":\"https:\\\/\\\/sldcncpipebender.com\\\/product\\\/single-head-tube-shrinking-machine\\\/#primaryimage\"},\"image\":{\"@id\":\"https:\\\/\\\/sldcncpipebender.com\\\/product\\\/single-head-tube-shrinking-machine\\\/#primaryimage\"},\"thumbnailUrl\":\"https:\\\/\\\/sldcncpipebender.com\\\/wp-content\\\/uploads\\\/2025\\\/06\\\/01-63.jpg\",\"datePublished\":\"2025-06-07T08:10:57+00:00\",\"breadcrumb\":{\"@id\":\"https:\\\/\\\/sldcncpipebender.com\\\/product\\\/single-head-tube-shrinking-machine\\\/#breadcrumb\"},\"inLanguage\":\"tr\",\"potentialAction\":[{\"@type\":\"ReadAction\",\"target\":[\"https:\\\/\\\/sldcncpipebender.com\\\/product\\\/single-head-tube-shrinking-machine\\\/\"]}]},{\"@type\":\"ImageObject\",\"inLanguage\":\"tr\",\"@id\":\"https:\\\/\\\/sldcncpipebender.com\\\/product\\\/single-head-tube-shrinking-machine\\\/#primaryimage\",\"url\":\"https:\\\/\\\/sldcncpipebender.com\\\/wp-content\\\/uploads\\\/2025\\\/06\\\/01-63.jpg\",\"contentUrl\":\"https:\\\/\\\/sldcncpipebender.com\\\/wp-content\\\/uploads\\\/2025\\\/06\\\/01-63.jpg\",\"width\":1000,\"height\":1000},{\"@type\":\"BreadcrumbList\",\"@id\":\"https:\\\/\\\/sldcncpipebender.com\\\/product\\\/single-head-tube-shrinking-machine\\\/#breadcrumb\",\"itemListElement\":[{\"@type\":\"ListItem\",\"position\":1,\"name\":\"Home\",\"item\":\"https:\\\/\\\/sldcncpipebender.com\\\/\"},{\"@type\":\"ListItem\",\"position\":2,\"name\":\"shop\",\"item\":\"https:\\\/\\\/sldcncpipebender.com\\\/shop\\\/\"},{\"@type\":\"ListItem\",\"position\":3,\"name\":\"Single head tube shrinking machine\"}]},{\"@type\":\"WebSite\",\"@id\":\"https:\\\/\\\/sldcncpipebender.com\\\/#website\",\"url\":\"https:\\\/\\\/sldcncpipebender.com\\\/\",\"name\":\"Shenglida Technology (Zhangjiagang) Co., Ltd.\",\"description\":\"pipe bending machine -  pipe cutting machine - pipe end forming machine\",\"potentialAction\":[{\"@type\":\"SearchAction\",\"target\":{\"@type\":\"EntryPoint\",\"urlTemplate\":\"https:\\\/\\\/sldcncpipebender.com\\\/?s={search_term_string}\"},\"query-input\":{\"@type\":\"PropertyValueSpecification\",\"valueRequired\":true,\"valueName\":\"search_term_string\"}}],\"inLanguage\":\"tr\"}]}<\/script>\n<!-- \/ Yoast SEO Premium plugin. -->","yoast_head_json":{"title":"Tek kafa borusu k\u00fc\u00e7\u00fcltme makinesi - Shenglida Technology (Zhangjiagang) Co, Ltd.","robots":{"index":"index","follow":"follow","max-snippet":"max-snippet:-1","max-image-preview":"max-image-preview:large","max-video-preview":"max-video-preview:-1"},"canonical":"https:\/\/sldcncpipebender.com\/tr\/product\/tek-kafa-borusu-kucultme-makinesi\/","og_locale":"tr_TR","og_type":"article","og_title":"Single head tube shrinking machine","og_description":"The tube end forming machines produced by Shenglida Technology are reliable, efficient and easy to integrate with automatic loading and unloading solutions or complex production lines. They can perform a variety of processing processes, including deburring, flaring, end trimming, shrinking, threading, rolling, sealing, material cutting and cutting, etc.","og_url":"https:\/\/sldcncpipebender.com\/tr\/product\/tek-kafa-borusu-kucultme-makinesi\/","og_site_name":"Shenglida Technology (Zhangjiagang) Co., Ltd.","og_image":[{"width":1000,"height":1000,"url":"https:\/\/sldcncpipebender.com\/wp-content\/uploads\/2025\/06\/01-63.jpg","type":"image\/jpeg"}],"twitter_card":"summary_large_image","twitter_misc":{"Tahmini okuma s\u00fcresi":"1 dakika"},"schema":{"@context":"https:\/\/schema.org","@graph":[{"@type":"WebPage","@id":"https:\/\/sldcncpipebender.com\/product\/single-head-tube-shrinking-machine\/","url":"https:\/\/sldcncpipebender.com\/product\/single-head-tube-shrinking-machine\/","name":"Tek kafa borusu k\u00fc\u00e7\u00fcltme makinesi - Shenglida Technology (Zhangjiagang) Co, Ltd.","isPartOf":{"@id":"https:\/\/sldcncpipebender.com\/#website"},"primaryImageOfPage":{"@id":"https:\/\/sldcncpipebender.com\/product\/single-head-tube-shrinking-machine\/#primaryimage"},"image":{"@id":"https:\/\/sldcncpipebender.com\/product\/single-head-tube-shrinking-machine\/#primaryimage"},"thumbnailUrl":"https:\/\/sldcncpipebender.com\/wp-content\/uploads\/2025\/06\/01-63.jpg","datePublished":"2025-06-07T08:10:57+00:00","breadcrumb":{"@id":"https:\/\/sldcncpipebender.com\/product\/single-head-tube-shrinking-machine\/#breadcrumb"},"inLanguage":"tr","potentialAction":[{"@type":"ReadAction","target":["https:\/\/sldcncpipebender.com\/product\/single-head-tube-shrinking-machine\/"]}]},{"@type":"ImageObject","inLanguage":"tr","@id":"https:\/\/sldcncpipebender.com\/product\/single-head-tube-shrinking-machine\/#primaryimage","url":"https:\/\/sldcncpipebender.com\/wp-content\/uploads\/2025\/06\/01-63.jpg","contentUrl":"https:\/\/sldcncpipebender.com\/wp-content\/uploads\/2025\/06\/01-63.jpg","width":1000,"height":1000},{"@type":"BreadcrumbList","@id":"https:\/\/sldcncpipebender.com\/product\/single-head-tube-shrinking-machine\/#breadcrumb","itemListElement":[{"@type":"ListItem","position":1,"name":"Home","item":"https:\/\/sldcncpipebender.com\/"},{"@type":"ListItem","position":2,"name":"shop","item":"https:\/\/sldcncpipebender.com\/shop\/"},{"@type":"ListItem","position":3,"name":"Single head tube shrinking machine"}]},{"@type":"WebSite","@id":"https:\/\/sldcncpipebender.com\/#website","url":"https:\/\/sldcncpipebender.com\/","name":"Shenglida Technology (Zhangjiagang) Co, Ltd.","description":"boru b\u00fckme makinesi - boru kesme makinesi - boru ucu \u015fekillendirme makinesi","potentialAction":[{"@type":"SearchAction","target":{"@type":"EntryPoint","urlTemplate":"https:\/\/sldcncpipebender.com\/?s={search_term_string}"},"query-input":{"@type":"PropertyValueSpecification","valueRequired":true,"valueName":"search_term_string"}}],"inLanguage":"tr"}]}},"_links":{"self":[{"href":"https:\/\/sldcncpipebender.com\/tr\/wp-json\/wp\/v2\/product\/1542","targetHints":{"allow":["GET"]}}],"collection":[{"href":"https:\/\/sldcncpipebender.com\/tr\/wp-json\/wp\/v2\/product"}],"about":[{"href":"https:\/\/sldcncpipebender.com\/tr\/wp-json\/wp\/v2\/types\/product"}],"replies":[{"embeddable":true,"href":"https:\/\/sldcncpipebender.com\/tr\/wp-json\/wp\/v2\/comments?post=1542"}],"wp:featuredmedia":[{"embeddable":true,"href":"https:\/\/sldcncpipebender.com\/tr\/wp-json\/wp\/v2\/media\/1543"}],"wp:attachment":[{"href":"https:\/\/sldcncpipebender.com\/tr\/wp-json\/wp\/v2\/media?parent=1542"}],"wp:term":[{"taxonomy":"product_brand","embeddable":true,"href":"https:\/\/sldcncpipebender.com\/tr\/wp-json\/wp\/v2\/product_brand?post=1542"},{"taxonomy":"product_cat","embeddable":true,"href":"https:\/\/sldcncpipebender.com\/tr\/wp-json\/wp\/v2\/product_cat?post=1542"},{"taxonomy":"product_tag","embeddable":true,"href":"https:\/\/sldcncpipebender.com\/tr\/wp-json\/wp\/v2\/product_tag?post=1542"}],"curies":[{"name":"wp","href":"https:\/\/api.w.org\/{rel}","templated":true}]}}