{"id":1551,"date":"2025-06-07T16:29:40","date_gmt":"2025-06-07T08:29:40","guid":{"rendered":"https:\/\/sldcncpipebender.com\/?post_type=product&#038;p=1551"},"modified":"2025-06-07T16:29:40","modified_gmt":"2025-06-07T08:29:40","slug":"koni%cc%87-shrink-maki%cc%87nesi%cc%87","status":"publish","type":"product","link":"https:\/\/sldcncpipebender.com\/tr\/product\/koni%cc%87-shrink-maki%cc%87nesi%cc%87\/","title":{"rendered":"Koni k\u00fc\u00e7\u00fcltme makinesi"},"content":{"rendered":"<p>Shenglida Technology (Zhangjiagang) Co, Ltd boru b\u00fckme makineleri, boru kesme makineleri, boru daraltma makineleri, pah k\u0131rma makineleri ve di\u011fer boru ba\u011flant\u0131 par\u00e7alar\u0131 profesyonel bir \u00fcreticisidir. Bunlar aras\u0131nda boru ucu \u015fekillendirme makineleri ikiye ayr\u0131l\u0131r:<\/p>\n<p>S\u0131zd\u0131rmazl\u0131k makineleri ve boru daraltma makineleri.<\/p>\n<p>Verimli \u00fcretim: otomatik besleme ve s\u00fcrekli i\u015flemeyi destekler. \u00d6rne\u011fin, ZS serisi modeller g\u00fcnl\u00fck 2.000 par\u00e7adan fazla \u00e7\u0131kt\u0131 elde ederek i\u015f\u00e7ilik maliyetlerini \u00f6nemli \u00f6l\u00e7\u00fcde azaltabilir23.<\/p>\n<p>Y\u00fcksek hassasiyet ve esneklik: Kal\u0131p \u00f6zelle\u015ftirilebilir. Ayn\u0131 makine, farkl\u0131 boru \u00e7aplar\u0131na (\u03a65mm ~ \u03a680mm) uyum sa\u011flamak i\u00e7in kal\u0131b\u0131 de\u011fi\u015ftirerek koni daraltma, kabartma ve geni\u015fletme gibi \u00e7e\u015fitli i\u015flemleri tamamlayabilir<\/p>\n<p>ve duvar kal\u0131nl\u0131klar\u0131 (0,8~3mm)367.<\/p>\n<p>Kararl\u0131l\u0131k ve dayan\u0131kl\u0131l\u0131k: Uzun s\u00fcreli \u00e7al\u0131\u015fma stabilitesi sa\u011flamak i\u00e7in kapal\u0131 devre ya\u011flama sistemi ile donat\u0131lm\u0131\u015ft\u0131r; baz\u0131 modellerde hidrolik tahrik, d\u00fc\u015f\u00fck g\u00fcr\u00fclt\u00fc ve d\u00fc\u015f\u00fck enerji t\u00fcketimi kullan\u0131l\u0131r38.<\/p>\n<p>G\u00fc\u00e7l\u00fc uyarlanabilirlik: Paslanmaz \u00e7elik, karbon \u00e7eli\u011fi, bak\u0131r, al\u00fcminyum vb. gibi \u00e7e\u015fitli malzemeleri i\u015fleyebilir, y\u00fcksek mukavemet veya y\u00fcksek y\u00fczey gereksinimlerini kar\u015f\u0131layabilir<br \/>\n<img loading=\"lazy\" decoding=\"async\" class=\"alignnone size-full wp-image-1552\" src=\"https:\/\/sldcncpipebender.com\/wp-content\/uploads\/2025\/06\/01-68.jpg\" alt=\"\" width=\"1068\" height=\"862\" srcset=\"https:\/\/sldcncpipebender.com\/wp-content\/uploads\/2025\/06\/01-68.jpg 1068w, https:\/\/sldcncpipebender.com\/wp-content\/uploads\/2025\/06\/01-68-300x242.jpg 300w, https:\/\/sldcncpipebender.com\/wp-content\/uploads\/2025\/06\/01-68-1024x826.jpg 1024w, https:\/\/sldcncpipebender.com\/wp-content\/uploads\/2025\/06\/01-68-768x620.jpg 768w, https:\/\/sldcncpipebender.com\/wp-content\/uploads\/2025\/06\/01-68-15x12.jpg 15w, https:\/\/sldcncpipebender.com\/wp-content\/uploads\/2025\/06\/01-68-1000x807.jpg 1000w\" sizes=\"auto, (max-width: 1068px) 100vw, 1068px\" \/><\/p>","protected":false},"excerpt":{"rendered":"<p>Shenglida Technology taraf\u0131ndan \u00fcretilen boru ucu \u015fekillendirme makineleri g\u00fcvenilir, verimli ve otomatik y\u00fckleme ve bo\u015faltma \u00e7\u00f6z\u00fcmlerine veya karma\u015f\u0131k \u00fcretim hatlar\u0131na entegre edilmesi kolayd\u0131r. \u00c7apak alma, geni\u015fletme, u\u00e7 d\u00fczeltme, daraltma, di\u015f a\u00e7ma, haddeleme, s\u0131zd\u0131rmazl\u0131k, malzeme kesme ve kesme vb. dahil olmak \u00fczere \u00e7e\u015fitli i\u015fleme s\u00fcre\u00e7lerini ger\u00e7ekle\u015ftirebilirler.<\/p>","protected":false},"featured_media":1552,"comment_status":"open","ping_status":"closed","template":"","meta":{"_acf_changed":false},"product_brand":[],"product_cat":[41],"product_tag":[],"class_list":{"0":"post-1551","1":"product","2":"type-product","3":"status-publish","4":"has-post-thumbnail","6":"product_cat-tube-shrinking-machine","8":"first","9":"instock","10":"shipping-taxable","11":"product-type-simple"},"acf":[],"yoast_head":"<!-- This site is optimized with the Yoast SEO Premium plugin v25.5 (Yoast SEO v27.4) - https:\/\/yoast.com\/product\/yoast-seo-premium-wordpress\/ -->\n<title>Cone shrink machine - Shenglida Technology (Zhangjiagang) Co., Ltd.<\/title>\n<meta name=\"robots\" content=\"index, follow, max-snippet:-1, max-image-preview:large, max-video-preview:-1\" \/>\n<link rel=\"canonical\" href=\"https:\/\/sldcncpipebender.com\/tr\/product\/koni\u0307-shrink-maki\u0307nesi\u0307\/\" \/>\n<meta property=\"og:locale\" content=\"tr_TR\" \/>\n<meta property=\"og:type\" content=\"article\" \/>\n<meta property=\"og:title\" content=\"Cone shrink machine\" \/>\n<meta property=\"og:description\" content=\"The tube end forming machines produced by Shenglida Technology are reliable, efficient and easy to integrate with automatic loading and unloading solutions or complex production lines. They can perform a variety of processing processes, including deburring, flaring, end trimming, shrinking, threading, rolling, sealing, material cutting and cutting, etc.\" \/>\n<meta property=\"og:url\" content=\"https:\/\/sldcncpipebender.com\/tr\/product\/koni\u0307-shrink-maki\u0307nesi\u0307\/\" \/>\n<meta property=\"og:site_name\" content=\"Shenglida Technology (Zhangjiagang) Co., Ltd.\" \/>\n<meta property=\"og:image\" content=\"https:\/\/sldcncpipebender.com\/wp-content\/uploads\/2025\/06\/01-68.jpg\" \/>\n\t<meta property=\"og:image:width\" content=\"1068\" \/>\n\t<meta property=\"og:image:height\" content=\"862\" \/>\n\t<meta property=\"og:image:type\" content=\"image\/jpeg\" \/>\n<meta name=\"twitter:card\" content=\"summary_large_image\" \/>\n<meta name=\"twitter:label1\" content=\"Tahmini okuma s\u00fcresi\" \/>\n\t<meta name=\"twitter:data1\" content=\"2 dakika\" \/>\n<script type=\"application\/ld+json\" class=\"yoast-schema-graph\">{\"@context\":\"https:\\\/\\\/schema.org\",\"@graph\":[{\"@type\":\"WebPage\",\"@id\":\"https:\\\/\\\/sldcncpipebender.com\\\/product\\\/cone-shrink-machine\\\/\",\"url\":\"https:\\\/\\\/sldcncpipebender.com\\\/product\\\/cone-shrink-machine\\\/\",\"name\":\"Cone shrink machine - Shenglida Technology (Zhangjiagang) Co., Ltd.\",\"isPartOf\":{\"@id\":\"https:\\\/\\\/sldcncpipebender.com\\\/#website\"},\"primaryImageOfPage\":{\"@id\":\"https:\\\/\\\/sldcncpipebender.com\\\/product\\\/cone-shrink-machine\\\/#primaryimage\"},\"image\":{\"@id\":\"https:\\\/\\\/sldcncpipebender.com\\\/product\\\/cone-shrink-machine\\\/#primaryimage\"},\"thumbnailUrl\":\"https:\\\/\\\/sldcncpipebender.com\\\/wp-content\\\/uploads\\\/2025\\\/06\\\/01-68.jpg\",\"datePublished\":\"2025-06-07T08:29:40+00:00\",\"breadcrumb\":{\"@id\":\"https:\\\/\\\/sldcncpipebender.com\\\/product\\\/cone-shrink-machine\\\/#breadcrumb\"},\"inLanguage\":\"tr\",\"potentialAction\":[{\"@type\":\"ReadAction\",\"target\":[\"https:\\\/\\\/sldcncpipebender.com\\\/product\\\/cone-shrink-machine\\\/\"]}]},{\"@type\":\"ImageObject\",\"inLanguage\":\"tr\",\"@id\":\"https:\\\/\\\/sldcncpipebender.com\\\/product\\\/cone-shrink-machine\\\/#primaryimage\",\"url\":\"https:\\\/\\\/sldcncpipebender.com\\\/wp-content\\\/uploads\\\/2025\\\/06\\\/01-68.jpg\",\"contentUrl\":\"https:\\\/\\\/sldcncpipebender.com\\\/wp-content\\\/uploads\\\/2025\\\/06\\\/01-68.jpg\",\"width\":1068,\"height\":862},{\"@type\":\"BreadcrumbList\",\"@id\":\"https:\\\/\\\/sldcncpipebender.com\\\/product\\\/cone-shrink-machine\\\/#breadcrumb\",\"itemListElement\":[{\"@type\":\"ListItem\",\"position\":1,\"name\":\"Home\",\"item\":\"https:\\\/\\\/sldcncpipebender.com\\\/\"},{\"@type\":\"ListItem\",\"position\":2,\"name\":\"shop\",\"item\":\"https:\\\/\\\/sldcncpipebender.com\\\/shop\\\/\"},{\"@type\":\"ListItem\",\"position\":3,\"name\":\"Cone shrink machine\"}]},{\"@type\":\"WebSite\",\"@id\":\"https:\\\/\\\/sldcncpipebender.com\\\/#website\",\"url\":\"https:\\\/\\\/sldcncpipebender.com\\\/\",\"name\":\"Shenglida Technology (Zhangjiagang) Co., Ltd.\",\"description\":\"pipe bending machine -  pipe cutting machine - pipe end forming machine\",\"potentialAction\":[{\"@type\":\"SearchAction\",\"target\":{\"@type\":\"EntryPoint\",\"urlTemplate\":\"https:\\\/\\\/sldcncpipebender.com\\\/?s={search_term_string}\"},\"query-input\":{\"@type\":\"PropertyValueSpecification\",\"valueRequired\":true,\"valueName\":\"search_term_string\"}}],\"inLanguage\":\"tr\"}]}<\/script>\n<!-- \/ Yoast SEO Premium plugin. -->","yoast_head_json":{"title":"Koni k\u00fc\u00e7\u00fcltme makinesi - Shenglida Technology (Zhangjiagang) Co, Ltd.","robots":{"index":"index","follow":"follow","max-snippet":"max-snippet:-1","max-image-preview":"max-image-preview:large","max-video-preview":"max-video-preview:-1"},"canonical":"https:\/\/sldcncpipebender.com\/tr\/product\/koni\u0307-shrink-maki\u0307nesi\u0307\/","og_locale":"tr_TR","og_type":"article","og_title":"Cone shrink machine","og_description":"The tube end forming machines produced by Shenglida Technology are reliable, efficient and easy to integrate with automatic loading and unloading solutions or complex production lines. They can perform a variety of processing processes, including deburring, flaring, end trimming, shrinking, threading, rolling, sealing, material cutting and cutting, etc.","og_url":"https:\/\/sldcncpipebender.com\/tr\/product\/koni\u0307-shrink-maki\u0307nesi\u0307\/","og_site_name":"Shenglida Technology (Zhangjiagang) Co., Ltd.","og_image":[{"width":1068,"height":862,"url":"https:\/\/sldcncpipebender.com\/wp-content\/uploads\/2025\/06\/01-68.jpg","type":"image\/jpeg"}],"twitter_card":"summary_large_image","twitter_misc":{"Tahmini okuma s\u00fcresi":"2 dakika"},"schema":{"@context":"https:\/\/schema.org","@graph":[{"@type":"WebPage","@id":"https:\/\/sldcncpipebender.com\/product\/cone-shrink-machine\/","url":"https:\/\/sldcncpipebender.com\/product\/cone-shrink-machine\/","name":"Koni k\u00fc\u00e7\u00fcltme makinesi - Shenglida Technology (Zhangjiagang) Co, Ltd.","isPartOf":{"@id":"https:\/\/sldcncpipebender.com\/#website"},"primaryImageOfPage":{"@id":"https:\/\/sldcncpipebender.com\/product\/cone-shrink-machine\/#primaryimage"},"image":{"@id":"https:\/\/sldcncpipebender.com\/product\/cone-shrink-machine\/#primaryimage"},"thumbnailUrl":"https:\/\/sldcncpipebender.com\/wp-content\/uploads\/2025\/06\/01-68.jpg","datePublished":"2025-06-07T08:29:40+00:00","breadcrumb":{"@id":"https:\/\/sldcncpipebender.com\/product\/cone-shrink-machine\/#breadcrumb"},"inLanguage":"tr","potentialAction":[{"@type":"ReadAction","target":["https:\/\/sldcncpipebender.com\/product\/cone-shrink-machine\/"]}]},{"@type":"ImageObject","inLanguage":"tr","@id":"https:\/\/sldcncpipebender.com\/product\/cone-shrink-machine\/#primaryimage","url":"https:\/\/sldcncpipebender.com\/wp-content\/uploads\/2025\/06\/01-68.jpg","contentUrl":"https:\/\/sldcncpipebender.com\/wp-content\/uploads\/2025\/06\/01-68.jpg","width":1068,"height":862},{"@type":"BreadcrumbList","@id":"https:\/\/sldcncpipebender.com\/product\/cone-shrink-machine\/#breadcrumb","itemListElement":[{"@type":"ListItem","position":1,"name":"Home","item":"https:\/\/sldcncpipebender.com\/"},{"@type":"ListItem","position":2,"name":"shop","item":"https:\/\/sldcncpipebender.com\/shop\/"},{"@type":"ListItem","position":3,"name":"Cone shrink machine"}]},{"@type":"WebSite","@id":"https:\/\/sldcncpipebender.com\/#website","url":"https:\/\/sldcncpipebender.com\/","name":"Shenglida Technology (Zhangjiagang) Co, Ltd.","description":"boru b\u00fckme makinesi - boru kesme makinesi - boru ucu \u015fekillendirme makinesi","potentialAction":[{"@type":"SearchAction","target":{"@type":"EntryPoint","urlTemplate":"https:\/\/sldcncpipebender.com\/?s={search_term_string}"},"query-input":{"@type":"PropertyValueSpecification","valueRequired":true,"valueName":"search_term_string"}}],"inLanguage":"tr"}]}},"_links":{"self":[{"href":"https:\/\/sldcncpipebender.com\/tr\/wp-json\/wp\/v2\/product\/1551","targetHints":{"allow":["GET"]}}],"collection":[{"href":"https:\/\/sldcncpipebender.com\/tr\/wp-json\/wp\/v2\/product"}],"about":[{"href":"https:\/\/sldcncpipebender.com\/tr\/wp-json\/wp\/v2\/types\/product"}],"replies":[{"embeddable":true,"href":"https:\/\/sldcncpipebender.com\/tr\/wp-json\/wp\/v2\/comments?post=1551"}],"wp:featuredmedia":[{"embeddable":true,"href":"https:\/\/sldcncpipebender.com\/tr\/wp-json\/wp\/v2\/media\/1552"}],"wp:attachment":[{"href":"https:\/\/sldcncpipebender.com\/tr\/wp-json\/wp\/v2\/media?parent=1551"}],"wp:term":[{"taxonomy":"product_brand","embeddable":true,"href":"https:\/\/sldcncpipebender.com\/tr\/wp-json\/wp\/v2\/product_brand?post=1551"},{"taxonomy":"product_cat","embeddable":true,"href":"https:\/\/sldcncpipebender.com\/tr\/wp-json\/wp\/v2\/product_cat?post=1551"},{"taxonomy":"product_tag","embeddable":true,"href":"https:\/\/sldcncpipebender.com\/tr\/wp-json\/wp\/v2\/product_tag?post=1551"}],"curies":[{"name":"wp","href":"https:\/\/api.w.org\/{rel}","templated":true}]}}