{"id":1560,"date":"2025-06-07T17:00:44","date_gmt":"2025-06-07T09:00:44","guid":{"rendered":"https:\/\/sldcncpipebender.com\/?post_type=product&#038;p=1560"},"modified":"2025-06-07T17:00:44","modified_gmt":"2025-06-07T09:00:44","slug":"otomati%cc%87k-yukleme-pah-kirma-maki%cc%87nesi%cc%87","status":"publish","type":"product","link":"https:\/\/sldcncpipebender.com\/tr\/product\/otomati%cc%87k-yukleme-pah-kirma-maki%cc%87nesi%cc%87\/","title":{"rendered":"Otomatik y\u00fckleme pah k\u0131rma makinesi"},"content":{"rendered":"<p>Shenglida Technology (Zhangjiagang) Co, Ltd boru b\u00fckme makineleri, boru kesme makineleri, boru daraltma makineleri, pah k\u0131rma makineleri ve di\u011fer boru ba\u011flant\u0131 par\u00e7alar\u0131 ekipmanlar\u0131n\u0131n \u00fcretiminde uzmanla\u015fm\u0131\u015f profesyonel bir \u00fcreticidir.<\/p>\n<p>Bunlar aras\u0131nda pah k\u0131rma makineleri, tek kafal\u0131 pah k\u0131rma makineleri ve \u00e7ift kafal\u0131 pah k\u0131rma makineleri olarak ikiye ayr\u0131l\u0131r.<\/p>\n<p>Tek kafal\u0131 pah k\u0131rma makinelerinin mekanik \u00f6zellikleri:<\/p>\n<p>Yar\u0131 otomatik hassas pah k\u0131rma, manuel besleme, otomatik s\u0131k\u0131\u015ft\u0131rma, b\u0131\u00e7a\u011f\u0131n otomatik ilerletilmesi ve geri \u00e7ekilmesi.<\/p>\n<p>S\u0131k\u0131\u015ft\u0131rma kal\u0131b\u0131 ve kesici disk, i\u015flenen nesnenin ve kesici diskin merkez \u00e7izgisinin do\u011fru ve de\u011fi\u015fmez olmas\u0131n\u0131 sa\u011flamak i\u00e7in ak\u0131ll\u0131ca tasarlanm\u0131\u015ft\u0131r.<\/p>\n<p>Boru ucunun d\u0131\u015f a\u00e7\u0131s\u0131, i\u00e7 a\u00e7\u0131s\u0131 ve boru ucu tek seferde e\u015fit olarak i\u015flenebilir.<br \/>\nKasnak de\u011fi\u015fimi, farkl\u0131 malzemelerdeki \u00e7e\u015fitli metal malzemelere uyum sa\u011flamak ve en uzun tak\u0131m \u00f6mr\u00fcn\u00fc elde etmek i\u00e7in \u00e7oklu h\u0131zlar\u0131 d\u00f6n\u00fc\u015ft\u00fcrebilir.<br \/>\n<img loading=\"lazy\" decoding=\"async\" class=\"alignnone size-full wp-image-1561\" src=\"https:\/\/sldcncpipebender.com\/wp-content\/uploads\/2025\/06\/01-73.jpg\" alt=\"\" width=\"1068\" height=\"862\" srcset=\"https:\/\/sldcncpipebender.com\/wp-content\/uploads\/2025\/06\/01-73.jpg 1068w, https:\/\/sldcncpipebender.com\/wp-content\/uploads\/2025\/06\/01-73-300x242.jpg 300w, https:\/\/sldcncpipebender.com\/wp-content\/uploads\/2025\/06\/01-73-1024x826.jpg 1024w, https:\/\/sldcncpipebender.com\/wp-content\/uploads\/2025\/06\/01-73-768x620.jpg 768w, https:\/\/sldcncpipebender.com\/wp-content\/uploads\/2025\/06\/01-73-15x12.jpg 15w, https:\/\/sldcncpipebender.com\/wp-content\/uploads\/2025\/06\/01-73-1000x807.jpg 1000w\" sizes=\"auto, (max-width: 1068px) 100vw, 1068px\" \/><\/p>","protected":false},"excerpt":{"rendered":"<p>Shenglida Technology (Zhangjiagang) Co, Ltd boru b\u00fckme makineleri, boru kesme makineleri, boru daraltma makineleri, pah k\u0131rma makineleri ve di\u011fer boru ba\u011flant\u0131 par\u00e7alar\u0131 ekipmanlar\u0131n\u0131n \u00fcretiminde uzmanla\u015fm\u0131\u015f profesyonel bir \u00fcreticidir. Bunlar aras\u0131nda, pah k\u0131rma makineleri ikiye ayr\u0131l\u0131r: tek kafal\u0131 pah k\u0131rma makineleri ve \u00e7ift kafal\u0131 pah k\u0131rma makineleri. Tek kafal\u0131 pah k\u0131rma makinelerinin mekanik \u00f6zellikleri: Yar\u0131 otomatik hassas pah k\u0131rma, manuel besleme,<\/p>","protected":false},"featured_media":1561,"comment_status":"open","ping_status":"closed","template":"","meta":{"_acf_changed":false},"product_brand":[],"product_cat":[40],"product_tag":[],"class_list":{"0":"post-1560","1":"product","2":"type-product","3":"status-publish","4":"has-post-thumbnail","6":"product_cat-single-head-chamfering-machine","8":"first","9":"instock","10":"shipping-taxable","11":"product-type-simple"},"acf":[],"yoast_head":"<!-- This site is optimized with the Yoast SEO Premium plugin v25.5 (Yoast SEO v27.4) - https:\/\/yoast.com\/product\/yoast-seo-premium-wordpress\/ -->\n<title>Automatic loading chamfering machine - Shenglida Technology (Zhangjiagang) Co., Ltd.<\/title>\n<meta name=\"robots\" content=\"index, follow, max-snippet:-1, max-image-preview:large, max-video-preview:-1\" \/>\n<link rel=\"canonical\" href=\"https:\/\/sldcncpipebender.com\/tr\/product\/otomati\u0307k-yukleme-pah-kirma-maki\u0307nesi\u0307\/\" \/>\n<meta property=\"og:locale\" content=\"tr_TR\" \/>\n<meta property=\"og:type\" content=\"article\" \/>\n<meta property=\"og:title\" content=\"Automatic loading chamfering machine\" \/>\n<meta property=\"og:description\" content=\"Shenglida Technology (Zhangjiagang) Co., Ltd. is a professional manufacturer specializing in the production of pipe bending machines, pipe cutting machines, pipe shrinking machines, chamfering machines and other pipe fittings equipment. Among them, chamfering machines are divided into: single-head chamfering machines and double-head chamfering machines. Mechanical features of single-head chamfering machines: Semi-automatic precision chamfering, manual feeding,\" \/>\n<meta property=\"og:url\" content=\"https:\/\/sldcncpipebender.com\/tr\/product\/otomati\u0307k-yukleme-pah-kirma-maki\u0307nesi\u0307\/\" \/>\n<meta property=\"og:site_name\" content=\"Shenglida Technology (Zhangjiagang) Co., Ltd.\" \/>\n<meta property=\"og:image\" content=\"https:\/\/sldcncpipebender.com\/wp-content\/uploads\/2025\/06\/01-73.jpg\" \/>\n\t<meta property=\"og:image:width\" content=\"1068\" \/>\n\t<meta property=\"og:image:height\" content=\"862\" \/>\n\t<meta property=\"og:image:type\" content=\"image\/jpeg\" \/>\n<meta name=\"twitter:card\" content=\"summary_large_image\" \/>\n<meta name=\"twitter:label1\" content=\"Tahmini okuma s\u00fcresi\" \/>\n\t<meta name=\"twitter:data1\" content=\"1 dakika\" \/>\n<script type=\"application\/ld+json\" class=\"yoast-schema-graph\">{\"@context\":\"https:\\\/\\\/schema.org\",\"@graph\":[{\"@type\":\"WebPage\",\"@id\":\"https:\\\/\\\/sldcncpipebender.com\\\/product\\\/automatic-loading-chamfering-machine\\\/\",\"url\":\"https:\\\/\\\/sldcncpipebender.com\\\/product\\\/automatic-loading-chamfering-machine\\\/\",\"name\":\"Automatic loading chamfering machine - Shenglida Technology (Zhangjiagang) Co., Ltd.\",\"isPartOf\":{\"@id\":\"https:\\\/\\\/sldcncpipebender.com\\\/#website\"},\"primaryImageOfPage\":{\"@id\":\"https:\\\/\\\/sldcncpipebender.com\\\/product\\\/automatic-loading-chamfering-machine\\\/#primaryimage\"},\"image\":{\"@id\":\"https:\\\/\\\/sldcncpipebender.com\\\/product\\\/automatic-loading-chamfering-machine\\\/#primaryimage\"},\"thumbnailUrl\":\"https:\\\/\\\/sldcncpipebender.com\\\/wp-content\\\/uploads\\\/2025\\\/06\\\/01-73.jpg\",\"datePublished\":\"2025-06-07T09:00:44+00:00\",\"breadcrumb\":{\"@id\":\"https:\\\/\\\/sldcncpipebender.com\\\/product\\\/automatic-loading-chamfering-machine\\\/#breadcrumb\"},\"inLanguage\":\"tr\",\"potentialAction\":[{\"@type\":\"ReadAction\",\"target\":[\"https:\\\/\\\/sldcncpipebender.com\\\/product\\\/automatic-loading-chamfering-machine\\\/\"]}]},{\"@type\":\"ImageObject\",\"inLanguage\":\"tr\",\"@id\":\"https:\\\/\\\/sldcncpipebender.com\\\/product\\\/automatic-loading-chamfering-machine\\\/#primaryimage\",\"url\":\"https:\\\/\\\/sldcncpipebender.com\\\/wp-content\\\/uploads\\\/2025\\\/06\\\/01-73.jpg\",\"contentUrl\":\"https:\\\/\\\/sldcncpipebender.com\\\/wp-content\\\/uploads\\\/2025\\\/06\\\/01-73.jpg\",\"width\":1068,\"height\":862},{\"@type\":\"BreadcrumbList\",\"@id\":\"https:\\\/\\\/sldcncpipebender.com\\\/product\\\/automatic-loading-chamfering-machine\\\/#breadcrumb\",\"itemListElement\":[{\"@type\":\"ListItem\",\"position\":1,\"name\":\"Home\",\"item\":\"https:\\\/\\\/sldcncpipebender.com\\\/\"},{\"@type\":\"ListItem\",\"position\":2,\"name\":\"shop\",\"item\":\"https:\\\/\\\/sldcncpipebender.com\\\/shop\\\/\"},{\"@type\":\"ListItem\",\"position\":3,\"name\":\"Automatic loading chamfering machine\"}]},{\"@type\":\"WebSite\",\"@id\":\"https:\\\/\\\/sldcncpipebender.com\\\/#website\",\"url\":\"https:\\\/\\\/sldcncpipebender.com\\\/\",\"name\":\"Shenglida Technology (Zhangjiagang) Co., Ltd.\",\"description\":\"pipe bending machine -  pipe cutting machine - pipe end forming machine\",\"potentialAction\":[{\"@type\":\"SearchAction\",\"target\":{\"@type\":\"EntryPoint\",\"urlTemplate\":\"https:\\\/\\\/sldcncpipebender.com\\\/?s={search_term_string}\"},\"query-input\":{\"@type\":\"PropertyValueSpecification\",\"valueRequired\":true,\"valueName\":\"search_term_string\"}}],\"inLanguage\":\"tr\"}]}<\/script>\n<!-- \/ Yoast SEO Premium plugin. -->","yoast_head_json":{"title":"Otomatik y\u00fckleme pah k\u0131rma makinesi - Shenglida Technology (Zhangjiagang) Co, Ltd.","robots":{"index":"index","follow":"follow","max-snippet":"max-snippet:-1","max-image-preview":"max-image-preview:large","max-video-preview":"max-video-preview:-1"},"canonical":"https:\/\/sldcncpipebender.com\/tr\/product\/otomati\u0307k-yukleme-pah-kirma-maki\u0307nesi\u0307\/","og_locale":"tr_TR","og_type":"article","og_title":"Automatic loading chamfering machine","og_description":"Shenglida Technology (Zhangjiagang) Co., Ltd. is a professional manufacturer specializing in the production of pipe bending machines, pipe cutting machines, pipe shrinking machines, chamfering machines and other pipe fittings equipment. Among them, chamfering machines are divided into: single-head chamfering machines and double-head chamfering machines. Mechanical features of single-head chamfering machines: Semi-automatic precision chamfering, manual feeding,","og_url":"https:\/\/sldcncpipebender.com\/tr\/product\/otomati\u0307k-yukleme-pah-kirma-maki\u0307nesi\u0307\/","og_site_name":"Shenglida Technology (Zhangjiagang) Co., Ltd.","og_image":[{"width":1068,"height":862,"url":"https:\/\/sldcncpipebender.com\/wp-content\/uploads\/2025\/06\/01-73.jpg","type":"image\/jpeg"}],"twitter_card":"summary_large_image","twitter_misc":{"Tahmini okuma s\u00fcresi":"1 dakika"},"schema":{"@context":"https:\/\/schema.org","@graph":[{"@type":"WebPage","@id":"https:\/\/sldcncpipebender.com\/product\/automatic-loading-chamfering-machine\/","url":"https:\/\/sldcncpipebender.com\/product\/automatic-loading-chamfering-machine\/","name":"Otomatik y\u00fckleme pah k\u0131rma makinesi - Shenglida Technology (Zhangjiagang) Co, Ltd.","isPartOf":{"@id":"https:\/\/sldcncpipebender.com\/#website"},"primaryImageOfPage":{"@id":"https:\/\/sldcncpipebender.com\/product\/automatic-loading-chamfering-machine\/#primaryimage"},"image":{"@id":"https:\/\/sldcncpipebender.com\/product\/automatic-loading-chamfering-machine\/#primaryimage"},"thumbnailUrl":"https:\/\/sldcncpipebender.com\/wp-content\/uploads\/2025\/06\/01-73.jpg","datePublished":"2025-06-07T09:00:44+00:00","breadcrumb":{"@id":"https:\/\/sldcncpipebender.com\/product\/automatic-loading-chamfering-machine\/#breadcrumb"},"inLanguage":"tr","potentialAction":[{"@type":"ReadAction","target":["https:\/\/sldcncpipebender.com\/product\/automatic-loading-chamfering-machine\/"]}]},{"@type":"ImageObject","inLanguage":"tr","@id":"https:\/\/sldcncpipebender.com\/product\/automatic-loading-chamfering-machine\/#primaryimage","url":"https:\/\/sldcncpipebender.com\/wp-content\/uploads\/2025\/06\/01-73.jpg","contentUrl":"https:\/\/sldcncpipebender.com\/wp-content\/uploads\/2025\/06\/01-73.jpg","width":1068,"height":862},{"@type":"BreadcrumbList","@id":"https:\/\/sldcncpipebender.com\/product\/automatic-loading-chamfering-machine\/#breadcrumb","itemListElement":[{"@type":"ListItem","position":1,"name":"Home","item":"https:\/\/sldcncpipebender.com\/"},{"@type":"ListItem","position":2,"name":"shop","item":"https:\/\/sldcncpipebender.com\/shop\/"},{"@type":"ListItem","position":3,"name":"Automatic loading chamfering machine"}]},{"@type":"WebSite","@id":"https:\/\/sldcncpipebender.com\/#website","url":"https:\/\/sldcncpipebender.com\/","name":"Shenglida Technology (Zhangjiagang) Co, Ltd.","description":"boru b\u00fckme makinesi - boru kesme makinesi - boru ucu \u015fekillendirme makinesi","potentialAction":[{"@type":"SearchAction","target":{"@type":"EntryPoint","urlTemplate":"https:\/\/sldcncpipebender.com\/?s={search_term_string}"},"query-input":{"@type":"PropertyValueSpecification","valueRequired":true,"valueName":"search_term_string"}}],"inLanguage":"tr"}]}},"_links":{"self":[{"href":"https:\/\/sldcncpipebender.com\/tr\/wp-json\/wp\/v2\/product\/1560","targetHints":{"allow":["GET"]}}],"collection":[{"href":"https:\/\/sldcncpipebender.com\/tr\/wp-json\/wp\/v2\/product"}],"about":[{"href":"https:\/\/sldcncpipebender.com\/tr\/wp-json\/wp\/v2\/types\/product"}],"replies":[{"embeddable":true,"href":"https:\/\/sldcncpipebender.com\/tr\/wp-json\/wp\/v2\/comments?post=1560"}],"wp:featuredmedia":[{"embeddable":true,"href":"https:\/\/sldcncpipebender.com\/tr\/wp-json\/wp\/v2\/media\/1561"}],"wp:attachment":[{"href":"https:\/\/sldcncpipebender.com\/tr\/wp-json\/wp\/v2\/media?parent=1560"}],"wp:term":[{"taxonomy":"product_brand","embeddable":true,"href":"https:\/\/sldcncpipebender.com\/tr\/wp-json\/wp\/v2\/product_brand?post=1560"},{"taxonomy":"product_cat","embeddable":true,"href":"https:\/\/sldcncpipebender.com\/tr\/wp-json\/wp\/v2\/product_cat?post=1560"},{"taxonomy":"product_tag","embeddable":true,"href":"https:\/\/sldcncpipebender.com\/tr\/wp-json\/wp\/v2\/product_tag?post=1560"}],"curies":[{"name":"wp","href":"https:\/\/api.w.org\/{rel}","templated":true}]}}