{"id":1568,"date":"2025-06-07T17:12:43","date_gmt":"2025-06-07T09:12:43","guid":{"rendered":"https:\/\/sldcncpipebender.com\/?post_type=product&#038;p=1568"},"modified":"2025-06-07T17:12:43","modified_gmt":"2025-06-07T09:12:43","slug":"tam-otomatik-uretim-hatti-d","status":"publish","type":"product","link":"https:\/\/sldcncpipebender.com\/tr\/product\/tam-otomatik-uretim-hatti-d\/","title":{"rendered":"Tam otomatik \u00fcretim hatt\u0131 D"},"content":{"rendered":"<div><strong>Shenglida Teknolojisi End\u00fcstri4.0<\/strong><\/div>\n<div><strong>\u00a0<\/strong><\/div>\n<div>Shenglida Technology'nin ekipman ve yaz\u0131l\u0131m\u0131, s\u00fcrekli dijital bilgi al\u0131\u015fveri\u015fi yoluyla bir \u00fcretim ve i\u015fleme ekosistemi olu\u015fturur.<br \/>\nT\u00fcm bunlar\u0131n anahtar\u0131 bilginin mevcut olmas\u0131d\u0131r! \u00c7al\u0131\u015fma durumunu her zaman kontrol edebilir ve tasar\u0131mdan \u00fcretime kadar t\u00fcm \u00fcretim s\u00fcrecini basitle\u015ftirebilirsiniz.<\/div>\n<div><\/div>\n<div><\/div>\n<div>Sonsuz De\u011fer<\/div>\n<div><img loading=\"lazy\" decoding=\"async\" class=\"alignnone wp-image-523 lazy-load-active\" src=\"https:\/\/sldzjg.com\/wp-content\/uploads\/2024\/12\/001-26-150x150.jpg\" alt=\"\" width=\"99\" height=\"113\" data-src=\"https:\/\/sldzjg.com\/wp-content\/uploads\/2024\/12\/001-26-150x150.jpg\" \/><\/div>\n<div>Parmaklar\u0131n\u0131z\u0131n ucunda<\/div>\n<div><\/div>\n<div>\u00dcretiminizle ilgili teklifler, teknik parametreler, s\u00fcre\u00e7 ak\u0131\u015f\u0131, nihai rapor vb. her zaman elektronik olarak mevcuttur.<\/div>\n<div><img loading=\"lazy\" decoding=\"async\" class=\"alignnone wp-image-524 lazy-load-active\" src=\"https:\/\/sldzjg.com\/wp-content\/uploads\/2024\/12\/002.jpg\" alt=\"\" width=\"86\" height=\"99\" data-src=\"https:\/\/sldzjg.com\/wp-content\/uploads\/2024\/12\/002.jpg\" \/><\/div>\n<div>Her par\u00e7an\u0131n takibi<\/div>\n<div><\/div>\n<div>Herhangi bir bilgi kayb\u0131 olmadan her \u00fcr\u00fcn\u00fcn tarihsel s\u00fcrecini izleyin. Shenglida Teknolojisi, her i\u015flem i\u00e7in izlenebilirlik kodunu otomatik olarak e\u015fle\u015ftirebilir ve \u00fcretim s\u00fcrecinizi istedi\u011finiz zaman izleyebilir.<\/div>\n<div>\u00a0 \u00a0 \u00a0 \u00a0 \u00a0 \u00a0\u00a0<img loading=\"lazy\" decoding=\"async\" class=\"alignnone wp-image-525 lazy-load-active\" src=\"https:\/\/sldzjg.com\/wp-content\/uploads\/2024\/12\/003-1.jpg\" alt=\"\" width=\"102\" height=\"78\" data-src=\"https:\/\/sldzjg.com\/wp-content\/uploads\/2024\/12\/003-1.jpg\" \/><\/div>\n<div>Beklenmedik durumlara her zaman yan\u0131t verin<\/div>\n<div><\/div>\n<div>Acil bir durumda, sistem \u00fcretim s\u00fcrecini otomatik olarak ayarlar: Active Job teknolojisi sayesinde, ekipman ve yaz\u0131l\u0131m her zaman senkronize olur.<\/div>\n<div><img loading=\"lazy\" decoding=\"async\" class=\"alignnone wp-image-526 lazy-load-active\" src=\"https:\/\/sldzjg.com\/wp-content\/uploads\/2024\/12\/004.png\" alt=\"\" width=\"122\" height=\"115\" data-src=\"https:\/\/sldzjg.com\/wp-content\/uploads\/2024\/12\/004.png\" \/><\/div>\n<div>End\u00fcstriyel Nesnelerin \u0130nterneti arac\u0131l\u0131\u011f\u0131yla i\u015f verimlili\u011finin ve \u00fcretkenli\u011fin art\u0131r\u0131lmas\u0131<\/div>\n<div><\/div>\n<div>Zaman kayb\u0131 yok, malzeme kayb\u0131 yok, ekipman ar\u0131za s\u00fcresi yok. \u0130\u015fleme s\u00fcre\u00e7lerinizin verimlili\u011fini en \u00fcst d\u00fczeye \u00e7\u0131karmak ve \u00fcretiminizin kalitesini ve miktar\u0131n\u0131 art\u0131rmak i\u00e7in End\u00fcstriyel Nesnelerin \u0130nternetinden (IIoT) yararlan\u0131n.<\/div>\n<div><\/div>\n<div>\u00dcretiminiz i\u00e7in<\/div>\n<div><strong>\u00a0<\/strong><\/div>\n<div><\/div>\n<div>1 Cihazlar\u0131n\u0131z\u0131 izleyin<\/div>\n<div><strong><img loading=\"lazy\" decoding=\"async\" class=\"alignnone wp-image-527 size-full lazy-load-active\" src=\"https:\/\/sldzjg.com\/wp-content\/uploads\/2024\/12\/005.jpg\" sizes=\"auto, (max-width: 800px) 100vw, 800px\" srcset=\"https:\/\/sldzjg.com\/wp-content\/uploads\/2024\/12\/005.jpg 800w, https:\/\/sldzjg.com\/wp-content\/uploads\/2024\/12\/005-300x99.jpg 300w, https:\/\/sldzjg.com\/wp-content\/uploads\/2024\/12\/005-768x252.jpg 768w\" alt=\"\" width=\"800\" height=\"263\" data-src=\"https:\/\/sldzjg.com\/wp-content\/uploads\/2024\/12\/005.jpg\" data-srcset=\"https:\/\/sldzjg.com\/wp-content\/uploads\/2024\/12\/005.jpg 800w, https:\/\/sldzjg.com\/wp-content\/uploads\/2024\/12\/005-300x99.jpg 300w, https:\/\/sldzjg.com\/wp-content\/uploads\/2024\/12\/005-768x252.jpg 768w\" \/><\/strong><\/div>\n<div><\/div>\n<div>2 Ba\u011flanabilirli\u011fin avantajlar\u0131ndan yararlan\u0131n<\/div>\n<div><strong>\u00a0<\/strong><\/div>\n<div><strong><img loading=\"lazy\" decoding=\"async\" class=\"alignnone wp-image-528 size-full lazy-load-active\" src=\"https:\/\/sldzjg.com\/wp-content\/uploads\/2024\/12\/006.png\" sizes=\"auto, (max-width: 800px) 100vw, 800px\" srcset=\"https:\/\/sldzjg.com\/wp-content\/uploads\/2024\/12\/006.png 800w, https:\/\/sldzjg.com\/wp-content\/uploads\/2024\/12\/006-300x98.png 300w, https:\/\/sldzjg.com\/wp-content\/uploads\/2024\/12\/006-768x250.png 768w\" alt=\"\" width=\"800\" height=\"260\" data-src=\"https:\/\/sldzjg.com\/wp-content\/uploads\/2024\/12\/006.png\" data-srcset=\"https:\/\/sldzjg.com\/wp-content\/uploads\/2024\/12\/006.png 800w, https:\/\/sldzjg.com\/wp-content\/uploads\/2024\/12\/006-300x98.png 300w, https:\/\/sldzjg.com\/wp-content\/uploads\/2024\/12\/006-768x250.png 768w\" \/><\/strong><\/div>\n<div><\/div>\n<div><\/div>\n<div>3 Entegre programlama ve \u00fcretim planlamas\u0131<\/div>\n<div><\/div>\n<div><strong><img loading=\"lazy\" decoding=\"async\" class=\"alignnone wp-image-529 size-full lazy-load-active\" src=\"https:\/\/sldzjg.com\/wp-content\/uploads\/2024\/12\/007.png\" sizes=\"auto, (max-width: 800px) 100vw, 800px\" srcset=\"https:\/\/sldzjg.com\/wp-content\/uploads\/2024\/12\/007.png 800w, https:\/\/sldzjg.com\/wp-content\/uploads\/2024\/12\/007-300x103.png 300w, https:\/\/sldzjg.com\/wp-content\/uploads\/2024\/12\/007-768x263.png 768w\" alt=\"\" width=\"800\" height=\"274\" data-src=\"https:\/\/sldzjg.com\/wp-content\/uploads\/2024\/12\/007.png\" data-srcset=\"https:\/\/sldzjg.com\/wp-content\/uploads\/2024\/12\/007.png 800w, https:\/\/sldzjg.com\/wp-content\/uploads\/2024\/12\/007-300x103.png 300w, https:\/\/sldzjg.com\/wp-content\/uploads\/2024\/12\/007-768x263.png 768w\" \/><\/strong><\/div>\n<div><strong>\u00a0<\/strong><\/div>\n<div>4 \u015eirket bilgi sistemlerini entegre edin<\/div>\n<div><img loading=\"lazy\" decoding=\"async\" class=\"alignnone wp-image-530 size-full lazy-load-active\" src=\"https:\/\/sldzjg.com\/wp-content\/uploads\/2024\/12\/008.png\" sizes=\"auto, (max-width: 810px) 100vw, 810px\" srcset=\"https:\/\/sldzjg.com\/wp-content\/uploads\/2024\/12\/008.png 810w, https:\/\/sldzjg.com\/wp-content\/uploads\/2024\/12\/008-300x111.png 300w, https:\/\/sldzjg.com\/wp-content\/uploads\/2024\/12\/008-768x283.png 768w\" alt=\"\" width=\"810\" height=\"299\" data-src=\"https:\/\/sldzjg.com\/wp-content\/uploads\/2024\/12\/008.png\" data-srcset=\"https:\/\/sldzjg.com\/wp-content\/uploads\/2024\/12\/008.png 810w, https:\/\/sldzjg.com\/wp-content\/uploads\/2024\/12\/008-300x111.png 300w, https:\/\/sldzjg.com\/wp-content\/uploads\/2024\/12\/008-768x283.png 768w\" \/><\/div>\n<div><\/div>\n<div>\n<p>&nbsp;<\/p>\n<table class=\"xhe-border\" border=\"0\" width=\"1000\" cellspacing=\"0\" cellpadding=\"0\">\n<tbody>\n<tr>\n<td>\u00a0<img loading=\"lazy\" decoding=\"async\" class=\"lazy-load-active\" src=\"https:\/\/sldzjg.com\/UpLoad\/202111\/2021112673289313.jpg\" alt=\"\" width=\"200\" height=\"100\" data-src=\"https:\/\/sldzjg.com\/UpLoad\/202111\/2021112673289313.jpg\" \/><\/td>\n<td><img loading=\"lazy\" decoding=\"async\" class=\"alignnone size-medium wp-image-531 lazy-load-active\" src=\"https:\/\/sldzjg.com\/wp-content\/uploads\/2024\/12\/001-300x153.png\" sizes=\"auto, (max-width: 300px) 100vw, 300px\" srcset=\"https:\/\/sldzjg.com\/wp-content\/uploads\/2024\/12\/001-300x153.png 300w, https:\/\/sldzjg.com\/wp-content\/uploads\/2024\/12\/001.png 395w\" alt=\"\" width=\"300\" height=\"153\" data-src=\"https:\/\/sldzjg.com\/wp-content\/uploads\/2024\/12\/001-300x153.png\" data-srcset=\"https:\/\/sldzjg.com\/wp-content\/uploads\/2024\/12\/001-300x153.png 300w, https:\/\/sldzjg.com\/wp-content\/uploads\/2024\/12\/001.png 395w\" \/><\/td>\n<td><img loading=\"lazy\" decoding=\"async\" class=\"alignnone size-medium wp-image-532 lazy-load-active\" src=\"https:\/\/sldzjg.com\/wp-content\/uploads\/2024\/12\/002-1-300x153.jpg\" sizes=\"auto, (max-width: 300px) 100vw, 300px\" srcset=\"https:\/\/sldzjg.com\/wp-content\/uploads\/2024\/12\/002-1-300x153.jpg 300w, https:\/\/sldzjg.com\/wp-content\/uploads\/2024\/12\/002-1.jpg 395w\" alt=\"\" width=\"300\" height=\"153\" data-src=\"https:\/\/sldzjg.com\/wp-content\/uploads\/2024\/12\/002-1-300x153.jpg\" data-srcset=\"https:\/\/sldzjg.com\/wp-content\/uploads\/2024\/12\/002-1-300x153.jpg 300w, https:\/\/sldzjg.com\/wp-content\/uploads\/2024\/12\/002-1.jpg 395w\" \/><\/td>\n<td><img loading=\"lazy\" decoding=\"async\" class=\"alignnone size-medium wp-image-533 lazy-load-active\" src=\"https:\/\/sldzjg.com\/wp-content\/uploads\/2024\/12\/003-2-300x153.jpg\" sizes=\"auto, (max-width: 300px) 100vw, 300px\" srcset=\"https:\/\/sldzjg.com\/wp-content\/uploads\/2024\/12\/003-2-300x153.jpg 300w, https:\/\/sldzjg.com\/wp-content\/uploads\/2024\/12\/003-2.jpg 395w\" alt=\"\" width=\"300\" height=\"153\" data-src=\"https:\/\/sldzjg.com\/wp-content\/uploads\/2024\/12\/003-2-300x153.jpg\" data-srcset=\"https:\/\/sldzjg.com\/wp-content\/uploads\/2024\/12\/003-2-300x153.jpg 300w, https:\/\/sldzjg.com\/wp-content\/uploads\/2024\/12\/003-2.jpg 395w\" \/><\/td>\n<\/tr>\n<tr>\n<td><\/td>\n<td>\u00a0 \u00a0 \u00a0 \u00a0 \u00a0 \u00a0 \u00a0<strong><br \/>\nS\u00fcrekli uzaktan destek Acil durumlarda, destek hizmetleri g\u00fcvenlik d\u00fczenlemelerine s\u0131k\u0131 s\u0131k\u0131ya ba\u011fl\u0131 kalarak t\u00fcm cihazlara uzaktan eri\u015febilir. Profesyonellik ile her an hizmetinizdeyiz.<br \/>\n<\/strong><\/p>\n<div><\/div>\n<\/td>\n<td>\u00a0 \u00a0<strong>\u00a0 \u00a0<\/strong>Art\u0131r\u0131lm\u0131\u015f ger\u00e7eklik i\u015fleri kolayla\u015ft\u0131r\u0131yor<\/p>\n<p>Active Eye, ger\u00e7eklik teknolojisi arac\u0131l\u0131\u011f\u0131yla uzaktan destek 4.0 sa\u011flar. Ak\u0131ll\u0131 telefonunuz, tabletiniz veya bilgisayar\u0131n\u0131z arac\u0131l\u0131\u011f\u0131yla teknik destek hizmetleriyle ileti\u015fime ge\u00e7menizi sa\u011flar.<\/td>\n<td>\u00a0 \u00a0 \u00a0\u00a0<strong>\u00a0<\/strong>100% tahmini, 0% s\u00fcrprizi<\/p>\n<p>Ekipman taraf\u0131ndan geri beslenen verileri analiz ederek \u015funlar\u0131 bulabiliriz<br \/>\ntemel sorunlar\u0131 tespit edebilir ve bunlar\u0131n olu\u015fmas\u0131n\u0131 \u00f6nlemek i\u00e7in \u00f6nceden \u00f6nleyici bak\u0131m tedbirleri alabilirsiniz. B\u00f6ylece, \u015funlar\u0131 yapacaks\u0131n\u0131z<br \/>\nher zaman maksimum ekipman kullan\u0131labilirli\u011fi elde edin.<\/td>\n<\/tr>\n<\/tbody>\n<\/table>\n<p><img loading=\"lazy\" decoding=\"async\" class=\"alignnone size-full wp-image-1569\" src=\"https:\/\/sldcncpipebender.com\/wp-content\/uploads\/2025\/06\/01-77.jpg\" alt=\"\" width=\"1000\" height=\"804\" srcset=\"https:\/\/sldcncpipebender.com\/wp-content\/uploads\/2025\/06\/01-77.jpg 1000w, https:\/\/sldcncpipebender.com\/wp-content\/uploads\/2025\/06\/01-77-300x241.jpg 300w, https:\/\/sldcncpipebender.com\/wp-content\/uploads\/2025\/06\/01-77-768x617.jpg 768w, https:\/\/sldcncpipebender.com\/wp-content\/uploads\/2025\/06\/01-77-15x12.jpg 15w\" sizes=\"auto, (max-width: 1000px) 100vw, 1000px\" \/><\/p>\n<\/div>","protected":false},"excerpt":{"rendered":"<p>Tam otomatik \u00fcretim hatt\u0131 D-t\u00fcp b\u00fckme makinesi - Lazer t\u00fcp kesme makinesi - T\u00fcp ucu \u015fekillendirme makinesi - 3D lazer kesim \u00fcnitesi - Testere makinesi<\/p>","protected":false},"featured_media":1569,"comment_status":"open","ping_status":"closed","template":"","meta":{"_acf_changed":false},"product_brand":[],"product_cat":[48],"product_tag":[],"class_list":{"0":"post-1568","1":"product","2":"type-product","3":"status-publish","4":"has-post-thumbnail","6":"product_cat-automation-solutions-automation-solutions","8":"first","9":"instock","10":"shipping-taxable","11":"product-type-simple"},"acf":[],"yoast_head":"<!-- This site is optimized with the Yoast SEO Premium plugin v25.5 (Yoast SEO v27.4) - https:\/\/yoast.com\/product\/yoast-seo-premium-wordpress\/ -->\n<title>Fully automatic production line D - Shenglida Technology (Zhangjiagang) Co., Ltd.<\/title>\n<meta name=\"robots\" content=\"index, follow, max-snippet:-1, max-image-preview:large, max-video-preview:-1\" \/>\n<link rel=\"canonical\" href=\"https:\/\/sldcncpipebender.com\/tr\/product\/tam-otomatik-uretim-hatti-d\/\" \/>\n<meta property=\"og:locale\" content=\"tr_TR\" \/>\n<meta property=\"og:type\" content=\"article\" \/>\n<meta property=\"og:title\" content=\"Fully automatic production line D\" \/>\n<meta property=\"og:description\" content=\"Fully automatic production line D-tube bending machine \u2013 Laser tube cutting machine \u2013 Tube end forming machine \u2013 3D laser cutting unit \u2013 Sawing machine\" \/>\n<meta property=\"og:url\" content=\"https:\/\/sldcncpipebender.com\/tr\/product\/tam-otomatik-uretim-hatti-d\/\" \/>\n<meta property=\"og:site_name\" content=\"Shenglida Technology (Zhangjiagang) Co., Ltd.\" \/>\n<meta property=\"og:image\" content=\"https:\/\/sldcncpipebender.com\/wp-content\/uploads\/2025\/06\/01-77.jpg\" \/>\n\t<meta property=\"og:image:width\" content=\"1000\" \/>\n\t<meta property=\"og:image:height\" content=\"804\" \/>\n\t<meta property=\"og:image:type\" content=\"image\/jpeg\" \/>\n<meta name=\"twitter:card\" content=\"summary_large_image\" \/>\n<meta name=\"twitter:label1\" content=\"Tahmini okuma s\u00fcresi\" \/>\n\t<meta name=\"twitter:data1\" content=\"5 dakika\" \/>\n<script type=\"application\/ld+json\" class=\"yoast-schema-graph\">{\"@context\":\"https:\\\/\\\/schema.org\",\"@graph\":[{\"@type\":\"WebPage\",\"@id\":\"https:\\\/\\\/sldcncpipebender.com\\\/product\\\/fully-automatic-production-line-d\\\/\",\"url\":\"https:\\\/\\\/sldcncpipebender.com\\\/product\\\/fully-automatic-production-line-d\\\/\",\"name\":\"Fully automatic production line D - Shenglida Technology (Zhangjiagang) Co., Ltd.\",\"isPartOf\":{\"@id\":\"https:\\\/\\\/sldcncpipebender.com\\\/#website\"},\"primaryImageOfPage\":{\"@id\":\"https:\\\/\\\/sldcncpipebender.com\\\/product\\\/fully-automatic-production-line-d\\\/#primaryimage\"},\"image\":{\"@id\":\"https:\\\/\\\/sldcncpipebender.com\\\/product\\\/fully-automatic-production-line-d\\\/#primaryimage\"},\"thumbnailUrl\":\"https:\\\/\\\/sldcncpipebender.com\\\/wp-content\\\/uploads\\\/2025\\\/06\\\/01-77.jpg\",\"datePublished\":\"2025-06-07T09:12:43+00:00\",\"breadcrumb\":{\"@id\":\"https:\\\/\\\/sldcncpipebender.com\\\/product\\\/fully-automatic-production-line-d\\\/#breadcrumb\"},\"inLanguage\":\"tr\",\"potentialAction\":[{\"@type\":\"ReadAction\",\"target\":[\"https:\\\/\\\/sldcncpipebender.com\\\/product\\\/fully-automatic-production-line-d\\\/\"]}]},{\"@type\":\"ImageObject\",\"inLanguage\":\"tr\",\"@id\":\"https:\\\/\\\/sldcncpipebender.com\\\/product\\\/fully-automatic-production-line-d\\\/#primaryimage\",\"url\":\"https:\\\/\\\/sldcncpipebender.com\\\/wp-content\\\/uploads\\\/2025\\\/06\\\/01-77.jpg\",\"contentUrl\":\"https:\\\/\\\/sldcncpipebender.com\\\/wp-content\\\/uploads\\\/2025\\\/06\\\/01-77.jpg\",\"width\":1000,\"height\":804},{\"@type\":\"BreadcrumbList\",\"@id\":\"https:\\\/\\\/sldcncpipebender.com\\\/product\\\/fully-automatic-production-line-d\\\/#breadcrumb\",\"itemListElement\":[{\"@type\":\"ListItem\",\"position\":1,\"name\":\"Home\",\"item\":\"https:\\\/\\\/sldcncpipebender.com\\\/\"},{\"@type\":\"ListItem\",\"position\":2,\"name\":\"shop\",\"item\":\"https:\\\/\\\/sldcncpipebender.com\\\/shop\\\/\"},{\"@type\":\"ListItem\",\"position\":3,\"name\":\"Fully automatic production line D\"}]},{\"@type\":\"WebSite\",\"@id\":\"https:\\\/\\\/sldcncpipebender.com\\\/#website\",\"url\":\"https:\\\/\\\/sldcncpipebender.com\\\/\",\"name\":\"Shenglida Technology (Zhangjiagang) Co., Ltd.\",\"description\":\"pipe bending machine -  pipe cutting machine - pipe end forming machine\",\"potentialAction\":[{\"@type\":\"SearchAction\",\"target\":{\"@type\":\"EntryPoint\",\"urlTemplate\":\"https:\\\/\\\/sldcncpipebender.com\\\/?s={search_term_string}\"},\"query-input\":{\"@type\":\"PropertyValueSpecification\",\"valueRequired\":true,\"valueName\":\"search_term_string\"}}],\"inLanguage\":\"tr\"}]}<\/script>\n<!-- \/ Yoast SEO Premium plugin. -->","yoast_head_json":{"title":"Tam otomatik \u00fcretim hatt\u0131 D - Shenglida Technology (Zhangjiagang) Co, Ltd.","robots":{"index":"index","follow":"follow","max-snippet":"max-snippet:-1","max-image-preview":"max-image-preview:large","max-video-preview":"max-video-preview:-1"},"canonical":"https:\/\/sldcncpipebender.com\/tr\/product\/tam-otomatik-uretim-hatti-d\/","og_locale":"tr_TR","og_type":"article","og_title":"Fully automatic production line D","og_description":"Fully automatic production line D-tube bending machine \u2013 Laser tube cutting machine \u2013 Tube end forming machine \u2013 3D laser cutting unit \u2013 Sawing machine","og_url":"https:\/\/sldcncpipebender.com\/tr\/product\/tam-otomatik-uretim-hatti-d\/","og_site_name":"Shenglida Technology (Zhangjiagang) Co., Ltd.","og_image":[{"width":1000,"height":804,"url":"https:\/\/sldcncpipebender.com\/wp-content\/uploads\/2025\/06\/01-77.jpg","type":"image\/jpeg"}],"twitter_card":"summary_large_image","twitter_misc":{"Tahmini okuma s\u00fcresi":"5 dakika"},"schema":{"@context":"https:\/\/schema.org","@graph":[{"@type":"WebPage","@id":"https:\/\/sldcncpipebender.com\/product\/fully-automatic-production-line-d\/","url":"https:\/\/sldcncpipebender.com\/product\/fully-automatic-production-line-d\/","name":"Tam otomatik \u00fcretim hatt\u0131 D - Shenglida Technology (Zhangjiagang) Co, Ltd.","isPartOf":{"@id":"https:\/\/sldcncpipebender.com\/#website"},"primaryImageOfPage":{"@id":"https:\/\/sldcncpipebender.com\/product\/fully-automatic-production-line-d\/#primaryimage"},"image":{"@id":"https:\/\/sldcncpipebender.com\/product\/fully-automatic-production-line-d\/#primaryimage"},"thumbnailUrl":"https:\/\/sldcncpipebender.com\/wp-content\/uploads\/2025\/06\/01-77.jpg","datePublished":"2025-06-07T09:12:43+00:00","breadcrumb":{"@id":"https:\/\/sldcncpipebender.com\/product\/fully-automatic-production-line-d\/#breadcrumb"},"inLanguage":"tr","potentialAction":[{"@type":"ReadAction","target":["https:\/\/sldcncpipebender.com\/product\/fully-automatic-production-line-d\/"]}]},{"@type":"ImageObject","inLanguage":"tr","@id":"https:\/\/sldcncpipebender.com\/product\/fully-automatic-production-line-d\/#primaryimage","url":"https:\/\/sldcncpipebender.com\/wp-content\/uploads\/2025\/06\/01-77.jpg","contentUrl":"https:\/\/sldcncpipebender.com\/wp-content\/uploads\/2025\/06\/01-77.jpg","width":1000,"height":804},{"@type":"BreadcrumbList","@id":"https:\/\/sldcncpipebender.com\/product\/fully-automatic-production-line-d\/#breadcrumb","itemListElement":[{"@type":"ListItem","position":1,"name":"Home","item":"https:\/\/sldcncpipebender.com\/"},{"@type":"ListItem","position":2,"name":"shop","item":"https:\/\/sldcncpipebender.com\/shop\/"},{"@type":"ListItem","position":3,"name":"Fully automatic production line D"}]},{"@type":"WebSite","@id":"https:\/\/sldcncpipebender.com\/#website","url":"https:\/\/sldcncpipebender.com\/","name":"Shenglida Technology (Zhangjiagang) Co, Ltd.","description":"boru b\u00fckme makinesi - boru kesme makinesi - boru ucu \u015fekillendirme makinesi","potentialAction":[{"@type":"SearchAction","target":{"@type":"EntryPoint","urlTemplate":"https:\/\/sldcncpipebender.com\/?s={search_term_string}"},"query-input":{"@type":"PropertyValueSpecification","valueRequired":true,"valueName":"search_term_string"}}],"inLanguage":"tr"}]}},"_links":{"self":[{"href":"https:\/\/sldcncpipebender.com\/tr\/wp-json\/wp\/v2\/product\/1568","targetHints":{"allow":["GET"]}}],"collection":[{"href":"https:\/\/sldcncpipebender.com\/tr\/wp-json\/wp\/v2\/product"}],"about":[{"href":"https:\/\/sldcncpipebender.com\/tr\/wp-json\/wp\/v2\/types\/product"}],"replies":[{"embeddable":true,"href":"https:\/\/sldcncpipebender.com\/tr\/wp-json\/wp\/v2\/comments?post=1568"}],"wp:featuredmedia":[{"embeddable":true,"href":"https:\/\/sldcncpipebender.com\/tr\/wp-json\/wp\/v2\/media\/1569"}],"wp:attachment":[{"href":"https:\/\/sldcncpipebender.com\/tr\/wp-json\/wp\/v2\/media?parent=1568"}],"wp:term":[{"taxonomy":"product_brand","embeddable":true,"href":"https:\/\/sldcncpipebender.com\/tr\/wp-json\/wp\/v2\/product_brand?post=1568"},{"taxonomy":"product_cat","embeddable":true,"href":"https:\/\/sldcncpipebender.com\/tr\/wp-json\/wp\/v2\/product_cat?post=1568"},{"taxonomy":"product_tag","embeddable":true,"href":"https:\/\/sldcncpipebender.com\/tr\/wp-json\/wp\/v2\/product_tag?post=1568"}],"curies":[{"name":"wp","href":"https:\/\/api.w.org\/{rel}","templated":true}]}}