{"id":1817,"date":"2025-07-09T14:23:50","date_gmt":"2025-07-09T06:23:50","guid":{"rendered":"https:\/\/sldcncpipebender.com\/?post_type=product&#038;p=1817"},"modified":"2025-07-17T15:15:41","modified_gmt":"2025-07-17T07:15:41","slug":"63cnc-4a-2s-otomatik-boru-bukme-makinesi","status":"publish","type":"product","link":"https:\/\/sldcncpipebender.com\/tr\/product\/63cnc-4a-2s-otomatik-boru-bukme-makinesi\/","title":{"rendered":"63CNC-4A-2S otomatik boru b\u00fckme makinesi"},"content":{"rendered":"<p>Temel avantajlar\u0131 <a href=\"https:\/\/baike.baidu.com\/item\/%E7%9B%9B%E5%88%A9%E8%BE%BE%E7%A7%91%E6%8A%80%EF%BC%88%E5%BC%A0%E5%AE%B6%E6%B8%AF%EF%BC%89%E6%9C%89%E9%99%90%E5%85%AC%E5%8F%B8\/60634440\">63CNC-4A-2Tam otomatik b\u00fckme makinesi<\/a> esas olarak karma\u015f\u0131k end\u00fcstriyel boru i\u015flemenin y\u00fcksek standart gereksinimlerini kar\u015f\u0131layabilen y\u00fcksek hassasiyet, y\u00fcksek verimlilik, \u00e7ok i\u015flevlilik ve ak\u0131ll\u0131 kontrol ile yans\u0131t\u0131l\u0131r.<\/p>\n<p>Temel \u00f6zellikler<\/p>\n<p>Tam otomatik say\u0131sal kontrol sistemi<\/p>\n<p>Kullanma<a href=\"https:\/\/sldcncpipebender.com\/tr\/product-category\/boru-bukme-plani\/cnc-boru-bukme-maki%cc%87nasi\/\"> CNC<\/a> (bilgisayar dijital kontrol) teknolojisi, karma\u015f\u0131k programlar\u0131n d\u00fczenlenmesini ve depolanmas\u0131n\u0131 destekler, \u00e7ok a\u00e7\u0131l\u0131 ve \u00e7ok boyutlu b\u00fckme borusu ger\u00e7ekle\u015ftirir ve y\u00fcksek tekrarlanabilirlik konumland\u0131rma do\u011frulu\u011funa sahiptir (genellikle \u00b1 0,1 mm i\u00e7inde).<\/p>\n<p>Programlama s\u00fcrecini basitle\u015ftirmek i\u00e7in dokunmatik ekran i\u015fletim aray\u00fcz\u00fc ile birle\u015ftirilebilir.<\/p>\n<p>D\u00f6rt eksenli ba\u011flant\u0131 (4A)<\/p>\n<p>4 servo kontrol ekseni (besleme mili, b\u00fckme mili, d\u00f6nd\u00fcrme mili ve s\u0131k\u0131\u015ft\u0131rma mili gibi) ile borular\u0131n uzayda \u00fc\u00e7 boyutlu b\u00fck\u00fclmesini tamamlayabilir ve karma\u015f\u0131k e\u011fri gereksinimlerine uyum sa\u011flayabilir.<\/p>\n<p>\u00c7ift vidal\u0131 tahrik (2S)<\/p>\n<p>\u00c7ift vidal\u0131 iletim yap\u0131s\u0131n\u0131 kullanarak, boruyu b\u00fckerken stabiliteyi ve itme kuvvetini art\u0131r\u0131n, b\u00fcy\u00fck \u00e7apl\u0131 veya kal\u0131n duvarl\u0131 boru i\u015fleme i\u00e7in uygundur (paslanmaz \u00e7elik, karbon \u00e7eli\u011fi, bak\u0131r boru vb.).<\/p>\n<p>Verimli \u00fcretim<\/p>\n<p>Otomatik besleme, b\u00fckme ve kesme i\u015flemlerinin entegre tasar\u0131m\u0131, manuel m\u00fcdahaleyi azalt\u0131r ve seri \u00fcretimin verimlili\u011fini art\u0131r\u0131r.<\/p>\n<p>\u0130ste\u011fe ba\u011fl\u0131 otomatik besleme raf\u0131 ve bitmi\u015f \u00fcr\u00fcn toplama cihaz\u0131 se\u00e7ilebilir.<\/p>\n<p>\u0130yi uyumluluk<\/p>\n<p>\u00c7e\u015fitli boru malzemelerini (yuvarlak boru, kare boru, oval boru, vb.) destekler ve \u00e7ap aral\u0131\u011f\u0131 genellikle \u03a610-\u03a663mm'dir (ayr\u0131nt\u0131lar i\u00e7in \u00fcretici verilerine bak\u0131n).<\/p>\n<p>Farkl\u0131 malzemeleri (metal, baz\u0131 plastik borular) i\u015fleyebilir.<\/p>\n<p>i\u015f ak\u0131\u015f\u0131<\/p>\n<p>Programlama Giri\u015fi: CAD \u00e7izimleri veya manuel giri\u015f yoluyla b\u00fckme parametrelerini i\u00e7e aktar\u0131n.<\/p>\n<p>Otomatik Besleme: Boru, bir konvey\u00f6r sistemi arac\u0131l\u0131\u011f\u0131yla i\u015fleme b\u00f6lgesine beslenir.<\/p>\n<p>Konumland\u0131rma ve S\u0131k\u0131\u015ft\u0131rma: S\u0131k\u0131\u015ft\u0131rma \u00e7eneleri, b\u00fckme kal\u0131b\u0131 kafas\u0131n\u0131 konumland\u0131r\u0131rken boruyu sabitler.<\/p>\n<p>B\u00fckme \u015eekillendirme: Kal\u0131p kafas\u0131, boruyu \u00f6nceden ayarlanm\u0131\u015f a\u00e7\u0131ya itmek i\u00e7in d\u00f6ner ve besleme mekanizmas\u0131 konumunu buna g\u00f6re ayarlar.<\/p>\n<p>Malzeme \u00c7\u0131karma: B\u00fckme i\u015flemi tamamland\u0131ktan sonra, malzeme otomatik olarak bo\u015falt\u0131l\u0131r ve bir sonraki d\u00f6ng\u00fc ba\u015flat\u0131l\u0131r.<\/p>\n<p><img loading=\"lazy\" decoding=\"async\" class=\"alignnone size-full wp-image-1819\" src=\"https:\/\/sldcncpipebender.com\/wp-content\/uploads\/2025\/07\/63CNC-4A-2S-1.jpg\" alt=\"\" width=\"1000\" height=\"1000\" srcset=\"https:\/\/sldcncpipebender.com\/wp-content\/uploads\/2025\/07\/63CNC-4A-2S-1.jpg 1000w, https:\/\/sldcncpipebender.com\/wp-content\/uploads\/2025\/07\/63CNC-4A-2S-1-300x300.jpg 300w, https:\/\/sldcncpipebender.com\/wp-content\/uploads\/2025\/07\/63CNC-4A-2S-1-150x150.jpg 150w, https:\/\/sldcncpipebender.com\/wp-content\/uploads\/2025\/07\/63CNC-4A-2S-1-768x768.jpg 768w, https:\/\/sldcncpipebender.com\/wp-content\/uploads\/2025\/07\/63CNC-4A-2S-1-12x12.jpg 12w, https:\/\/sldcncpipebender.com\/wp-content\/uploads\/2025\/07\/63CNC-4A-2S-1-100x100.jpg 100w\" sizes=\"auto, (max-width: 1000px) 100vw, 1000px\" \/><\/p>\n<p>&nbsp;<\/p>","protected":false},"excerpt":{"rendered":"<p>63CNC-4A-2S otomatik boru b\u00fckme makinesi y\u00fcksek performansl\u0131 bir <a href=\"https:\/\/sldcncpipebender.com\/tr\/haberler\/\">CNC boru b\u00fckme ekipmanlar\u0131<\/a> 4 eksenli ba\u011flant\u0131 (4A) ve \u00e7ift servo s\u00fcr\u00fcc\u00fc (2S) teknolojisine sahip olan bu makine, 63 mm'ye kadar \u00e7apa ve 1,0-4,0 mm aras\u0131nda et kal\u0131nl\u0131\u011f\u0131na sahip karbon \u00e7elik borular\u0131 i\u015fleyebilmektedir. Y\u00fcksek hassasiyetli bir CNC kontrol sistemi ile donat\u0131lm\u0131\u015f olan bu makine, \u00b10,1 mm dahilinde tekrar konumland\u0131rma hassasiyeti sa\u011flar ve karma\u015f\u0131k \u00fc\u00e7 boyutlu b\u00fck\u00fcmler i\u00e7in otomatik geri tepme telafisi \u00f6zelli\u011fine sahiptir. Tam otomatik i\u015f ak\u0131\u015f\u0131, otomatik y\u00fckleme ve denetim i\u00e7in iste\u011fe ba\u011fl\u0131 mod\u00fcllerle birlikte otomatik besleme, hassas konumland\u0131rma, b\u00fckme olu\u015fumu ve malzeme \u00e7\u0131karmay\u0131 i\u00e7erir. Dokunmatik ekran aray\u00fcz\u00fc, y\u00fczlerce i\u015fleme program\u0131n\u0131 depolayarak grafik programlamay\u0131 ve CAD dosyas\u0131 i\u00e7e aktarmay\u0131 destekler. Otomotiv egzoz sistemleri, mobilya donan\u0131m\u0131, fitness ekipmanlar\u0131 ve ilgili end\u00fcstrilerde hassas boru i\u015fleme i\u00e7in ideal olan bu makine, geleneksel ekipmanlara k\u0131yasla verimlili\u011fi 50%'nin \u00fczerinde art\u0131r\u0131rken \u00fcretim maliyetlerini \u00f6nemli \u00f6l\u00e7\u00fcde azalt\u0131r.<\/p>","protected":false},"featured_media":1819,"comment_status":"open","ping_status":"closed","template":"","meta":{"_acf_changed":false},"product_brand":[],"product_cat":[32],"product_tag":[],"class_list":{"0":"post-1817","1":"product","2":"type-product","3":"status-publish","4":"has-post-thumbnail","6":"product_cat-cnc-pipe-bending-machine","8":"first","9":"instock","10":"shipping-taxable","11":"product-type-simple"},"acf":[],"yoast_head":"<!-- This site is optimized with the Yoast SEO Premium plugin v25.5 (Yoast SEO v27.4) - https:\/\/yoast.com\/product\/yoast-seo-premium-wordpress\/ -->\n<title>63CNC-4A-2S automatic pipe bender machine - Shenglida Technology (Zhangjiagang) Co., Ltd.<\/title>\n<meta name=\"description\" content=\"63CNC-4A-2S fully automatic pipe bender core advantages are high precision, high efficiency, multifunction and intelligent control\" \/>\n<meta name=\"robots\" content=\"index, follow, max-snippet:-1, max-image-preview:large, max-video-preview:-1\" \/>\n<link rel=\"canonical\" href=\"https:\/\/sldcncpipebender.com\/tr\/product\/63cnc-4a-2s-otomatik-boru-bukme-makinesi\/\" \/>\n<meta property=\"og:locale\" content=\"tr_TR\" \/>\n<meta property=\"og:type\" content=\"article\" \/>\n<meta property=\"og:title\" content=\"63CNC-4A-2S automatic pipe bender machine\" \/>\n<meta property=\"og:description\" content=\"63CNC-4A-2S fully automatic pipe bender core advantages are high precision, high efficiency, multifunction and intelligent control\" \/>\n<meta property=\"og:url\" content=\"https:\/\/sldcncpipebender.com\/tr\/product\/63cnc-4a-2s-otomatik-boru-bukme-makinesi\/\" \/>\n<meta property=\"og:site_name\" content=\"Shenglida Technology (Zhangjiagang) Co., Ltd.\" \/>\n<meta property=\"article:modified_time\" content=\"2025-07-17T07:15:41+00:00\" \/>\n<meta property=\"og:image\" content=\"https:\/\/sldcncpipebender.com\/wp-content\/uploads\/2025\/07\/63CNC-4A-2S-1.jpg\" \/>\n\t<meta property=\"og:image:width\" content=\"1000\" \/>\n\t<meta property=\"og:image:height\" content=\"1000\" \/>\n\t<meta property=\"og:image:type\" content=\"image\/jpeg\" \/>\n<meta name=\"twitter:card\" content=\"summary_large_image\" \/>\n<meta name=\"twitter:label1\" content=\"Tahmini okuma s\u00fcresi\" \/>\n\t<meta name=\"twitter:data1\" content=\"2 dakika\" \/>\n<script type=\"application\/ld+json\" class=\"yoast-schema-graph\">{\"@context\":\"https:\\\/\\\/schema.org\",\"@graph\":[{\"@type\":\"WebPage\",\"@id\":\"https:\\\/\\\/sldcncpipebender.com\\\/product\\\/63cnc-4a-2s-automatic-pipe-bending-machine\\\/\",\"url\":\"https:\\\/\\\/sldcncpipebender.com\\\/product\\\/63cnc-4a-2s-automatic-pipe-bending-machine\\\/\",\"name\":\"63CNC-4A-2S automatic pipe bender machine - Shenglida Technology (Zhangjiagang) Co., Ltd.\",\"isPartOf\":{\"@id\":\"https:\\\/\\\/sldcncpipebender.com\\\/#website\"},\"primaryImageOfPage\":{\"@id\":\"https:\\\/\\\/sldcncpipebender.com\\\/product\\\/63cnc-4a-2s-automatic-pipe-bending-machine\\\/#primaryimage\"},\"image\":{\"@id\":\"https:\\\/\\\/sldcncpipebender.com\\\/product\\\/63cnc-4a-2s-automatic-pipe-bending-machine\\\/#primaryimage\"},\"thumbnailUrl\":\"https:\\\/\\\/sldcncpipebender.com\\\/wp-content\\\/uploads\\\/2025\\\/07\\\/63CNC-4A-2S-1.jpg\",\"datePublished\":\"2025-07-09T06:23:50+00:00\",\"dateModified\":\"2025-07-17T07:15:41+00:00\",\"description\":\"63CNC-4A-2S fully automatic pipe bender core advantages are high precision, high efficiency, multifunction and intelligent control\",\"breadcrumb\":{\"@id\":\"https:\\\/\\\/sldcncpipebender.com\\\/product\\\/63cnc-4a-2s-automatic-pipe-bending-machine\\\/#breadcrumb\"},\"inLanguage\":\"tr\",\"potentialAction\":[{\"@type\":\"ReadAction\",\"target\":[\"https:\\\/\\\/sldcncpipebender.com\\\/product\\\/63cnc-4a-2s-automatic-pipe-bending-machine\\\/\"]}]},{\"@type\":\"ImageObject\",\"inLanguage\":\"tr\",\"@id\":\"https:\\\/\\\/sldcncpipebender.com\\\/product\\\/63cnc-4a-2s-automatic-pipe-bending-machine\\\/#primaryimage\",\"url\":\"https:\\\/\\\/sldcncpipebender.com\\\/wp-content\\\/uploads\\\/2025\\\/07\\\/63CNC-4A-2S-1.jpg\",\"contentUrl\":\"https:\\\/\\\/sldcncpipebender.com\\\/wp-content\\\/uploads\\\/2025\\\/07\\\/63CNC-4A-2S-1.jpg\",\"width\":1000,\"height\":1000},{\"@type\":\"BreadcrumbList\",\"@id\":\"https:\\\/\\\/sldcncpipebender.com\\\/product\\\/63cnc-4a-2s-automatic-pipe-bending-machine\\\/#breadcrumb\",\"itemListElement\":[{\"@type\":\"ListItem\",\"position\":1,\"name\":\"Home\",\"item\":\"https:\\\/\\\/sldcncpipebender.com\\\/\"},{\"@type\":\"ListItem\",\"position\":2,\"name\":\"shop\",\"item\":\"https:\\\/\\\/sldcncpipebender.com\\\/shop\\\/\"},{\"@type\":\"ListItem\",\"position\":3,\"name\":\"63CNC-4A-2S automatic pipe bender machine\"}]},{\"@type\":\"WebSite\",\"@id\":\"https:\\\/\\\/sldcncpipebender.com\\\/#website\",\"url\":\"https:\\\/\\\/sldcncpipebender.com\\\/\",\"name\":\"Shenglida Technology (Zhangjiagang) Co., Ltd.\",\"description\":\"pipe bending machine -  pipe cutting machine - pipe end forming machine\",\"potentialAction\":[{\"@type\":\"SearchAction\",\"target\":{\"@type\":\"EntryPoint\",\"urlTemplate\":\"https:\\\/\\\/sldcncpipebender.com\\\/?s={search_term_string}\"},\"query-input\":{\"@type\":\"PropertyValueSpecification\",\"valueRequired\":true,\"valueName\":\"search_term_string\"}}],\"inLanguage\":\"tr\"}]}<\/script>\n<!-- \/ Yoast SEO Premium plugin. -->","yoast_head_json":{"title":"63CNC-4A-2S otomatik boru b\u00fckme makinesi - Shenglida Technology (Zhangjiagang) Co, Ltd.","description":"63CNC-4A-2S tam otomatik boru b\u00fck\u00fcc\u00fcn\u00fcn temel avantajlar\u0131 y\u00fcksek hassasiyet, y\u00fcksek verimlilik, \u00e7ok i\u015flevli ve ak\u0131ll\u0131 kontrold\u00fcr","robots":{"index":"index","follow":"follow","max-snippet":"max-snippet:-1","max-image-preview":"max-image-preview:large","max-video-preview":"max-video-preview:-1"},"canonical":"https:\/\/sldcncpipebender.com\/tr\/product\/63cnc-4a-2s-otomatik-boru-bukme-makinesi\/","og_locale":"tr_TR","og_type":"article","og_title":"63CNC-4A-2S automatic pipe bender machine","og_description":"63CNC-4A-2S fully automatic pipe bender core advantages are high precision, high efficiency, multifunction and intelligent control","og_url":"https:\/\/sldcncpipebender.com\/tr\/product\/63cnc-4a-2s-otomatik-boru-bukme-makinesi\/","og_site_name":"Shenglida Technology (Zhangjiagang) Co., Ltd.","article_modified_time":"2025-07-17T07:15:41+00:00","og_image":[{"width":1000,"height":1000,"url":"https:\/\/sldcncpipebender.com\/wp-content\/uploads\/2025\/07\/63CNC-4A-2S-1.jpg","type":"image\/jpeg"}],"twitter_card":"summary_large_image","twitter_misc":{"Tahmini okuma s\u00fcresi":"2 dakika"},"schema":{"@context":"https:\/\/schema.org","@graph":[{"@type":"WebPage","@id":"https:\/\/sldcncpipebender.com\/product\/63cnc-4a-2s-automatic-pipe-bending-machine\/","url":"https:\/\/sldcncpipebender.com\/product\/63cnc-4a-2s-automatic-pipe-bending-machine\/","name":"63CNC-4A-2S otomatik boru b\u00fckme makinesi - Shenglida Technology (Zhangjiagang) Co, Ltd.","isPartOf":{"@id":"https:\/\/sldcncpipebender.com\/#website"},"primaryImageOfPage":{"@id":"https:\/\/sldcncpipebender.com\/product\/63cnc-4a-2s-automatic-pipe-bending-machine\/#primaryimage"},"image":{"@id":"https:\/\/sldcncpipebender.com\/product\/63cnc-4a-2s-automatic-pipe-bending-machine\/#primaryimage"},"thumbnailUrl":"https:\/\/sldcncpipebender.com\/wp-content\/uploads\/2025\/07\/63CNC-4A-2S-1.jpg","datePublished":"2025-07-09T06:23:50+00:00","dateModified":"2025-07-17T07:15:41+00:00","description":"63CNC-4A-2S tam otomatik boru b\u00fck\u00fcc\u00fcn\u00fcn temel avantajlar\u0131 y\u00fcksek hassasiyet, y\u00fcksek verimlilik, \u00e7ok i\u015flevli ve ak\u0131ll\u0131 kontrold\u00fcr","breadcrumb":{"@id":"https:\/\/sldcncpipebender.com\/product\/63cnc-4a-2s-automatic-pipe-bending-machine\/#breadcrumb"},"inLanguage":"tr","potentialAction":[{"@type":"ReadAction","target":["https:\/\/sldcncpipebender.com\/product\/63cnc-4a-2s-automatic-pipe-bending-machine\/"]}]},{"@type":"ImageObject","inLanguage":"tr","@id":"https:\/\/sldcncpipebender.com\/product\/63cnc-4a-2s-automatic-pipe-bending-machine\/#primaryimage","url":"https:\/\/sldcncpipebender.com\/wp-content\/uploads\/2025\/07\/63CNC-4A-2S-1.jpg","contentUrl":"https:\/\/sldcncpipebender.com\/wp-content\/uploads\/2025\/07\/63CNC-4A-2S-1.jpg","width":1000,"height":1000},{"@type":"BreadcrumbList","@id":"https:\/\/sldcncpipebender.com\/product\/63cnc-4a-2s-automatic-pipe-bending-machine\/#breadcrumb","itemListElement":[{"@type":"ListItem","position":1,"name":"Home","item":"https:\/\/sldcncpipebender.com\/"},{"@type":"ListItem","position":2,"name":"shop","item":"https:\/\/sldcncpipebender.com\/shop\/"},{"@type":"ListItem","position":3,"name":"63CNC-4A-2S automatic pipe bender machine"}]},{"@type":"WebSite","@id":"https:\/\/sldcncpipebender.com\/#website","url":"https:\/\/sldcncpipebender.com\/","name":"Shenglida Technology (Zhangjiagang) Co, Ltd.","description":"boru b\u00fckme makinesi - boru kesme makinesi - boru ucu \u015fekillendirme makinesi","potentialAction":[{"@type":"SearchAction","target":{"@type":"EntryPoint","urlTemplate":"https:\/\/sldcncpipebender.com\/?s={search_term_string}"},"query-input":{"@type":"PropertyValueSpecification","valueRequired":true,"valueName":"search_term_string"}}],"inLanguage":"tr"}]}},"_links":{"self":[{"href":"https:\/\/sldcncpipebender.com\/tr\/wp-json\/wp\/v2\/product\/1817","targetHints":{"allow":["GET"]}}],"collection":[{"href":"https:\/\/sldcncpipebender.com\/tr\/wp-json\/wp\/v2\/product"}],"about":[{"href":"https:\/\/sldcncpipebender.com\/tr\/wp-json\/wp\/v2\/types\/product"}],"replies":[{"embeddable":true,"href":"https:\/\/sldcncpipebender.com\/tr\/wp-json\/wp\/v2\/comments?post=1817"}],"wp:featuredmedia":[{"embeddable":true,"href":"https:\/\/sldcncpipebender.com\/tr\/wp-json\/wp\/v2\/media\/1819"}],"wp:attachment":[{"href":"https:\/\/sldcncpipebender.com\/tr\/wp-json\/wp\/v2\/media?parent=1817"}],"wp:term":[{"taxonomy":"product_brand","embeddable":true,"href":"https:\/\/sldcncpipebender.com\/tr\/wp-json\/wp\/v2\/product_brand?post=1817"},{"taxonomy":"product_cat","embeddable":true,"href":"https:\/\/sldcncpipebender.com\/tr\/wp-json\/wp\/v2\/product_cat?post=1817"},{"taxonomy":"product_tag","embeddable":true,"href":"https:\/\/sldcncpipebender.com\/tr\/wp-json\/wp\/v2\/product_tag?post=1817"}],"curies":[{"name":"wp","href":"https:\/\/api.w.org\/{rel}","templated":true}]}}