{"id":1821,"date":"2025-07-09T16:35:01","date_gmt":"2025-07-09T08:35:01","guid":{"rendered":"https:\/\/sldcncpipebender.com\/?post_type=product&#038;p=1821"},"modified":"2025-07-15T09:29:23","modified_gmt":"2025-07-15T01:29:23","slug":"130ncb-hidrolik-bukme-makinesi-2","status":"publish","type":"product","link":"https:\/\/sldcncpipebender.com\/tr\/product\/130ncb-hidrolik-bukme-makinesi-2\/","title":{"rendered":"130NCB hidrolik b\u00fckme makinesi"},"content":{"rendered":"<p>Bu <a href=\"https:\/\/baike.baidu.com\/item\/%E7%9B%9B%E5%88%A9%E8%BE%BE%E7%A7%91%E6%8A%80%EF%BC%88%E5%BC%A0%E5%AE%B6%E6%B8%AF%EF%BC%89%E6%9C%89%E9%99%90%E5%85%AC%E5%8F%B8\/60634440\">130NCB hidrolik b\u00fckme makinesi<\/a> orta ve b\u00fcy\u00fck boru malzemelerinin karma\u015f\u0131k b\u00fckme i\u015fleme ihtiya\u00e7lar\u0131 i\u00e7in uygun olan y\u00fcksek hassasiyet, g\u00fc\u00e7l\u00fc g\u00fc\u00e7, esneklik ve g\u00fcvenlik gibi temel avantajlara sahiptir. A\u015fa\u011f\u0131dakiler makinenin \u00f6zellikleridir <a href=\"https:\/\/sldcncpipebender.com\/tr\/product-category\/boru-bukme-plani\/nc-boru-bukme-maki%cc%87nasi\/\">130NCB hidrolik b\u00fckme makinesi<\/a>.<\/p>\n<p>1<strong>Hidrolik Tahrik Sistemi<\/strong><\/p>\n<p>Bu sistem, istikrarl\u0131 b\u00fckme bas\u0131nc\u0131 sa\u011flamak i\u00e7in y\u00fcksek performansl\u0131 hidrolik g\u00fc\u00e7 kaynaklar\u0131 kullan\u0131r ve sorunsuz ve titre\u015fimsiz boru b\u00fckme i\u015flemlerini garanti eder. Dahili a\u015f\u0131r\u0131 y\u00fck koruma mekanizmas\u0131, a\u015f\u0131r\u0131 y\u00fcklerden kaynaklanan ekipman hasar\u0131n\u0131 \u00f6nler.<\/p>\n<p>2.<strong>Y\u00fcksek Hassasiyetli B\u00fckme<\/strong><\/p>\n<p>Geli\u015fmi\u015f CNC kontrol sistemleri ile donat\u0131lm\u0131\u015f olan bu makine, y\u00fcksek tekrar konumland\u0131rma do\u011frulu\u011fu ile b\u00fckme a\u00e7\u0131lar\u0131n\u0131 (tipik olarak \u00b10,1 dereceye kadar do\u011fru) hassas bir \u015fekilde ayarlayabilir. \u00c7e\u015fitli malzeme t\u00fcrlerine ve boru \u00e7aplar\u0131na uyum sa\u011flamak i\u00e7in \u00e7oklu b\u00fckme modlar\u0131n\u0131 (serbest b\u00fckme ve zorlamal\u0131 b\u00fckme gibi) destekler.<\/p>\n<p>3<strong>\u00c7ok Fonksiyonlu Uyarlanabilirlik<\/strong><\/p>\n<p>Karbon \u00e7eli\u011fi, paslanmaz \u00e7elik, bak\u0131r ve al\u00fcminyum dahil olmak \u00fczere \u00e7ok say\u0131da metal boruyu i\u015fleme kapasitesine sahiptir. Geni\u015f \u00e7ap aral\u0131\u011f\u0131 (\u03c620-130mm) ve uyarlanabilir duvar kal\u0131nl\u0131\u011f\u0131 ile \u00e7e\u015fitli end\u00fcstriyel gereksinimleri kar\u015f\u0131lar.<\/p>\n<p>4<strong>Mod\u00fcler Kal\u0131p Tasar\u0131m\u0131<\/strong><\/p>\n<p>Sistem, farkl\u0131 boru \u00e7aplar\u0131 ve b\u00fckme yar\u0131\u00e7aplar\u0131 i\u00e7in h\u0131zl\u0131 de\u011fi\u015ftirilebilen kal\u0131plara sahiptir ve \u00fcretim verimlili\u011fini art\u0131r\u0131r. Kal\u0131p bile\u015fenleri, m\u00fckemmel a\u015f\u0131nma direnci ve uzun hizmet \u00f6mr\u00fcne sahip y\u00fcksek mukavemetli ala\u015f\u0131ml\u0131 \u00e7elikten yap\u0131lm\u0131\u015ft\u0131r.<\/p>\n<p>5<strong>Kullan\u0131c\u0131 Dostu Aray\u00fcz<\/strong><\/p>\n<p>Kolay kullan\u0131m i\u00e7in dokunmatik ekranlar veya CNC paneller ile donat\u0131lm\u0131\u015ft\u0131r. Toplu \u00fcretim i\u00e7in birden fazla i\u015fleme program\u0131 saklanabilir. B\u00fckme parametrelerinin (a\u00e7\u0131, h\u0131z, bas\u0131n\u00e7, vb.) ger\u00e7ek zamanl\u0131 g\u00f6sterimi izleme ve ayarlamalar\u0131 kolayla\u015ft\u0131r\u0131r.<\/p>\n<p>6.<strong>G\u00fcvenlik Koruyucular\u0131<\/strong><\/p>\n<p>Operat\u00f6r g\u00fcvenli\u011fini sa\u011flamak i\u00e7in acil durdurma d\u00fc\u011fmeleri, hidrolik emniyet valfleri ve s\u0131k\u0131\u015fma \u00f6nleyici cihazlar i\u00e7erir. Sa\u011flam yap\u0131 ve y\u00fcksek rijitlik, operasyonlar s\u0131ras\u0131nda deformasyon risklerini etkili bir \u015fekilde azalt\u0131r.<\/p>\n<p>7<strong>Enerji tasarruflu ve y\u00fcksek performansl\u0131<\/strong><\/p>\n<p>Hidrolik sistem, \u00e7evre koruma standartlar\u0131n\u0131 kar\u015f\u0131layan, d\u00fc\u015f\u00fck enerji t\u00fcketimi ve sessiz \u00e7al\u0131\u015fma ile optimize edilmi\u015f tasar\u0131ma sahiptir. Geli\u015fmi\u015f otomasyon, manuel m\u00fcdahaleyi azalt\u0131r ve i\u015f g\u00fcc\u00fc yo\u011funlu\u011funu en aza indirir.<\/p>\n<p>8<strong>\u00d6l\u00e7eklenebilir i\u015flevsellik<\/strong><\/p>\n<p>Bu ekipman, otomatik besleme sistemleri, lazer \u00f6l\u00e7\u00fcm sistemleri veya son i\u015flem \u00fcniteleri (kesme ve ay\u0131rma gibi) gibi iste\u011fe ba\u011fl\u0131 \u00f6zelliklerle donat\u0131labilir. <a href=\"https:\/\/sldcncpipebender.com\/tr\/product-category\/pah-kirma-cozumu\/\">pah k\u0131rma)<\/a> montaj hatt\u0131 operasyonlar\u0131n\u0131 m\u00fcmk\u00fcn k\u0131lmak i\u00e7in.<\/p>\n<p><img loading=\"lazy\" decoding=\"async\" class=\"alignnone size-full wp-image-1822\" src=\"https:\/\/sldcncpipebender.com\/wp-content\/uploads\/2025\/07\/130NCB.jpg\" alt=\"\" width=\"1000\" height=\"1000\" srcset=\"https:\/\/sldcncpipebender.com\/wp-content\/uploads\/2025\/07\/130NCB.jpg 1000w, https:\/\/sldcncpipebender.com\/wp-content\/uploads\/2025\/07\/130NCB-300x300.jpg 300w, https:\/\/sldcncpipebender.com\/wp-content\/uploads\/2025\/07\/130NCB-150x150.jpg 150w, https:\/\/sldcncpipebender.com\/wp-content\/uploads\/2025\/07\/130NCB-768x768.jpg 768w, https:\/\/sldcncpipebender.com\/wp-content\/uploads\/2025\/07\/130NCB-12x12.jpg 12w, https:\/\/sldcncpipebender.com\/wp-content\/uploads\/2025\/07\/130NCB-100x100.jpg 100w\" sizes=\"auto, (max-width: 1000px) 100vw, 1000px\" \/><\/p>","protected":false},"excerpt":{"rendered":"<p><a href=\"https:\/\/sldcncpipebender.com\/tr\/haberler\/\">NC serisi boru b\u00fckme makinesi<\/a> uygun \u00e7al\u0131\u015fma, y\u00fcksek b\u00fckme hassasiyeti ve y\u00fcksek maliyet performans\u0131 avantajlar\u0131na sahip CNC kontrol \u00fcnitesi ile donat\u0131lm\u0131\u015ft\u0131r.<\/p>\n<p>1. K\u00fc\u00e7\u00fck ve orta \u00f6l\u00e7ekli \u00fcreticiler i\u00e7in pratik bir yar\u0131 otomatik \u00e7\u00f6z\u00fcm olarak, rasyonel tasar\u0131m\u0131 ve minimalist tarz\u0131, boru b\u00fckme i\u015flemleri i\u00e7in en uygun mekansal d\u00fczeni sa\u011flar.<\/p>\n<p>2. Kullan\u0131c\u0131 dostu aray\u00fcze sahip CNC sistemi esnek parametre ayarlar\u0131 sa\u011flar.<\/p>\n<p>3. Kodlay\u0131c\u0131, hassas ve sabit b\u00fckme a\u00e7\u0131lar\u0131 sa\u011flar.<\/p>\n<p>4. Sorunsuz program ge\u00e7i\u015fi i\u00e7in saklanan \u00e7oklu i\u015fleme modlar\u0131.<\/p>\n<p>5. Otomatik sayma ve kapanma haf\u0131za fonksiyonlar\u0131.<\/p>\n<p>6. Hidrolik so\u011futma sistemi, y\u00fcksek s\u0131cakl\u0131kl\u0131 ortamlarda uzun s\u00fcreli istikrarl\u0131 \u00e7al\u0131\u015fmay\u0131 garanti eder.<\/p>\n<p>7. Mil \u00f6zel \u0131s\u0131l i\u015flem s\u00fcrecinden ge\u00e7er.<\/p>\n<p>8. T\u00fcm bile\u015fenler ISO 9001 standartlar\u0131n\u0131 kar\u015f\u0131layan s\u0131k\u0131 kalite denetiminden ge\u00e7er.<\/p>\n<p>9. Elektromanyetik valfler ve entegre devreler, her bir b\u00fckme hareketini ba\u011f\u0131ms\u0131z olarak kontrol ederek hidrolik bile\u015fen \u00f6mr\u00fcn\u00fc etkili bir \u015fekilde uzat\u0131r.<\/p>\n<p>10. \u00c7elik, paslanmaz \u00e7elik, al\u00fcminyum ve bak\u0131r dahil olmak \u00fczere \u00e7e\u015fitli malzemeleri i\u015flemek i\u00e7in uygundur.<\/p>","protected":false},"featured_media":1822,"comment_status":"open","ping_status":"closed","template":"","meta":{"_acf_changed":false},"product_brand":[],"product_cat":[33],"product_tag":[],"class_list":{"0":"post-1821","1":"product","2":"type-product","3":"status-publish","4":"has-post-thumbnail","6":"product_cat-nc-pipe-bending-machine","8":"first","9":"instock","10":"shipping-taxable","11":"product-type-simple"},"acf":[],"yoast_head":"<!-- This site is optimized with the Yoast SEO Premium plugin v25.5 (Yoast SEO v27.4) - https:\/\/yoast.com\/product\/yoast-seo-premium-wordpress\/ -->\n<title>130NCB hydraulic bender machine - Shenglida Technology (Zhangjiagang) Co., Ltd.<\/title>\n<meta name=\"description\" content=\"The equipment is equipped with CNC control unit, which has the advantages of convenient operation, high bending precision and high cost performance.\" \/>\n<meta name=\"robots\" content=\"index, follow, max-snippet:-1, max-image-preview:large, max-video-preview:-1\" \/>\n<link rel=\"canonical\" href=\"https:\/\/sldcncpipebender.com\/tr\/product\/130ncb-hidrolik-bukme-makinesi-2\/\" \/>\n<meta property=\"og:locale\" content=\"tr_TR\" \/>\n<meta property=\"og:type\" content=\"article\" \/>\n<meta property=\"og:title\" content=\"130NCB hydraulic bender machine\" \/>\n<meta property=\"og:description\" content=\"The equipment is equipped with CNC control unit, which has the advantages of convenient operation, high bending precision and high cost performance.\" \/>\n<meta property=\"og:url\" content=\"https:\/\/sldcncpipebender.com\/tr\/product\/130ncb-hidrolik-bukme-makinesi-2\/\" \/>\n<meta property=\"og:site_name\" content=\"Shenglida Technology (Zhangjiagang) Co., Ltd.\" \/>\n<meta property=\"article:modified_time\" content=\"2025-07-15T01:29:23+00:00\" \/>\n<meta property=\"og:image\" content=\"https:\/\/sldcncpipebender.com\/wp-content\/uploads\/2025\/07\/130NCB.jpg\" \/>\n\t<meta property=\"og:image:width\" content=\"1000\" \/>\n\t<meta property=\"og:image:height\" content=\"1000\" \/>\n\t<meta property=\"og:image:type\" content=\"image\/jpeg\" \/>\n<meta name=\"twitter:card\" content=\"summary_large_image\" \/>\n<meta name=\"twitter:label1\" content=\"Tahmini okuma s\u00fcresi\" \/>\n\t<meta name=\"twitter:data1\" content=\"2 dakika\" \/>\n<script type=\"application\/ld+json\" class=\"yoast-schema-graph\">{\"@context\":\"https:\\\/\\\/schema.org\",\"@graph\":[{\"@type\":\"WebPage\",\"@id\":\"https:\\\/\\\/sldcncpipebender.com\\\/product\\\/130ncb-hydraulic-bender-machine\\\/\",\"url\":\"https:\\\/\\\/sldcncpipebender.com\\\/product\\\/130ncb-hydraulic-bender-machine\\\/\",\"name\":\"130NCB hydraulic bender machine - Shenglida Technology (Zhangjiagang) Co., Ltd.\",\"isPartOf\":{\"@id\":\"https:\\\/\\\/sldcncpipebender.com\\\/#website\"},\"primaryImageOfPage\":{\"@id\":\"https:\\\/\\\/sldcncpipebender.com\\\/product\\\/130ncb-hydraulic-bender-machine\\\/#primaryimage\"},\"image\":{\"@id\":\"https:\\\/\\\/sldcncpipebender.com\\\/product\\\/130ncb-hydraulic-bender-machine\\\/#primaryimage\"},\"thumbnailUrl\":\"https:\\\/\\\/sldcncpipebender.com\\\/wp-content\\\/uploads\\\/2025\\\/07\\\/130NCB.jpg\",\"datePublished\":\"2025-07-09T08:35:01+00:00\",\"dateModified\":\"2025-07-15T01:29:23+00:00\",\"description\":\"The equipment is equipped with CNC control unit, which has the advantages of convenient operation, high bending precision and high cost performance.\",\"breadcrumb\":{\"@id\":\"https:\\\/\\\/sldcncpipebender.com\\\/product\\\/130ncb-hydraulic-bender-machine\\\/#breadcrumb\"},\"inLanguage\":\"tr\",\"potentialAction\":[{\"@type\":\"ReadAction\",\"target\":[\"https:\\\/\\\/sldcncpipebender.com\\\/product\\\/130ncb-hydraulic-bender-machine\\\/\"]}]},{\"@type\":\"ImageObject\",\"inLanguage\":\"tr\",\"@id\":\"https:\\\/\\\/sldcncpipebender.com\\\/product\\\/130ncb-hydraulic-bender-machine\\\/#primaryimage\",\"url\":\"https:\\\/\\\/sldcncpipebender.com\\\/wp-content\\\/uploads\\\/2025\\\/07\\\/130NCB.jpg\",\"contentUrl\":\"https:\\\/\\\/sldcncpipebender.com\\\/wp-content\\\/uploads\\\/2025\\\/07\\\/130NCB.jpg\",\"width\":1000,\"height\":1000},{\"@type\":\"BreadcrumbList\",\"@id\":\"https:\\\/\\\/sldcncpipebender.com\\\/product\\\/130ncb-hydraulic-bender-machine\\\/#breadcrumb\",\"itemListElement\":[{\"@type\":\"ListItem\",\"position\":1,\"name\":\"Home\",\"item\":\"https:\\\/\\\/sldcncpipebender.com\\\/\"},{\"@type\":\"ListItem\",\"position\":2,\"name\":\"shop\",\"item\":\"https:\\\/\\\/sldcncpipebender.com\\\/shop\\\/\"},{\"@type\":\"ListItem\",\"position\":3,\"name\":\"130NCB hydraulic bender machine\"}]},{\"@type\":\"WebSite\",\"@id\":\"https:\\\/\\\/sldcncpipebender.com\\\/#website\",\"url\":\"https:\\\/\\\/sldcncpipebender.com\\\/\",\"name\":\"Shenglida Technology (Zhangjiagang) Co., Ltd.\",\"description\":\"pipe bending machine -  pipe cutting machine - pipe end forming machine\",\"potentialAction\":[{\"@type\":\"SearchAction\",\"target\":{\"@type\":\"EntryPoint\",\"urlTemplate\":\"https:\\\/\\\/sldcncpipebender.com\\\/?s={search_term_string}\"},\"query-input\":{\"@type\":\"PropertyValueSpecification\",\"valueRequired\":true,\"valueName\":\"search_term_string\"}}],\"inLanguage\":\"tr\"}]}<\/script>\n<!-- \/ Yoast SEO Premium plugin. -->","yoast_head_json":{"title":"130NCB hidrolik b\u00fckme makinesi - Shenglida Technology (Zhangjiagang) Co, Ltd.","description":"Ekipman, rahat \u00e7al\u0131\u015fma, y\u00fcksek b\u00fckme hassasiyeti ve y\u00fcksek maliyet performans\u0131 avantajlar\u0131na sahip CNC kontrol \u00fcnitesi ile donat\u0131lm\u0131\u015ft\u0131r.","robots":{"index":"index","follow":"follow","max-snippet":"max-snippet:-1","max-image-preview":"max-image-preview:large","max-video-preview":"max-video-preview:-1"},"canonical":"https:\/\/sldcncpipebender.com\/tr\/product\/130ncb-hidrolik-bukme-makinesi-2\/","og_locale":"tr_TR","og_type":"article","og_title":"130NCB hydraulic bender machine","og_description":"The equipment is equipped with CNC control unit, which has the advantages of convenient operation, high bending precision and high cost performance.","og_url":"https:\/\/sldcncpipebender.com\/tr\/product\/130ncb-hidrolik-bukme-makinesi-2\/","og_site_name":"Shenglida Technology (Zhangjiagang) Co., Ltd.","article_modified_time":"2025-07-15T01:29:23+00:00","og_image":[{"width":1000,"height":1000,"url":"https:\/\/sldcncpipebender.com\/wp-content\/uploads\/2025\/07\/130NCB.jpg","type":"image\/jpeg"}],"twitter_card":"summary_large_image","twitter_misc":{"Tahmini okuma s\u00fcresi":"2 dakika"},"schema":{"@context":"https:\/\/schema.org","@graph":[{"@type":"WebPage","@id":"https:\/\/sldcncpipebender.com\/product\/130ncb-hydraulic-bender-machine\/","url":"https:\/\/sldcncpipebender.com\/product\/130ncb-hydraulic-bender-machine\/","name":"130NCB hidrolik b\u00fckme makinesi - Shenglida Technology (Zhangjiagang) Co, Ltd.","isPartOf":{"@id":"https:\/\/sldcncpipebender.com\/#website"},"primaryImageOfPage":{"@id":"https:\/\/sldcncpipebender.com\/product\/130ncb-hydraulic-bender-machine\/#primaryimage"},"image":{"@id":"https:\/\/sldcncpipebender.com\/product\/130ncb-hydraulic-bender-machine\/#primaryimage"},"thumbnailUrl":"https:\/\/sldcncpipebender.com\/wp-content\/uploads\/2025\/07\/130NCB.jpg","datePublished":"2025-07-09T08:35:01+00:00","dateModified":"2025-07-15T01:29:23+00:00","description":"Ekipman, rahat \u00e7al\u0131\u015fma, y\u00fcksek b\u00fckme hassasiyeti ve y\u00fcksek maliyet performans\u0131 avantajlar\u0131na sahip CNC kontrol \u00fcnitesi ile donat\u0131lm\u0131\u015ft\u0131r.","breadcrumb":{"@id":"https:\/\/sldcncpipebender.com\/product\/130ncb-hydraulic-bender-machine\/#breadcrumb"},"inLanguage":"tr","potentialAction":[{"@type":"ReadAction","target":["https:\/\/sldcncpipebender.com\/product\/130ncb-hydraulic-bender-machine\/"]}]},{"@type":"ImageObject","inLanguage":"tr","@id":"https:\/\/sldcncpipebender.com\/product\/130ncb-hydraulic-bender-machine\/#primaryimage","url":"https:\/\/sldcncpipebender.com\/wp-content\/uploads\/2025\/07\/130NCB.jpg","contentUrl":"https:\/\/sldcncpipebender.com\/wp-content\/uploads\/2025\/07\/130NCB.jpg","width":1000,"height":1000},{"@type":"BreadcrumbList","@id":"https:\/\/sldcncpipebender.com\/product\/130ncb-hydraulic-bender-machine\/#breadcrumb","itemListElement":[{"@type":"ListItem","position":1,"name":"Home","item":"https:\/\/sldcncpipebender.com\/"},{"@type":"ListItem","position":2,"name":"shop","item":"https:\/\/sldcncpipebender.com\/shop\/"},{"@type":"ListItem","position":3,"name":"130NCB hydraulic bender machine"}]},{"@type":"WebSite","@id":"https:\/\/sldcncpipebender.com\/#website","url":"https:\/\/sldcncpipebender.com\/","name":"Shenglida Technology (Zhangjiagang) Co, Ltd.","description":"boru b\u00fckme makinesi - boru kesme makinesi - boru ucu \u015fekillendirme makinesi","potentialAction":[{"@type":"SearchAction","target":{"@type":"EntryPoint","urlTemplate":"https:\/\/sldcncpipebender.com\/?s={search_term_string}"},"query-input":{"@type":"PropertyValueSpecification","valueRequired":true,"valueName":"search_term_string"}}],"inLanguage":"tr"}]}},"_links":{"self":[{"href":"https:\/\/sldcncpipebender.com\/tr\/wp-json\/wp\/v2\/product\/1821","targetHints":{"allow":["GET"]}}],"collection":[{"href":"https:\/\/sldcncpipebender.com\/tr\/wp-json\/wp\/v2\/product"}],"about":[{"href":"https:\/\/sldcncpipebender.com\/tr\/wp-json\/wp\/v2\/types\/product"}],"replies":[{"embeddable":true,"href":"https:\/\/sldcncpipebender.com\/tr\/wp-json\/wp\/v2\/comments?post=1821"}],"wp:featuredmedia":[{"embeddable":true,"href":"https:\/\/sldcncpipebender.com\/tr\/wp-json\/wp\/v2\/media\/1822"}],"wp:attachment":[{"href":"https:\/\/sldcncpipebender.com\/tr\/wp-json\/wp\/v2\/media?parent=1821"}],"wp:term":[{"taxonomy":"product_brand","embeddable":true,"href":"https:\/\/sldcncpipebender.com\/tr\/wp-json\/wp\/v2\/product_brand?post=1821"},{"taxonomy":"product_cat","embeddable":true,"href":"https:\/\/sldcncpipebender.com\/tr\/wp-json\/wp\/v2\/product_cat?post=1821"},{"taxonomy":"product_tag","embeddable":true,"href":"https:\/\/sldcncpipebender.com\/tr\/wp-json\/wp\/v2\/product_tag?post=1821"}],"curies":[{"name":"wp","href":"https:\/\/api.w.org\/{rel}","templated":true}]}}