{"id":2015,"date":"2025-08-21T15:31:35","date_gmt":"2025-08-21T07:31:35","guid":{"rendered":"https:\/\/sldcncpipebender.com\/?post_type=product&#038;p=2015"},"modified":"2025-09-26T14:54:35","modified_gmt":"2025-09-26T06:54:35","slug":"38cnc-3a-1s-otomatik-cnc-boru-bukucu","status":"publish","type":"product","link":"https:\/\/sldcncpipebender.com\/tr\/product\/38cnc-3a-1s-otomatik-cnc-boru-bukucu\/","title":{"rendered":"38CNC-3A-1S otomatik CNC boru b\u00fck\u00fcc\u00fc"},"content":{"rendered":"","protected":false},"excerpt":{"rendered":"<p><a href=\"https:\/\/sldcncpipebender.com\/tr\/product-category\/boru-bukme-plani\/cnc-boru-bukme-maki%cc%87nasi\/\">38CNC-3A-1S tam otomatik CNC boru b\u00fck\u00fcc\u00fc<\/a> temel \u00f6zelliklere sahip y\u00fcksek performansl\u0131 bir b\u00fckme makinesidir: Borular (veya e\u015fde\u011fer duvar kal\u0131nl\u0131\u011f\u0131na sahip malzemeler) i\u00e7in maksimum b\u00fckme kapasitesi tipik olarak 38 mm \u00e7apa ula\u015f\u0131r. \u00dc\u00e7 eksenli (X\/Y\/Z) CNC kontrol sistemine ve hassas hareket i\u00e7in servo i\u015f miline sahip olan bu makine, y\u00fcksek tekrarlanabilirlik hassasiyetiyle 0\u00b0 ila 190\u00b0 aras\u0131nda esnek a\u00e7\u0131 ayarlamalar\u0131na olanak tan\u0131r. Standart hidrolik tahrik, istikrarl\u0131 \u00e7al\u0131\u015fma ve sa\u011flam performans sa\u011flar. Bellek depolama i\u015flevi, \u00f6nceden programlanm\u0131\u015f \u00e7oklu i\u015fleme dizilerini m\u00fcmk\u00fcn k\u0131lar. Bu \u00e7ok y\u00f6nl\u00fc ekipman, karbon \u00e7eli\u011fi, paslanmaz \u00e7elik, bak\u0131r, al\u00fcminyum ve di\u011fer metaller i\u00e7in karma\u015f\u0131k uzamsal b\u00fckme i\u015flemlerini ger\u00e7ekle\u015ftirerek otomotiv, HVAC ve mobilya imalat\u0131nda yayg\u0131n uygulamalar bulur. Geli\u015fmi\u015f otomasyon yetenekleri ile ola\u011fan\u00fcst\u00fc \u00fcretim verimlili\u011fi sa\u011flar.<\/p>","protected":false},"featured_media":2028,"comment_status":"open","ping_status":"closed","template":"","meta":{"_acf_changed":false},"product_brand":[],"product_cat":[32],"product_tag":[],"class_list":{"0":"post-2015","1":"product","2":"type-product","3":"status-publish","4":"has-post-thumbnail","6":"product_cat-cnc-pipe-bending-machine","8":"first","9":"instock","10":"shipping-taxable","11":"product-type-simple"},"acf":[],"yoast_head":"<!-- This site is optimized with the Yoast SEO Premium plugin v25.5 (Yoast SEO v27.4) - https:\/\/yoast.com\/product\/yoast-seo-premium-wordpress\/ -->\n<title>38CNC-3A-1S automatic CNC pipe bender - Shenglida Technology (Zhangjiagang) Co., Ltd.<\/title>\n<meta name=\"description\" content=\"38CNC-3A-1S automatic CNC pipe bender, using three-axis CNC servo control system, suitable for cold bending of pipe materials\" \/>\n<meta name=\"robots\" content=\"index, follow, max-snippet:-1, max-image-preview:large, max-video-preview:-1\" \/>\n<link rel=\"canonical\" href=\"https:\/\/sldcncpipebender.com\/tr\/product\/38cnc-3a-1s-otomatik-cnc-boru-bukucu\/\" \/>\n<meta property=\"og:locale\" content=\"tr_TR\" \/>\n<meta property=\"og:type\" content=\"article\" \/>\n<meta property=\"og:title\" content=\"38CNC-3A-1S automatic CNC pipe bender\" \/>\n<meta property=\"og:description\" content=\"38CNC-3A-1S automatic CNC pipe bender, using three-axis CNC servo control system, suitable for cold bending of pipe materials\" \/>\n<meta property=\"og:url\" content=\"https:\/\/sldcncpipebender.com\/tr\/product\/38cnc-3a-1s-otomatik-cnc-boru-bukucu\/\" \/>\n<meta property=\"og:site_name\" content=\"Shenglida Technology (Zhangjiagang) Co., Ltd.\" \/>\n<meta property=\"article:modified_time\" content=\"2025-09-26T06:54:35+00:00\" \/>\n<meta property=\"og:image\" content=\"https:\/\/sldcncpipebender.com\/wp-content\/uploads\/2025\/08\/38cnc-3a-1s-3.jpg\" \/>\n\t<meta property=\"og:image:width\" content=\"1000\" \/>\n\t<meta property=\"og:image:height\" content=\"1000\" \/>\n\t<meta property=\"og:image:type\" content=\"image\/jpeg\" \/>\n<meta name=\"twitter:card\" content=\"summary_large_image\" \/>\n<meta name=\"twitter:label1\" content=\"Tahmini okuma s\u00fcresi\" \/>\n\t<meta name=\"twitter:data1\" content=\"1 dakika\" \/>\n<script type=\"application\/ld+json\" class=\"yoast-schema-graph\">{\"@context\":\"https:\\\/\\\/schema.org\",\"@graph\":[{\"@type\":\"WebPage\",\"@id\":\"https:\\\/\\\/sldcncpipebender.com\\\/product\\\/38cnc-3a-1s-automatic-cnc-pipe-bender\\\/\",\"url\":\"https:\\\/\\\/sldcncpipebender.com\\\/product\\\/38cnc-3a-1s-automatic-cnc-pipe-bender\\\/\",\"name\":\"38CNC-3A-1S automatic CNC pipe bender - Shenglida Technology (Zhangjiagang) Co., Ltd.\",\"isPartOf\":{\"@id\":\"https:\\\/\\\/sldcncpipebender.com\\\/#website\"},\"primaryImageOfPage\":{\"@id\":\"https:\\\/\\\/sldcncpipebender.com\\\/product\\\/38cnc-3a-1s-automatic-cnc-pipe-bender\\\/#primaryimage\"},\"image\":{\"@id\":\"https:\\\/\\\/sldcncpipebender.com\\\/product\\\/38cnc-3a-1s-automatic-cnc-pipe-bender\\\/#primaryimage\"},\"thumbnailUrl\":\"https:\\\/\\\/sldcncpipebender.com\\\/wp-content\\\/uploads\\\/2025\\\/08\\\/38cnc-3a-1s-3.jpg\",\"datePublished\":\"2025-08-21T07:31:35+00:00\",\"dateModified\":\"2025-09-26T06:54:35+00:00\",\"description\":\"38CNC-3A-1S automatic CNC pipe bender, using three-axis CNC servo control system, suitable for cold bending of pipe materials\",\"breadcrumb\":{\"@id\":\"https:\\\/\\\/sldcncpipebender.com\\\/product\\\/38cnc-3a-1s-automatic-cnc-pipe-bender\\\/#breadcrumb\"},\"inLanguage\":\"tr\",\"potentialAction\":[{\"@type\":\"ReadAction\",\"target\":[\"https:\\\/\\\/sldcncpipebender.com\\\/product\\\/38cnc-3a-1s-automatic-cnc-pipe-bender\\\/\"]}]},{\"@type\":\"ImageObject\",\"inLanguage\":\"tr\",\"@id\":\"https:\\\/\\\/sldcncpipebender.com\\\/product\\\/38cnc-3a-1s-automatic-cnc-pipe-bender\\\/#primaryimage\",\"url\":\"https:\\\/\\\/sldcncpipebender.com\\\/wp-content\\\/uploads\\\/2025\\\/08\\\/38cnc-3a-1s-3.jpg\",\"contentUrl\":\"https:\\\/\\\/sldcncpipebender.com\\\/wp-content\\\/uploads\\\/2025\\\/08\\\/38cnc-3a-1s-3.jpg\",\"width\":1000,\"height\":1000},{\"@type\":\"BreadcrumbList\",\"@id\":\"https:\\\/\\\/sldcncpipebender.com\\\/product\\\/38cnc-3a-1s-automatic-cnc-pipe-bender\\\/#breadcrumb\",\"itemListElement\":[{\"@type\":\"ListItem\",\"position\":1,\"name\":\"Home\",\"item\":\"https:\\\/\\\/sldcncpipebender.com\\\/\"},{\"@type\":\"ListItem\",\"position\":2,\"name\":\"shop\",\"item\":\"https:\\\/\\\/sldcncpipebender.com\\\/shop\\\/\"},{\"@type\":\"ListItem\",\"position\":3,\"name\":\"38CNC-3A-1S automatic CNC pipe bender\"}]},{\"@type\":\"WebSite\",\"@id\":\"https:\\\/\\\/sldcncpipebender.com\\\/#website\",\"url\":\"https:\\\/\\\/sldcncpipebender.com\\\/\",\"name\":\"Shenglida Technology (Zhangjiagang) Co., Ltd.\",\"description\":\"pipe bending machine -  pipe cutting machine - pipe end forming machine\",\"potentialAction\":[{\"@type\":\"SearchAction\",\"target\":{\"@type\":\"EntryPoint\",\"urlTemplate\":\"https:\\\/\\\/sldcncpipebender.com\\\/?s={search_term_string}\"},\"query-input\":{\"@type\":\"PropertyValueSpecification\",\"valueRequired\":true,\"valueName\":\"search_term_string\"}}],\"inLanguage\":\"tr\"}]}<\/script>\n<!-- \/ Yoast SEO Premium plugin. -->","yoast_head_json":{"title":"38CNC-3A-1S otomatik CNC boru b\u00fck\u00fcc\u00fc - Shenglida Technology (Zhangjiagang) Co, Ltd.","description":"38CNC-3A-1S otomatik CNC boru b\u00fck\u00fcc\u00fc, \u00fc\u00e7 eksenli CNC servo kontrol sistemi kullanarak, boru malzemelerinin so\u011fuk b\u00fck\u00fclmesi i\u00e7in uygundur","robots":{"index":"index","follow":"follow","max-snippet":"max-snippet:-1","max-image-preview":"max-image-preview:large","max-video-preview":"max-video-preview:-1"},"canonical":"https:\/\/sldcncpipebender.com\/tr\/product\/38cnc-3a-1s-otomatik-cnc-boru-bukucu\/","og_locale":"tr_TR","og_type":"article","og_title":"38CNC-3A-1S automatic CNC pipe bender","og_description":"38CNC-3A-1S automatic CNC pipe bender, using three-axis CNC servo control system, suitable for cold bending of pipe materials","og_url":"https:\/\/sldcncpipebender.com\/tr\/product\/38cnc-3a-1s-otomatik-cnc-boru-bukucu\/","og_site_name":"Shenglida Technology (Zhangjiagang) Co., Ltd.","article_modified_time":"2025-09-26T06:54:35+00:00","og_image":[{"width":1000,"height":1000,"url":"https:\/\/sldcncpipebender.com\/wp-content\/uploads\/2025\/08\/38cnc-3a-1s-3.jpg","type":"image\/jpeg"}],"twitter_card":"summary_large_image","twitter_misc":{"Tahmini okuma s\u00fcresi":"1 dakika"},"schema":{"@context":"https:\/\/schema.org","@graph":[{"@type":"WebPage","@id":"https:\/\/sldcncpipebender.com\/product\/38cnc-3a-1s-automatic-cnc-pipe-bender\/","url":"https:\/\/sldcncpipebender.com\/product\/38cnc-3a-1s-automatic-cnc-pipe-bender\/","name":"38CNC-3A-1S otomatik CNC boru b\u00fck\u00fcc\u00fc - Shenglida Technology (Zhangjiagang) Co, Ltd.","isPartOf":{"@id":"https:\/\/sldcncpipebender.com\/#website"},"primaryImageOfPage":{"@id":"https:\/\/sldcncpipebender.com\/product\/38cnc-3a-1s-automatic-cnc-pipe-bender\/#primaryimage"},"image":{"@id":"https:\/\/sldcncpipebender.com\/product\/38cnc-3a-1s-automatic-cnc-pipe-bender\/#primaryimage"},"thumbnailUrl":"https:\/\/sldcncpipebender.com\/wp-content\/uploads\/2025\/08\/38cnc-3a-1s-3.jpg","datePublished":"2025-08-21T07:31:35+00:00","dateModified":"2025-09-26T06:54:35+00:00","description":"38CNC-3A-1S otomatik CNC boru b\u00fck\u00fcc\u00fc, \u00fc\u00e7 eksenli CNC servo kontrol sistemi kullanarak, boru malzemelerinin so\u011fuk b\u00fck\u00fclmesi i\u00e7in uygundur","breadcrumb":{"@id":"https:\/\/sldcncpipebender.com\/product\/38cnc-3a-1s-automatic-cnc-pipe-bender\/#breadcrumb"},"inLanguage":"tr","potentialAction":[{"@type":"ReadAction","target":["https:\/\/sldcncpipebender.com\/product\/38cnc-3a-1s-automatic-cnc-pipe-bender\/"]}]},{"@type":"ImageObject","inLanguage":"tr","@id":"https:\/\/sldcncpipebender.com\/product\/38cnc-3a-1s-automatic-cnc-pipe-bender\/#primaryimage","url":"https:\/\/sldcncpipebender.com\/wp-content\/uploads\/2025\/08\/38cnc-3a-1s-3.jpg","contentUrl":"https:\/\/sldcncpipebender.com\/wp-content\/uploads\/2025\/08\/38cnc-3a-1s-3.jpg","width":1000,"height":1000},{"@type":"BreadcrumbList","@id":"https:\/\/sldcncpipebender.com\/product\/38cnc-3a-1s-automatic-cnc-pipe-bender\/#breadcrumb","itemListElement":[{"@type":"ListItem","position":1,"name":"Home","item":"https:\/\/sldcncpipebender.com\/"},{"@type":"ListItem","position":2,"name":"shop","item":"https:\/\/sldcncpipebender.com\/shop\/"},{"@type":"ListItem","position":3,"name":"38CNC-3A-1S automatic CNC pipe bender"}]},{"@type":"WebSite","@id":"https:\/\/sldcncpipebender.com\/#website","url":"https:\/\/sldcncpipebender.com\/","name":"Shenglida Technology (Zhangjiagang) Co, Ltd.","description":"boru b\u00fckme makinesi - boru kesme makinesi - boru ucu \u015fekillendirme makinesi","potentialAction":[{"@type":"SearchAction","target":{"@type":"EntryPoint","urlTemplate":"https:\/\/sldcncpipebender.com\/?s={search_term_string}"},"query-input":{"@type":"PropertyValueSpecification","valueRequired":true,"valueName":"search_term_string"}}],"inLanguage":"tr"}]}},"_links":{"self":[{"href":"https:\/\/sldcncpipebender.com\/tr\/wp-json\/wp\/v2\/product\/2015","targetHints":{"allow":["GET"]}}],"collection":[{"href":"https:\/\/sldcncpipebender.com\/tr\/wp-json\/wp\/v2\/product"}],"about":[{"href":"https:\/\/sldcncpipebender.com\/tr\/wp-json\/wp\/v2\/types\/product"}],"replies":[{"embeddable":true,"href":"https:\/\/sldcncpipebender.com\/tr\/wp-json\/wp\/v2\/comments?post=2015"}],"wp:featuredmedia":[{"embeddable":true,"href":"https:\/\/sldcncpipebender.com\/tr\/wp-json\/wp\/v2\/media\/2028"}],"wp:attachment":[{"href":"https:\/\/sldcncpipebender.com\/tr\/wp-json\/wp\/v2\/media?parent=2015"}],"wp:term":[{"taxonomy":"product_brand","embeddable":true,"href":"https:\/\/sldcncpipebender.com\/tr\/wp-json\/wp\/v2\/product_brand?post=2015"},{"taxonomy":"product_cat","embeddable":true,"href":"https:\/\/sldcncpipebender.com\/tr\/wp-json\/wp\/v2\/product_cat?post=2015"},{"taxonomy":"product_tag","embeddable":true,"href":"https:\/\/sldcncpipebender.com\/tr\/wp-json\/wp\/v2\/product_tag?post=2015"}],"curies":[{"name":"wp","href":"https:\/\/api.w.org\/{rel}","templated":true}]}}