{"id":2019,"date":"2025-08-21T16:40:58","date_gmt":"2025-08-21T08:40:58","guid":{"rendered":"https:\/\/sldcncpipebender.com\/?post_type=product&#038;p=2019"},"modified":"2025-09-26T14:54:03","modified_gmt":"2025-09-26T06:54:03","slug":"50cnc-3a-1s-2","status":"publish","type":"product","link":"https:\/\/sldcncpipebender.com\/tr\/product\/50cnc-3a-1s-2\/","title":{"rendered":"50CNC-3A-1S otomatik boru b\u00fck\u00fcc\u00fc"},"content":{"rendered":"","protected":false},"excerpt":{"rendered":"<p>Bu <a href=\"https:\/\/sldcncpipebender.com\/tr\/\">50CNC-3A-1S<\/a> y\u00fcksek performansl\u0131 bir <a href=\"https:\/\/sldcncpipebender.com\/tr\/product-category\/boru-bukme-plani\/\">tam otomatik CNC boru b\u00fck\u00fcc\u00fc.<\/a> \"50\" ad\u0131 maksimum 50 mm boru \u00e7ap\u0131 b\u00fckme kapasitesini, \"CNC\" Bilgisayarl\u0131 Say\u0131sal Kontrol anlam\u0131na gelir, \"3A\" tipik olarak koordineli \u00e7al\u0131\u015fan \u00fc\u00e7 servo ekseni (besleme, b\u00fckme ve kald\u0131rma) ve \"1S\" bir kal\u0131p setini ifade eder. Bu ekipman, karma\u015f\u0131k uzaysal b\u00fckme i\u015flemlerini verimli ve do\u011fru bir \u015fekilde ger\u00e7ekle\u015ftirmek i\u00e7in hassas makineleri, servo s\u00fcr\u00fcc\u00fcleri ve CNC sistemlerini entegre eder. Operat\u00f6rlerin yaln\u0131zca program girmesi yeterlidir ve makine besleme, d\u00f6nd\u00fcrme, b\u00fckme ve uzamsal k\u00f6\u015feleme hareketlerini otomatik olarak tamamlayabilir. Y\u00fcksek tekrarlanabilirlik konumland\u0131rma do\u011frulu\u011fu ile \u00fcretim verimlili\u011fini ve \u00fcr\u00fcn tutarl\u0131l\u0131\u011f\u0131n\u0131 \u00f6nemli \u00f6l\u00e7\u00fcde art\u0131r\u0131r.<\/p>","protected":false},"featured_media":2026,"comment_status":"open","ping_status":"closed","template":"","meta":{"_acf_changed":false},"product_brand":[],"product_cat":[32],"product_tag":[],"class_list":{"0":"post-2019","1":"product","2":"type-product","3":"status-publish","4":"has-post-thumbnail","6":"product_cat-cnc-pipe-bending-machine","8":"first","9":"instock","10":"shipping-taxable","11":"product-type-simple"},"acf":[],"yoast_head":"<!-- This site is optimized with the Yoast SEO Premium plugin v25.5 (Yoast SEO v27.4) - https:\/\/yoast.com\/product\/yoast-seo-premium-wordpress\/ -->\n<title>50CNC-3A-1S automatic pipe bender - Shenglida Technology (Zhangjiagang) Co., Ltd.<\/title>\n<meta name=\"description\" content=\"50CNC-3A-1S series is a high-performance fully automatic hydraulic pipe bender. Its core is CNC numerical control system.\" \/>\n<meta name=\"robots\" content=\"index, follow, max-snippet:-1, max-image-preview:large, max-video-preview:-1\" \/>\n<link rel=\"canonical\" href=\"https:\/\/sldcncpipebender.com\/tr\/product\/50cnc-3a-1s-2\/\" \/>\n<meta property=\"og:locale\" content=\"tr_TR\" \/>\n<meta property=\"og:type\" content=\"article\" \/>\n<meta property=\"og:title\" content=\"50CNC-3A-1S automatic pipe bender\" \/>\n<meta property=\"og:description\" content=\"50CNC-3A-1S series is a high-performance fully automatic hydraulic pipe bender. Its core is CNC numerical control system.\" \/>\n<meta property=\"og:url\" content=\"https:\/\/sldcncpipebender.com\/tr\/product\/50cnc-3a-1s-2\/\" \/>\n<meta property=\"og:site_name\" content=\"Shenglida Technology (Zhangjiagang) Co., Ltd.\" \/>\n<meta property=\"article:modified_time\" content=\"2025-09-26T06:54:03+00:00\" \/>\n<meta property=\"og:image\" content=\"https:\/\/sldcncpipebender.com\/wp-content\/uploads\/2025\/08\/50cnc-3a-1s-1.jpg\" \/>\n\t<meta property=\"og:image:width\" content=\"1000\" \/>\n\t<meta property=\"og:image:height\" content=\"1000\" \/>\n\t<meta property=\"og:image:type\" content=\"image\/jpeg\" \/>\n<meta name=\"twitter:card\" content=\"summary_large_image\" \/>\n<meta name=\"twitter:label1\" content=\"Tahmini okuma s\u00fcresi\" \/>\n\t<meta name=\"twitter:data1\" content=\"1 dakika\" \/>\n<script type=\"application\/ld+json\" class=\"yoast-schema-graph\">{\"@context\":\"https:\\\/\\\/schema.org\",\"@graph\":[{\"@type\":\"WebPage\",\"@id\":\"https:\\\/\\\/sldcncpipebender.com\\\/product\\\/50cnc-3a-1s-2\\\/\",\"url\":\"https:\\\/\\\/sldcncpipebender.com\\\/product\\\/50cnc-3a-1s-2\\\/\",\"name\":\"50CNC-3A-1S automatic pipe bender - Shenglida Technology (Zhangjiagang) Co., Ltd.\",\"isPartOf\":{\"@id\":\"https:\\\/\\\/sldcncpipebender.com\\\/#website\"},\"primaryImageOfPage\":{\"@id\":\"https:\\\/\\\/sldcncpipebender.com\\\/product\\\/50cnc-3a-1s-2\\\/#primaryimage\"},\"image\":{\"@id\":\"https:\\\/\\\/sldcncpipebender.com\\\/product\\\/50cnc-3a-1s-2\\\/#primaryimage\"},\"thumbnailUrl\":\"https:\\\/\\\/sldcncpipebender.com\\\/wp-content\\\/uploads\\\/2025\\\/08\\\/50cnc-3a-1s-1.jpg\",\"datePublished\":\"2025-08-21T08:40:58+00:00\",\"dateModified\":\"2025-09-26T06:54:03+00:00\",\"description\":\"50CNC-3A-1S series is a high-performance fully automatic hydraulic pipe bender. Its core is CNC numerical control system.\",\"breadcrumb\":{\"@id\":\"https:\\\/\\\/sldcncpipebender.com\\\/product\\\/50cnc-3a-1s-2\\\/#breadcrumb\"},\"inLanguage\":\"tr\",\"potentialAction\":[{\"@type\":\"ReadAction\",\"target\":[\"https:\\\/\\\/sldcncpipebender.com\\\/product\\\/50cnc-3a-1s-2\\\/\"]}]},{\"@type\":\"ImageObject\",\"inLanguage\":\"tr\",\"@id\":\"https:\\\/\\\/sldcncpipebender.com\\\/product\\\/50cnc-3a-1s-2\\\/#primaryimage\",\"url\":\"https:\\\/\\\/sldcncpipebender.com\\\/wp-content\\\/uploads\\\/2025\\\/08\\\/50cnc-3a-1s-1.jpg\",\"contentUrl\":\"https:\\\/\\\/sldcncpipebender.com\\\/wp-content\\\/uploads\\\/2025\\\/08\\\/50cnc-3a-1s-1.jpg\",\"width\":1000,\"height\":1000},{\"@type\":\"BreadcrumbList\",\"@id\":\"https:\\\/\\\/sldcncpipebender.com\\\/product\\\/50cnc-3a-1s-2\\\/#breadcrumb\",\"itemListElement\":[{\"@type\":\"ListItem\",\"position\":1,\"name\":\"Home\",\"item\":\"https:\\\/\\\/sldcncpipebender.com\\\/\"},{\"@type\":\"ListItem\",\"position\":2,\"name\":\"shop\",\"item\":\"https:\\\/\\\/sldcncpipebender.com\\\/shop\\\/\"},{\"@type\":\"ListItem\",\"position\":3,\"name\":\"50CNC-3A-1S automatic pipe bender\"}]},{\"@type\":\"WebSite\",\"@id\":\"https:\\\/\\\/sldcncpipebender.com\\\/#website\",\"url\":\"https:\\\/\\\/sldcncpipebender.com\\\/\",\"name\":\"Shenglida Technology (Zhangjiagang) Co., Ltd.\",\"description\":\"pipe bending machine -  pipe cutting machine - pipe end forming machine\",\"potentialAction\":[{\"@type\":\"SearchAction\",\"target\":{\"@type\":\"EntryPoint\",\"urlTemplate\":\"https:\\\/\\\/sldcncpipebender.com\\\/?s={search_term_string}\"},\"query-input\":{\"@type\":\"PropertyValueSpecification\",\"valueRequired\":true,\"valueName\":\"search_term_string\"}}],\"inLanguage\":\"tr\"}]}<\/script>\n<!-- \/ Yoast SEO Premium plugin. -->","yoast_head_json":{"title":"50CNC-3A-1S otomatik boru b\u00fck\u00fcc\u00fc - Shenglida Technology (Zhangjiagang) Co, Ltd.","description":"50CNC-3A-1S serisi, y\u00fcksek performansl\u0131 tam otomatik bir hidrolik boru b\u00fck\u00fcc\u00fcd\u00fcr. \u00c7ekirde\u011fi CNC say\u0131sal kontrol sistemidir.","robots":{"index":"index","follow":"follow","max-snippet":"max-snippet:-1","max-image-preview":"max-image-preview:large","max-video-preview":"max-video-preview:-1"},"canonical":"https:\/\/sldcncpipebender.com\/tr\/product\/50cnc-3a-1s-2\/","og_locale":"tr_TR","og_type":"article","og_title":"50CNC-3A-1S automatic pipe bender","og_description":"50CNC-3A-1S series is a high-performance fully automatic hydraulic pipe bender. Its core is CNC numerical control system.","og_url":"https:\/\/sldcncpipebender.com\/tr\/product\/50cnc-3a-1s-2\/","og_site_name":"Shenglida Technology (Zhangjiagang) Co., Ltd.","article_modified_time":"2025-09-26T06:54:03+00:00","og_image":[{"width":1000,"height":1000,"url":"https:\/\/sldcncpipebender.com\/wp-content\/uploads\/2025\/08\/50cnc-3a-1s-1.jpg","type":"image\/jpeg"}],"twitter_card":"summary_large_image","twitter_misc":{"Tahmini okuma s\u00fcresi":"1 dakika"},"schema":{"@context":"https:\/\/schema.org","@graph":[{"@type":"WebPage","@id":"https:\/\/sldcncpipebender.com\/product\/50cnc-3a-1s-2\/","url":"https:\/\/sldcncpipebender.com\/product\/50cnc-3a-1s-2\/","name":"50CNC-3A-1S otomatik boru b\u00fck\u00fcc\u00fc - Shenglida Technology (Zhangjiagang) Co, Ltd.","isPartOf":{"@id":"https:\/\/sldcncpipebender.com\/#website"},"primaryImageOfPage":{"@id":"https:\/\/sldcncpipebender.com\/product\/50cnc-3a-1s-2\/#primaryimage"},"image":{"@id":"https:\/\/sldcncpipebender.com\/product\/50cnc-3a-1s-2\/#primaryimage"},"thumbnailUrl":"https:\/\/sldcncpipebender.com\/wp-content\/uploads\/2025\/08\/50cnc-3a-1s-1.jpg","datePublished":"2025-08-21T08:40:58+00:00","dateModified":"2025-09-26T06:54:03+00:00","description":"50CNC-3A-1S serisi, y\u00fcksek performansl\u0131 tam otomatik bir hidrolik boru b\u00fck\u00fcc\u00fcd\u00fcr. \u00c7ekirde\u011fi CNC say\u0131sal kontrol sistemidir.","breadcrumb":{"@id":"https:\/\/sldcncpipebender.com\/product\/50cnc-3a-1s-2\/#breadcrumb"},"inLanguage":"tr","potentialAction":[{"@type":"ReadAction","target":["https:\/\/sldcncpipebender.com\/product\/50cnc-3a-1s-2\/"]}]},{"@type":"ImageObject","inLanguage":"tr","@id":"https:\/\/sldcncpipebender.com\/product\/50cnc-3a-1s-2\/#primaryimage","url":"https:\/\/sldcncpipebender.com\/wp-content\/uploads\/2025\/08\/50cnc-3a-1s-1.jpg","contentUrl":"https:\/\/sldcncpipebender.com\/wp-content\/uploads\/2025\/08\/50cnc-3a-1s-1.jpg","width":1000,"height":1000},{"@type":"BreadcrumbList","@id":"https:\/\/sldcncpipebender.com\/product\/50cnc-3a-1s-2\/#breadcrumb","itemListElement":[{"@type":"ListItem","position":1,"name":"Home","item":"https:\/\/sldcncpipebender.com\/"},{"@type":"ListItem","position":2,"name":"shop","item":"https:\/\/sldcncpipebender.com\/shop\/"},{"@type":"ListItem","position":3,"name":"50CNC-3A-1S automatic pipe bender"}]},{"@type":"WebSite","@id":"https:\/\/sldcncpipebender.com\/#website","url":"https:\/\/sldcncpipebender.com\/","name":"Shenglida Technology (Zhangjiagang) Co, Ltd.","description":"boru b\u00fckme makinesi - boru kesme makinesi - boru ucu \u015fekillendirme makinesi","potentialAction":[{"@type":"SearchAction","target":{"@type":"EntryPoint","urlTemplate":"https:\/\/sldcncpipebender.com\/?s={search_term_string}"},"query-input":{"@type":"PropertyValueSpecification","valueRequired":true,"valueName":"search_term_string"}}],"inLanguage":"tr"}]}},"_links":{"self":[{"href":"https:\/\/sldcncpipebender.com\/tr\/wp-json\/wp\/v2\/product\/2019","targetHints":{"allow":["GET"]}}],"collection":[{"href":"https:\/\/sldcncpipebender.com\/tr\/wp-json\/wp\/v2\/product"}],"about":[{"href":"https:\/\/sldcncpipebender.com\/tr\/wp-json\/wp\/v2\/types\/product"}],"replies":[{"embeddable":true,"href":"https:\/\/sldcncpipebender.com\/tr\/wp-json\/wp\/v2\/comments?post=2019"}],"wp:featuredmedia":[{"embeddable":true,"href":"https:\/\/sldcncpipebender.com\/tr\/wp-json\/wp\/v2\/media\/2026"}],"wp:attachment":[{"href":"https:\/\/sldcncpipebender.com\/tr\/wp-json\/wp\/v2\/media?parent=2019"}],"wp:term":[{"taxonomy":"product_brand","embeddable":true,"href":"https:\/\/sldcncpipebender.com\/tr\/wp-json\/wp\/v2\/product_brand?post=2019"},{"taxonomy":"product_cat","embeddable":true,"href":"https:\/\/sldcncpipebender.com\/tr\/wp-json\/wp\/v2\/product_cat?post=2019"},{"taxonomy":"product_tag","embeddable":true,"href":"https:\/\/sldcncpipebender.com\/tr\/wp-json\/wp\/v2\/product_tag?post=2019"}],"curies":[{"name":"wp","href":"https:\/\/api.w.org\/{rel}","templated":true}]}}